{"id":3897,"date":"2020-06-16T14:18:47","date_gmt":"2020-06-16T17:18:47","guid":{"rendered":"https:\/\/www.ufsm.br\/pro-reitorias\/proplan\/?page_id=3897"},"modified":"2022-01-10T15:43:21","modified_gmt":"2022-01-10T18:43:21","slug":"resolucao-n-023-1978-anexo","status":"publish","type":"page","link":"https:\/\/www.ufsm.br\/pro-reitorias\/proplan\/resolucao-n-023-1978-anexo","title":{"rendered":"Resolu\u00e7\u00e3o N. 023\/1978-Anexo"},"content":{"rendered":"\t\t<div data-elementor-type=\"wp-page\" data-elementor-id=\"3897\" class=\"elementor elementor-3897\">\n\t\t\t\t\t\t<section class=\"elementor-section elementor-top-section elementor-element elementor-element-5a721c23 elementor-section-boxed elementor-section-height-default elementor-section-height-default\" data-id=\"5a721c23\" data-element_type=\"section\">\n\t\t\t\t\t\t<div class=\"elementor-container elementor-column-gap-default\">\n\t\t\t\t\t<div class=\"elementor-column elementor-col-100 elementor-top-column elementor-element elementor-element-3cd1a658\" data-id=\"3cd1a658\" data-element_type=\"column\">\n\t\t\t<div class=\"elementor-widget-wrap elementor-element-populated\">\n\t\t\t\t\t\t<div class=\"elementor-element elementor-element-7bde28f8 elementor-widget elementor-widget-text-editor\" data-id=\"7bde28f8\" data-element_type=\"widget\" data-widget_type=\"text-editor.default\">\n\t\t\t\t<div class=\"elementor-widget-container\">\n\t\t\t\t\t\t\t<!-- wp:tadv\/classic-paragraph \/-->\t\t\t\t\t\t<\/div>\n\t\t\t\t<\/div>\n\t\t\t\t\t<\/div>\n\t\t<\/div>\n\t\t\t\t\t<\/div>\n\t\t<\/section>\n\t\t\t\t<section class=\"elementor-section elementor-top-section elementor-element elementor-element-cab904a elementor-section-boxed elementor-section-height-default elementor-section-height-default\" data-id=\"cab904a\" data-element_type=\"section\">\n\t\t\t\t\t\t<div class=\"elementor-container elementor-column-gap-default\">\n\t\t\t\t\t<div class=\"elementor-column elementor-col-100 elementor-top-column elementor-element elementor-element-6632cea\" data-id=\"6632cea\" data-element_type=\"column\">\n\t\t\t<div class=\"elementor-widget-wrap elementor-element-populated\">\n\t\t\t\t\t\t<div class=\"elementor-element elementor-element-474035d elementor-widget elementor-widget-html\" data-id=\"474035d\" data-element_type=\"widget\" data-widget_type=\"html.default\">\n\t\t\t\t<div class=\"elementor-widget-container\">\n\t\t\t\r\n\r\n\r\n<title><b>RESOLU\u00c7\u00c3O N. 023\/1978-ANEXO<\/b><\/title>\r\n\r\n\r\n<p><div align=\"center\"><b><a href=\"https:\/\/portal.ufsm.br\/documentos\/publico\/documento.html?id=13075166\" target=\"_blank\"><font color=\"blue\"><u>Anexo \u00e0 <u><a href=\"https:\/\/www.ufsm.br\/pro-reitorias\/proplan\/resolucao-n-023-1978\/\" target=\"_blank\"><font color=\"blue\">Resolu\u00e7\u00e3o n\u00ba 023, de 10 de agosto de 1978<\/font><\/a><\/u>.<\/u><\/font><\/a><\/b><\/div>.<\/p>\r\n<br>\r\n<p><div align=\"center\"><u>DEMONSTRATIVO NUM\u00c9RICO DOS PROFESSORES COLABORADORES EXISTENTES EM 31.07.78.<\/u>:<\/div><\/p>\r\n<br>\r\n<p><u><a href=\"https:\/\/www.ufsm.br\/pro-reitorias\/proplan\/resolucao-n-068-1979\/\" target=\"_blank\"><font color=\"blue\">Alterada pela Resolu\u00e7\u00e3o N. 068\/1979<\/font><\/a><\/u><\/p>\r\n<p><u><a href=\"https:\/\/www.ufsm.br\/pro-reitorias\/proplan\/resolucao-n-076-1980\/\" target=\"_blank\"><font color=\"blue\">Revogada pela Resolu\u00e7\u00e3o N. 076\/1980<\/font><\/a><\/u><\/p>\r\n<br>\r\n<strike>\r\n<br><div align=\"justify\">\r\n<p><u>CENTRO DE CI\u00caNCIAS NATURAIS E EXATAS<\/u><\/p>\r\n<p>01 - DEPARTAMENTO DE F\u00cdSICA .......................................................................................................................... 07<\/p>\r\n<p>02 - DEPARTAMENTO DE QU\u00cdMICA ................................................................................................................... 07<\/p>\r\n<p>03 - DEPARTAMENTO DE MATEM\u00c1TICA ......................................................................................................... 19<\/p>\r\n<p>04 - DEPARTAMENTO DE BIOLOGIA ....................................................................................................................  -<\/p>\r\n<p>05 - DEPARTAMENTO DE GEOCI\u00caNCIAS ....................................................................................................... 04<\/p>\r\n<table><table width=\"75%\">\r\n<tr><th colspan=\"3\"><div align=\"center\"><b><\/b><font size=\"4\">Total<\/b><\/font><\/div><\/th>\r\n<tr><th>N\u00ba<\/th><th>Percentual (%)<\/th><th>Vagas<\/th><\/tr>\r\n<tr><th>37<\/th><th>17,13<\/th><th>07<\/th><\/tr>\r\n<\/div><\/table>\r\n<br>\r\n<p><u>CENTRO DE CI\u00caNCIAS DA SA\u00daDE<\/u><\/p>\r\n<p>01 - DEPARTAMENTO DE MEDICINA ................................................................................................................ 05<\/p>\r\n<p>02 - DEPARTAMENTO DE CIRURGIA ................................................................................................................. 05<\/p>\r\n<p>03 - DEPARTAMENTO DE RADIOLOGIA .......................................................................................................... 01<\/p>\r\n<p>04 - DEPARTAMENTO DA FALA ............................................................................................................................. 01<\/p>\r\n<p>05 - DEPARTAMENTO DE BIOFARM\u00c1CIA ........................................................................................................ 01<\/p>\r\n<p>06 - DEPARTAMENTO DE FARM\u00c1CIA INDUSTRIAL................................................................................... 01<\/p>\r\n<p>07 - DEPARTAMENTO DE ESTOMATOLOGIA ................................................................................................. 01<\/p>\r\n<p>08 - DEPARTAMENTO DE ENFERMAGEM..........................................................................................................08<\/p>\r\n<p>09 - DEPARTAMENTO DE FISIOTERAPIA E REABILITA\u00c7\u00c3O .............................................................. 02<\/p>\r\n<p>10 - DEPARTAMENTO DE MORFOLOGIA ......................................................................................................... 05<\/p>\r\n<p>11 - DEPARTAMENTO DE FISIOLOGIA .................................................................................................................. 01<\/p>\r\n<p>12 - DEPARTAMENTO DE PATOLOGIA ................................................................................................................. 02<\/p>\r\n<table><table width=\"75%\">\r\n<tr><th colspan=\"3\"><div align=\"center\"><b><\/b><font size=\"4\">Total<\/b><\/font><\/div><\/th>\r\n<tr><th>N\u00ba<\/th><th>Percentual (%)<\/th><th>Vagas<\/th><\/tr>\r\n<tr><th>33<\/th><th>15,28<\/th><th>06<\/th><\/tr>\r\n<\/div><\/table>\r\n<br>\r\n<p><u>CENTRO DE TECNOLOGIA<\/u><\/p>\r\n<p>01 - DEPARTAMENTO DE ENGENHARIA CIVIL ............................................................................................ 07<\/p>\r\n<p>02 - DEPARTAMENTO DE ENGENHARIA MEC\u00c2NICA.............................................................................. 06<\/p>\r\n<p>03 - DEPARTAMENTO DE ENGENHARIA EL\u00c9TRICA................................................................................. 09<\/p>\r\n<p>04 - DEPARTAMENTO DE EXPRESS\u00c3O GR\u00c1FICA ....................................................................................... 03<\/p>\r\n<table><table width=\"75%\">\r\n<tr><th colspan=\"3\"><div align=\"center\"><b><\/b><font size=\"4\">Total<\/b><\/font><\/div><\/th>\r\n<tr><th>N\u00ba<\/th><th>Percentual (%)<\/th><th>Vagas<\/th><\/tr>\r\n<tr><th>25<\/th><th>11,57<\/th><th>05<\/th><\/tr>\r\n<\/div><\/table>\r\n<br>\r\n<p><u>CENTRO DE CI\u00caNCIAS RURAIS<\/u><\/p>\r\n<p>01 - DEPARTAMENTO DE AGRICULTURA .......................................................................................................... 09<\/p>\r\n<p>02 - DEPARTAMENTO DE FITOTECNIA ............................................................................................................... 03<\/p>\r\n<p>03 - DEPARTAMENTO DE ZOOTECNIA ................................................................................................................ 03<\/p>\r\n<p>04 - DEPARTAMENTO DA CL\u00cdNICA VETERIN\u00c1RIA........................................................................................ 08<\/p>\r\n<p>05 - DEPARTAMENTO DE CIRURGIA VETERIN\u00c1RIA ................................................................................... 03<\/p>\r\n<p>06 - DEPARTAMENTO DE ENGENHARIA AGR\u00cdCOLA E FLORESTAL ...............................................  10<\/p>\r\n07 - DEPARTAMENTO DE EDUCA\u00c7\u00c3O AGR\u00cdCOLA E EXTENS\u00c3O RURAL ...................................  05<\/p>\r\n<table><table width=\"75%\">\r\n<tr><th colspan=\"3\"><div align=\"center\"><b><\/b><font size=\"4\">Total<\/b><\/font><\/div><\/th>\r\n<tr><th>N\u00ba<\/th><th>Percentual (%)<\/th><th>Vagas<\/th><\/tr>\r\n<tr><th>41<\/th><th>19,00<\/th><th>08<\/th><\/tr>\r\n<\/div><\/table>\r\n<br>\r\n<p><u>CENTRO DE CI\u00caNCIAS SOCIAIS E HUMANAS<\/u><\/p>\r\n<p>01 - DEPARTAMENTO DE ADMINISTRA\u00c7\u00c3O .................................................................................................. 07<\/p>\r\n<p>02 - DEPARTAMENTO DE CONTABILIDADE ................................................................................................... 03<\/p>\r\n<p>03 - DEPARTAMENTO DE DIREITO ......................................................................................................................... 10<\/p>\r\n<p>04 - DEPARTAMENTO DA ECONOMIA E FINAN\u00c7AS ................................................................................ 04<\/p>\r\n<p>05 - DEPARTAMENTO DE COMUNICA\u00c7\u00c3O SOCIAL .................................................................................. 08<\/p>\r\n<p>06 - DEPARTAMENTO DE COUMENTA\u00c7\u00c3O .................................................................................................... 02<\/p>\r\n<p>07 - DEPARTAMENTO DE HIST\u00d3RIA ..................................................................................................................... 02<\/p>\r\n<p>08 - DEPARTAMENTO DE ESTUDOS DE PROBLEMAS BRASILEIROS ........................................ 04<\/p>\r\n<table><table width=\"75%\">\r\n<tr><th colspan=\"3\"><div align=\"center\"><b><\/b><font size=\"4\">Total<\/b><\/font><\/div><\/th>\r\n<tr><th>N\u00ba<\/th><th>Percentual (%)<\/th><th>Vagas<\/th><\/tr>\r\n<tr><th>40<\/th><th>18,50<\/th><th>07<\/th><\/tr>\r\n<\/div><\/table>\r\n<br>\r\n<p><u>CENTRO DE ARTES E LETRAS<\/u><\/p>\r\n<p>01 - DEPARTAMENTO DE M\u00daSICA ........................................................................................................................ 04<\/p>\r\n<p>02 - DEPARTAMENTO DE ARTES VISUAIS ..................................................................................................... 09<\/p>\r\n<p>03 - DEPARTAMENTO DE LETRAS ....................................................................................................................... 08<\/p>\r\n<table><table width=\"75%\">\r\n<tr><th colspan=\"3\"><div align=\"center\"><b><\/b><font size=\"4\">Total<\/b><\/font><\/div><\/th>\r\n<tr><th>N\u00ba<\/th><th>Percentual (%)<\/th><th>Vagas<\/th><\/tr>\r\n<tr><th>21<\/th><th>9,72<\/th><th>04<\/th><\/tr>\r\n<\/div><\/table>\r\n<br>\r\n<p><u>CENTRO DE EDUCA\u00c7\u00c3O<\/u><\/p>\r\n<p>01 - DEPARTAMENTO DE EDUCA\u00c7\u00c3O .............................................................................................................. 13<\/p>\r\n<table><table width=\"75%\">\r\n<tr><th colspan=\"3\"><div align=\"center\"><b><\/b><font size=\"4\">Total<\/b><\/font><\/div><\/th>\r\n<tr><th>N\u00ba<\/th><th>Percentual (%)<\/th><th>Vagas<\/th><\/tr>\r\n<tr><th>13<\/th><th>6,02<\/th><th>03<\/th><\/tr>\r\n<\/div><\/table>\r\n<br>\r\n<p><u>CENTRO DE EDUCA\u00c7\u00c3O F\u00cdSICA E DESPORTOS<\/u><\/p>\r\n<p>01 - DEPARTAMENTO DE EDUCA\u00c7\u00c3O F\u00cdSICA ................................................................................................ 02<\/p>\r\n<p>02 - DEPARTAMENTO DE DESPORTO UNIVERSIT\u00c1RIO .......................................................................... 04<\/p>\r\n<table><table width=\"75%\">\r\n<tr><th colspan=\"3\"><div align=\"center\"><b><\/b><font size=\"4\">Total<\/b><\/font><\/div><\/th>\r\n<tr><th>N\u00ba<\/th><th>Percentual (%)<\/th><th>Vagas<\/th><\/tr>\r\n<tr><th>06<\/th><th>2,78<\/th><th>01<\/th><\/tr>\r\n<\/div><\/table>\r\n<br>\r\n<table><table width=\"75%\">\r\n<tr><th colspan=\"3\"><div align=\"center\"><b><\/b><font size=\"4\">Total Geral<\/b><\/font><\/div><\/th>\r\n<tr><th>N\u00ba<\/th><th>Percentual (%)<\/th><th>Vagas<\/th><\/tr>\r\n<tr><th>216<\/th><th>100,00<\/th><th>41<\/th><\/tr>\r\n<\/div><\/table>\r\n<br>\r\n<p>obs: A nomenclatura dos Departamentos constantes deste Anexo, est\u00e1 assim ordenada face \u00e0 situa\u00e7\u00e3o transit\u00f3ria de altera\u00e7\u00e3o das respectivas lota\u00e7\u00f5es docentes.<\/p>\r\n<\/div>\r\n<\/strike>\r\n<br>\r\n<p><font color=\"red0000\">Este texto n\u00e3o substitui o documento original, publicado no Portal de Documentos.<\/font> Dispon\u00edvel em: <a href=\"https:\/\/portal.ufsm.br\/documentos\/publico\/documento.html?id=13075166\" target=\"_blank\"><font color=\"blue\">https:\/\/portal.ufsm.br\/documentos\/publico\/documento.html?id=13075166<\/font><\/a>\r\n\r\n\t\t<\/div>\n\t\t\t\t<\/div>\n\t\t\t\t\t<\/div>\n\t\t<\/div>\n\t\t\t\t\t<\/div>\n\t\t<\/section>\n\t\t\t\t<\/div>\n\t\t","protected":false},"excerpt":{"rendered":"<p>RESOLU\u00c7\u00c3O N. 023\/1978-ANEXO Anexo \u00e0 Resolu\u00e7\u00e3o n\u00ba 023, de 10 de agosto de 1978.. DEMONSTRATIVO NUM\u00c9RICO DOS PROFESSORES COLABORADORES EXISTENTES EM 31.07.78.: Alterada pela Resolu\u00e7\u00e3o N. 068\/1979 Revogada pela Resolu\u00e7\u00e3o N. 076\/1980 CENTRO DE CI\u00caNCIAS NATURAIS E EXATAS 01 &#8211; DEPARTAMENTO DE F\u00cdSICA &#8230;&#8230;&#8230;&#8230;&#8230;&#8230;&#8230;&#8230;&#8230;&#8230;&#8230;&#8230;&#8230;&#8230;&#8230;&#8230;&#8230;&#8230;&#8230;&#8230;&#8230;&#8230;&#8230;&#8230;&#8230;&#8230;&#8230;&#8230;&#8230;&#8230;&#8230;&#8230;&#8230;&#8230;&#8230;&#8230;&#8230;&#8230;&#8230;&#8230;.. 07 02 &#8211; DEPARTAMENTO DE QU\u00cdMICA &#8230;&#8230;&#8230;&#8230;&#8230;&#8230;&#8230;&#8230;&#8230;&#8230;&#8230;&#8230;&#8230;&#8230;&#8230;&#8230;&#8230;&#8230;&#8230;&#8230;&#8230;&#8230;&#8230;&#8230;&#8230;&#8230;&#8230;&#8230;&#8230;&#8230;&#8230;&#8230;&#8230;&#8230;&#8230;&#8230;&#8230;&#8230;. 07 03 &#8211; DEPARTAMENTO [&hellip;]<\/p>\n","protected":false},"author":205,"featured_media":0,"parent":0,"menu_order":0,"comment_status":"closed","ping_status":"closed","template":"","meta":{"footnotes":""},"categories":[],"tags":[],"class_list":["post-3897","page","type-page","status-publish","hentry"],"acf":[],"_links":{"self":[{"href":"https:\/\/www.ufsm.br\/pro-reitorias\/proplan\/wp-json\/wp\/v2\/pages\/3897","targetHints":{"allow":["GET"]}}],"collection":[{"href":"https:\/\/www.ufsm.br\/pro-reitorias\/proplan\/wp-json\/wp\/v2\/pages"}],"about":[{"href":"https:\/\/www.ufsm.br\/pro-reitorias\/proplan\/wp-json\/wp\/v2\/types\/page"}],"author":[{"embeddable":true,"href":"https:\/\/www.ufsm.br\/pro-reitorias\/proplan\/wp-json\/wp\/v2\/users\/205"}],"replies":[{"embeddable":true,"href":"https:\/\/www.ufsm.br\/pro-reitorias\/proplan\/wp-json\/wp\/v2\/comments?post=3897"}],"version-history":[{"count":0,"href":"https:\/\/www.ufsm.br\/pro-reitorias\/proplan\/wp-json\/wp\/v2\/pages\/3897\/revisions"}],"wp:attachment":[{"href":"https:\/\/www.ufsm.br\/pro-reitorias\/proplan\/wp-json\/wp\/v2\/media?parent=3897"}],"wp:term":[{"taxonomy":"category","embeddable":true,"href":"https:\/\/www.ufsm.br\/pro-reitorias\/proplan\/wp-json\/wp\/v2\/categories?post=3897"},{"taxonomy":"post_tag","embeddable":true,"href":"https:\/\/www.ufsm.br\/pro-reitorias\/proplan\/wp-json\/wp\/v2\/tags?post=3897"}],"curies":[{"name":"wp","href":"https:\/\/api.w.org\/{rel}","templated":true}]}}