{"id":3900,"date":"2020-06-16T14:36:17","date_gmt":"2020-06-16T17:36:17","guid":{"rendered":"https:\/\/www.ufsm.br\/pro-reitorias\/proplan\/?page_id=3900"},"modified":"2020-06-16T14:45:52","modified_gmt":"2020-06-16T17:45:52","slug":"resolucao-n-031-1978","status":"publish","type":"page","link":"https:\/\/www.ufsm.br\/pro-reitorias\/proplan\/resolucao-n-031-1978","title":{"rendered":"Resolu\u00e7\u00e3o N. 031\/1978"},"content":{"rendered":"\t\t<div data-elementor-type=\"wp-page\" data-elementor-id=\"3900\" class=\"elementor elementor-3900\">\n\t\t\t\t\t\t<section class=\"elementor-section elementor-top-section elementor-element elementor-element-9cd1ab1 elementor-section-boxed elementor-section-height-default elementor-section-height-default\" data-id=\"9cd1ab1\" data-element_type=\"section\">\n\t\t\t\t\t\t<div class=\"elementor-container elementor-column-gap-default\">\n\t\t\t\t\t<div class=\"elementor-column elementor-col-100 elementor-top-column elementor-element elementor-element-6847846\" data-id=\"6847846\" data-element_type=\"column\">\n\t\t\t<div class=\"elementor-widget-wrap elementor-element-populated\">\n\t\t\t\t\t\t<div class=\"elementor-element elementor-element-857192e elementor-widget elementor-widget-html\" data-id=\"857192e\" data-element_type=\"widget\" data-widget_type=\"html.default\">\n\t\t\t\t<div class=\"elementor-widget-container\">\n\t\t\t\r\n\r\n\r\n<title><b>RESOLU\u00c7\u00c3O N. 031\/1978<\/b><\/title>\r\n\r\n\r\n<div align=\"center\"><img decoding=\"async\" src=\"https:\/\/www.ufsm.br\/pro-reitorias\/proplan\/wp-content\/uploads\/sites\/344\/2019\/09\/brasao-da-republica-do-brasil-logo.png\" alt=\"Bras\u00e3o Rep\u00fablica Federativa do Brasil\" width=\"6%\" height=\"6%\"><\/div>    \r\n<h1><font color=\"blue\"><font size=\"5\"><div align=\"center\">UNIVERSIDADE FEDERAL DE SANTA MARIA<\/font><\/font><\/div><\/H1>\r\n<p><div align=\"center\"><b><a href=\"https:\/\/portal.ufsm.br\/documentos\/publico\/documento.html?id=5752464\" target=\"_blank\"><font color=\"blue\"><u>RESOLU\u00c7\u00c3O N\u00ba 031, de 14 de NOVEMBRO de 1978<\/u><\/font><\/a><\/b><\/div><\/p>\r\n<br>\r\n<p><u><a href=\"https:\/\/www.ufsm.br\/pro-reitorias\/proplan\/resolucao-n-070-1979\/\" target=\"_blank\"><font color=\"blue\">Revogada pela Resolu\u00e7\u00e3o N. 070\/1979<\/font><\/a><\/u><\/p>\r\n<br>\r\n<strike>\r\n<br><div align=\"justify\">\r\n<p>O REITOR DA UNIVERSIDADE FEDERAL DE SANTA MARIA, no uso de suas atribui\u00e7\u00f5es legais e estatut\u00e1rias,<\/p>\r\n<br>\r\n<p><div align=\"center\">RESOLVE:<\/div><\/p>\r\n<br>\r\n<p>Expedir a presente Resolu\u00e7\u00e3o para, de acordo com o artigo 8\u00ba, do <u><a href=\"http:\/\/www.planalto.gov.br\/ccivil_03\/Decreto-Lei\/Del0465.htm\" target=\"_blank\"><font color=\"blue\">Decreto-Lei 465, de 11.02.69<\/font><\/a><\/u>, e legisla\u00e7\u00e3o complementar, fixar as seguintes normas que orientar\u00e3o a concess\u00e3o de f\u00e9rias ao corpo docente desta Universidade:<\/p>\r\n<p>a) - O pessoal docente da Universidade Federal de Santa Maria tem direito a 45 (quarenta e cinco) dias de f\u00e9rias anuais, feitas as competentes escalas. Entre os per\u00edodos letivos regulares, ser\u00e3o executados programas de Ensino, Pesquisa e Extens\u00e3o que assegurem o funcionamento cont\u00ednuo dos \u00f3rg\u00e3os de ensino;<\/p>\r\n<p>b) - As f\u00e9rias dos docentes poder\u00e3o ser parceladas em m\u00f3dulos de 15 (quinze) dias, no m\u00ednimo, podendo, no entanto, haver o gozo de 30 (trinta) dias ou 45 (quarenta e cinco) dias corridos, sem preju\u00edzo das atividades did\u00e1ticas, de pesquisas e extens\u00e3o;<\/p>\r\n<p>c) - Por tratar-se de \u00e9poca mais conveniente para \u00e0 Administra\u00e7\u00e3o e o Ensino, recomenda-se a todos os \u00f3rg\u00e3os desta Universidade de que concedam a seus docentes as f\u00e9rias regulamentares a que fazem jus, nos per\u00edodos de 15 de janeiro a I5 de fevereiro e no de 10 a 25 de julho, parceladamente;<\/p>\r\n<p>d) - Nos per\u00edodos letivos regulares ser\u00e3o \u00e7oncedidas f\u00e9rias aos requerentes com direito as mesmas desde que, n\u00e3o haja preju\u00edzo as atividades did\u00e1ticas, de pesquisa e de extens\u00e3o, mediante justificativa do chefe imediato, ou vido o Setor de Controle da for\u00e7a de trabalho docente, e autorizado por este;<\/p>\r\n<p>e) - \u00c9 proibida a acumula\u00e7\u00e3o de f\u00e9rias, tanto para os docentes estatut\u00e1rios como para os regidos pela CLT, ficando na inteira responsabilidade dos Chefes Imediatos o controle para que nenhum docente acumule as mesmas, inclusive para os que realizam Cursos de P\u00f3s-Gradua\u00e7\u00e3o na UFSM ou em outras Institui\u00e7\u00f5es;<\/p>\r\n<p>f) - Os dirigentes de unidades e sub-unidades de ensino dever\u00e3o programar suas f\u00e9rias de comum acordo com os seus substitutos legais ou eventuais, j\u00e1 designados ou n\u00e3o, de modo que a dire\u00e7\u00e3o do \u00f3rg\u00e3o n\u00e3o sofra solu\u00e7\u00e3o de continuidade administrativa, em per\u00edodo algum do ano, devendo o Chefe titular manter-se \u00e0 disposi\u00e7\u00e3o da Universidade em casos de urg\u00eancia, comunicando o local ou locais para o(s) qual (quais) se afastar;<\/p>\r\n<p>g) - As f\u00e9rias, face a legisla\u00e7\u00e3o existente, n\u00e3o poder\u00e3o ser parceladas mais do que 2 (duas) vezes;<\/p>\r\n<p>h) - Os docentes que acumulam cargos ou fun\u00e7\u00f5es na Universidade, devem programar as suas f\u00e9rias de maneira a coincidir, obrigatoriamente, em ambas as Unidades de lota\u00e7\u00e3o, e<\/p>\r\n<p>i) - Ficam revogados todos os atos que colidam com a Presente Resolu\u00e7\u00e3o.<\/p>\r\n<p>Prof. Derblay Galv\u00e3o<\/p>\r\n<p>Reitor<\/p>\r\n<\/strike>\r\n<br>\r\n<p><font color=\"red0000\">Este texto n\u00e3o substitui o documento original, publicado no Portal de Documentos.<\/font> Dispon\u00edvel em: <a href=\"https:\/\/portal.ufsm.br\/documentos\/publico\/documento.html?id=5752464\" target=\"_blank\"><font color=\"blue\">https:\/\/portal.ufsm.br\/documentos\/publico\/documento.html?id=5752464<\/font><\/a>\r\n\r\n\t\t<\/div>\n\t\t\t\t<\/div>\n\t\t\t\t\t<\/div>\n\t\t<\/div>\n\t\t\t\t\t<\/div>\n\t\t<\/section>\n\t\t\t\t<\/div>\n\t\t","protected":false},"excerpt":{"rendered":"<p>RESOLU\u00c7\u00c3O N. 031\/1978 UNIVERSIDADE FEDERAL DE SANTA MARIA RESOLU\u00c7\u00c3O N\u00ba 031, de 14 de NOVEMBRO de 1978 Revogada pela Resolu\u00e7\u00e3o N. 070\/1979 O REITOR DA UNIVERSIDADE FEDERAL DE SANTA MARIA, no uso de suas atribui\u00e7\u00f5es legais e estatut\u00e1rias, RESOLVE: Expedir a presente Resolu\u00e7\u00e3o para, de acordo com o artigo 8\u00ba, do Decreto-Lei 465, de 11.02.69, [&hellip;]<\/p>\n","protected":false},"author":205,"featured_media":0,"parent":0,"menu_order":0,"comment_status":"closed","ping_status":"closed","template":"","meta":{"footnotes":""},"categories":[],"tags":[],"class_list":["post-3900","page","type-page","status-publish","hentry"],"acf":[],"_links":{"self":[{"href":"https:\/\/www.ufsm.br\/pro-reitorias\/proplan\/wp-json\/wp\/v2\/pages\/3900","targetHints":{"allow":["GET"]}}],"collection":[{"href":"https:\/\/www.ufsm.br\/pro-reitorias\/proplan\/wp-json\/wp\/v2\/pages"}],"about":[{"href":"https:\/\/www.ufsm.br\/pro-reitorias\/proplan\/wp-json\/wp\/v2\/types\/page"}],"author":[{"embeddable":true,"href":"https:\/\/www.ufsm.br\/pro-reitorias\/proplan\/wp-json\/wp\/v2\/users\/205"}],"replies":[{"embeddable":true,"href":"https:\/\/www.ufsm.br\/pro-reitorias\/proplan\/wp-json\/wp\/v2\/comments?post=3900"}],"version-history":[{"count":0,"href":"https:\/\/www.ufsm.br\/pro-reitorias\/proplan\/wp-json\/wp\/v2\/pages\/3900\/revisions"}],"wp:attachment":[{"href":"https:\/\/www.ufsm.br\/pro-reitorias\/proplan\/wp-json\/wp\/v2\/media?parent=3900"}],"wp:term":[{"taxonomy":"category","embeddable":true,"href":"https:\/\/www.ufsm.br\/pro-reitorias\/proplan\/wp-json\/wp\/v2\/categories?post=3900"},{"taxonomy":"post_tag","embeddable":true,"href":"https:\/\/www.ufsm.br\/pro-reitorias\/proplan\/wp-json\/wp\/v2\/tags?post=3900"}],"curies":[{"name":"wp","href":"https:\/\/api.w.org\/{rel}","templated":true}]}}