{"id":3909,"date":"2020-06-16T14:45:07","date_gmt":"2020-06-16T17:45:07","guid":{"rendered":"https:\/\/www.ufsm.br\/pro-reitorias\/proplan\/?page_id=3909"},"modified":"2020-07-17T10:11:48","modified_gmt":"2020-07-17T13:11:48","slug":"resolucao-n-034-1978","status":"publish","type":"page","link":"https:\/\/www.ufsm.br\/pro-reitorias\/proplan\/resolucao-n-034-1978","title":{"rendered":"Resolu\u00e7\u00e3o N. 034\/1978"},"content":{"rendered":"\t\t<div data-elementor-type=\"wp-page\" data-elementor-id=\"3909\" class=\"elementor elementor-3909\">\n\t\t\t\t\t\t<section class=\"elementor-section elementor-top-section elementor-element elementor-element-7a4b1ef elementor-section-boxed elementor-section-height-default elementor-section-height-default\" data-id=\"7a4b1ef\" data-element_type=\"section\">\n\t\t\t\t\t\t<div class=\"elementor-container elementor-column-gap-default\">\n\t\t\t\t\t<div class=\"elementor-column elementor-col-100 elementor-top-column elementor-element elementor-element-5166220\" data-id=\"5166220\" data-element_type=\"column\">\n\t\t\t<div class=\"elementor-widget-wrap elementor-element-populated\">\n\t\t\t\t\t\t<div class=\"elementor-element elementor-element-2bd6dc0 elementor-widget elementor-widget-html\" data-id=\"2bd6dc0\" data-element_type=\"widget\" data-widget_type=\"html.default\">\n\t\t\t\t<div class=\"elementor-widget-container\">\n\t\t\t\r\n\r\n\r\n<title><b>RESOLU\u00c7\u00c3O N. 034\/1978<\/b><\/title>\r\n\r\n\r\n<div align=\"center\"><img decoding=\"async\" src=\"https:\/\/www.ufsm.br\/pro-reitorias\/proplan\/wp-content\/uploads\/sites\/344\/2019\/09\/brasao-da-republica-do-brasil-logo.png\" alt=\"Bras\u00e3o Rep\u00fablica Federativa do Brasil\" width=\"6%\" height=\"6%\"><\/div>    \r\n<h1><font color=\"blue\"><font size=\"5\"><div align=\"center\">UNIVERSIDADE FEDERAL DE SANTA MARIA<\/font><\/font><\/div><\/H1>\r\n<p><div align=\"center\"><b><a href=\"https:\/\/portal.ufsm.br\/documentos\/publico\/documento.html?id=5752523\" target=\"_blank\"><font color=\"blue\"><u>RESOLU\u00c7\u00c3O N\u00ba 34, de 30 de DEZEMBRO de 1978<\/u><\/font><\/a><\/b><\/div><\/p>\r\n<br>\r\n<p><a href=\"https:\/\/www.ufsm.br\/pro-reitorias\/proplan\/resolucao-n-022-2020\/\" target=\"_blank\"><font color=\"blue\">Revogada pela Resolu\u00e7\u00e3o N. 022\/2020<\/font><\/a><\/p>\r\n<br>\r\n<br><div align=\"justify\">\r\n<strike>\r\n<p>O REITOR DA UNIVERSIDADE FEDERAL DE SANTA MARIA, NO USO DE SUAS ATRIBUI\u00c7\u00d5ES ESTATUT\u00c1RIAS E,\r\n<p>- considerando o que consta do Proc. n\u00ba 65.992\/78,<\/p>\r\n<br>\r\n<p><div align=\"center\">RESOLVE:<\/div><\/p>\r\n<br>\r\n<p>Expedir a presente Resolu\u00e7\u00e3o para aprovar e tornar vigente, no \u00e2mbito da U.F.S.M, a partir de 19 de janeiro de 1979, as normas para obten\u00e7\u00e3o de licen\u00e7a a fim de realizar Curso de P\u00f3s-Gradua\u00e7\u00e3o (MESTRADO E ESPECIALIZA\u00c7\u00c3O), na pr\u00f3pria Institui\u00e7\u00e3o e por elementos a mesma vinculados, sejam estatut\u00e1rios sejam contratados.<\/p>\r\n<p>I) - PROCEDIMENTOS PARA OBTER A LICEN\u00c7A:<\/p>\r\n<p>1) - O DOCENTE dirigir\u00e1 requerimento ao Chefe do Departamento, expondo os motivos e justificando o pedido de licen\u00e7a para realizar o Curso de P\u00f3s-Gradua\u00e7\u00e3o pretendido, instruindo-o com:<\/p>\r\n<p>a) Nome, dura\u00e7\u00e3o e n\u00edvel do Curso, anexando comprovante de ter sido selecionado,<\/p>\r\n<p>b) Termo de Compromisso do(s) docente(s) que substituir\u00e1(ao) o requerente (uma via),<\/p>\r\n<p>c) Termo de Compromisso de continuar a exercer atividades, na U.F.S.M., no m\u00ednimo, por espa\u00e7o de tempo igual ao que levar para realizar o Curso.<\/p>\r\n<p>2) - O CHEFE DO DEPARTAMENTO, uma vez verificada a possibilidade de atender a solicita\u00e7\u00e3o, tendo estudado que o pretendido n\u00e3o acarretar\u00e1 preju\u00edzo de ordem did\u00e1tica, instruir\u00e1 o expediente com o devido pronunciamento, marcando o n\u00famero de horas-de-trabalho por semana as quais ficar\u00e1 obrigado o requerente, remetendo ao Sr. Diretor do respectivo Centro.<\/p>\r\n<p>3) - O DIRETOR DO CENTRO remeter\u00e1 o expediente ao Departamento de Pessoal para anexa\u00e7\u00e3o da Ficha Cadastral Funcional e haver informa\u00e7\u00e3o a respeito de quantos e quais licen\u00e7as de afastamentos ou para realizar Curso na pr\u00f3pria U.F.S.M., bem assim referentemente a prorroga\u00e7\u00f5es concedidas ao requerente. No caso de o interessado estar vinculado a Regime Especial de Trabalho, o Diretor do Departamento de Pessoal encaminhar\u00e1 o expediente ao Presidente da COPERT que, ap\u00f3s informar o julgado necess\u00e1rio e\/ou conveniente, devolver\u00e1 o processo ao Diretor do Centro. No caso de o peticion\u00e1rio estar vinculado ao regime de 12 horas\/semanais, o Diretor do Departamento de Pessoal devolver\u00e1 o expediente, devidamente instru\u00eddo, diretamente ao Diretor do Centro.<\/p>\r\n<p>4) - O DIRETOR DO CENTRO determinar\u00e1 que o processo seja enviado ao Conselho do respectivo Centro e sendo aprovada a pretens\u00e3o do requerente, o Diretor do Centro remeter\u00e1 o expediente aos Pr\u00f3-Reitores de Gradua\u00e7\u00e3o e de P\u00f3s-gradua\u00e7\u00e3o e Pesquisa.<\/p>\r\n<p>5) - O PR\u00d3-REITOR DE GRADUA\u00c7\u00c3O, ap\u00f3s manifestar-se quanto \u00e0 necessidade do aprimoramento pleiteado enviar\u00e1, em seguida, o expediente ao PR\u00d3-REITOR DE P\u00d3S-GRADUA\u00c7\u00c3O E PESQUISA que se pronunciar\u00e1 a respeito de objetividade, validade e aproveitamento, remetendo o processo ao Sr. Professor Reitor.<\/p>\r\n<p>6) - O SENHOR PROFESSOR REITOR determinar\u00e1 a remessa do processo ao Colendo Conselho de Ensino, Pesquisa e Extens\u00e3o (Comiss\u00e3o de Ensino e Recursos) para fins de aprecia\u00e7\u00e3o conclusiva.<\/p>\r\n<p>7) - Aprovado o pedido, a Secretaria do Colendo Conselho de Ensino, Pesquisa e Extens\u00e3o, far\u00e1 remessa do expediente ao Diretor do Departamento de Pessoal que determinar\u00e1 a expedi\u00e7\u00e3o da Portaria.<\/p>\r\n<p>II) - O DEPARTAMENTO DE PESSOAL cuidar\u00e1 em remeter ao Departamento de lota\u00e7\u00e3o do interessado, no m\u00ednimo, 3 (tr\u00eas) c\u00f3pias da Portaria, sendo 1 (uma) para arquivo na Chefia do Departamento, e as outras 2 (duas) para o requerente.<\/p>\r\n<p>III) - O COORDENADOR DO CURSO pretendido somente proceder\u00e1 a matr\u00edcula mediante a apresenta\u00e7\u00e3o de 01 (uma) c\u00f3pia da Portaria, a qual dever\u00e1 ser anexada aos demais documentos de matr\u00edcula e que ser\u00e3o remetidos ao DERCA.<\/p>\r\n<p>IV) - N\u00e3o haver\u00e1 substitui\u00e7\u00e3o do requerente, seja \u00e0 conta da \"Quota de Expans\u00e3o\" seja por outra qualquer.<\/p>\r\n<p>V) - Nenhum elemento, estatut\u00e1rio ou contratado, poder\u00e1 realizar Curso de P\u00f3s-Gradua\u00e7\u00e3o, na pr\u00f3pria U.F.S.M., em tempo superior ao dobro do considerado normal-m\u00ednimo pelo Regimento do Curso pretendido, podendo haver, excepcionalmente, apenas uma prorroga\u00e7\u00e3o e por 02 (dois) semestres, no m\u00e1ximo.<\/p>\r\n<p>VI) - O n\u00famero de horas-de-trabalho por semana, a que ficar\u00e1 obrigado o interessado, ser\u00e1 fixado pelo Chefe do Departamento, devendo ser consideradas as necessidades do Departamento e a for\u00e7a-de-trabalho do mesmo.<\/p>\r\n<p>VII) - N\u00e3o ser\u00e1 permitido usufruir Bolsa-de-Estudo, de qualquer tipo e origem, pelos elementos que, vinculados \u00e0 U.F.S.M. realizem Curso de P\u00f3s-gradua\u00e7\u00e3o e na pr\u00f3pria Institui\u00e7\u00e3o, salvo nos casos em que o interessado solicitar altera\u00e7\u00e3o no Regime de Trabalho, em n\u00edvel de diminui\u00e7\u00e3o igual ao mais que 50%.<\/p>\r\n<p>Os casos omissos ser\u00e3o resolvidos pelo Colendo Conselho de Ensino, Pesquisa e Extens\u00e3o.<\/p>\r\n<p>Prof. Derblay Galv\u00e3o<\/p>\r\n<p>Reitor<\/p>\r\n<\/strike>\r\n<br>\r\n<p><font color=\"red0000\">Este texto n\u00e3o substitui o documento original, publicado no Portal de Documentos.<\/font> Dispon\u00edvel em: <a href=\"https:\/\/portal.ufsm.br\/documentos\/publico\/documento.html?id=5752523\" target=\"_blank\"><font color=\"blue\">https:\/\/portal.ufsm.br\/documentos\/publico\/documento.html?id=5752523<\/font><\/a>\r\n\r\n\t\t<\/div>\n\t\t\t\t<\/div>\n\t\t\t\t\t<\/div>\n\t\t<\/div>\n\t\t\t\t\t<\/div>\n\t\t<\/section>\n\t\t\t\t<\/div>\n\t\t","protected":false},"excerpt":{"rendered":"<p>RESOLU\u00c7\u00c3O N. 034\/1978 UNIVERSIDADE FEDERAL DE SANTA MARIA RESOLU\u00c7\u00c3O N\u00ba 34, de 30 de DEZEMBRO de 1978 Revogada pela Resolu\u00e7\u00e3o N. 022\/2020 O REITOR DA UNIVERSIDADE FEDERAL DE SANTA MARIA, NO USO DE SUAS ATRIBUI\u00c7\u00d5ES ESTATUT\u00c1RIAS E, &#8211; considerando o que consta do Proc. n\u00ba 65.992\/78, RESOLVE: Expedir a presente Resolu\u00e7\u00e3o para aprovar e tornar [&hellip;]<\/p>\n","protected":false},"author":205,"featured_media":0,"parent":0,"menu_order":0,"comment_status":"closed","ping_status":"closed","template":"","meta":{"footnotes":""},"categories":[],"tags":[],"class_list":["post-3909","page","type-page","status-publish","hentry"],"acf":[],"_links":{"self":[{"href":"https:\/\/www.ufsm.br\/pro-reitorias\/proplan\/wp-json\/wp\/v2\/pages\/3909","targetHints":{"allow":["GET"]}}],"collection":[{"href":"https:\/\/www.ufsm.br\/pro-reitorias\/proplan\/wp-json\/wp\/v2\/pages"}],"about":[{"href":"https:\/\/www.ufsm.br\/pro-reitorias\/proplan\/wp-json\/wp\/v2\/types\/page"}],"author":[{"embeddable":true,"href":"https:\/\/www.ufsm.br\/pro-reitorias\/proplan\/wp-json\/wp\/v2\/users\/205"}],"replies":[{"embeddable":true,"href":"https:\/\/www.ufsm.br\/pro-reitorias\/proplan\/wp-json\/wp\/v2\/comments?post=3909"}],"version-history":[{"count":0,"href":"https:\/\/www.ufsm.br\/pro-reitorias\/proplan\/wp-json\/wp\/v2\/pages\/3909\/revisions"}],"wp:attachment":[{"href":"https:\/\/www.ufsm.br\/pro-reitorias\/proplan\/wp-json\/wp\/v2\/media?parent=3909"}],"wp:term":[{"taxonomy":"category","embeddable":true,"href":"https:\/\/www.ufsm.br\/pro-reitorias\/proplan\/wp-json\/wp\/v2\/categories?post=3909"},{"taxonomy":"post_tag","embeddable":true,"href":"https:\/\/www.ufsm.br\/pro-reitorias\/proplan\/wp-json\/wp\/v2\/tags?post=3909"}],"curies":[{"name":"wp","href":"https:\/\/api.w.org\/{rel}","templated":true}]}}