{"id":3916,"date":"2020-06-16T14:55:53","date_gmt":"2020-06-16T17:55:53","guid":{"rendered":"https:\/\/www.ufsm.br\/pro-reitorias\/proplan\/?page_id=3916"},"modified":"2020-06-16T14:56:55","modified_gmt":"2020-06-16T17:56:55","slug":"resolucao-n-001-1975","status":"publish","type":"page","link":"https:\/\/www.ufsm.br\/pro-reitorias\/proplan\/resolucao-n-001-1975","title":{"rendered":"Resolu\u00e7\u00e3o N. 001\/1975"},"content":{"rendered":"\t\t<div data-elementor-type=\"wp-page\" data-elementor-id=\"3916\" class=\"elementor elementor-3916\">\n\t\t\t\t\t\t<section class=\"elementor-section elementor-top-section elementor-element elementor-element-9a71f0a elementor-section-boxed elementor-section-height-default elementor-section-height-default\" data-id=\"9a71f0a\" data-element_type=\"section\">\n\t\t\t\t\t\t<div class=\"elementor-container elementor-column-gap-default\">\n\t\t\t\t\t<div class=\"elementor-column elementor-col-100 elementor-top-column elementor-element elementor-element-9b3292e\" data-id=\"9b3292e\" data-element_type=\"column\">\n\t\t\t<div class=\"elementor-widget-wrap elementor-element-populated\">\n\t\t\t\t\t\t<div class=\"elementor-element elementor-element-0f8a9e1 elementor-widget elementor-widget-html\" data-id=\"0f8a9e1\" data-element_type=\"widget\" data-widget_type=\"html.default\">\n\t\t\t\t<div class=\"elementor-widget-container\">\n\t\t\t\r\n\r\n\r\n<title><b>RESOLU\u00c7\u00c3O N. 001\/1975<\/b><\/title>\r\n\r\n\r\n<div align=\"center\"><img decoding=\"async\" src=\"https:\/\/www.ufsm.br\/pro-reitorias\/proplan\/wp-content\/uploads\/sites\/344\/2019\/09\/brasao-da-republica-do-brasil-logo.png\" alt=\"Bras\u00e3o Rep\u00fablica Federativa do Brasil\" width=\"6%\" height=\"6%\"><\/div>    \r\n<h1><font color=\"blue\"><font size=\"5\"><div align=\"center\">MINIST\u00c9RIO DA EDUCA\u00c7\u00c3O E CULTURA<\/b><\/font><\/font><\/div><\/H1>\r\n<p><b><font color=\"0000blue\"><div align=\"center\">UNIVERSIDADE FEDERAL DE SANTA MARIA<\/b><\/font><\/div><\/p>\r\n<p><font color=\"blue\"><div align=\"center\"><b>CONSELHO DE ENSINO E PESQUISA<\/b><\/font><\/font><\/div>\r\n<p><div align=\"center\"><b><a href=\"https:\/\/portal.ufsm.br\/documentos\/publico\/documento.html?id=5741996\" target=\"_blank\"><font color=\"blue\"><u>RESOLU\u00c7\u00c3O N\u00ba 01\/75<\/u><\/font><\/a><\/b><\/div><\/p>\r\n<br>\r\n<p><u><a href=\"https:\/\/www.ufsm.br\/pro-reitorias\/proplan\/resolucao-n-079-1980\/\" target=\"_blank\"><font color=\"blue\">Revogada pela Resolu\u00e7\u00e3o N. 079\/1980<\/font><\/a><\/u><\/p>\r\n<br>\r\n<strike>\r\n<br>\r\n<br><div align=\"justify\">\r\n<p>O REITOR DA UNIVERSIDADE FEDERAL DE SANTA MARIA, no uso de suas obriga\u00e7\u00f5es legais e da conformidade com o que consta no Processo n\u00ba 53.478\/75, bem assim o aprovado pelo Conselho de Ensino e Pesquisa, na sua 68\u00aa sess\u00e3o, Parecer n\u00ba 24\/75 \u2013 Comiss\u00e3o de Legisla\u00e7\u00e3o e Normas,<\/p>\r\n<br>\r\n<p><div align=\"center\">RESOLVE:<\/div><\/p>\r\n<br>\r\n<p>1 \u2013 \u00c9 concedido o prazo de noventa (90) dias, a partir de 1\u00ba.07.1975 para que os docentes j\u00e1 portadores de diplomas e certificados de Cursos de P\u00f3s-Gradua\u00e7\u00e3o, expedidos por estabelecimentos estrangeiros de ensino superior, iniciem os respectivos processos de REVALIDA\u00c7\u00c3O;<\/p>\r\n<p>2 \u2013 Os docentes desta Universidade, atualmente no exterior, cursando P\u00f3s-Gradua\u00e7\u00e3o ou que vierem a afastar-se para fazer P\u00f3s-Gradua\u00e7\u00e3o em estabelecimento de ensino superior estrangeiro, ter\u00e3o sessenta (60) dias de prazo a partir da data de reassun\u00e7\u00e3o de suas fun\u00e7\u00f5es nesta Universidade, para diligenciarem na revalida\u00e7\u00e3o dos diplomas e\/ou certificados obtidos;<\/p>\r\n<p>3 \u2013 Os Senhores Chefes de Departamentos did\u00e1ticos desta Universidade ficam encarregados de dar conhecimento aos docentes cursando P\u00f3s-Gradua\u00e7\u00e3o ao exterior ou que estiverem por fazer, das provid\u00eancias de revalida\u00e7\u00e3o acima determinadas, remetendo aos interessados c\u00f3pias desta Resolu\u00e7\u00e3o e da de n\u00ba 41, de 31.03.1975, do Conselho Federal de Educa\u00e7\u00e3o.<\/p>\r\n<p>REITORIA DA UNIVERSIDADE FEDERAL DE SANTA MARIA, no primeiro dia do m\u00eas de julho do ano de mil novecentos e setenta e cinco.<\/p>\r\n<p>PROF. DR H\u00c9LIOS HOMERO BERNARDI<\/p>\r\n<p>- REITOR -<\/p>\r\n<\/strike>\r\n<br>\r\n<p><font color=\"red0000\">Este texto n\u00e3o substitui o documento original, publicado no Portal de Documentos.<\/font> Dispon\u00edvel em: <a href=\"https:\/\/portal.ufsm.br\/documentos\/publico\/documento.html?id=5741996\" target=\"_blank\"><font color=\"blue\">https:\/\/portal.ufsm.br\/documentos\/publico\/documento.html?id=5741996<\/font><\/a>\r\n\r\n\t\t<\/div>\n\t\t\t\t<\/div>\n\t\t\t\t\t<\/div>\n\t\t<\/div>\n\t\t\t\t\t<\/div>\n\t\t<\/section>\n\t\t\t\t<\/div>\n\t\t","protected":false},"excerpt":{"rendered":"<p>RESOLU\u00c7\u00c3O N. 001\/1975 MINIST\u00c9RIO DA EDUCA\u00c7\u00c3O E CULTURA UNIVERSIDADE FEDERAL DE SANTA MARIA CONSELHO DE ENSINO E PESQUISA RESOLU\u00c7\u00c3O N\u00ba 01\/75 Revogada pela Resolu\u00e7\u00e3o N. 079\/1980 O REITOR DA UNIVERSIDADE FEDERAL DE SANTA MARIA, no uso de suas obriga\u00e7\u00f5es legais e da conformidade com o que consta no Processo n\u00ba 53.478\/75, bem assim o aprovado [&hellip;]<\/p>\n","protected":false},"author":205,"featured_media":0,"parent":0,"menu_order":0,"comment_status":"closed","ping_status":"closed","template":"","meta":{"footnotes":""},"categories":[],"tags":[],"class_list":["post-3916","page","type-page","status-publish","hentry"],"acf":[],"_links":{"self":[{"href":"https:\/\/www.ufsm.br\/pro-reitorias\/proplan\/wp-json\/wp\/v2\/pages\/3916","targetHints":{"allow":["GET"]}}],"collection":[{"href":"https:\/\/www.ufsm.br\/pro-reitorias\/proplan\/wp-json\/wp\/v2\/pages"}],"about":[{"href":"https:\/\/www.ufsm.br\/pro-reitorias\/proplan\/wp-json\/wp\/v2\/types\/page"}],"author":[{"embeddable":true,"href":"https:\/\/www.ufsm.br\/pro-reitorias\/proplan\/wp-json\/wp\/v2\/users\/205"}],"replies":[{"embeddable":true,"href":"https:\/\/www.ufsm.br\/pro-reitorias\/proplan\/wp-json\/wp\/v2\/comments?post=3916"}],"version-history":[{"count":0,"href":"https:\/\/www.ufsm.br\/pro-reitorias\/proplan\/wp-json\/wp\/v2\/pages\/3916\/revisions"}],"wp:attachment":[{"href":"https:\/\/www.ufsm.br\/pro-reitorias\/proplan\/wp-json\/wp\/v2\/media?parent=3916"}],"wp:term":[{"taxonomy":"category","embeddable":true,"href":"https:\/\/www.ufsm.br\/pro-reitorias\/proplan\/wp-json\/wp\/v2\/categories?post=3916"},{"taxonomy":"post_tag","embeddable":true,"href":"https:\/\/www.ufsm.br\/pro-reitorias\/proplan\/wp-json\/wp\/v2\/tags?post=3916"}],"curies":[{"name":"wp","href":"https:\/\/api.w.org\/{rel}","templated":true}]}}