{"id":3917,"date":"2020-06-16T14:55:58","date_gmt":"2020-06-16T17:55:58","guid":{"rendered":"https:\/\/www.ufsm.br\/pro-reitorias\/proplan\/?page_id=3917"},"modified":"2020-07-17T08:52:37","modified_gmt":"2020-07-17T11:52:37","slug":"resolucao-n-002-1975","status":"publish","type":"page","link":"https:\/\/www.ufsm.br\/pro-reitorias\/proplan\/resolucao-n-002-1975","title":{"rendered":"Resolu\u00e7\u00e3o N. 002\/1975"},"content":{"rendered":"\t\t<div data-elementor-type=\"wp-page\" data-elementor-id=\"3917\" class=\"elementor elementor-3917\">\n\t\t\t\t\t\t<section class=\"elementor-section elementor-top-section elementor-element elementor-element-38cc3c7 elementor-section-boxed elementor-section-height-default elementor-section-height-default\" data-id=\"38cc3c7\" data-element_type=\"section\">\n\t\t\t\t\t\t<div class=\"elementor-container elementor-column-gap-default\">\n\t\t\t\t\t<div class=\"elementor-column elementor-col-100 elementor-top-column elementor-element elementor-element-1753342\" data-id=\"1753342\" data-element_type=\"column\">\n\t\t\t<div class=\"elementor-widget-wrap elementor-element-populated\">\n\t\t\t\t\t\t<div class=\"elementor-element elementor-element-d23c03f elementor-widget elementor-widget-html\" data-id=\"d23c03f\" data-element_type=\"widget\" data-widget_type=\"html.default\">\n\t\t\t\t<div class=\"elementor-widget-container\">\n\t\t\t\r\n\r\n\r\n<title><b>RESOLU\u00c7\u00c3O N. 002\/1975<\/b><\/title>\r\n\r\n\r\n<p><div align=\"center\"><b><a href=\"https:\/\/portal.ufsm.br\/documentos\/publico\/documento.html?id=5741985\" target=\"_blank\"><font color=\"blue\"><u>RESOLU\u00c7\u00c3O N\u00ba 02\/1975<\/u><\/font><\/a><\/b><\/div><\/p>\r\n<br>\r\n<p><a href=\"https:\/\/www.ufsm.br\/pro-reitorias\/proplan\/resolucao-n-022-2020\/\" target=\"_blank\"><font color=\"blue\">Revogada pela Resolu\u00e7\u00e3o N. 022\/2020<\/font><\/a><\/p>\r\n<br>\r\n<br><div align=\"justify\">\r\n<strike>\r\n<p>O REITOR DA UNIVERSIDADE FEDERAL DE SANTA MARIA, no uso de suas atribui\u00e7\u00f5es legais e tendo em vista o que consta no Processo n\u00ba 65236\/75:<\/p>\r\n<p>- Considerando os termos da Instru\u00e7\u00e3o Normativa MEC-01\/75, - orientadores na aplica\u00e7\u00e3o do <u><a href=\"https:\/\/www2.camara.leg.br\/legin\/fed\/decret\/1970-1979\/decreto-75841-10-junho-1975-424356-publicacaooriginal-1-pe.html\" target=\"_blank\"><font color=\"blue\">Decreto-Lei n\u00ba 75.841 de 10.05.75<\/font><\/a><\/u>, que estabelece normas para a fixa\u00e7\u00e3o da lota\u00e7\u00e3o do Grupo - Magist\u00e9rio e d\u00e1 outras provid\u00eancias;<\/p>\r\n<p>- Considerando o Parecer n\u00ba 168\/75 do Conselho de Ensino e Pesquisa em sua 69\u00aa sess\u00e3o;<\/p>\r\n<p>- Considerando a necessidade de estabelecimento da capacidade did\u00e1tica dos cargos e empregos da Institui\u00e7\u00e3o;<\/p>\r\n<p>- Considerando a necessidade do estabelecimento de par\u00e2metros, com refer\u00eancia \u00e0 carga did\u00e1tica m\u00e9dia semanal, por docente.<\/p>\r\n<br>\r\n<p><div align=\"center\">RESOLVE:<\/div><\/p>\r\n<br>\r\n<p>I \u2013 Para o regime de 20 horas, cujo par\u00e2metro estabelecido pela Instru\u00e7\u00e3o Normativa de 8\/12 hora\/aula por semana, adotar o seguinte:<\/p>\r\n<p>a) Docente com uma disciplina e\/ou docente com uma - disciplina em uma ou mais turmas - CARGA M\u00c1XIMA.<\/p>\r\n<p>b) O Docente ministrando predominantemente aulas pr\u00e1ticas ser\u00e1 considerado em CARGA M\u00c1XIMA.<\/p>\r\n<p>c) A atividade de extens\u00e3o ser\u00e1 considerada como aula pr\u00e1tica, portanto o docente dever\u00e1 estar em CARGA M\u00c1XIMA.<\/p>\r\n<p>d) Ao docente que al\u00e9m da tarefa did\u00e1tica exer\u00e7a a qualquer t\u00edtulo, por designa\u00e7\u00e3o de ordem superior, atividade junto \u00e0 administra\u00e7\u00e3o Universit\u00e1ria, ser\u00e1 atribu\u00edda a seguinte carga did\u00e1tica: - 4 a 6 \u2013 h\/aulas semanais.<\/p>\r\n<p>e) Caber\u00e1 ao Chefe do Departamento, por necessidade, ajustamento de carga hor\u00e1ria de disciplina ou amplia\u00e7\u00e3o do n\u00famero de turmas, fixar valores intermedi\u00e1rios que nunca dever\u00e3o ser inferiores no m\u00ednimo nem superiores ao m\u00e1ximo.<\/p>\r\n<p>II - A concess\u00e3o do resine de 40 horas, ser\u00e1 feita ao docente que:<\/p>\r\n<p>- Haja obtido o grau de Doutor ou de Mestre em Curso de P\u00f3s-Gradua\u00e7\u00e3o organizado na forma do Parecer 77\/69, do Conselho Federal de Educa\u00e7\u00e3o ou em institui\u00e7\u00e3o estrangeira de reconhecida idoneidade, devendo neste caso, os t\u00edtulos ser revalidados de acordo com as normas aprovadas na 68\u00aa sess\u00e3o do Conselho de Ensino e Pesquisa da UFSM.<\/p>\r\n<p>- Esteja cursando em n\u00edvel de Mestrado ou Doutorado, P\u00f3s-Gradua\u00e7\u00e3o.<\/p>\r\n<p>- Seja portador do t\u00edtulo de Docente-Livre, obtido mediante concurso de t\u00edtulos e provas, inclusive, tese e sua defesa, em Institui\u00e7\u00e3o Oficial ou reconhecida.<\/p>\r\n<p>- Seja designado Coordenador, Chefe de Departamento ou para outros \u00d3rg\u00e3os Centrais da Administra\u00e7\u00e3o Acad\u00eamica.<\/p>\r\n<p>- Seja designado para atuar eu \u00f3rg\u00e3os centrais da administra\u00e7\u00e3o superior, de planejamento, em atividades de extens\u00e3o ou programa\u00e7\u00e3o de pesquisa.<\/p>\r\n<p>- Tenha dois cargos ou empregos na Institui\u00e7\u00e3o.<\/p>\r\n<p>- Tenha prestado concurso e seja promovido de Auxiliar de Ensino para Professor assistente.<\/p>\r\n<p>- Tenha recebido carga did\u00e1tica igual ou superior a 16 h\/aula semanais por necessidade comprovada pelo Departamento.<\/p>\r\n<p>REITORIA DA UNIVERSIDADE FEDERAL DE SANTA MARIA, aos dezoito dias do m\u00eas de julho do ano de mil novecentos e setenta e cinco.<\/p>\r\n<p>PROF. DR H\u00c9LIOS HOMERO BERNARDI<\/p>\r\n<p>- REITOR -<\/p>\r\n<\/strike>\r\n<br>\r\n<p><font color=\"red0000\">Este texto n\u00e3o substitui o documento original, publicado no Portal de Documentos.<\/font> Dispon\u00edvel em: <a href=\"https:\/\/portal.ufsm.br\/documentos\/publico\/documento.html?id=5741985\" target=\"_blank\"><font color=\"blue\">https:\/\/portal.ufsm.br\/documentos\/publico\/documento.html?id=5741985<\/font><\/a>\r\n\r\n\t\t<\/div>\n\t\t\t\t<\/div>\n\t\t\t\t\t<\/div>\n\t\t<\/div>\n\t\t\t\t\t<\/div>\n\t\t<\/section>\n\t\t\t\t<\/div>\n\t\t","protected":false},"excerpt":{"rendered":"<p>RESOLU\u00c7\u00c3O N. 002\/1975 RESOLU\u00c7\u00c3O N\u00ba 02\/1975 Revogada pela Resolu\u00e7\u00e3o N. 022\/2020 O REITOR DA UNIVERSIDADE FEDERAL DE SANTA MARIA, no uso de suas atribui\u00e7\u00f5es legais e tendo em vista o que consta no Processo n\u00ba 65236\/75: &#8211; Considerando os termos da Instru\u00e7\u00e3o Normativa MEC-01\/75, &#8211; orientadores na aplica\u00e7\u00e3o do Decreto-Lei n\u00ba 75.841 de 10.05.75, que [&hellip;]<\/p>\n","protected":false},"author":205,"featured_media":0,"parent":0,"menu_order":0,"comment_status":"closed","ping_status":"closed","template":"","meta":{"footnotes":""},"categories":[],"tags":[],"class_list":["post-3917","page","type-page","status-publish","hentry"],"acf":[],"_links":{"self":[{"href":"https:\/\/www.ufsm.br\/pro-reitorias\/proplan\/wp-json\/wp\/v2\/pages\/3917","targetHints":{"allow":["GET"]}}],"collection":[{"href":"https:\/\/www.ufsm.br\/pro-reitorias\/proplan\/wp-json\/wp\/v2\/pages"}],"about":[{"href":"https:\/\/www.ufsm.br\/pro-reitorias\/proplan\/wp-json\/wp\/v2\/types\/page"}],"author":[{"embeddable":true,"href":"https:\/\/www.ufsm.br\/pro-reitorias\/proplan\/wp-json\/wp\/v2\/users\/205"}],"replies":[{"embeddable":true,"href":"https:\/\/www.ufsm.br\/pro-reitorias\/proplan\/wp-json\/wp\/v2\/comments?post=3917"}],"version-history":[{"count":0,"href":"https:\/\/www.ufsm.br\/pro-reitorias\/proplan\/wp-json\/wp\/v2\/pages\/3917\/revisions"}],"wp:attachment":[{"href":"https:\/\/www.ufsm.br\/pro-reitorias\/proplan\/wp-json\/wp\/v2\/media?parent=3917"}],"wp:term":[{"taxonomy":"category","embeddable":true,"href":"https:\/\/www.ufsm.br\/pro-reitorias\/proplan\/wp-json\/wp\/v2\/categories?post=3917"},{"taxonomy":"post_tag","embeddable":true,"href":"https:\/\/www.ufsm.br\/pro-reitorias\/proplan\/wp-json\/wp\/v2\/tags?post=3917"}],"curies":[{"name":"wp","href":"https:\/\/api.w.org\/{rel}","templated":true}]}}