{"id":3920,"date":"2020-06-16T14:56:44","date_gmt":"2020-06-16T17:56:44","guid":{"rendered":"https:\/\/www.ufsm.br\/pro-reitorias\/proplan\/?page_id=3920"},"modified":"2021-01-04T09:02:41","modified_gmt":"2021-01-04T12:02:41","slug":"resolucao-n-005-1975","status":"publish","type":"page","link":"https:\/\/www.ufsm.br\/pro-reitorias\/proplan\/resolucao-n-005-1975","title":{"rendered":"Resolu\u00e7\u00e3o N. 005\/1975"},"content":{"rendered":"\t\t<div data-elementor-type=\"wp-page\" data-elementor-id=\"3920\" class=\"elementor elementor-3920\">\n\t\t\t\t\t\t<section class=\"elementor-section elementor-top-section elementor-element elementor-element-21ad844 elementor-section-boxed elementor-section-height-default elementor-section-height-default\" data-id=\"21ad844\" data-element_type=\"section\">\n\t\t\t\t\t\t<div class=\"elementor-container elementor-column-gap-default\">\n\t\t\t\t\t<div class=\"elementor-column elementor-col-100 elementor-top-column elementor-element elementor-element-00ff83f\" data-id=\"00ff83f\" data-element_type=\"column\">\n\t\t\t<div class=\"elementor-widget-wrap elementor-element-populated\">\n\t\t\t\t\t\t<div class=\"elementor-element elementor-element-638b668 elementor-widget elementor-widget-html\" data-id=\"638b668\" data-element_type=\"widget\" data-widget_type=\"html.default\">\n\t\t\t\t<div class=\"elementor-widget-container\">\n\t\t\t\n\n\n<title><b>RESOLU\u00c7\u00c3O N. 005\/1975<\/b><\/title>\n\n\n<p><div align=\"center\"><b><a href=\"https:\/\/portal.ufsm.br\/documentos\/publico\/documento.html?id=5741954\" target=\"_blank\"><font color=\"blue\"><u>RESOLU\u00c7\u00c3O N\u00ba 05\/1975<\/u><\/font><\/a><\/b><\/div><\/p>\n<br>\n<br>\n<p><a href=\"https:\/\/www.ufsm.br\/pro-reitorias\/proplan\/resolucao-n-033-2020\/\" target=\"_blank\"><font color=\"blue\">Revogada pela Resolu\u00e7\u00e3o N. 033\/2020<\/font><\/a><\/p>\n<br><div align=\"justify\">\n<strike>\n<p>O REITOR DA UNIVERSIDADE FEDERAL DE SANTA MARIA, no uso de suas atribui\u00e7\u00f5es legais, tendo em vista o parecer da Comiss\u00e3o Especial designada para sugerir normas de utiliza\u00e7\u00e3o dos ve\u00edculos da UFSM, com vistas a cumprir determina\u00e7\u00f5es superiores, na conformidade das sugest\u00f5es apresentadas, e<\/p>\n<p>- considerando a exiguidade dos recursos existente nas dota\u00e7\u00f5es para aquisi\u00e7\u00e3o de combust\u00edveis, lubrificantes, pe\u00e7as e acess\u00f3rios para ve\u00edculos;<\/p>\n<p>- considerando as reiteradas manifesta\u00e7\u00f5es do Governo Federal no sentido de ser efetuada a conten\u00e7\u00e3o das despesas de consumo dos derivados de petr\u00f3leo;<\/p>\n<p>- considerando que o uso de carros oficiais \u00e9 restrito \u00e0s reais necessidades do servi\u00e7o;<\/p>\n<p>- considerando, finalmente, a preocupa\u00e7\u00e3o da Reitoria na minimiza\u00e7\u00e3o de tais gastos que absorvem elevados recursos or\u00e7ament\u00e1rios,<\/p>\n<br>\n<p><div align=\"center\">RESOLVE:<\/div><\/p>\n<br>\n<p>I \u2013 Adotar e determinar as seguintes medidas e provid\u00eancias para utiliza\u00e7\u00e3o dos ve\u00edculos da Universidade:<\/p>\n<p>1 \u2013 Ve\u00edculos para representa\u00e7\u00e3o de autoridade:<\/p>\n<p>- De utiliza\u00e7\u00e3o sem restri\u00e7\u00f5es \u2013<\/p>\n<p>1.1 \u2013 Reitor -<\/p> \t\t\t\n<p>1 autom\u00f3vel Ford Land<\/p>\n<p>1 caminhonete Chevrolet Veraneio<\/p>\n<p>1.2 \u2013 Vice-Reitor<\/p> \t\t\n<p>1 autom\u00f3vel For Galaxie<\/p>\n<p>2 - Ve\u00edculos para representa\u00e7\u00e3o:<\/p>\n<p>- De utiliza\u00e7\u00e3o com restri\u00e7\u00f5es limitadas \u2013 <\/p>\n<p>2.1 \u2013 Decanos e Pr\u00f3-Reitores \u2013 Poder\u00e3o contar com transporte entre a cidade e o campus em viaturas que trafegam em hor\u00e1rios e roteiros pr\u00e9-fixados e a combinar com o Sr. Prefeito da Cidade Universit\u00e1ria.<\/p>\n<p>2.2 \u2013 Equipe Internacional da Opera\u00e7\u00e3o \u201cOsvaldo Aranha\u201d, poder\u00e1 utilizar o Micro-\u00f4nibus, presente o estabelecido em cl\u00e1usula contida no Acordo firmado entre o Governo Brasileiro e a Organiza\u00e7\u00e3o das Na\u00e7\u00f5es Unidas, quando o n\u00famero de integrantes da equipe ultrapassar a lota\u00e7\u00e3o de uma caminhonete.<\/p>\n<p>3 \u2013 Ve\u00edculos \u00e0 disposi\u00e7\u00e3o de \u00d3rg\u00e3os:<\/p>\n<p>- Exclusivamente para execu\u00e7\u00e3o de servi\u00e7os \u2013<\/p>\n<br>\n<table><table width=\"75%\">\n<tr><th>\u00d3RG\u00c3O<\/strike><\/th><th>VE\u00cdCULO<\/th><\/tr>\n<tr><th>3.1- CRUTAC<\/th><th>1 caminhonete Kombi<\/th><\/tr>\n<tr><th>3.2- Centro de Artes<\/th><th>1 caminhonete Kombi<\/th><\/tr>\n<tr><th>3.3- CCR- Dep. Zootecnia<\/th><th>1 caminh\u00e3o Ford F-350<\/th><\/tr>\n<tr><th>3.4- CCR-H.C. Veterin\u00e1rias<\/th><th>1 caminhonete Chevrolet (laborat\u00f3rio)<\/th><\/tr>\n<tr><th>&nbsp;<\/th><th>1 caminh\u00e3o Mercedes (transporte de animais)<\/th><\/tr>\n<tr><th>&nbsp;<\/th><th>1 Pick-Up Kombi<\/th><\/tr>\n<tr><th>3.5- C.A. S. Maria&gt;<\/th><th>1 caminhote Rural Willys<\/th><\/tr>\n<tr><th>3.6- Dep. Adm. Hospitalar<\/th><th>1 caminhote Kombi<\/th><\/tr>\n<tr><th>3.7- D.A. Almox. Central<\/th><th>1 caminhonete Chevrolet Pick-Up<\/th><\/tr>\n<tr><th>3.8- E.T.O<\/th><th>1 Bras\u00edlia<\/th><\/tr>\n<tr><th>&nbsp;<\/th><th>1 caminhonete Chevrolet Pick-Up<\/th><\/tr>\n<tr><th>3.9- E.T.O<\/th><th>8 caminh\u00f5es<\/strike><\/th><\/tr>\n<tr><th>3.10- CCR-Biot\u00e9rio&lt;<\/th><th>1 triciclo (motoneta)<\/th><\/tr>\n<tr><th>3.11- Prefeitura<\/th><th>1 Jipe Toyota<\/th><\/tr>\n<tr><th>&nbsp;<\/th><th>1 Gabinete-Dupla<\/th><\/tr>\n<tr><th>&nbsp;<\/th><th>1 caminh\u00e3o Chevrolet (caixa)<\/th><\/tr>\n<tr><th>&nbsp;<\/th><th>1 lambreta<\/th><\/tr>\n<tr><th>3.12-D.A. \u2013 Prot. Geral<\/th><th>1 Bras\u00edlia<\/th><\/tr>\n<\/div><\/table>\n<br>\n<p>4 \u2013 A utiliza\u00e7\u00e3o dos ve\u00edculos mencionados no \u00edtem 3 subordina-se \u00e0s normas seguintes:<\/p>\n<p>4.1-Fica abolido, expressamente, o transporte pessoal, quando n\u00e3o em objeto de servi\u00e7o.<\/p>\n<p>4.2.-Os ve\u00edculos referidos nos itens a seguir numerados ficam sujeitos \u00e0 seguinte disciplina\u00e7\u00e3o de uso:<\/p>\n<p>3.1- dever\u00e1 permanecer na Garagem \u2013 Centro \u2013 e s\u00f3 poder\u00e1 ser movimentado quando das viagens estabelecidas em decorr\u00eancia de atividades do \u00d3rg\u00e3o;<\/p>\n<p>3.2- dever\u00e1 permanecer na Garagem \u2013Centro \u2013 e s\u00f3 poder\u00e1 ser movimentado nos hor\u00e1rios de transporte ida e volta dos alunos da Escolinha de Artes;<\/p>\n<p>3.3 \u2013 3.4 \u2013 3.6 \u2013 3.7 \u2013 3.9 \u2013 3.11 e \u2013 3.12 \u2013 ficar\u00e3o \u00e0 disposi\u00e7\u00e3o, nos respectivos \u00d3rg\u00e3os, e s\u00f3 poder\u00e3o ser movimentados \u2013 inclusive para fora do Campus em objeto de servi\u00e7o e durante o hor\u00e1rio de funcionamento desses \u00d3rg\u00e3os;\n<p>3.5 \u2013 3.8 e 3.10 \u2013 ficar\u00e3o \u00e1 disposi\u00e7\u00e3o, nos respectivos \u00d3rg\u00e3os, e s\u00f3 poder\u00e3o ser movimentados em objeto de servi\u00e7o no recinto do Campus;<\/p>\n<p>4.3 \u2013 Os ve\u00edculos relacionados nos itens 3.2 \u2013 3.3 -3.4 \u2013 3.5 \u2013 3.7 \u2013 3.9 \u2013 3.11 e 3.12 receber\u00e3o, cada um, alvar\u00e1 especial que permitir\u00e1 sua sa\u00edda do Campus, independente de outra autoriza\u00e7\u00e3o;<\/p>\n<p>4.4 \u2013 Os ve\u00edculos relacionados nos itens 3.1 \u2013 3.8 e 3.10 s\u00f3 poder\u00e3o sair do recinto do Campus quando for entregue ao Guarda do Port\u00e3o Principal licen\u00e7a especial fornecida pela Prefeitura da Cidade Universit\u00e1ria;<\/p>\n<p>4.5 \u2013 Os ve\u00edculos figurantes dos itens 3,3 \u2013 3.4 \u2013 3.5 \u2013 3.7 \u2013 3.8 - 3.9 \u2013 3.10 -3.11 e 3.12 dever\u00e3o pernoitar no Campus;<\/p>\n<p>4.6 \u2013 As m\u00e1quinas e implementos agr\u00edcolas da Reitoria e do Centro de Ci\u00eancias Rurais ter\u00e3o movimenta\u00e7\u00e3o normal no recinto do Campus. Estritamente de acordo com as necessidades de servi\u00e7o;<\/p>\n<p>4.7 \u2013 Outros ve\u00edculos \u2013 exclu\u00eddos os relacionados nos itens 1 e 2 \u2013 dever\u00e3o obedecer ao estabelecido nos sub-itens 4,4 e 4.5;<\/p>\n<p>5 \u2013 As determina\u00e7\u00f5es constantes no \u00edtem 3 poder\u00e3o envolver substitui\u00e7\u00e3o de ve\u00edculos julgados dispens\u00e1veis, bem como permutas por outros considerados \u00e0 disposi\u00e7\u00e3o do \u00d3rg\u00e3o, levando-se em conta adequa\u00e7\u00e3o, bem assim ve\u00edculos em melhores condi\u00e7\u00f5es para uso em servi\u00e7o;<\/p>\n<p>6 \u2013 No que se relaciona com viagens ficam estabelecidas as normas seguintes;<\/p>\n<p>6.1 \u2013 As viagens de Professores e Funcion\u00e1rios ser\u00e3o realizadas sempre, em \u00f4nibus de Empresas de Transporte Coletivo, ou em trem, salvo determina\u00e7\u00f5es em contr\u00e1rio oriundas do Reitor ou Vice-Reitor;<\/p>\n<p>6.2 \u2013 As viagens de estudos \u2013 para cumprimento de obriga\u00e7\u00f5es curriculares \u2013 ser\u00e3o autorizadas pelos respectivos Pr\u00f3-Reitores e a efetiva\u00e7\u00e3o das mesmas ficar\u00e1, ainda, na depend\u00eancia de recursos;<\/p>\n<p>6.3 \u2013 A viagens de estudos, a serem feitas em ve\u00edculos de transporte coletivo \u2013 \u00f4nibus \u2013 dever\u00e3o ser contratadas com Empresas Particulares, correndo as despesas por conta dos recursos consignados no \u00d3rg\u00e3o interessado;<\/p>\n<p>6.4 \u2013 O Departamento de Contabilidade e Finan\u00e7as consignar\u00e1 no Or\u00e7amento para 1975, de cada \u00d3rg\u00e3o ou Centro, recursos para atendimento do contido no sub-\u00edtem 6.3;<\/p>\n<p>7 \u2013 Caber\u00e1 \u00e0 Prefeitura da Cidade Universit\u00e1ria a responsabilidade de controle do fiel cumprimento do estabelecido na presente Resolu\u00e7\u00e3o, devendo as Unidades da UFSM comunicar ao \u00d3rg\u00e3o Controlador qualquer ocorr\u00eancia que represente descumprimento ao que aqui fica institu\u00eddo;<\/p>\n<p>8 \u2013 Casos especiais, n\u00e3o enquadrados nesta Resolu\u00e7\u00e3o, ser\u00e3o submetidos \u00e0 delibera\u00e7\u00e3o do Reitor ou Vice-Reitor;<\/p>\n<p>II \u2013 Esta Resolu\u00e7\u00e3o entra em vigor nesta data, revogadas as disposi\u00e7\u00f5es em contr\u00e1rio.<\/p>\n<p>Gabinete do Reitor da Universidade Federal de Santa Maria, aos seis dias do m\u00eas de novembro do ano de mil novecentos e setenta e cinco.<\/p>\n<p>PROF. DR H\u00c9LIOS HOMERO BERNARDI<\/p>\n<p>- REITOR -<\/p>\n<\/strike>\n<br>\n<p><font color=\"red0000\">Este texto n\u00e3o substitui o documento original, publicado no Portal de Documentos.<\/font> Dispon\u00edvel em: <a href=\"https:\/\/portal.ufsm.br\/documentos\/publico\/documento.html?id=5741954\" target=\"_blank\"><font color=\"blue\">https:\/\/portal.ufsm.br\/documentos\/publico\/documento.html?id=5741954<\/font><\/a>\n\n\t\t<\/div>\n\t\t\t\t<\/div>\n\t\t\t\t\t<\/div>\n\t\t<\/div>\n\t\t\t\t\t<\/div>\n\t\t<\/section>\n\t\t\t\t<\/div>\n\t\t","protected":false},"excerpt":{"rendered":"<p>RESOLU\u00c7\u00c3O N. 005\/1975 RESOLU\u00c7\u00c3O N\u00ba 05\/1975 Revogada pela Resolu\u00e7\u00e3o N. 033\/2020 O REITOR DA UNIVERSIDADE FEDERAL DE SANTA MARIA, no uso de suas atribui\u00e7\u00f5es legais, tendo em vista o parecer da Comiss\u00e3o Especial designada para sugerir normas de utiliza\u00e7\u00e3o dos ve\u00edculos da UFSM, com vistas a cumprir determina\u00e7\u00f5es superiores, na conformidade das sugest\u00f5es apresentadas, e [&hellip;]<\/p>\n","protected":false},"author":205,"featured_media":0,"parent":0,"menu_order":0,"comment_status":"closed","ping_status":"closed","template":"","meta":{"footnotes":""},"categories":[],"tags":[],"class_list":["post-3920","page","type-page","status-publish","hentry"],"acf":[],"_links":{"self":[{"href":"https:\/\/www.ufsm.br\/pro-reitorias\/proplan\/wp-json\/wp\/v2\/pages\/3920","targetHints":{"allow":["GET"]}}],"collection":[{"href":"https:\/\/www.ufsm.br\/pro-reitorias\/proplan\/wp-json\/wp\/v2\/pages"}],"about":[{"href":"https:\/\/www.ufsm.br\/pro-reitorias\/proplan\/wp-json\/wp\/v2\/types\/page"}],"author":[{"embeddable":true,"href":"https:\/\/www.ufsm.br\/pro-reitorias\/proplan\/wp-json\/wp\/v2\/users\/205"}],"replies":[{"embeddable":true,"href":"https:\/\/www.ufsm.br\/pro-reitorias\/proplan\/wp-json\/wp\/v2\/comments?post=3920"}],"version-history":[{"count":0,"href":"https:\/\/www.ufsm.br\/pro-reitorias\/proplan\/wp-json\/wp\/v2\/pages\/3920\/revisions"}],"wp:attachment":[{"href":"https:\/\/www.ufsm.br\/pro-reitorias\/proplan\/wp-json\/wp\/v2\/media?parent=3920"}],"wp:term":[{"taxonomy":"category","embeddable":true,"href":"https:\/\/www.ufsm.br\/pro-reitorias\/proplan\/wp-json\/wp\/v2\/categories?post=3920"},{"taxonomy":"post_tag","embeddable":true,"href":"https:\/\/www.ufsm.br\/pro-reitorias\/proplan\/wp-json\/wp\/v2\/tags?post=3920"}],"curies":[{"name":"wp","href":"https:\/\/api.w.org\/{rel}","templated":true}]}}