{"id":3929,"date":"2020-06-16T17:14:47","date_gmt":"2020-06-16T20:14:47","guid":{"rendered":"https:\/\/www.ufsm.br\/pro-reitorias\/proplan\/?page_id=3929"},"modified":"2021-07-01T13:20:54","modified_gmt":"2021-07-01T16:20:54","slug":"resolucao-n-001-1969a","status":"publish","type":"page","link":"https:\/\/www.ufsm.br\/pro-reitorias\/proplan\/resolucao-n-001-1969a","title":{"rendered":"Resolu\u00e7\u00e3o N. 001\/1969A"},"content":{"rendered":"\t\t<div data-elementor-type=\"wp-page\" data-elementor-id=\"3929\" class=\"elementor elementor-3929\">\n\t\t\t\t\t\t<section class=\"elementor-section elementor-top-section elementor-element elementor-element-fb82184 elementor-section-boxed elementor-section-height-default elementor-section-height-default\" data-id=\"fb82184\" data-element_type=\"section\">\n\t\t\t\t\t\t<div class=\"elementor-container elementor-column-gap-default\">\n\t\t\t\t\t<div class=\"elementor-column elementor-col-100 elementor-top-column elementor-element elementor-element-af8df9d\" data-id=\"af8df9d\" data-element_type=\"column\">\n\t\t\t<div class=\"elementor-widget-wrap elementor-element-populated\">\n\t\t\t\t\t\t<div class=\"elementor-element elementor-element-9a6b7d9 elementor-widget elementor-widget-html\" data-id=\"9a6b7d9\" data-element_type=\"widget\" data-widget_type=\"html.default\">\n\t\t\t\t<div class=\"elementor-widget-container\">\n\t\t\t\n\n\n<title><b>RESOLU\u00c7\u00c3O N. 001\/1969 A<\/b><\/title>\n\n\n<p><div align=\"center\"><b><a href=\"https:\/\/portal.ufsm.br\/documentos\/publico\/documento.html?id=5753891\" target=\"_blank\"><font color=\"blue\"><u>RESOLU\u00c7\u00c3O N\u00ba 1\/69<\/u><\/font><\/a><\/b><\/div><\/p>\n<br>\n<br><div align=\"justify\">\n<p><a href=\"https:\/\/www.ufsm.br\/pro-reitorias\/proplan\/resolucao-ufsm-n-055-2021\/\"><font color=\"blue\">Revogado pela Resolu\u00e7\u00e3o N. 055\/2021<\/font><\/a><\/p><\/p>\n<br>\n<strike>\n<p>O REITOR DA UNIVERSIDADE FEDERAL DE SANTA MARIA, no uso de suas atribui\u00e7\u00f5es legais e de conformidade com a decis\u00e3o do Egr\u00e9gio Conselho Universit\u00e1rio, em sess\u00e3o 111, de 1\u00ba de outubro de 1969,<\/p>\n<br>\n<p><div align=\"center\">RESOLVE:<\/div><\/p>\n<br>\n<p>1\u00ba - Fica institu\u00eddo o Certificado de participa\u00e7\u00e3o no est\u00e1gio do \u201cCAMPUS AVAN\u00c7ADO DE RORAIMA\";<\/p>\n<p>2\u00ba - \u00c9 o seguinte o teor do Certificado:<\/p>\n<p>CERTIFICO QUE O SENHOR _______________________ PARTICIPOU COMO ESTAGI\u00c1RIO DA EQUIPE DO \u201cCAMPUS AVAN\u00c7ADO\" DA UNIVERSIDADE FEDERAL DE SANTA MARIA = RS, NO TERRIT\u00d3RIO FEDERAL DE RORAIMA, NO PER\u00cdODO DE ___________, DE AC\u00d4RDO COM O CONV\u00caNIO FIRMADO ENTRE A UNIVERSIDADE FEDERAL DE SANTA MARIA, O MINIST\u00c9RIO DO INTERIOR E O GOV\u00caRNO DO TERRIT\u00d3RIO FEDERAL DE RORAIMA;<\/p>\n<p>3\u00ba - O presente certificado \u00e9 condicionado \u00e0 apresenta\u00e7\u00e3o de circunstanciado Relat\u00f3rio que ficar\u00e1 arquivado na respectiva Unidade.<\/p>\n<p>Reitoria da Universidade Federal de Santa Maria, doze de dezembro de 1969.<\/p>\n<p>Prof. Dr. Jos\u00e9 Mariano da Rocha Filho<\/p>\n<p>- Reitor -<\/p>\n<br>\n<p><font color=\"red0000\">Este texto n\u00e3o substitui o documento original, publicado no Portal de Documentos.<\/font> Dispon\u00edvel em: <a href=\"https:\/\/portal.ufsm.br\/documentos\/publico\/documento.html?id=5753891\" target=\"_blank\"><font color=\"blue\">https:\/\/portal.ufsm.br\/documentos\/publico\/documento.html?id=5753891<\/font><\/a>\n<\/strike>\n\n\t\t<\/div>\n\t\t\t\t<\/div>\n\t\t\t\t\t<\/div>\n\t\t<\/div>\n\t\t\t\t\t<\/div>\n\t\t<\/section>\n\t\t\t\t<\/div>\n\t\t","protected":false},"excerpt":{"rendered":"<p>RESOLU\u00c7\u00c3O N. 001\/1969 A RESOLU\u00c7\u00c3O N\u00ba 1\/69 Revogado pela Resolu\u00e7\u00e3o N. 055\/2021 O REITOR DA UNIVERSIDADE FEDERAL DE SANTA MARIA, no uso de suas atribui\u00e7\u00f5es legais e de conformidade com a decis\u00e3o do Egr\u00e9gio Conselho Universit\u00e1rio, em sess\u00e3o 111, de 1\u00ba de outubro de 1969, RESOLVE: 1\u00ba &#8211; Fica institu\u00eddo o Certificado de participa\u00e7\u00e3o no [&hellip;]<\/p>\n","protected":false},"author":205,"featured_media":0,"parent":0,"menu_order":0,"comment_status":"closed","ping_status":"closed","template":"","meta":{"footnotes":""},"categories":[],"tags":[],"class_list":["post-3929","page","type-page","status-publish","hentry"],"acf":[],"_links":{"self":[{"href":"https:\/\/www.ufsm.br\/pro-reitorias\/proplan\/wp-json\/wp\/v2\/pages\/3929","targetHints":{"allow":["GET"]}}],"collection":[{"href":"https:\/\/www.ufsm.br\/pro-reitorias\/proplan\/wp-json\/wp\/v2\/pages"}],"about":[{"href":"https:\/\/www.ufsm.br\/pro-reitorias\/proplan\/wp-json\/wp\/v2\/types\/page"}],"author":[{"embeddable":true,"href":"https:\/\/www.ufsm.br\/pro-reitorias\/proplan\/wp-json\/wp\/v2\/users\/205"}],"replies":[{"embeddable":true,"href":"https:\/\/www.ufsm.br\/pro-reitorias\/proplan\/wp-json\/wp\/v2\/comments?post=3929"}],"version-history":[{"count":0,"href":"https:\/\/www.ufsm.br\/pro-reitorias\/proplan\/wp-json\/wp\/v2\/pages\/3929\/revisions"}],"wp:attachment":[{"href":"https:\/\/www.ufsm.br\/pro-reitorias\/proplan\/wp-json\/wp\/v2\/media?parent=3929"}],"wp:term":[{"taxonomy":"category","embeddable":true,"href":"https:\/\/www.ufsm.br\/pro-reitorias\/proplan\/wp-json\/wp\/v2\/categories?post=3929"},{"taxonomy":"post_tag","embeddable":true,"href":"https:\/\/www.ufsm.br\/pro-reitorias\/proplan\/wp-json\/wp\/v2\/tags?post=3929"}],"curies":[{"name":"wp","href":"https:\/\/api.w.org\/{rel}","templated":true}]}}