{"id":3933,"date":"2020-06-16T17:15:12","date_gmt":"2020-06-16T20:15:12","guid":{"rendered":"https:\/\/www.ufsm.br\/pro-reitorias\/proplan\/?page_id=3933"},"modified":"2020-07-17T07:42:18","modified_gmt":"2020-07-17T10:42:18","slug":"resolucao-n-001-1966","status":"publish","type":"page","link":"https:\/\/www.ufsm.br\/pro-reitorias\/proplan\/resolucao-n-001-1966","title":{"rendered":"Resolu\u00e7\u00e3o N. 001\/1966"},"content":{"rendered":"\t\t<div data-elementor-type=\"wp-page\" data-elementor-id=\"3933\" class=\"elementor elementor-3933\">\n\t\t\t\t\t\t<section class=\"elementor-section elementor-top-section elementor-element elementor-element-5d9edb4 elementor-section-boxed elementor-section-height-default elementor-section-height-default\" data-id=\"5d9edb4\" data-element_type=\"section\">\n\t\t\t\t\t\t<div class=\"elementor-container elementor-column-gap-default\">\n\t\t\t\t\t<div class=\"elementor-column elementor-col-100 elementor-top-column elementor-element elementor-element-e25c1db\" data-id=\"e25c1db\" data-element_type=\"column\">\n\t\t\t<div class=\"elementor-widget-wrap elementor-element-populated\">\n\t\t\t\t\t\t<div class=\"elementor-element elementor-element-b333481 elementor-widget elementor-widget-html\" data-id=\"b333481\" data-element_type=\"widget\" data-widget_type=\"html.default\">\n\t\t\t\t<div class=\"elementor-widget-container\">\n\t\t\t\r\n\r\n\r\n<title><b>RESOLU\u00c7\u00c3O N. 001\/1966<\/b><\/title>\r\n\r\n\r\n<div align=\"center\"><img decoding=\"async\" src=\"https:\/\/www.ufsm.br\/pro-reitorias\/proplan\/wp-content\/uploads\/sites\/344\/2019\/09\/brasao-da-republica-do-brasil-logo.png\" alt=\"Bras\u00e3o Rep\u00fablica Federativa do Brasil\" width=\"6%\" height=\"6%\"><\/div>    \r\n<h1><font color=\"blue\"><font size=\"5\"><div align=\"center\">MINIST\u00c9RIO DA EDUCA\u00c7\u00c3O E CULTURA<\/b><\/font><\/font><\/div><\/H1>\r\n<p><b><font color=\"0000blue\"><div align=\"center\">UNIVERSIDADE FEDERAL DE SANTA MARIA<\/b><\/font><\/div><\/p>\r\n<p><font color=\"blue\"><div align=\"center\"><b>REITORIA<\/b><\/font><\/font><\/div>\r\n<p><div align=\"center\"><b><a href=\"https:\/\/portal.ufsm.br\/documentos\/publico\/documento.html?id=5737074\" target=\"_blank\"><font color=\"blue\"><u>RESOLU\u00c7\u00c3O N\u00ba 1\/66<\/u><\/font><\/a><\/b><\/div><\/p>\r\n<br>\r\n<p><a href=\"https:\/\/www.ufsm.br\/pro-reitorias\/proplan\/resolucao-n-022-2020\/\" target=\"_blank\"><font color=\"blue\">Revogada pela Resolu\u00e7\u00e3o N. 022\/2020<\/font><\/a><\/p>\r\n<br>\r\n<br><div align=\"justify\">\r\n<strike>\r\n<p>O REITOR DA UNIVERSIDADE FEDERAL DE SANTA MARIA, no uso de suas atribui\u00e7\u00f5es e de conformidade com o aprovado pelo Egr\u00e9gio Conselho Universit\u00e1rio, em sess\u00e3o de 17 de agosto de 1.966, de n\u00ba 65\/66,<\/p>\r\n<br>\r\n<p><div align=\"center\">RESOLVE:<\/div><\/p>\r\n<br>\r\n<p>Art. 1\u00ba - Cursos extraordin\u00e1rios ou livres, conforme prev\u00ea o Estatuto da Universidade Federal de Santa Maria, s\u00e3o cursos extra-curriculares, r\u00e1pidos e intensivos, ministrados em qualquer das suas unidades universit\u00e1rias, por profissionais de reconhecida compet\u00eancia, pertencentes a outras institui\u00e7\u00f5es.<\/p>\r\n<p>\u00a7 1\u00ba - A iniciativa da realiza\u00e7\u00e3o de tais cursos pode caber ao Diret\u00f3rio Central dos Estudantes e dos Diretores Acad\u00eamicos ou ao professor da cadeira interessada, sempre com a anu\u00eancia pr\u00e9via do Diretor, ou ainda, a qualquer dos Institutos da Universidade, neste caso, com a competente autoriza\u00e7\u00e3o do Reitor.<\/p>\r\n<p>\u00a7 2\u00ba - Os Livre-Docentes tamb\u00e9m poder\u00e3o ministrar cursos equiparados, s\u00f4bre assunto de sua especialidade, com pr\u00e9via concord\u00e2ncia do professor da cadeira e anu\u00eancia do Diretor da Faculdade ou do Instituto, na forma estabelecida no Regimento da unidade universit\u00e1ria interessada.<\/p>\r\n<p>Art. 2\u00ba - S\u00f3 ter\u00e3o direito a registro no Departamento de Educa\u00e7\u00e3o e Cultura os certificados dos cursos que se enquadrarem nas disposi\u00e7\u00f5es do artigo anterior, e deles dever\u00e1 constar, obrigatoriamente, se o t\u00edtulo \u00e9 fornecido por frequ\u00eancia ou mediante verifica\u00e7\u00e3o de aproveitamento.<\/p>\r\n<p>REITORIA DA UNIVERSIDADE FEDERAL DE SANTA MARIA, aos nove dias do m\u00eas de dezembro do ano de mil novecentos e sessenta e seis.<\/p>\r\n<p>PROF. JOS\u00c9 MARIANO DA ROCHA FILHO<\/p>\r\n<p>Reitor<\/p>\r\n<\/strike>\r\n<br>\r\n<p><font color=\"red0000\">Este texto n\u00e3o substitui o documento original, publicado no Portal de Documentos.<\/font> Dispon\u00edvel em: <a href=\"https:\/\/portal.ufsm.br\/documentos\/publico\/documento.html?id=5737074\" target=\"_blank\"><font color=\"blue\">https:\/\/portal.ufsm.br\/documentos\/publico\/documento.html?id=5737074<\/font><\/a>\r\n\r\n\t\t<\/div>\n\t\t\t\t<\/div>\n\t\t\t\t\t<\/div>\n\t\t<\/div>\n\t\t\t\t\t<\/div>\n\t\t<\/section>\n\t\t\t\t<\/div>\n\t\t","protected":false},"excerpt":{"rendered":"<p>RESOLU\u00c7\u00c3O N. 001\/1966 MINIST\u00c9RIO DA EDUCA\u00c7\u00c3O E CULTURA UNIVERSIDADE FEDERAL DE SANTA MARIA REITORIA RESOLU\u00c7\u00c3O N\u00ba 1\/66 Revogada pela Resolu\u00e7\u00e3o N. 022\/2020 O REITOR DA UNIVERSIDADE FEDERAL DE SANTA MARIA, no uso de suas atribui\u00e7\u00f5es e de conformidade com o aprovado pelo Egr\u00e9gio Conselho Universit\u00e1rio, em sess\u00e3o de 17 de agosto de 1.966, de n\u00ba [&hellip;]<\/p>\n","protected":false},"author":205,"featured_media":0,"parent":0,"menu_order":0,"comment_status":"closed","ping_status":"closed","template":"","meta":{"footnotes":""},"categories":[],"tags":[],"class_list":["post-3933","page","type-page","status-publish","hentry"],"acf":[],"_links":{"self":[{"href":"https:\/\/www.ufsm.br\/pro-reitorias\/proplan\/wp-json\/wp\/v2\/pages\/3933","targetHints":{"allow":["GET"]}}],"collection":[{"href":"https:\/\/www.ufsm.br\/pro-reitorias\/proplan\/wp-json\/wp\/v2\/pages"}],"about":[{"href":"https:\/\/www.ufsm.br\/pro-reitorias\/proplan\/wp-json\/wp\/v2\/types\/page"}],"author":[{"embeddable":true,"href":"https:\/\/www.ufsm.br\/pro-reitorias\/proplan\/wp-json\/wp\/v2\/users\/205"}],"replies":[{"embeddable":true,"href":"https:\/\/www.ufsm.br\/pro-reitorias\/proplan\/wp-json\/wp\/v2\/comments?post=3933"}],"version-history":[{"count":0,"href":"https:\/\/www.ufsm.br\/pro-reitorias\/proplan\/wp-json\/wp\/v2\/pages\/3933\/revisions"}],"wp:attachment":[{"href":"https:\/\/www.ufsm.br\/pro-reitorias\/proplan\/wp-json\/wp\/v2\/media?parent=3933"}],"wp:term":[{"taxonomy":"category","embeddable":true,"href":"https:\/\/www.ufsm.br\/pro-reitorias\/proplan\/wp-json\/wp\/v2\/categories?post=3933"},{"taxonomy":"post_tag","embeddable":true,"href":"https:\/\/www.ufsm.br\/pro-reitorias\/proplan\/wp-json\/wp\/v2\/tags?post=3933"}],"curies":[{"name":"wp","href":"https:\/\/api.w.org\/{rel}","templated":true}]}}