{"id":3934,"date":"2020-06-16T17:15:22","date_gmt":"2020-06-16T20:15:22","guid":{"rendered":"https:\/\/www.ufsm.br\/pro-reitorias\/proplan\/?page_id=3934"},"modified":"2021-07-01T13:19:11","modified_gmt":"2021-07-01T16:19:11","slug":"resolucao-n-001-1965","status":"publish","type":"page","link":"https:\/\/www.ufsm.br\/pro-reitorias\/proplan\/resolucao-n-001-1965","title":{"rendered":"Resolu\u00e7\u00e3o N. 001\/1965"},"content":{"rendered":"\t\t<div data-elementor-type=\"wp-page\" data-elementor-id=\"3934\" class=\"elementor elementor-3934\">\n\t\t\t\t\t\t<section class=\"elementor-section elementor-top-section elementor-element elementor-element-125ee00 elementor-section-boxed elementor-section-height-default elementor-section-height-default\" data-id=\"125ee00\" data-element_type=\"section\">\n\t\t\t\t\t\t<div class=\"elementor-container elementor-column-gap-default\">\n\t\t\t\t\t<div class=\"elementor-column elementor-col-100 elementor-top-column elementor-element elementor-element-faa5624\" data-id=\"faa5624\" data-element_type=\"column\">\n\t\t\t<div class=\"elementor-widget-wrap elementor-element-populated\">\n\t\t\t\t\t\t<div class=\"elementor-element elementor-element-23afcf9 elementor-widget elementor-widget-html\" data-id=\"23afcf9\" data-element_type=\"widget\" data-widget_type=\"html.default\">\n\t\t\t\t<div class=\"elementor-widget-container\">\n\t\t\t\n\n\n<title><b>RESOLU\u00c7\u00c3O N. 001\/1965<\/b><\/title>\n\n\n<div align=\"center\"><img decoding=\"async\" src=\"https:\/\/www.ufsm.br\/pro-reitorias\/proplan\/wp-content\/uploads\/sites\/344\/2019\/09\/brasao-da-republica-do-brasil-logo.png\" alt=\"Bras\u00e3o Rep\u00fablica Federativa do Brasil\" width=\"6%\" height=\"6%\"><\/div>    \n<p><b><font color=\"0000blue\"><div align=\"center\">UNIVERSIDADE FEDERAL DE SANTA MARIA<\/b><\/font><\/div><\/p>\n<p><font color=\"blue\"><div align=\"center\"><b>DIVIS\u00c3O DE PESSOAL<\/b><\/font><\/font><\/div>\n<p><div align=\"center\"><b><a href=\"https:\/\/portal.ufsm.br\/documentos\/publico\/documento.html?id=5737060\" target=\"_blank\"><font color=\"blue\"><u>RESOLU\u00c7\u00c3O N\u00ba 1<\/u><\/font><\/a><\/b><\/div><\/p>\n<br>\n<br><div align=\"justify\">\n<p><a href=\"https:\/\/www.ufsm.br\/pro-reitorias\/proplan\/resolucao-ufsm-n-055-2021\/\"><font color=\"blue\">Revogado pela Resolu\u00e7\u00e3o N. 055\/2021<\/font><\/a><\/p><\/p>\n<br>\n<strike>\n<p>O REITOR DA UNIVERSIDADE FEDERAL DE SANTA MARIA, de conformidade com o que estabelece o art 104 do Estatuto em vigor, e tendo em vista o que consta do Processo n\u00ba 8.824\/64, da Reitoria, e a decis\u00e3o nele proferida pelo Egr\u00e9gio Conselho Universit\u00e1rio,<\/p>\n<br>\n<p><div align=\"center\">RESOLVE:<\/div><\/p>\n<br>\n<p>Art. 1\u00ba - As Unidades Universit\u00e1rias dispor\u00e3o anualmente, a partir do exerc\u00edcio de 1965, de fundos especiais, para concess\u00e3o de <u>BOLSAS DE ESTUDO<\/u>, sob o regime cont\u00e1bil de gest\u00e3o.<\/p>\n<p>PARAGR\u00c1FO \u00daNICO \u2013 Os Fundos Especiais referidos neste artigo ser\u00e3o institu\u00eddos mediante proposta da Reitoria ao Conselho Universit\u00e1rio, que os distribuir\u00e1 pelas diferentes unidades universit\u00e1rias interessadas, proporcionalmente em rela\u00e7\u00e3o ao n\u00famero de alunos necessitados, devendo estes fazerem prova, perante Departamento de Educa\u00e7\u00e3o Cultural, da car\u00eancia de recursos.<\/p>\n<p>Art. 2\u00ba - Os Fundos Especiais de que trata o artigo anterior ser\u00e3o constitu\u00eddas pelas dota\u00e7\u00f5es que para esse fim forem destacadas anualmente do Or\u00e7amento da Universidade e poder\u00e3o ser completados com recursos da pr\u00f3pria Universidade ou com outros aux\u00edlios, doa\u00e7\u00f5es ou legados regularmente aceitos de pessoas ou entidades particulares, quando os doadores declarem essa espec\u00edfica destina\u00e7\u00e3o.<\/p>\n<p>Art. 3\u00ba - O Fundo Especial institu\u00eddo de cada Unidade Universit\u00e1ria ser\u00e1 administrado pelo respectivo diretor.<\/p>\n<p>\u00a7 1\u00ba - A comprova\u00e7\u00e3o da aplica\u00e7\u00e3o dos fundos acompanhada de relat\u00f3rio circunstanciado das atividades desenvolvidas, ser\u00e1 feito pelo administrador, perante a Reitoria da Universidade.<\/p>\n<p>\u00a7 2\u00ba - O prazo de aplica\u00e7\u00e3o do fundo especial expirar\u00e1 no dia 10 de dezembro de cada exerc\u00edcio, devendo a respectiva presta\u00e7\u00e3o de contas ser entregue \u00e0 Reitoria at\u00e9 o dia 20 de dezembro (Art. 75 do novo Estatuto).<\/p>\n<p>\u00a7 3\u00ba - A concess\u00e3o de fundos especiais as Unidades Universit\u00e1rias no ano seguinte, depender\u00e1 da aprova\u00e7\u00e3o da presta\u00e7\u00e3o de contas recebidos no ano anterior.<\/p>\n<p>Art. 4\u00ba - Todos os recursos que constitu\u00edrem os fundos mencionados nesta Resolu\u00e7\u00e3o, ser\u00e3o depositados em contas especiais, no Banco do Brasil S\/A., movimentadas pelos respectivos administradores e, no impedimento destes, pelos seus substitutos legais.<\/p>\n<p>Art. 5\u00ba - O valor de cada Bolsa de Estudo corresponder\u00e1 \u00e0 metade do sal\u00e1rio m\u00ednimo local vigente, pag\u00e1vel mensalmente, de mar\u00e7o a dezembro, em cheque nominal, emitido pelo Diretor da Faculdade concession\u00e1ria.<\/p>\n<p>PARAGR\u00c1FO \u00daNICO \u2013 O contemplado com uma Bolsa de Estudo n\u00e3o perder\u00e1 por isso o direito de ser beneficiado tamb\u00e9m, se for o caso, com uma bolsa-alimenta\u00e7\u00e3o prevista na Resolu\u00e7\u00e3o que a isso se refere.<\/p>\n<p>Art. 6\u00ba - O pedido de Bolsa de Estudo ser\u00e1 feito mediante requerimento do interessado ao Diretor do Departamento de Educa\u00e7\u00e3o Cultural at\u00e9 o \u00faltimo dia de fevereiro, instru\u00eddo com a documenta\u00e7\u00e3o necess\u00e1ria que permita bem avaliar a car\u00eancia de recursos do pretendente.<\/p>\n<p>PARAGR\u00c1FO \u00daNICO \u2013 Havendo recursos dispon\u00edveis poder\u00e3o ser considerados novos pedidos de Bolsa ap\u00f3s a data referida neste artigo.<\/p>\n<p>Art. 7\u00ba - O julgamento do pedido de Bolsa de Estudo ser\u00e1 feito por uma comiss\u00e3o composta pelo Diretor do Departamento de Educa\u00e7\u00e3o Cultural, pelo Diretor da Unidade Universit\u00e1ria interessada e pelo Presidente do Diret\u00f3rio Acad\u00eamico ao qual o requerente pertencer.<\/p>\n<p>Art. 8\u00ba - O n\u00famero anual de Bolsas de Estudo a conceder ser\u00e1 o correspondente ao recurso para isso recebido pela Faculdade.<\/p>\n<p>PARAGR\u00c1FO \u00daNICO \u2013 Se o n\u00famero de pretendentes habilitados for superior ao de Bolsas dispon\u00edveis, ser\u00e3o contemplados os mais necessitados e, entre os igualmente carentes, os que demonstrarem melhor aproveitamento escolar.<\/p>\n<p>Art. 9\u00ba - O aluno beneficiado com Bolsas de Estudo dever\u00e1 comprometer-se, em documento escrito e assinado, a restituir, depois de formado e logo que suas condi\u00e7\u00f5es o permitam, o benef\u00edcio recebido, mantendo outro bolsista, da Faculdade que frequentou, por igual prazo, entregando \u00e0 Faculdade a correspondente contribui\u00e7\u00e3o.<\/p>\n<p>Art. 10\u00ba - Por ocasi\u00e3o da presta\u00e7\u00e3o de contas anual dever\u00e1 ser recolhido \u00e0 Tesouraria da Universidade o saldo do Fundo Especial n\u00e3o aplicado e o seu valor constituir\u00e1 refor\u00e7o da dota\u00e7\u00e3o para o ano seguinte para o mesmo fim.<\/p>\n<p>REITORIA DA UNIVERSIDADE FEDERAL DE SANTA MARIA, aos nove dias do m\u00eas de junho do ano de mil novecentos e sessenta e cinco.<\/p>\n<p>PROFESSOR H\u00c9LIOS HOMERO BERNARDI<\/p>\n<p>REITOR EM EXERC\u00cdCIO<\/p>\n<br>\n<p><font color=\"red0000\">Este texto n\u00e3o substitui o documento original, publicado no Portal de Documentos.<\/font> Dispon\u00edvel em: <a href=\"https:\/\/portal.ufsm.br\/documentos\/publico\/documento.html?id=5737060\" target=\"_blank\"><font color=\"blue\">https:\/\/portal.ufsm.br\/documentos\/publico\/documento.html?id=5737060<\/font><\/a>\n<\/strike>\n\n\t\t<\/div>\n\t\t\t\t<\/div>\n\t\t\t\t\t<\/div>\n\t\t<\/div>\n\t\t\t\t\t<\/div>\n\t\t<\/section>\n\t\t\t\t<\/div>\n\t\t","protected":false},"excerpt":{"rendered":"<p>RESOLU\u00c7\u00c3O N. 001\/1965 UNIVERSIDADE FEDERAL DE SANTA MARIA DIVIS\u00c3O DE PESSOAL RESOLU\u00c7\u00c3O N\u00ba 1 Revogado pela Resolu\u00e7\u00e3o N. 055\/2021 O REITOR DA UNIVERSIDADE FEDERAL DE SANTA MARIA, de conformidade com o que estabelece o art 104 do Estatuto em vigor, e tendo em vista o que consta do Processo n\u00ba 8.824\/64, da Reitoria, e a [&hellip;]<\/p>\n","protected":false},"author":205,"featured_media":0,"parent":0,"menu_order":0,"comment_status":"closed","ping_status":"closed","template":"","meta":{"footnotes":""},"categories":[],"tags":[],"class_list":["post-3934","page","type-page","status-publish","hentry"],"acf":[],"_links":{"self":[{"href":"https:\/\/www.ufsm.br\/pro-reitorias\/proplan\/wp-json\/wp\/v2\/pages\/3934","targetHints":{"allow":["GET"]}}],"collection":[{"href":"https:\/\/www.ufsm.br\/pro-reitorias\/proplan\/wp-json\/wp\/v2\/pages"}],"about":[{"href":"https:\/\/www.ufsm.br\/pro-reitorias\/proplan\/wp-json\/wp\/v2\/types\/page"}],"author":[{"embeddable":true,"href":"https:\/\/www.ufsm.br\/pro-reitorias\/proplan\/wp-json\/wp\/v2\/users\/205"}],"replies":[{"embeddable":true,"href":"https:\/\/www.ufsm.br\/pro-reitorias\/proplan\/wp-json\/wp\/v2\/comments?post=3934"}],"version-history":[{"count":0,"href":"https:\/\/www.ufsm.br\/pro-reitorias\/proplan\/wp-json\/wp\/v2\/pages\/3934\/revisions"}],"wp:attachment":[{"href":"https:\/\/www.ufsm.br\/pro-reitorias\/proplan\/wp-json\/wp\/v2\/media?parent=3934"}],"wp:term":[{"taxonomy":"category","embeddable":true,"href":"https:\/\/www.ufsm.br\/pro-reitorias\/proplan\/wp-json\/wp\/v2\/categories?post=3934"},{"taxonomy":"post_tag","embeddable":true,"href":"https:\/\/www.ufsm.br\/pro-reitorias\/proplan\/wp-json\/wp\/v2\/tags?post=3934"}],"curies":[{"name":"wp","href":"https:\/\/api.w.org\/{rel}","templated":true}]}}