{"id":3935,"date":"2020-06-16T17:15:27","date_gmt":"2020-06-16T20:15:27","guid":{"rendered":"https:\/\/www.ufsm.br\/pro-reitorias\/proplan\/?page_id=3935"},"modified":"2021-07-01T13:20:08","modified_gmt":"2021-07-01T16:20:08","slug":"resolucao-n-002-1965","status":"publish","type":"page","link":"https:\/\/www.ufsm.br\/pro-reitorias\/proplan\/resolucao-n-002-1965","title":{"rendered":"Resolu\u00e7\u00e3o N. 002\/1965"},"content":{"rendered":"\t\t<div data-elementor-type=\"wp-page\" data-elementor-id=\"3935\" class=\"elementor elementor-3935\">\n\t\t\t\t\t\t<section class=\"elementor-section elementor-top-section elementor-element elementor-element-088b736 elementor-section-boxed elementor-section-height-default elementor-section-height-default\" data-id=\"088b736\" data-element_type=\"section\">\n\t\t\t\t\t\t<div class=\"elementor-container elementor-column-gap-default\">\n\t\t\t\t\t<div class=\"elementor-column elementor-col-100 elementor-top-column elementor-element elementor-element-1ad259e\" data-id=\"1ad259e\" data-element_type=\"column\">\n\t\t\t<div class=\"elementor-widget-wrap elementor-element-populated\">\n\t\t\t\t\t\t<div class=\"elementor-element elementor-element-0e78ac3 elementor-widget elementor-widget-html\" data-id=\"0e78ac3\" data-element_type=\"widget\" data-widget_type=\"html.default\">\n\t\t\t\t<div class=\"elementor-widget-container\">\n\t\t\t\n\n\n<title><b>RESOLU\u00c7\u00c3O N. 002\/1965<\/b><\/title>\n\n\n<div align=\"center\"><img decoding=\"async\" src=\"https:\/\/www.ufsm.br\/pro-reitorias\/proplan\/wp-content\/uploads\/sites\/344\/2019\/09\/brasao-da-republica-do-brasil-logo.png\" alt=\"Bras\u00e3o Rep\u00fablica Federativa do Brasil\" width=\"6%\" height=\"6%\"><\/div>    \n<p><b><font color=\"0000blue\"><div align=\"center\">UNIVERSIDADE FEDERAL DE SANTA MARIA<\/b><\/font><\/div><\/p>\n<p><font color=\"blue\"><div align=\"center\"><b>DIVIS\u00c3O DE PESSOAL<\/b><\/font><\/font><\/div>\n<p><div align=\"center\"><b><a href=\"https:\/\/portal.ufsm.br\/documentos\/publico\/documento.html?id=5737067\" target=\"_blank\"><font color=\"blue\"><u>RESOLU\u00c7\u00c3O N\u00ba 2<\/u><\/font><\/a><\/b><\/div><\/p>\n<br>\n<br><div align=\"justify\">\n<p><a href=\"https:\/\/www.ufsm.br\/pro-reitorias\/proplan\/resolucao-ufsm-n-055-2021\/\"><font color=\"blue\">Revogado pela Resolu\u00e7\u00e3o N. 055\/2021<\/font><\/a><\/p><\/p>\n<br>\n<strike>\n<p>O REITOR DA UNIVERSIDADE FEDERAL DE SANTA MARIA, de conformidade com o que estabelece o art 104 do Estatuto em vigor, e tendo em vista o que consta do Processo n\u00ba 8.824\/64, da Reitoria, e a decis\u00e3o nele proferida pelo Egr\u00e9gio Conselho Universit\u00e1rio,<\/p>\n<br>\n<p><div align=\"center\">RESOLVE:<\/div><\/p>\n<br>\n<p>Art. 1\u00ba - A Universidade Federal de Santa Maria destacar\u00e1 anualmente do Or\u00e7amento, recursos para fins de concess\u00e3o de \u201c<u>BOLSAS ALIMENTA\u00c7\u00c3O<\/u>\u201d.<\/p> \n<p>Art. 2\u00ba - O valor mensal da Bolsa-Alimenta\u00e7\u00e3o corresponder\u00e1 \u00e0 import\u00e2ncia global cobrada pelo Restaurante da Universidade para 60 (sessenta) refei\u00e7\u00f5es.<\/p>\n<p>Art. 3\u00ba - Periodicamente, o Departamento de Educa\u00e7\u00e3o Cultural e a Dire\u00e7\u00e3o da Faculdade interessada, se o desejar, far\u00e3o uma verifica\u00e7\u00e3o de frequ\u00eancia do beneficiado ao Restaurante da Universidade e constatada irregularidade no comparecimento ou a presen\u00e7a de outro estudante em lugar do favorecido, ser\u00e1 automaticamente suspensa a vantagem.<\/p>\n<p>Art. 4\u00ba - Aplicam-se a presente no que couber as mesmas disposi\u00e7\u00f5es previstas na Resolu\u00e7\u00e3o que regulamenta a concess\u00e3o de \u201cBOLSAS DE ESTUDO\u201d.<\/p>\n<p>REITORIA DA UNIVERSIDADE FEDERAL DE SANTA MARIA, aos nove dias do m\u00eas de junho do ano de mil novecentos e sessenta e cinco.<\/p>\n<p>PROFESSOR H\u00c9LIOS HOMERO BERNARDI<\/p>\n<p>REITOR EM EXERC\u00cdCIO<\/p>\n<br>\n<p><font color=\"red0000\">Este texto n\u00e3o substitui o documento original, publicado no Portal de Documentos.<\/font> Dispon\u00edvel em: <a href=\"https:\/\/portal.ufsm.br\/documentos\/publico\/documento.html?id=5737067\" target=\"_blank\"><font color=\"blue\">https:\/\/portal.ufsm.br\/documentos\/publico\/documento.html?id=5737067<\/font><\/a>\n<\/strike>\n\n\t\t<\/div>\n\t\t\t\t<\/div>\n\t\t\t\t\t<\/div>\n\t\t<\/div>\n\t\t\t\t\t<\/div>\n\t\t<\/section>\n\t\t\t\t<\/div>\n\t\t","protected":false},"excerpt":{"rendered":"<p>RESOLU\u00c7\u00c3O N. 002\/1965 UNIVERSIDADE FEDERAL DE SANTA MARIA DIVIS\u00c3O DE PESSOAL RESOLU\u00c7\u00c3O N\u00ba 2 Revogado pela Resolu\u00e7\u00e3o N. 055\/2021 O REITOR DA UNIVERSIDADE FEDERAL DE SANTA MARIA, de conformidade com o que estabelece o art 104 do Estatuto em vigor, e tendo em vista o que consta do Processo n\u00ba 8.824\/64, da Reitoria, e a [&hellip;]<\/p>\n","protected":false},"author":205,"featured_media":0,"parent":0,"menu_order":0,"comment_status":"closed","ping_status":"closed","template":"","meta":{"footnotes":""},"categories":[],"tags":[],"class_list":["post-3935","page","type-page","status-publish","hentry"],"acf":[],"_links":{"self":[{"href":"https:\/\/www.ufsm.br\/pro-reitorias\/proplan\/wp-json\/wp\/v2\/pages\/3935","targetHints":{"allow":["GET"]}}],"collection":[{"href":"https:\/\/www.ufsm.br\/pro-reitorias\/proplan\/wp-json\/wp\/v2\/pages"}],"about":[{"href":"https:\/\/www.ufsm.br\/pro-reitorias\/proplan\/wp-json\/wp\/v2\/types\/page"}],"author":[{"embeddable":true,"href":"https:\/\/www.ufsm.br\/pro-reitorias\/proplan\/wp-json\/wp\/v2\/users\/205"}],"replies":[{"embeddable":true,"href":"https:\/\/www.ufsm.br\/pro-reitorias\/proplan\/wp-json\/wp\/v2\/comments?post=3935"}],"version-history":[{"count":0,"href":"https:\/\/www.ufsm.br\/pro-reitorias\/proplan\/wp-json\/wp\/v2\/pages\/3935\/revisions"}],"wp:attachment":[{"href":"https:\/\/www.ufsm.br\/pro-reitorias\/proplan\/wp-json\/wp\/v2\/media?parent=3935"}],"wp:term":[{"taxonomy":"category","embeddable":true,"href":"https:\/\/www.ufsm.br\/pro-reitorias\/proplan\/wp-json\/wp\/v2\/categories?post=3935"},{"taxonomy":"post_tag","embeddable":true,"href":"https:\/\/www.ufsm.br\/pro-reitorias\/proplan\/wp-json\/wp\/v2\/tags?post=3935"}],"curies":[{"name":"wp","href":"https:\/\/api.w.org\/{rel}","templated":true}]}}