{"id":3957,"date":"2020-07-17T08:19:57","date_gmt":"2020-07-17T11:19:57","guid":{"rendered":"https:\/\/www.ufsm.br\/pro-reitorias\/proplan\/?page_id=3957"},"modified":"2025-08-28T16:47:56","modified_gmt":"2025-08-28T19:47:56","slug":"resolucao-n-017-2020","status":"publish","type":"page","link":"https:\/\/www.ufsm.br\/pro-reitorias\/proplan\/resolucao-n-017-2020","title":{"rendered":"RESOLU\u00c7\u00c3O N. 017\/2020"},"content":{"rendered":"\t\t<div data-elementor-type=\"wp-page\" data-elementor-id=\"3957\" class=\"elementor elementor-3957\">\n\t\t\t\t\t\t<section class=\"elementor-section elementor-top-section elementor-element elementor-element-2308d17 elementor-section-boxed elementor-section-height-default elementor-section-height-default\" data-id=\"2308d17\" data-element_type=\"section\">\n\t\t\t\t\t\t<div class=\"elementor-container elementor-column-gap-default\">\n\t\t\t\t\t<div class=\"elementor-column elementor-col-100 elementor-top-column elementor-element elementor-element-de02000\" data-id=\"de02000\" data-element_type=\"column\">\n\t\t\t<div class=\"elementor-widget-wrap elementor-element-populated\">\n\t\t\t\t\t\t<div class=\"elementor-element elementor-element-fcbddc0 elementor-widget elementor-widget-html\" data-id=\"fcbddc0\" data-element_type=\"widget\" data-widget_type=\"html.default\">\n\t\t\t\t<div class=\"elementor-widget-container\">\n\t\t\t\r\n\r\n\r\n<title><b>RESOLU\u00c7\u00c3O N. 017\/2020<\/b><\/title>\r\n\r\n\r\n<div align=\"center\"><img decoding=\"async\" src=\"https:\/\/www.ufsm.br\/pro-reitorias\/proplan\/wp-content\/uploads\/sites\/344\/2019\/09\/brasao-da-republica-do-brasil-logo.png\" alt=\"Bras\u00e3o Rep\u00fablica Federativa do Brasil\" width=\"6%\" height=\"6%\"><\/div>    \r\n<h1><font color=\"blue\"><font size=\"5\"><div align=\"center\">MINIST\u00c9RIO DA EDUCA\u00c7\u00c3O<\/b><\/font><\/font><\/div><\/H1>\r\n<p><b><font color=\"0000blue\"><div align=\"center\">UNIVERSIDADE FEDERAL DE SANTA MARIA<\/b><\/font><\/div><\/p>\r\n\r\n<p><div align=\"center\"><b><a href=\"https:\/\/portal.ufsm.br\/documentos\/publico\/documento.html?id=13109111\" target=\"_blank\"><font color=\"blue\">RESOLU\u00c7\u00c3O N. 017\/2020<\/font><\/a><\/b><\/div><\/p>\r\n<br>\r\n   <div style=\"color: #800000;width: 60%;margin-left: auto;margin-right: 0;text-align: justify;font-weight: normal\">Aprova a recria\u00e7\u00e3o do \u00f3rg\u00e3o colegiado denominado \u201cComiss\u00e3o Permanente de Sele\u00e7\u00e3o\u201d (CPS-POLI), vinculado ao Col\u00e9gio Polit\u00e9cnico (POLI) da estrutura organizacional da Universidade Federal de Santa Maria (UFSM).<\/font><\/div><\/p>\r\n\r\n<br><div align=\"justify\">\r\n<p>O REITOR DA UNIVERSIDADE FEDERAL DE SANTA MARIA, no uso de suas atribui\u00e7\u00f5es legais e estatut\u00e1rias e considerando:<\/p>\r\n<p>- o Art. 56 da <u><a href=\"http:\/\/www.planalto.gov.br\/ccivil_03\/leis\/l9394.htm\" target=\"_blank\"><font color=\"blue\">Lei N. 9.394, de 20 de dezembro de 1996<\/font><\/a><\/u>, que estabelece as diretrizes e bases da educa\u00e7\u00e3o nacional;<\/p>\r\n<p>- o <u><a href=\"http:\/\/www.planalto.gov.br\/ccivil_03\/_ato2015-2018\/2017\/decreto\/D9191.htm\" target=\"_blank\"><font color=\"blue\">Decreto N. 9.191, de 1\u00b0 de novembro de 2017<\/font><\/a><\/u>, que estabelece as normas e as diretrizes para elabora\u00e7\u00e3o, reda\u00e7\u00e3o, altera\u00e7\u00e3o, consolida\u00e7\u00e3o e encaminhamento de propostas de atos normativos ao Presidente da Rep\u00fablica pelos Ministros de Estado;<\/p>\r\n<p>- o <u><a href=\"http:\/\/www.planalto.gov.br\/ccivil_03\/_Ato2019-2022\/2019\/Decreto\/D9759.htm\" target=\"_blank\"><font color=\"blue\">Decreto N. 9.759, de 11 de abril de 2019<\/font><\/a><\/u>, que extingue e estabelece diretrizes, regras e limita\u00e7\u00f5es para colegiados da administra\u00e7\u00e3o p\u00fablica federal;<\/p>\r\n<p>\u2212 o Art. 38, do Cap\u00edtulo IV, da <a href=\"https:\/\/www.ufsm.br\/pro-reitorias\/proplan\/resolucao-n-001-2017\/\" target=\"_blank\"><font color=\"blue\"><u>Resolu\u00e7\u00e3o N. 001\/2017, de 07 de fevereiro de 2017<\/u><\/font><\/a>, que aprova o <a href=\"https:\/\/www.ufsm.br\/pro-reitorias\/proplan\/regimento-interno-do-colegio-politecnico-da-ufsm\/\" target=\"_blank\"><font color=\"blue\"><u>Regimento Interno do Col\u00e9gio polit\u00e9cnico da UFSM (POLI)<\/u><\/font><\/a>;<\/p>\r\n<p>\u2013 o Parecer ad referendum da Comiss\u00e3o de Legisla\u00e7\u00e3o e Normas (CLN), do Conselho de Ensino, Pesquisa e Extens\u00e3o (CEPE), referente ao <a href=\"https:\/\/portal.ufsm.br\/documentos\/publico\/processo\/documento.html?idDocumento=12755781\" target=\"_blank\"><font color=\"blue\"><u>Processo N. 23081.056715\/2019-88<\/u><\/font><\/a>;<\/p>\r\n<p>\u2013 o Parecer N. 040\/2020 da Comiss\u00e3o de Legisla\u00e7\u00e3o e Regimentos (CLR), aprovado na 828\u00aa Sess\u00e3o do Conselho Universit\u00e1rio (CONSU), de 19 de junho de 2020, referente ao <a href=\"https:\/\/portal.ufsm.br\/documentos\/publico\/processo\/documento.html?idDocumento=12755781\" target=\"_blank\"><font color=\"blue\"><u>Processo N. 23081.056715\/2019-88<\/u><\/font><\/a>.<\/p>\r\n<br>\r\n<p><div align=\"center\">RESOLVE:<\/div><\/p>\r\n<br>\r\n<p>Art. 1\u00ba Aprovar a recria\u00e7\u00e3o do \u00f3rg\u00e3o colegiado denominado \u201cComiss\u00e3o Permanente de Sele\u00e7\u00e3o\u201d (CPS-POLI), vinculado ao Col\u00e9gio Polit\u00e9cnico (POLI), da estrutura organizacional da Universidade Federal de Santa Maria (UFSM), conforme estabelece o Artigo 38, do Cap\u00edtulo IV, da <a href=\"https:\/\/www.ufsm.br\/pro-reitorias\/proplan\/resolucao-n-001-2017\/\" target=\"_blank\"><font color=\"blue\"><u>Resolu\u00e7\u00e3o N. 001\/2017 de 07 de fevereiro de 2017<\/u><\/font><\/a>, que aprova o <a href=\"https:\/\/www.ufsm.br\/pro-reitorias\/proplan\/regimento-interno-do-colegio-politecnico-da-ufsm\/\" target=\"_blank\"><font color=\"blue\"><u>Regimento Interno do Col\u00e9gio Polit\u00e9cnico da UFSM (POLI)<\/u><\/font><\/a>.<\/p>\r\n<br>\r\n<p>T\u00cdTULO I<\/p>\r\n<p>DAS COMPET\u00caNCIAS<\/p>\r\n<br>\r\n<p>Art. 2\u00ba \u00c0 Comiss\u00e3o Permanente de Sele\u00e7\u00e3o compete:<\/p>\r\n<p>I \u2013 supervisionar a realiza\u00e7\u00e3o dos processos de sele\u00e7\u00e3o p\u00fablica para ingresso no Ensino M\u00e9dio e nos Cursos T\u00e9cnicos que atendam os dispositivos constitucionais e o que determina a Lei de Diretrizes e Bases da Educa\u00e7\u00e3o:<\/p>\r\n<p>II \u2013 assessorar a elabora\u00e7\u00e3o dos seguintes itens:<\/p>\r\n<p>a. Materiais de divulga\u00e7\u00e3o dos processos de sele\u00e7\u00e3o;<\/p>\r\n<p>b. Manuais do candidato; e,<\/p>\r\n<p>c. Editais.<\/p>\r\n<p>III \u2013 acompanhar a contrata\u00e7\u00e3o e treinamento de recursos humanos para:<\/p>\r\n<p>a. O processo de inscri\u00e7\u00e3o dos candidatos;<\/p>\r\n<p>b. A elabora\u00e7\u00e3o e revis\u00e3o das quest\u00f5es de provas;<\/p>\r\n<p>c. A composi\u00e7\u00e3o das bancas de fiscaliza\u00e7\u00e3o;<\/p>\r\n<p>d. A identifica\u00e7\u00e3o dos locais de realiza\u00e7\u00e3o das provas;<\/p>\r\n<p>e. A limpeza e identifica\u00e7\u00e3o dos locais de realiza\u00e7\u00e3o de provas;<\/p>\r\n<p>f. O suporte administrativo, t\u00e9cnico e operacional;<\/p>\r\n<p>g. Atuar na coordena\u00e7\u00e3o nos locais de realiza\u00e7\u00e3o das provas;<\/p>\r\n<p>h. Transportar as provas com seguran\u00e7a e sigilo at\u00e9 os locais de realiza\u00e7\u00e3o das provas; e,<\/p>\r\n<p>i. Realizar estudos e pesquisas para o aperfei\u00e7oamento do processo de sele\u00e7\u00e3o.<\/p>\r\n<br>\r\n<p>T\u00cdTULO II<\/p>\r\n<p>DA COMPOSI\u00c7\u00c3O E AUTORIDADE<\/p>\r\n<br>\r\n<p>Art. 3\u00ba A Comiss\u00e3o Permanente de Sele\u00e7\u00e3o ser\u00e1 composta por 5 (cinco) membros efetivos, devendo ser assegurado, pelo menos, 75% (setenta por cento) dos assentos para o segmento docente.<\/p>\r\n<p>Par\u00e1grafo \u00fanico. O (A) presidente da Comiss\u00e3o Permanente de Provas Seletivas ser\u00e1 escolhido (a) entre seus pares.<\/p>\r\n<br>\r\n<p>T\u00cdTULO III<\/p>\r\n<p>DO QU\u00d3RUM DE REUNI\u00c3O E DE VOTA\u00c7\u00c3O<\/p>\r\n<br>\r\n<p>Art. 4\u00ba A Comiss\u00e3o Permanente de Sele\u00e7\u00e3o do Col\u00e9gio Polit\u00e9cnico da Universidade Federal de Santa Maria deliberar\u00e1 com a maioria simples de seus membros.<\/p>\r\n<br>\r\n<p>T\u00cdTULO IV<\/p>\r\n<p>DA PERIODICIDADE DAS REUNI\u00d5ES<\/p>\r\n<br>\r\n<p>Art. 5\u00ba A Comiss\u00e3o Permanente de Sele\u00e7\u00e3o do Col\u00e9gio Polit\u00e9cnico da Universidade Federal de Santa Maria reunir-se-\u00e1, ordinariamente, em reuni\u00f5es pr\u00e9-definidas em calend\u00e1rio estabelecido na 1\u00aa (primeira) reuni\u00e3o do ano e, extraordinariamente, sempre que houver demanda, por convoca\u00e7\u00e3o do (a) presidente.<\/p>\r\n<p>Par\u00e1grafo \u00fanico. As reuni\u00f5es deste \u00f3rg\u00e3o colegiado, cujos membros, convidados ou participantes estejam em entes federativos diversos, ser\u00e3o realizadas por videoconfer\u00eancia, sem pagamento de di\u00e1rias e deslocamento.<\/p>\r\n<br>\r\n<p>T\u00cdTULO V<\/p>\r\n<p>DO \u00d3RG\u00c3O DE APOIO ADMINISTRATIVO<\/p>\r\n<br>\r\n<p>Art. 6\u00ba O Departamento de Ensino do Col\u00e9gio Polit\u00e9cnico ser\u00e1 o \u00f3rg\u00e3o respons\u00e1vel por prestar o apoio administrativo \u00e0 Comiss\u00e3o Permanente de Sele\u00e7\u00e3o do Col\u00e9gio Polit\u00e9cnico da Universidade Federal de Santa Maria.<\/p>\r\n<br>\r\n<p>T\u00cdTULO VI<\/p>\r\n<p>DO REGIMENTO INTERNO<\/p>\r\n<br>\r\n<p>Art. 7\u00ba A Comiss\u00e3o Permanente de Sele\u00e7\u00e3o do Col\u00e9gio Polit\u00e9cnico da Universidade Federal de Santa Maria ser\u00e1 regida pela Resolu\u00e7\u00e3o N. 001\/2017 de 07 de fevereiro de 2017, que aprova o Regimento Interno do Col\u00e9gio Polit\u00e9cnico da UFSM, bem como pelo seu pr\u00f3prio Regimento Interno aprovado na 13\u00aa Reuni\u00e3o Ordin\u00e1ria do Conselho Diretor do Col\u00e9gio Polit\u00e9cnico da UFSM, em 15 de agosto de 2017.<\/p>\r\n<br>\r\n<p>T\u00cdTULO VII<\/p>\r\n<p>DOS MEMBROS N\u00c3O NATOS<\/p>\r\n<br>\r\n<p>Art. 8\u00ba A Comiss\u00e3o Permanente de Sele\u00e7\u00e3o do Col\u00e9gio Polit\u00e9cnico da Universidade Federal de Santa Maria n\u00e3o ter\u00e1 a participa\u00e7\u00e3o de membros n\u00e3o natos em sua composi\u00e7\u00e3o. <\/p>\r\n<p>Par\u00e1grafo \u00fanico. Os membros da referida Comiss\u00e3o ser\u00e3o indicados e designados pelo Diretor do Col\u00e9gio Polit\u00e9cnico da Universidade Federal de Santa Maria.<\/p>\r\n<br>\r\n<p>T\u00cdTULO VIII<\/p>\r\n<p>DOS RELAT\u00d3RIOS PERI\u00d3DICOSE DO RELAT\u00d3RIO FINAL<\/p>\r\n<br>\r\n<p>Art. 9\u00ba A Comiss\u00e3o Permanente de Sele\u00e7\u00e3o do Col\u00e9gio Polit\u00e9cnico da Universidade Federal de Santa Maria encaminhar\u00e1 \u00e0 Dire\u00e7\u00e3o um relat\u00f3rio ap\u00f3s o encerramento de cada processo seletivo.<\/p>\r\n<br>\r\n<p>T\u00cdTULO IX<\/p>\r\n<p>DAS DISPOSI\u00c7\u00d5ES GERAIS E TRANSIT\u00d3RIAS<\/p>\r\n<br>\r\n<p>Art. 10 \u00c9 vedada a divulga\u00e7\u00e3o de discuss\u00f5es em curso sem a pr\u00e9via anu\u00eancia do titular da unidade Col\u00e9gio Polit\u00e9cnico da UFSM ao qual esta comiss\u00e3o est\u00e1 vinculada. <\/p>\r\n<p>Art. 11 A participa\u00e7\u00e3o dos membros desta comiss\u00e3o ser\u00e1 considerada presta\u00e7\u00e3o de servi\u00e7o p\u00fablico relevante, e n\u00e3o ser\u00e1 remunerada. <\/p>Preciso de ajuda\r\n\r\n<p>Par\u00e1grafo \u00fanico. As atividades da Comiss\u00e3o e de seus membros n\u00e3o poder\u00e3o causar preju\u00edzo \u00e0 presta\u00e7\u00e3o do servi\u00e7o p\u00fablico pelo servidor membro do colegiado.<\/p>\r\n\r\n<p>Art. 12 As reuni\u00f5es deste \u00f3rg\u00e3o colegiado cujos membros estejam em entes federativos diversos ser\u00e3o realizadas por videoconfer\u00eancia. <\/p>\r\n<p>Par\u00e1grafo \u00fanico. Na hip\u00f3tese de ser demonstrada, de modo fundamentado, a inviabilidade ou a inconveni\u00eancia de se realizar a reuni\u00e3o por videoconfer\u00eancia, ser\u00e3o estimados os gastos com di\u00e1rias e passagens dos membros deste colegiado, assim como, a comprova\u00e7\u00e3o da disponibilidade or\u00e7ament\u00e1ria e financeira para o exerc\u00edcio em curso.<\/p>\r\n\r\n<p>Art. 13 \u00c9 vedada a possibilidade de cria\u00e7\u00e3o de subcolegiados por ato deste colegiado, exceto se na presente Resolu\u00e7\u00e3o houver: <\/p>\r\n<p>I - limitado o n\u00famero m\u00e1ximo de seus membros; <\/p>\r\n<p>II - estabelecido car\u00e1ter tempor\u00e1rio e dura\u00e7\u00e3o n\u00e3o superior a um ano; e<\/p>\r\n<p>III - fixado o n\u00famero m\u00e1ximo de subcolegiados que poder\u00e3o operar simultaneamente. <\/p>\r\n<p>Par\u00e1grafo \u00fanico.  A mera necessidade de reuni\u00f5es eventuais para debate, articula\u00e7\u00e3o ou trabalho que envolva agentes p\u00fablicos da administra\u00e7\u00e3o p\u00fablica federal n\u00e3o ser\u00e1 admitida como fundamento para as propostas de que trata o caput.<\/p>\r\n\r\n<p>Art. 14 Esta resolu\u00e7\u00e3o entra em vigor uma semana ap\u00f3s a data de sua publica\u00e7\u00e3o e sempre no primeiro dia do m\u00eas ou em seu primeiro dia \u00fatil, revogando as disposi\u00e7\u00f5es em contr\u00e1rio.<\/p>\r\n<p>\u00a71\u00ba O disposto neste artigo n\u00e3o se aplica \u00e0s hip\u00f3teses de urg\u00eancia justi\ufb01cada no expediente administrativo.<\/p>\r\n<p>\u00a72\u00ba Havendo qualquer modifica\u00e7\u00e3o legislativa, ou ainda, havendo qualquer situa\u00e7\u00e3o legal que impacte na legalidade da presente Resolu\u00e7\u00e3o, a mesma se aplica de imediato.<\/p>\r\n<BR>\r\n<p>GABINETE DO REITOR DA UNIVERSIDADE FEDERAL DE SANTA MARIA, aos 24 dias do m\u00eas de junho do ano 2020.<\/p>\r\n<BR>\r\n<\/div>\r\n<p>Paulo Afonso Burmann,<\/p>\r\n<p>Reitor.<\/p>\r\n<BR>\r\n<p><font color=\"red0000\">Este texto n\u00e3o substitui o documento original, publicado no Portal de Documentos.<\/font> Dispon\u00edvel em: <a href=\"https:\/\/portal.ufsm.br\/documentos\/publico\/documento.html?id=13109111\" target=\"_blank\"><font color=\"blue\">https:\/\/portal.ufsm.br\/documentos\/publico\/documento.html?id=13109111<\/font><\/a>\r\n\r\n\t\t<\/div>\n\t\t\t\t<\/div>\n\t\t\t\t\t<\/div>\n\t\t<\/div>\n\t\t\t\t\t<\/div>\n\t\t<\/section>\n\t\t\t\t<\/div>\n\t\t","protected":false},"excerpt":{"rendered":"<p>RESOLU\u00c7\u00c3O N. 017\/2020 MINIST\u00c9RIO DA EDUCA\u00c7\u00c3O UNIVERSIDADE FEDERAL DE SANTA MARIA RESOLU\u00c7\u00c3O N. 017\/2020 Aprova a recria\u00e7\u00e3o do \u00f3rg\u00e3o colegiado denominado \u201cComiss\u00e3o Permanente de Sele\u00e7\u00e3o\u201d (CPS-POLI), vinculado ao Col\u00e9gio Polit\u00e9cnico (POLI) da estrutura organizacional da Universidade Federal de Santa Maria (UFSM). O REITOR DA UNIVERSIDADE FEDERAL DE SANTA MARIA, no uso de suas atribui\u00e7\u00f5es legais [&hellip;]<\/p>\n","protected":false},"author":205,"featured_media":0,"parent":0,"menu_order":0,"comment_status":"closed","ping_status":"closed","template":"","meta":{"footnotes":""},"categories":[],"tags":[],"class_list":["post-3957","page","type-page","status-publish","hentry"],"acf":[],"_links":{"self":[{"href":"https:\/\/www.ufsm.br\/pro-reitorias\/proplan\/wp-json\/wp\/v2\/pages\/3957","targetHints":{"allow":["GET"]}}],"collection":[{"href":"https:\/\/www.ufsm.br\/pro-reitorias\/proplan\/wp-json\/wp\/v2\/pages"}],"about":[{"href":"https:\/\/www.ufsm.br\/pro-reitorias\/proplan\/wp-json\/wp\/v2\/types\/page"}],"author":[{"embeddable":true,"href":"https:\/\/www.ufsm.br\/pro-reitorias\/proplan\/wp-json\/wp\/v2\/users\/205"}],"replies":[{"embeddable":true,"href":"https:\/\/www.ufsm.br\/pro-reitorias\/proplan\/wp-json\/wp\/v2\/comments?post=3957"}],"version-history":[{"count":0,"href":"https:\/\/www.ufsm.br\/pro-reitorias\/proplan\/wp-json\/wp\/v2\/pages\/3957\/revisions"}],"wp:attachment":[{"href":"https:\/\/www.ufsm.br\/pro-reitorias\/proplan\/wp-json\/wp\/v2\/media?parent=3957"}],"wp:term":[{"taxonomy":"category","embeddable":true,"href":"https:\/\/www.ufsm.br\/pro-reitorias\/proplan\/wp-json\/wp\/v2\/categories?post=3957"},{"taxonomy":"post_tag","embeddable":true,"href":"https:\/\/www.ufsm.br\/pro-reitorias\/proplan\/wp-json\/wp\/v2\/tags?post=3957"}],"curies":[{"name":"wp","href":"https:\/\/api.w.org\/{rel}","templated":true}]}}