{"id":3958,"date":"2020-07-17T08:20:02","date_gmt":"2020-07-17T11:20:02","guid":{"rendered":"https:\/\/www.ufsm.br\/pro-reitorias\/proplan\/?page_id=3958"},"modified":"2025-08-28T16:49:52","modified_gmt":"2025-08-28T19:49:52","slug":"resolucao-n-018-2020","status":"publish","type":"page","link":"https:\/\/www.ufsm.br\/pro-reitorias\/proplan\/resolucao-n-018-2020","title":{"rendered":"RESOLU\u00c7\u00c3O N. 018\/2020"},"content":{"rendered":"\t\t<div data-elementor-type=\"wp-page\" data-elementor-id=\"3958\" class=\"elementor elementor-3958\">\n\t\t\t\t\t\t<section class=\"elementor-section elementor-top-section elementor-element elementor-element-3bc138d elementor-section-boxed elementor-section-height-default elementor-section-height-default\" data-id=\"3bc138d\" data-element_type=\"section\">\n\t\t\t\t\t\t<div class=\"elementor-container elementor-column-gap-default\">\n\t\t\t\t\t<div class=\"elementor-column elementor-col-100 elementor-top-column elementor-element elementor-element-e878616\" data-id=\"e878616\" data-element_type=\"column\">\n\t\t\t<div class=\"elementor-widget-wrap elementor-element-populated\">\n\t\t\t\t\t\t<div class=\"elementor-element elementor-element-d142360 elementor-widget elementor-widget-html\" data-id=\"d142360\" data-element_type=\"widget\" data-widget_type=\"html.default\">\n\t\t\t\t<div class=\"elementor-widget-container\">\n\t\t\t\r\n\r\n\r\n<title><b>RESOLU\u00c7\u00c3O N. 018\/2020<\/b><\/title>\r\n\r\n\r\n<div align=\"center\"><img decoding=\"async\" src=\"https:\/\/www.ufsm.br\/pro-reitorias\/proplan\/wp-content\/uploads\/sites\/344\/2019\/09\/brasao-da-republica-do-brasil-logo.png\" alt=\"Bras\u00e3o Rep\u00fablica Federativa do Brasil\" width=\"6%\" height=\"6%\"><\/div>    \r\n<h1><font color=\"blue\"><font size=\"5\"><div align=\"center\">MINIST\u00c9RIO DA EDUCA\u00c7\u00c3O<\/b><\/font><\/font><\/div><\/H1>\r\n<p><b><font color=\"0000blue\"><div align=\"center\">UNIVERSIDADE FEDERAL DE SANTA MARIA<\/b><\/font><\/div><\/p>\r\n\r\n<p><div align=\"center\"><b><a href=\"https:\/\/portal.ufsm.br\/documentos\/publico\/documento.html?id=13109163\" target=\"_blank\"><font color=\"blue\">RESOLU\u00c7\u00c3O N. 018\/2020<\/font><\/a><\/b><\/div><\/p>\r\n<br>\r\n   <div style=\"color: #800000;width: 60%;margin-left: auto;margin-right: 0;text-align: justify;font-weight: normal\">Aprova a recria\u00e7\u00e3o do \u00f3rg\u00e3o colegiado denominado \u201cComiss\u00e3o Permanente do Internato Curricular do Curso de Medicina (CPIC-CCS)\u201d vinculado ao Colegiado do Curso de Medicina, do Centro de Ci\u00eancias da Sa\u00fade (CCS), da Universidade Federal de Santa Maria (UFSM).<\/font><\/div><\/p>\r\n\r\n<br><div align=\"justify\">\r\n<p>O REITOR DA UNIVERSIDADE FEDERAL DE SANTA MARIA, no uso de suas atribui\u00e7\u00f5es legais e estatut\u00e1rias e considerando:<\/p>\r\n<p>- o Art. 56 da <u><a href=\"http:\/\/www.planalto.gov.br\/ccivil_03\/leis\/l9394.htm\" target=\"_blank\"><font color=\"blue\">Lei N. 9.394, de 20 de dezembro de 1996<\/font><\/a><\/u>, que estabelece as diretrizes e bases da educa\u00e7\u00e3o nacional;<\/p>\r\n<p>- o <u><a href=\"http:\/\/www.planalto.gov.br\/ccivil_03\/_ato2015-2018\/2017\/decreto\/D9191.htm\" target=\"_blank\"><font color=\"blue\">Decreto N. 9.191, de 1\u00b0 de novembro de 2017<\/font><\/a><\/u>, que estabelece as normas e as diretrizes para elabora\u00e7\u00e3o, reda\u00e7\u00e3o, altera\u00e7\u00e3o, consolida\u00e7\u00e3o e encaminhamento de propostas de atos normativos ao Presidente da Rep\u00fablica pelos Ministros de Estado;<\/p>\r\n<p>- o <u><a href=\"http:\/\/www.planalto.gov.br\/ccivil_03\/_Ato2019-2022\/2019\/Decreto\/D9759.htm\" target=\"_blank\"><font color=\"blue\">Decreto N. 9.759, de 11 de abril de 2019<\/font><\/a><\/u>, que extingue e estabelece diretrizes, regras e limita\u00e7\u00f5es para colegiados da administra\u00e7\u00e3o p\u00fablica federal;<\/p>\r\n<p>- o <a href=\"https:\/\/www.ufsm.br\/pro-reitorias\/proplan\/regimento-interno-do-centro-de-ciencias-da-saude\/\" target=\"_blank\"><font color=\"blue\"><u>Regimento do Centro de Ci\u00eancias da Sa\u00fade da UFSM<\/u><\/font><\/a> aprovado pela <a href=\"https:\/\/www.ufsm.br\/pro-reitorias\/proplan\/resolucao-n-028-2018\/\" target=\"_blank\"><font color=\"blue\"><u>Resolu\u00e7\u00e3o N. 028\/2018<\/u><\/font><\/a>;<\/p>\r\n<p>- o \u00a72\u00ba, do Artigo 3\u00ba, do Cap\u00edtulo V, do Regulamento do Internato do Curso de Medicina, constante no Projeto Pedag\u00f3gico do referido Curso;<\/p>\r\n<p>- Projeto Pedag\u00f3gico do Curso de Medicina CCS UFSM 2016;<\/p>\r\n<p>- o Parecer ad referendum da Comiss\u00e3o de Legisla\u00e7\u00e3o e Normas (CLN), do Conselho de Ensino, Pesquisa e Extens\u00e3o (CEPE), referente ao <a href=\"https:\/\/portal.ufsm.br\/documentos\/publico\/processo\/documento.html?idDocumento=12752999\" target=\"_blank\"><font color=\"blue\"><u>Processo N. 23081.056512\/2019-91<\/u><\/font><\/a>; e,<\/p>\r\n<p>- o Parecer N. 038\/2020 da Comiss\u00e3o de Legisla\u00e7\u00e3o e Regimentos (CLR), aprovado na 828\u00aa Sess\u00e3o do Conselho Universit\u00e1rio (CONSU), de 19 de junho de 2020, referente ao <a href=\"https:\/\/portal.ufsm.br\/documentos\/publico\/processo\/documento.html?idDocumento=12752999\" target=\"_blank\"><font color=\"blue\"><u>Processo N. 23081.056512\/2019-91<\/u><\/font><\/a>.<\/p>\r\n<br>\r\n<p><div align=\"center\">RESOLVE:<\/div><\/p>\r\n<br>\r\n<p>Art. 1\u00ba Aprovar a recria\u00e7\u00e3o do \u00f3rg\u00e3o colegiado denominado \u201cComiss\u00e3o Permanente do Internato Curricular do Curso de Medicina (CPIC-CCS)\u201d, vinculado ao Colegiado do Curso de Medicina, do Centro de Ci\u00eancias da Sa\u00fade (CCS) da Universidade Federal de Santa Maria (UFSM).<\/p>\r\n<p>Par\u00e1grafo \u00fanico. O \u00f3rg\u00e3o colegiado mencionado no Caput deste artigo est\u00e1 sendo recriado considerando sua previs\u00e3o anterior no \u00a72\u00ba, do Artigo 3\u00ba, do Cap\u00edtulo V, do Regulamento do Internato do Curso de Medicina, constante no Projeto Pedag\u00f3gico do referido Curso.<\/p>\r\n<br>\r\n<p>T\u00cdTULO I<\/p>\r\n<p>DAS COMPET\u00caNCIAS<\/p>\r\n<br>\r\n<p>Art. 2\u00ba Compete a Comiss\u00e3o Permanente do Internato Curricular do Curso de Medicina (CPIC - CCS):<\/p>\r\n<p>I - zelar pelo cumprimento da legisla\u00e7\u00e3o relativa ao Internato, do regimento do curso de Medicina da UFSM;<\/p>\r\n<p>II - aprovar os planos de ensino das diversas \u00e1reas de internato;<\/p>\r\n<p>III - supervisionar, acompanhar e avaliar a execu\u00e7\u00e3o do plano de ensino;<\/p>\r\n<p>IV - identificar e solucionar os problemas existentes no internato;<\/p>\r\n<p>V - apoiar os coordenadores de \u00e1rea e os preceptores no exerc\u00edcio de suas fun\u00e7\u00f5es; e,<\/p>\r\n<p>VI - propor medidas com a finalidade de aperfei\u00e7oar o processo pedag\u00f3gico do Internato.<\/p>\r\n<br>\r\n<p>T\u00cdTULO II<\/p>\r\n<p>DA COMPOSI\u00c7\u00c3O E AUTORIDADE<\/p>\r\n<br>\r\n<p>Art. 3\u00ba A Comiss\u00e3o Permanente do Internato Curricular do Curso de Medicina (CPIC \u2013 CCS) \u00e9 composta pelos seguintes membros:<\/p>\r\n<p>I - 1 (um) Regente do Internato Curricular Obrigat\u00f3rio, como Presidente;<\/p>\r\n<p>II - 1 (um) docente supervisor da \u00e1rea da Aten\u00e7\u00e3o Primaria a Sa\u00fade;<\/p>\r\n<p>III - 1 (um) docente supervisor da \u00e1rea de Cl\u00ednica M\u00e9dica;<\/p>\r\n<p>IV - 1 (um) docente supervisor da \u00e1rea de Cl\u00ednica Cir\u00fargica;<\/p>\r\n<p>V - 1 (um) docente supervisor da \u00e1rea de Sa\u00fade Coletiva A;<\/p>\r\n<p>VI - 1 (um) docente supervisor da \u00e1rea de Pediatria;<\/p>\r\n<p>VII - 1 (um) docente supervisor da \u00e1rea de Ginecologia e Obstetr\u00edcia;<\/p>\r\n<p>VIII - 1 (um) docente supervisor da \u00e1rea de Urg\u00eancia e Emerg\u00eancia Cl\u00ednica;<\/p>\r\n<p>IX - 1 (um) docente supervisor da \u00e1rea de Urg\u00eancia e Emerg\u00eancia Cir\u00fargica;<\/p>\r\n<p>X - 1 (um) docente supervisor da \u00e1rea de Sa\u00fade Mental;<\/p>\r\n<p>XI - 2 (dois) representantes discentes, 1 (um) do 9\u00ba (nono) e 1 (um) do 10\u00ba (d\u00e9cimo) semestre; e,<\/p>\r\n<p>XII - 2 (dois) representantes do N\u00facleo Docente Estruturante (NDE).<\/p>\r\n<p>Par\u00e1grafo \u00fanico. A composi\u00e7\u00e3o da Comiss\u00e3o \u00e9 superior a 7 (sete) membros devido a necessidade de cada est\u00e1gio estar representado pelo seu respectivo supervisor, al\u00e9m de ter representa\u00e7\u00e3o discente e do NDE, devendo ser assegurado, pelo menos 70% (setenta por cento) dos assentos para o segmento docente, conforme disposto no Art. 56 da <u><a href=\"http:\/\/www.planalto.gov.br\/ccivil_03\/leis\/l9394.htm\" target=\"_blank\"><font color=\"blue\">LDB<\/font><\/a><\/u>.<\/p>\r\n<br>\r\n<p>T\u00cdTULO III<\/p>\r\n<p>DA INDICA\u00c7\u00c3O DOS COMPONENTES<\/p>\r\n<br>\r\n<p>Art. 4\u00ba O Regente do Internato ser\u00e1 escolhido concomitantemente com a escolha do Coordenador e do Coordenador Substituto do curso para um mandato de 2 (dois) anos, pelos docentes, discentes e t\u00e9cnicos administrativos do curso. <\/p>\r\n<p>\u00a71\u00ba Os supervisores de cada \u00e1rea ser\u00e3o indicados pelo chefe do Departamento cujo est\u00e1gio est\u00e1 vinculado.<\/p>\r\n<p>\u00a72\u00ba Os discentes ser\u00e3o indicados: <\/p>\r\n<p>I - 1 (um) representante pelos alunos do 9\u00ba (nono) semestre; e <\/p>\r\n<p>II - 1 (um) representante pelos alunos do 10\u00ba (d\u00e9cimo) semestre. <\/p>\r\n<p>\u00a73\u00ba Os representantes do NDE ser\u00e3o indicados pelo n\u00facleo.<\/p>\r\n<br>\r\n<p>T\u00cdTULO IV<\/p>\r\n<p>DO QU\u00d3RUM DE REUNI\u00c3O E DE VOTA\u00c7\u00c3O<\/p>\r\n<br>\r\n<p>Art. 5\u00ba A comiss\u00e3o se reunir\u00e1 com a metade mais um de seus membros, e as vota\u00e7\u00f5es depender\u00e3o de maioria simples para a aprova\u00e7\u00e3o.<\/p>\r\n<br>\r\n<p>T\u00cdTULO V<\/p>\r\n<p>DA PERIODICIDADE DAS REUNI\u00d5ES<\/p>\r\n<br>\r\n<p>Art. 6\u00ba A CPIC reunir-se-\u00e1, ordinariamente, uma vez a cada 6 (seis) meses ou, em car\u00e1ter extraordin\u00e1rio, quando convocada pelo Presidente de Comiss\u00e3o Permanente do Internato.<\/p>\r\n<p>\u00a71\u00ba As convoca\u00e7\u00f5es para reuni\u00f5es da comiss\u00e3o especificar\u00e3o o hor\u00e1rio de in\u00edcio e o hor\u00e1rio limite de t\u00e9rmino da reuni\u00e3o.<\/p>\r\n<p>\u00a72\u00ba As reuni\u00f5es deste \u00f3rg\u00e3o colegiado, cujos membros, convidados ou participantes estejam em entes federativos diversos, ser\u00e3o realizados por videoconfer\u00eancia, sem pagamento de di\u00e1ria e deslocamento.<\/p>\r\n<br>\r\n<p>T\u00cdTULO VI<\/p>\r\n<p>DO \u00d3RG\u00c3O DE APOIO ADMINISTRATIVO<\/p>\r\n<br>\r\n<p>Art. 7\u00ba O \u00f3rg\u00e3o de apoio administrativo da Comiss\u00e3o Permanente do Internato Curricular do Curso de Medicina (CPIC-CCS) \u00e9 a Secretaria Acad\u00eamica de Gradua\u00e7\u00e3o que presta apoio ao Curso de Medicina.<\/p>\r\n<br>\r\n<p>T\u00cdTULO VII<\/p>\r\n<p>DO REGIMENTO INTERNO<\/p>\r\n<br>\r\n<p>Art. 8\u00ba O regimento da comiss\u00e3o est\u00e1 definido no Projeto Pedag\u00f3gico (PPC) do curso de medicina, que estabelece as normas do internato \u2013 regulamento do internato do curso de Medicina, aprovado pelo colegiado do curso de medicina e o Conselho de Ensino, Pesquisa e Extens\u00e3o (CEPE) da UFSM.<\/p>\r\n<br>\r\n<p>T\u00cdTULO VIII<\/p>\r\n<p>DOS MEMBROS N\u00c3O NATOS<\/p>\r\n<br>\r\n<p>Art. 9\u00ba Nas reuni\u00f5es das referidas comiss\u00f5es poder\u00e3o comparecer quando convidados pelo presidente, servidores e\/ou discentes, a fim de prestarem esclarecimento sobre assuntos que lhes forem pertinentes.<\/p>\r\n<p>Par\u00e1grafo \u00fanico. As reuni\u00f5es deste \u00f3rg\u00e3o colegiado, cujos membros possu\u00edrem domic\u00edlio e\/ou resid\u00eancia legal ou estiverem em local diverso da realiza\u00e7\u00e3o da atividade ser\u00e3o realizadas por videoconfer\u00eancia, sem pagamento de di\u00e1rias e deslocamento.<\/p>\r\n<br>\r\n<p>T\u00cdTULO IX<\/p>\r\n<p>DOS RELAT\u00d3RIOS PERI\u00d3DICOS E DO RELAT\u00d3RIO FINAL<\/p>\r\n<br>\r\n<p>Art. 10 Ser\u00e3o feitas Atas das reuni\u00f5es encaminhadas a coordena\u00e7\u00e3o do curso de medicina e quando necess\u00e1rio ao colegiado do curso e aos departamentos did\u00e1ticos do Curso de Medicina.<\/p>\r\n<br>\r\n<p>T\u00cdTULO X<\/p>\r\n<p>DAS DISPOSI\u00c7\u00d5ES GERAIS E TRANSIT\u00d3RIAS<\/p>\r\n<br>\r\n<p>Art. 11 \u00c9 vedada a divulga\u00e7\u00e3o de discuss\u00f5es em curso sem a pr\u00e9via anu\u00eancia do respons\u00e1vel pela unidade ao qual o \u00f3rg\u00e3o colegiado em quest\u00e3o est\u00e1 vinculado. <\/p>\r\n<p>Art. 12 A participa\u00e7\u00e3o dos membros deste \u00f3rg\u00e3o colegiado ser\u00e1 considerada presta\u00e7\u00e3o de servi\u00e7o p\u00fablico relevante, e n\u00e3o ser\u00e1 remunerada.<\/p>\r\n<p>Par\u00e1grafo \u00fanico. A participa\u00e7\u00e3o nos \u00f3rg\u00e3os colegiados, n\u00e3o pode causar preju\u00edzo a institui\u00e7\u00e3o e as atividades da mesma.<\/p>\r\n\r\n<p>Art. 13 \u00c9 vedada a possibilidade de cria\u00e7\u00e3o de sub-colegiados por ato deste colegiado, exceto se na presente Resolu\u00e7\u00e3o houver:<\/p>\r\n<p>I - limitado o n\u00famero m\u00e1ximo de seus membros;<\/p>\r\n<p>II - estabelecido car\u00e1ter tempor\u00e1rio e dura\u00e7\u00e3o n\u00e3o superior a um ano; e<\/p>\r\n<p>III - fixado o n\u00famero m\u00e1ximo de sub-colegiados que poder\u00e3o operar simultaneamente.<\/p>\r\n<p>Par\u00e1grafo \u00fanico.  A mera necessidade de reuni\u00f5es eventuais para debate, articula\u00e7\u00e3o ou trabalho que envolva agentes p\u00fablicos da administra\u00e7\u00e3o p\u00fablica federal n\u00e3o ser\u00e1 admitida como fundamento para as propostas de que trata o caput.<\/p>\r\n\r\n<p>Art. 14 Esta resolu\u00e7\u00e3o entra em vigor uma semana ap\u00f3s a data de sua publica\u00e7\u00e3o e sempre no primeiro dia do m\u00eas ou em seu primeiro dia \u00fatil, revogando as disposi\u00e7\u00f5es em contr\u00e1rio.<\/p>\r\n<p>\u00a71\u00ba O disposto neste artigo n\u00e3o se aplica \u00e0s hip\u00f3teses de urg\u00eancia justi\ufb01cada no expediente administrativo.<\/p>\r\n<p>\u00a72\u00ba Havendo qualquer modifica\u00e7\u00e3o legislativa, ou ainda, havendo qualquer situa\u00e7\u00e3o legal que impacte na legalidade da presente Resolu\u00e7\u00e3o, a mesma se aplica de imediato.<\/p>\r\n<BR>\r\n<p>GABINETE DO REITOR DA UNIVERSIDADE FEDERAL DE SANTA MARIA, aos 24 dias do m\u00eas de junho do ano 2020.<\/p>\r\n\r\n<\/div>\r\n<BR>\r\n<p>Paulo Afonso Burmann,<\/p>\r\n<p>Reitor.<\/p>\r\n<BR>\r\n<p><font color=\"red0000\">Este texto n\u00e3o substitui o documento original, publicado no Portal de Documentos.<\/font> Dispon\u00edvel em: <a href=\"https:\/\/portal.ufsm.br\/documentos\/publico\/documento.html?id=13109163\" target=\"_blank\"><font color=\"blue\">https:\/\/portal.ufsm.br\/documentos\/publico\/documento.html?id=13109163<\/font><\/a>\r\n\r\n\t\t<\/div>\n\t\t\t\t<\/div>\n\t\t\t\t\t<\/div>\n\t\t<\/div>\n\t\t\t\t\t<\/div>\n\t\t<\/section>\n\t\t\t\t<\/div>\n\t\t","protected":false},"excerpt":{"rendered":"<p>RESOLU\u00c7\u00c3O N. 018\/2020 MINIST\u00c9RIO DA EDUCA\u00c7\u00c3O UNIVERSIDADE FEDERAL DE SANTA MARIA RESOLU\u00c7\u00c3O N. 018\/2020 Aprova a recria\u00e7\u00e3o do \u00f3rg\u00e3o colegiado denominado \u201cComiss\u00e3o Permanente do Internato Curricular do Curso de Medicina (CPIC-CCS)\u201d vinculado ao Colegiado do Curso de Medicina, do Centro de Ci\u00eancias da Sa\u00fade (CCS), da Universidade Federal de Santa Maria (UFSM). O REITOR DA [&hellip;]<\/p>\n","protected":false},"author":205,"featured_media":0,"parent":0,"menu_order":0,"comment_status":"closed","ping_status":"closed","template":"","meta":{"footnotes":""},"categories":[],"tags":[],"class_list":["post-3958","page","type-page","status-publish","hentry"],"acf":[],"_links":{"self":[{"href":"https:\/\/www.ufsm.br\/pro-reitorias\/proplan\/wp-json\/wp\/v2\/pages\/3958","targetHints":{"allow":["GET"]}}],"collection":[{"href":"https:\/\/www.ufsm.br\/pro-reitorias\/proplan\/wp-json\/wp\/v2\/pages"}],"about":[{"href":"https:\/\/www.ufsm.br\/pro-reitorias\/proplan\/wp-json\/wp\/v2\/types\/page"}],"author":[{"embeddable":true,"href":"https:\/\/www.ufsm.br\/pro-reitorias\/proplan\/wp-json\/wp\/v2\/users\/205"}],"replies":[{"embeddable":true,"href":"https:\/\/www.ufsm.br\/pro-reitorias\/proplan\/wp-json\/wp\/v2\/comments?post=3958"}],"version-history":[{"count":0,"href":"https:\/\/www.ufsm.br\/pro-reitorias\/proplan\/wp-json\/wp\/v2\/pages\/3958\/revisions"}],"wp:attachment":[{"href":"https:\/\/www.ufsm.br\/pro-reitorias\/proplan\/wp-json\/wp\/v2\/media?parent=3958"}],"wp:term":[{"taxonomy":"category","embeddable":true,"href":"https:\/\/www.ufsm.br\/pro-reitorias\/proplan\/wp-json\/wp\/v2\/categories?post=3958"},{"taxonomy":"post_tag","embeddable":true,"href":"https:\/\/www.ufsm.br\/pro-reitorias\/proplan\/wp-json\/wp\/v2\/tags?post=3958"}],"curies":[{"name":"wp","href":"https:\/\/api.w.org\/{rel}","templated":true}]}}