{"id":3961,"date":"2020-07-17T08:28:04","date_gmt":"2020-07-17T11:28:04","guid":{"rendered":"https:\/\/www.ufsm.br\/pro-reitorias\/proplan\/?page_id=3961"},"modified":"2025-08-28T16:53:09","modified_gmt":"2025-08-28T19:53:09","slug":"resolucao-n-021-2020","status":"publish","type":"page","link":"https:\/\/www.ufsm.br\/pro-reitorias\/proplan\/resolucao-n-021-2020","title":{"rendered":"RESOLU\u00c7\u00c3O N. 021\/2020"},"content":{"rendered":"\t\t<div data-elementor-type=\"wp-page\" data-elementor-id=\"3961\" class=\"elementor elementor-3961\">\n\t\t\t\t\t\t<section class=\"elementor-section elementor-top-section elementor-element elementor-element-6d3e01b elementor-section-boxed elementor-section-height-default elementor-section-height-default\" data-id=\"6d3e01b\" data-element_type=\"section\">\n\t\t\t\t\t\t<div class=\"elementor-container elementor-column-gap-default\">\n\t\t\t\t\t<div class=\"elementor-column elementor-col-100 elementor-top-column elementor-element elementor-element-4ffea8d\" data-id=\"4ffea8d\" data-element_type=\"column\">\n\t\t\t<div class=\"elementor-widget-wrap elementor-element-populated\">\n\t\t\t\t\t\t<div class=\"elementor-element elementor-element-9092d16 elementor-widget elementor-widget-html\" data-id=\"9092d16\" data-element_type=\"widget\" data-widget_type=\"html.default\">\n\t\t\t\t<div class=\"elementor-widget-container\">\n\t\t\t\r\n\r\n\r\n<title><b>RESOLU\u00c7\u00c3O N. 021\/2020<\/b><\/title>\r\n\r\n\r\n<div align=\"center\"><img decoding=\"async\" src=\"https:\/\/www.ufsm.br\/pro-reitorias\/proplan\/wp-content\/uploads\/sites\/344\/2019\/09\/brasao-da-republica-do-brasil-logo.png\" alt=\"Bras\u00e3o Rep\u00fablica Federativa do Brasil\" width=\"6%\" height=\"6%\"><\/div>    \r\n<h1><font color=\"blue\"><font size=\"5\"><div align=\"center\">MINIST\u00c9RIO DA EDUCA\u00c7\u00c3O<\/b><\/font><\/font><\/div><\/H1>\r\n<p><b><font color=\"0000blue\"><div align=\"center\">UNIVERSIDADE FEDERAL DE SANTA MARIA<\/b><\/font><\/div><\/p>\r\n\r\n<p><div align=\"center\"><b><a href=\"https:\/\/portal.ufsm.br\/documentos\/publico\/documento.html?id=13109187\" target=\"_blank\"><font color=\"blue\">RESOLU\u00c7\u00c3O N. 021\/2020<\/font><\/a><\/b><\/div><\/p>\r\n<br>\r\n   <div style=\"color: #800000;width: 60%;margin-left: auto;margin-right: 0;text-align: justify;font-weight: normal\">Retifica a revoga\u00e7\u00e3o expressa das Resolu\u00e7\u00f5es referentes aos colegiados extintos em decorr\u00eancia do disposto no Decreto N. 9.759, de 11 de abril de 2019, na Universidade Federal de Santa Maria (UFSM), alterando a <a href=\"https:\/\/www.ufsm.br\/pro-reitorias\/proplan\/resolucao-n-020-2019\/\" target=\"_blank\"><font color=\"blue\"><u>Resolu\u00e7\u00e3o N. 020\/2019<\/u><\/font><\/a>.<\/font><\/div><\/p>\r\n\r\n<br><div align=\"justify\">\r\n<p>O REITOR DA UNIVERSIDADE FEDERAL DE SANTA MARIA, no uso de suas atribui\u00e7\u00f5es legais e estatut\u00e1rias e considerando:<\/p>\r\n<p>- o Artigo 9\u00ba do <u><a href=\"http:\/\/www.planalto.gov.br\/ccivil_03\/_Ato2019-2022\/2019\/Decreto\/D9759.htm\" target=\"_blank\"><font color=\"blue\">Decreto N. 9.759, de 11 de abril de 2019<\/u><\/font><\/a>, que extingue e estabelece diretrizes, regras e limita\u00e7\u00f5es para colegiados da administra\u00e7\u00e3o p\u00fablica federal;<\/p>\r\n<p>- os Artigos 8\u00ba, 9\u00ba e 10 da <a href=\"http:\/\/www.planalto.gov.br\/ccivil_03\/_ato2007-2010\/2008\/lei\/l11794.htm\" target=\"_blank\"><font color=\"blue\"><u>Lei N. 11.794, de 08 de outubro de 2008<\/u><\/font><\/a>, que regulamenta o inciso VII \u00a71\u00ba do Art. 225 da <a href=\"http:\/\/www.planalto.gov.br\/ccivil_03\/constituicao\/constituicao.htm\" target=\"_blank\"><font color=\"blue\"><u>Constitui\u00e7\u00e3o Federal<\/u><\/font><\/a>, estabelecendo procedimentos para o uso cient\u00edfico de animais; revoga a <a href=\"http:\/\/www.planalto.gov.br\/ccivil_03\/LEIS\/1970-1979\/L6638.htm\" target=\"_blank\"><font color=\"blue\"><u>Lei n\u00ba 6.638, de 08 de maio de 1979<\/u><\/font><\/a>; e d\u00e1 outras provid\u00eancias;<\/p>\r\n<p>- os Artigos 17 e 18 da <a href=\"http:\/\/www.planalto.gov.br\/ccivil_03\/_Ato2004-2006\/2005\/Lei\/L11105.htm\" target=\"_blank\"><font color=\"blue\"><u>Lei N. 11.105, de 25 de mar\u00e7o de 2005<\/u><\/font><\/a>, que regulamenta os incisos II, IV e V do \u00a7 1\u00ba do Art. 225 da <a href=\"http:\/\/www.planalto.gov.br\/ccivil_03\/constituicao\/constituicao.htm\" target=\"_blank\"><font color=\"blue\"><u>Constitui\u00e7\u00e3o Federal<\/u><\/font><\/a>, estabelece normas de seguran\u00e7a e mecanismos de fiscaliza\u00e7\u00e3o de atividades que envolvam organismos geneticamente modificados \u2013 OGM e seus derivados, cria o Conselho Nacional de Biosseguran\u00e7a \u2013 CNBS, reestrutura a Comiss\u00e3o T\u00e9cnica Nacional de Biosseguran\u00e7a \u2013 CTNBio, disp\u00f5e sobre a Pol\u00edtica Nacional de Biosseguran\u00e7a \u2013 PNB, revoga a <a href=\"http:\/\/www.planalto.gov.br\/ccivil_03\/LEIS\/L8974.htm\" target=\"_blank\"><font color=\"blue\"><u>Lei N. 8.974, de 05 de janeiro de 1995<\/u><\/font><\/a>, e a <a href=\"http:\/\/www.planalto.gov.br\/ccivil_03\/MPV\/Antigas_2001\/2191-9.htm\" target=\"_blank\"><font color=\"blue\"><u>Medida Provis\u00f3ria N. 2.191-9, de 23 de agosto de 2001<\/u><\/font><\/a>, e os Arts. 5\u00ba, 6\u00ba, 7\u00ba, 8\u00ba, 9\u00ba, 10 e 16 da <a href=\"http:\/\/www.planalto.gov.br\/ccivil_03\/LEIS\/2003\/L10.814.htm\" target=\"_blank\"><font color=\"blue\"><u>Lei N. 10.814, de 15 de dezembro de 2003<\/u><\/font><\/a>, e d\u00e1 outras provid\u00eancias;<\/p>\r\n<p>- o Parecer ad referendum da Comiss\u00e3o de Legisla\u00e7\u00e3o e Normas (CLN), do Conselho de Ensino, Pesquisa e Extens\u00e3o (CEPE), de 01 de abril de 2020, referente ao <a href=\"https:\/\/portal.ufsm.br\/documentos\/publico\/processo\/documento.html?idDocumento=12618468\" target=\"_blank\"><font color=\"blue\"><u>Processo N. 23081.039344\/2019-70<\/u><\/font><\/a>; e<\/p>\r\n<p>- o Parecer N. 034\/2020 da Comiss\u00e3o de Legisla\u00e7\u00e3o e Regimentos (CLR), aprovado na 828\u00aa Sess\u00e3o do Conselho Universit\u00e1rio, de 19 de junho de 2020, referente ao <a href=\"https:\/\/portal.ufsm.br\/documentos\/publico\/processo\/documento.html?idDocumento=12618468\" target=\"_blank\"><font color=\"blue\"><u>Processo N. 23081.039344\/2019-70<\/u><\/font><\/a>.<\/p>\r\n<br>\r\n<p><div align=\"center\">RESOLVE:<\/div><\/p>\r\n<br>\r\n<p>Art. 1\u00ba Tornar sem efeito a revoga\u00e7\u00e3o expressa das Resolu\u00e7\u00f5es a seguir, referentes aos colegiados extintos em decorr\u00eancia do disposto no <u><a href=\"http:\/\/www.planalto.gov.br\/ccivil_03\/_Ato2019-2022\/2019\/Decreto\/D9759.htm\" target=\"_blank\"><font color=\"blue\">Decreto N. 9.759, de 11 de abril de 2019<\/u><\/font><\/a>, na estrutura organizacional da Universidade Federal de Santa Maria (UFSM).<\/p>\r\n<p>I \u2013 <a href=\"https:\/\/www.ufsm.br\/pro-reitorias\/proplan\/resolucao-n-010-2011\/\" target=\"_blank\"><font color=\"blue\"><u>Resolu\u00e7\u00e3o N. 010\/2011, de 10 de maio de 2011<\/u><\/font><\/a>, que altera denomina\u00e7\u00e3o do Comit\u00ea Interno de \u00c9tica em Experimenta\u00e7\u00e3o Animal - CIETEA para Comiss\u00e3o de \u00c9tica em Uso Animal - CEUA, aprova seu Regimento Interno e revoga a <a href=\"https:\/\/www.ufsm.br\/pro-reitorias\/proplan\/resolucao-n-009-2010\/\" target=\"_blank\"><font color=\"blue\"><u>Resolu\u00e7\u00e3o N. 009\/2010, de 30 de maio de 2010<\/u><\/font><\/a>;<\/p>\r\n<p>II \u2013 <a href=\"https:\/\/www.ufsm.br\/pro-reitorias\/proplan\/resolucao-n-007-2013\/\" target=\"_blank\"><font color=\"blue\"><u>Resolu\u00e7\u00e3o N. 007\/2013, de 05 de mar\u00e7o de 2013<\/u><\/font><\/a>, que aprova o Regimento da Comiss\u00e3o Interna de Biosseguran\u00e7a da Universidade Federal de Santa Maria;<\/p>\r\n<p>III - <a href=\"https:\/\/www.ufsm.br\/pro-reitorias\/proplan\/resolucao-n-024-2016\/\" target=\"_blank\"><font color=\"blue\"><u>Resolu\u00e7\u00e3o N. 024\/2016, de 14 de junho de 2016<\/u><\/font><\/a>, que aprova a altera\u00e7\u00e3o no Regimento Interno da Comiss\u00e3o de \u00c9tica no Uso de Animais - CEUA da Universidade Federal de Santa Maria.<\/p>\r\n\r\n<p>Art. 2\u00ba Ficam validados todos os atos praticados pelos \u00f3rg\u00e3os colegiados mencionados nos Artigos da presente Resolu\u00e7\u00e3o no per\u00edodo compreendido entre 02\/09\/2019 a 24\/06\/2020.<\/p>\r\n<p>Art. 3\u00ba Esta resolu\u00e7\u00e3o entra em vigor uma semana ap\u00f3s a data de sua publica\u00e7\u00e3o e sempre no primeiro dia do m\u00eas ou em seu primeiro dia \u00fatil, revogando as disposi\u00e7\u00f5es em contr\u00e1rio.<\/p>\r\n<p>\u00a71\u00ba O disposto neste artigo n\u00e3o se aplica \u00e0s hip\u00f3teses de urg\u00eancia justi\ufb01cada no expediente administrativo.<\/p>\r\n<p>\u00a72\u00ba Havendo qualquer modifica\u00e7\u00e3o legislativa, ou ainda, havendo qualquer situa\u00e7\u00e3o legal que impacte na legalidade da presente Resolu\u00e7\u00e3o, a mesma se aplica de imediato.<\/p>\r\n<BR>\r\n<p>GABINETE DO REITOR DA UNIVERSIDADE FEDERAL DE SANTA MARIA, aos 24 dias do m\u00eas de junho do ano 2020.<\/p>\r\n<BR>\r\n<\/div>\r\n<p>Paulo Afonso Burmann,<\/p>\r\n<p>Reitor.<\/p>\r\n<BR>\r\n<p><font color=\"red0000\">Este texto n\u00e3o substitui o documento original, publicado no Portal de Documentos.<\/font> Dispon\u00edvel em: <a href=\"https:\/\/portal.ufsm.br\/documentos\/publico\/documento.html?id=13109187\" target=\"_blank\"><font color=\"blue\">https:\/\/portal.ufsm.br\/documentos\/publico\/documento.html?id=13109187<\/font><\/a>\r\n\r\n\t\t<\/div>\n\t\t\t\t<\/div>\n\t\t\t\t\t<\/div>\n\t\t<\/div>\n\t\t\t\t\t<\/div>\n\t\t<\/section>\n\t\t\t\t<\/div>\n\t\t","protected":false},"excerpt":{"rendered":"<p>RESOLU\u00c7\u00c3O N. 021\/2020 MINIST\u00c9RIO DA EDUCA\u00c7\u00c3O UNIVERSIDADE FEDERAL DE SANTA MARIA RESOLU\u00c7\u00c3O N. 021\/2020 Retifica a revoga\u00e7\u00e3o expressa das Resolu\u00e7\u00f5es referentes aos colegiados extintos em decorr\u00eancia do disposto no Decreto N. 9.759, de 11 de abril de 2019, na Universidade Federal de Santa Maria (UFSM), alterando a Resolu\u00e7\u00e3o N. 020\/2019. O REITOR DA UNIVERSIDADE FEDERAL [&hellip;]<\/p>\n","protected":false},"author":205,"featured_media":0,"parent":0,"menu_order":0,"comment_status":"closed","ping_status":"closed","template":"","meta":{"footnotes":""},"categories":[],"tags":[],"class_list":["post-3961","page","type-page","status-publish","hentry"],"acf":[],"_links":{"self":[{"href":"https:\/\/www.ufsm.br\/pro-reitorias\/proplan\/wp-json\/wp\/v2\/pages\/3961","targetHints":{"allow":["GET"]}}],"collection":[{"href":"https:\/\/www.ufsm.br\/pro-reitorias\/proplan\/wp-json\/wp\/v2\/pages"}],"about":[{"href":"https:\/\/www.ufsm.br\/pro-reitorias\/proplan\/wp-json\/wp\/v2\/types\/page"}],"author":[{"embeddable":true,"href":"https:\/\/www.ufsm.br\/pro-reitorias\/proplan\/wp-json\/wp\/v2\/users\/205"}],"replies":[{"embeddable":true,"href":"https:\/\/www.ufsm.br\/pro-reitorias\/proplan\/wp-json\/wp\/v2\/comments?post=3961"}],"version-history":[{"count":0,"href":"https:\/\/www.ufsm.br\/pro-reitorias\/proplan\/wp-json\/wp\/v2\/pages\/3961\/revisions"}],"wp:attachment":[{"href":"https:\/\/www.ufsm.br\/pro-reitorias\/proplan\/wp-json\/wp\/v2\/media?parent=3961"}],"wp:term":[{"taxonomy":"category","embeddable":true,"href":"https:\/\/www.ufsm.br\/pro-reitorias\/proplan\/wp-json\/wp\/v2\/categories?post=3961"},{"taxonomy":"post_tag","embeddable":true,"href":"https:\/\/www.ufsm.br\/pro-reitorias\/proplan\/wp-json\/wp\/v2\/tags?post=3961"}],"curies":[{"name":"wp","href":"https:\/\/api.w.org\/{rel}","templated":true}]}}