{"id":3962,"date":"2020-07-17T08:28:12","date_gmt":"2020-07-17T11:28:12","guid":{"rendered":"https:\/\/www.ufsm.br\/pro-reitorias\/proplan\/?page_id=3962"},"modified":"2025-08-28T16:54:46","modified_gmt":"2025-08-28T19:54:46","slug":"resolucao-n-022-2020","status":"publish","type":"page","link":"https:\/\/www.ufsm.br\/pro-reitorias\/proplan\/resolucao-n-022-2020","title":{"rendered":"RESOLU\u00c7\u00c3O N. 022\/2020"},"content":{"rendered":"\t\t<div data-elementor-type=\"wp-page\" data-elementor-id=\"3962\" class=\"elementor elementor-3962\">\n\t\t\t\t\t\t<section class=\"elementor-section elementor-top-section elementor-element elementor-element-ac4ed0c elementor-section-boxed elementor-section-height-default elementor-section-height-default\" data-id=\"ac4ed0c\" data-element_type=\"section\">\n\t\t\t\t\t\t<div class=\"elementor-container elementor-column-gap-default\">\n\t\t\t\t\t<div class=\"elementor-column elementor-col-100 elementor-top-column elementor-element elementor-element-7e95252\" data-id=\"7e95252\" data-element_type=\"column\">\n\t\t\t<div class=\"elementor-widget-wrap elementor-element-populated\">\n\t\t\t\t\t\t<div class=\"elementor-element elementor-element-adf2e8f elementor-widget elementor-widget-html\" data-id=\"adf2e8f\" data-element_type=\"widget\" data-widget_type=\"html.default\">\n\t\t\t\t<div class=\"elementor-widget-container\">\n\t\t\t\r\n\r\n\r\n<title><b>RESOLU\u00c7\u00c3O N. 022\/2020<\/b><\/title>\r\n\r\n\r\n<div align=\"center\"><img decoding=\"async\" src=\"https:\/\/www.ufsm.br\/pro-reitorias\/proplan\/wp-content\/uploads\/sites\/344\/2019\/09\/brasao-da-republica-do-brasil-logo.png\" alt=\"Bras\u00e3o Rep\u00fablica Federativa do Brasil\" width=\"6%\" height=\"6%\"><\/div>    \r\n<h1><font color=\"blue\"><font size=\"5\"><div align=\"center\">MINIST\u00c9RIO DA EDUCA\u00c7\u00c3O<\/b><\/font><\/font><\/div><\/H1>\r\n<p><b><font color=\"0000blue\"><div align=\"center\">UNIVERSIDADE FEDERAL DE SANTA MARIA<\/b><\/font><\/div><\/p>\r\n\r\n<p><div align=\"center\"><b><a href=\"https:\/\/portal.ufsm.br\/documentos\/publico\/documento.html?id=13109659\" target=\"_blank\"><font color=\"blue\">RESOLU\u00c7\u00c3O N. 022, DE 13 DE JULHO DE 2020<\/font><\/a><\/b><\/div><\/p>\r\n<br>\r\n   <div style=\"color: #800000;width: 60%;margin-left: auto;margin-right: 0;text-align: justify;font-weight: normal\">Aprova a revoga\u00e7\u00e3o expressa das Resolu\u00e7\u00f5es j\u00e1 revogadas tacitamente ou cujos efeitos tenham se exaurido no tempo em decorr\u00eancia do disposto no Decreto N. 10.139, de 28 de novembro de 2019, na Universidade Federal de Santa Maria (UFSM).<\/font><\/div><\/p>\r\n\r\n<br><div align=\"justify\">\r\n<p>O REITOR DA UNIVERSIDADE FEDERAL DE SANTA MARIA, no uso de suas atribui\u00e7\u00f5es legais e estatut\u00e1rias e considerando:<\/p>\r\n<p>- a <a href=\"http:\/\/www.planalto.gov.br\/ccivil_03\/leis\/lcp\/lcp95.htm\" target=\"_blank\"><font color=\"blue\"><u>Lei Complementar N. 85, de 26 de fevereiro de 1998<\/u><\/font><\/a>, que disp\u00f5es sobre a elabora\u00e7\u00e3o, a reda\u00e7\u00e3o, a altera\u00e7\u00e3o e a consolida\u00e7\u00e3o das leis, conforme determina o Par\u00e1grafo \u00danico do Art. 59 da <a href=\"http:\/\/www.planalto.gov.br\/ccivil_03\/constituicao\/constituicao.htm\" target=\"_blank\"><font color=\"blue\"><u>Constitui\u00e7\u00e3o Federal<\/u><\/font><\/a>, e estabelece normas para a consolida\u00e7\u00e3o dos atos normativos que menciona;<\/p>\r\n<p>- a <a href=\"http:\/\/www.planalto.gov.br\/ccivil_03\/_Ato2007-2010\/2008\/Lei\/L11640.htm\" target=\"_blank\"><font color=\"blue\"><u>Lei N. 11.640, de 11 de janeiro de 2008<\/u><\/font><\/a>, que institui a Funda\u00e7\u00e3o Universidade Federal do Pampa \u2013 UNIPAMPA e d\u00e1 outras provid\u00eancias;<\/p>\r\n<p>- o <a href=\"http:\/\/www.planalto.gov.br\/ccivil_03\/_ato2007-2010\/2007\/decreto\/d6114.htm\" target=\"_blank\"><font color=\"blue\"><u>Decreto N. 6.114, de 15 de maio de 2007<\/u><\/font><\/a>, que regulamente o pagamento da Gratifica\u00e7\u00e3o por Encargo de Curso ou Concurso de que trata o art. 76-A da <a href=\"http:\/\/www.planalto.gov.br\/ccivil_03\/leis\/l8112cons.htm\" target=\"_blank\"><font color=\"blue\"><u>Lei n\u00ba 8.112, de 11 de dezembro de 1990<\/u><\/font><\/a>;<\/p>\r\n<p>- o <a href=\"http:\/\/www.planalto.gov.br\/ccivil_03\/_ato2015-2018\/2017\/decreto\/D9191.htm\" target=\"_blank\"><font color=\"blue\"><u>Decreto N. 9.191, de 1\u00ba de novembro de 2017<\/u><\/font><\/a>, que estabelece as normas e as diretrizes para elabora\u00e7\u00e3o, reda\u00e7\u00e3o, altera\u00e7\u00e3o, consolida\u00e7\u00e3o e encaminhamento de propostas de atos normativos ao Presidente da Rep\u00fablica pelos Ministros de Estado;<\/p>\r\n<p> - o <a href=\"http:\/\/www.planalto.gov.br\/ccivil_03\/_Ato2019-2022\/2019\/Decreto\/D9759.htm\" target=\"_blank\"><font color=\"blue\"><u>Decreto N. 9.759, de 11 de abril de 2019<\/u><\/font><\/a>, que extingue e estabelece diretrizes, regras e limita\u00e7\u00f5es para colegiados da administra\u00e7\u00e3o p\u00fablica federal, com as altera\u00e7\u00f5es do <a href=\"http:\/\/www.planalto.gov.br\/ccivil_03\/_Ato2019-2022\/2019\/Decreto\/D9812.htm\" target=\"_blank\"><font color=\"blue\"><u>Decreto N. 9.812, de 30 de maio de 2019<\/u><\/font><\/a>;<\/p>\r\n<p>- o <a href=\"http:\/\/www.planalto.gov.br\/ccivil_03\/_ato2019-2022\/2019\/decreto\/D10139.htm\" target=\"_blank\"><font color=\"blue\"><u>Decreto N. 10.139, de 28 de novembro de 2019<\/u><\/font><\/a>, que disp\u00f5e sobre a revis\u00e3o e a consolida\u00e7\u00e3o de atos normativos inferiores a decreto;<\/p>\r\n<p>- o Art. 1\u00aa-A da <a href=\"http:\/\/www.planalto.gov.br\/ccivil_03\/_ato2019-2022\/2019\/Mpv\/mpv895.htm\" target=\"_blank\"><font color=\"blue\"><u>Medida Provis\u00f3ria N. 895, de 6 de setembro de 2019<\/u><\/font><\/a>, que Altera a <a href=\"http:\/\/www.planalto.gov.br\/ccivil_03\/_ato2011-2014\/2013\/lei\/l12933.htm\" target=\"_blank\"><font color=\"blue\"><u>Lei N. 12.933, de 26 de dezembro de 2013<\/u><\/font><\/a>, sobre o benef\u00edcio do pagamento de meia-entrada para estudantes, idosos, pessoas com defici\u00eancia e jovens de quinze a vinte e nove anos comprovadamente carentes em espet\u00e1culos art\u00edstico-culturais e esportivos e d\u00e1 outras provid\u00eancias;<\/p>\r\n<p>- o <a href=\"https:\/\/www.ufsm.br\/pro-reitorias\/proplan\/estatuto-ufsm-2010\/\" target=\"_blank\"><font color=\"blue\"><u>Estatuto da Universidade Federal de Santa Maria<\/u><\/font><\/a>, com as adequa\u00e7\u00f5es aprovadas pela <a href=\"https:\/\/www.ufsm.br\/pro-reitorias\/proplan\/resolucao-n-037-2010\/\" target=\"_blank\"><font color=\"blue\"><u>Resolu\u00e7\u00e3o N. 037\/2010<\/u><\/font><\/a> e aprovadas pela Portaria N. 156, de 12 de mar\u00e7o de 2014, publicada no Di\u00e1rio Oficial da Uni\u00e3o em 13 de mar\u00e7o de 2014;<\/p>\r\n<p>- o <a href=\"https:\/\/www.ufsm.br\/pro-reitorias\/proplan\/regimento-geral-da-ufsm-2011\/\" target=\"_blank\"><font color=\"blue\"><u>Regimento Geral da Universidade Federal de Santa Maria<\/u><\/font><\/a>, com as adequa\u00e7\u00f5es aprovadas pela <a href=\"https:\/\/www.ufsm.br\/pro-reitorias\/proplan\/resolucao-n-006-2011\/\" target=\"_blank\"><font color=\"blue\"><u>Resolu\u00e7\u00e3o N. 006\/2011<\/u><\/font><\/a>;<\/p>\r\n<p>- a <a href=\"https:\/\/www.ufsm.br\/pro-reitorias\/proplan\/resolucao-n-011-1990\/\" target=\"_blank\"><font color=\"blue\"><u>Resolu\u00e7\u00e3o N. 011\/1990<\/u><\/font><\/a> que extingue o ATO e d\u00e1 outras provid\u00eancias;<\/p>\r\n<p>- a <a href=\"https:\/\/www.ufsm.br\/pro-reitorias\/proplan\/resolucao-n-010-1995\/\" target=\"_blank\"><font color=\"blue\"><u>Resolu\u00e7\u00e3o N. 010\/1995<\/u><\/font><\/a> que atribui compet\u00eancias \u00e0 Coordenadoria de Planejamento F\u00edsico (COPLAFI) da Pr\u00f3-Reitoria de Planejamento e d\u00e1 outras provid\u00eancias;<\/p>\r\n<p>- a <a href=\"https:\/\/www.ufsm.br\/pro-reitorias\/proplan\/resolucao-n-003-2000\/\" target=\"_blank\"><font color=\"blue\"><u>Resolu\u00e7\u00e3o N. 003\/2000<\/u><\/font><\/a> que regulamenta a Recep\u00e7\u00e3o aos Calouros da UFSM;<\/p>\r\n<p>- a <a href=\"https:\/\/www.ufsm.br\/pro-reitorias\/proplan\/resolucao-n-017-2000\/\" target=\"_blank\"><font color=\"blue\"><u>Resolu\u00e7\u00e3o N. 017\/2000<\/u><\/font><\/a> que disp\u00f5e sobre o Projeto Pol\u00edtico-Pedag\u00f3gico e d\u00e1 outras provid\u00eancias;<\/p>\r\n<p>- a <a href=\"https:\/\/www.ufsm.br\/pro-reitorias\/proplan\/resolucao-n-001-2009\/\" target=\"_blank\"><font color=\"blue\"><u>Resolu\u00e7\u00e3o N. 001\/2009<\/u><\/font><\/a> que transforma a Prefeitura da Cidade Universit\u00e1ria em Pr\u00f3-Reitoria de Infraestrutura e d\u00e1 outras provid\u00eancias;<\/p>\r\n<p>- a <a href=\"https:\/\/www.ufsm.br\/pro-reitorias\/proplan\/resolucao-n-025-2010\/\" target=\"_blank\"><font color=\"blue\"><u>Resolu\u00e7\u00e3o N. 025\/2010<\/u><\/font><\/a> que regulamenta, no \u00c2mbito da UFSM, a Concess\u00e3o de Est\u00e1gios Supervisionados Obrigat\u00f3rios e N\u00e3o Obrigat\u00f3rios a Alunos de Gradua\u00e7\u00e3o e de Ensino M\u00e9dio e Tecnol\u00f3gico;<\/p>\r\n<p>- a <a href=\"https:\/\/www.ufsm.br\/pro-reitorias\/proplan\/resolucao-n-012-2012\/\" target=\"_blank\"><font color=\"blue\"><u>Resolu\u00e7\u00e3o N. 012\/2012<\/u><\/font><\/a> que cria, respectivamente, na estrutura organizacional do Col\u00e9gio Industrial de Santa Maria e do Col\u00e9gio Polit\u00e9cnico, o Gabinete de Projetos \u2013 GAP e extingue o Gabinete de Projetos da Coordenadoria de Educa\u00e7\u00e3o B\u00e1sica, T\u00e9cnica e Tecnol\u00f3gica \u2013 CEBTT;<\/p>\r\n<p>- a <a href=\"https:\/\/www.ufsm.br\/pro-reitorias\/proplan\/resolucao-n-029-2012\/\" target=\"_blank\"><font color=\"blue\"><u>Resolu\u00e7\u00e3o N. 029\/2012<\/u><\/font><\/a> que reestrutura a Pr\u00f3-Reitoria de Recursos Humanos. Altera a sua denomina\u00e7\u00e3o para Pr\u00f3-Reitoria de Gest\u00e3o de Pessoas e d\u00e1 outras provid\u00eancias;<\/p>\r\n<p>- a <a href=\"https:\/\/www.ufsm.br\/pro-reitorias\/proplan\/resolucao-n-013-2015\/\" target=\"_blank\"><font color=\"blue\"><u>Resolu\u00e7\u00e3o N. 013\/2015<\/u><\/font><\/a> que disp\u00f5e sobre o Estabelecimento\/Aplica\u00e7\u00e3o de Crit\u00e9rios para a Concess\u00e3o de Vagas para Ingresso e Reingresso em Cursos de Gradua\u00e7\u00e3o da UFSM e Revoga a <a href=\"https:\/\/www.ufsm.br\/pro-reitorias\/proplan\/resolucao-n-001-1999\/\" target=\"_blank\"><font color=\"blue\"><u>Resolu\u00e7\u00e3o N. 001\/1999<\/u><\/font><\/a>;<\/p>\r\n<p>- a <a href=\"https:\/\/www.ufsm.br\/pro-reitorias\/proplan\/resolucao-n-012-2017\/\" target=\"_blank\"><font color=\"blue\"><u>Resolu\u00e7\u00e3o N. 012\/2017<\/u><\/font><\/a> que aprova o Regulamento que normatiza a cria\u00e7\u00e3o e organiza\u00e7\u00e3o das empresas juniores na Universidade Federal de Santa Maria;<\/p>\r\n<p>- a <a href=\"https:\/\/www.ufsm.br\/pro-reitorias\/proplan\/resolucao-n-019-2017\/\" target=\"_blank\"><font color=\"blue\"><u>Resolu\u00e7\u00e3o N. 019\/2017<\/u><\/font><\/a> que aprova a cria\u00e7\u00e3o da Coordenadoria de Cultura e Eventos da UFSM, institui o Regulamento Interno do Centro de Conven\u00e7\u00f5es e atualiza o Regulamento Interno do Centro de Eventos;<\/p>\r\n<p>- a <a href=\"https:\/\/www.ufsm.br\/pro-reitorias\/proplan\/resolucao-n-002-2018\/\" target=\"_blank\"><font color=\"blue\"><u>Resolu\u00e7\u00e3o N. 002\/2018<\/u><\/font><\/a> que regula as formas de ingresso aos Cursos de Gradua\u00e7\u00e3o e A\u00e7\u00f5es Afirmativas correlatas da Universidade Federal de Santa Maria e revoga a <a href=\"https:\/\/www.ufsm.br\/pro-reitorias\/proplan\/resolucao-n-011-2007\/\" target=\"_blank\"><font color=\"blue\"><u>Resolu\u00e7\u00e3o N. 011\/2007<\/u><\/font><\/a>;<\/p>\r\n<p>- a <a href=\"https:\/\/www.ufsm.br\/pro-reitorias\/proplan\/resolucao-n-006-2018\/\" target=\"_blank\"><font color=\"blue\"><u>Resolu\u00e7\u00e3o N. 006\/2018<\/u><\/font><\/a> que aprova altera\u00e7\u00f5es no Regimento Interno da Pulsar \u2013 Incubadora da Universidade Federal de Santa Maria;<\/p>\r\n<p>- a <a href=\"https:\/\/www.ufsm.br\/pro-reitorias\/proplan\/resolucao-n-011-2018\/\" target=\"_blank\"><font color=\"blue\"><u>Resolu\u00e7\u00e3o N. 011\/2018<\/u><\/font><\/a> que normatiza as solenidades de cola\u00e7\u00e3o de grau dos cursos de gradua\u00e7\u00e3o da Universidade Federal de Santa Maria;<\/p>\r\n<p>- a <a href=\"https:\/\/www.ufsm.br\/pro-reitorias\/proplan\/resolucao-n-017-2018\/\" target=\"_blank\"><font color=\"blue\"><u>Resolu\u00e7\u00e3o N. 017\/2018<\/u><\/font><\/a> que Institui o C\u00f3digo de \u00c9tica e Conviv\u00eancia Discente da Universidade Federal de Santa Maria;<\/p>\r\n<p>- a <a href=\"https:\/\/www.ufsm.br\/pro-reitorias\/proplan\/resolucao-n-042-2019\/\" target=\"_blank\"><font color=\"blue\"><u>Resolu\u00e7\u00e3o N. 042\/2019<\/u><\/font><\/a> que disp\u00f5e sobre os atos de cria\u00e7\u00e3o, ajuste e\/ou reforma de Projeto Pedag\u00f3gico de Curso (PPCS), no \u00e2mbito do ensino de gradua\u00e7\u00e3o e d\u00e1 outras provid\u00eancias;<\/p>\r\n<p>- o Parecer ad referendum da Comiss\u00e3o de Legisla\u00e7\u00e3o e Normas (CLN), do Conselho de Ensino, Pesquisa e Extens\u00e3o (CEPE), referente ao Processo N. <a href=\"https:\/\/portal.ufsm.br\/documentos\/publico\/processo\/documento.html?idDocumento=12914410\" target=\"_blank\"><font color=\"blue\"><u>23081.001921\/2020-94<\/u><\/font><\/a>;<\/p>\r\n<p>- o Parecer ad referendum da Comiss\u00e3o de Legisla\u00e7\u00e3o e Regimentos (CLR), do Conselho Universit\u00e1rio (CONSU), referente ao Processo N. <a href=\"https:\/\/portal.ufsm.br\/documentos\/publico\/processo\/documento.html?idDocumento=12914410\" target=\"_blank\"><font color=\"blue\"><u>23081. 001921\/2020-94<\/u><\/font><\/a>.<\/p>\r\n<br>\r\n<p><div align=\"center\">RESOLVE:<\/div><\/p>\r\n<br>\r\n<p>Art. 1\u00ba Aprovar a revoga\u00e7\u00e3o expressa das Resolu\u00e7\u00f5es, constantes no Anexo I, j\u00e1 revogadas tacitamente ou cujos efeitos tenham se exaurido no tempo em decorr\u00eancia do disposto no <a href=\"http:\/\/www.planalto.gov.br\/ccivil_03\/_ato2019-2022\/2019\/decreto\/D10139.htm\" target=\"_blank\"><font color=\"blue\"><u>Decreto N. 10.139, de 28 de novembro de 2019<\/u><\/font><\/a>, na estrutura organizacional da Universidade Federal de Santa Maria (UFSM).<\/p>\r\n<p>Par\u00e1grafo \u00fanico. Os atos de que trata o caput deste artigo ser\u00e3o considerados n\u00e3o vigentes e ficar\u00e3o dispon\u00edveis no Portal de Documentos da UFSM como reposit\u00f3rio para fins de consulta, pesquisa e registro hist\u00f3rico.<\/p>\r\n\r\n<p>Art. 2\u00ba Esta resolu\u00e7\u00e3o entra em vigor uma semana ap\u00f3s a data de sua publica\u00e7\u00e3o e sempre no primeiro dia do m\u00eas ou em seu primeiro dia \u00fatil, revogando as disposi\u00e7\u00f5es em contr\u00e1rio.<\/p>\r\n<p>\u00a71\u00ba O disposto neste artigo n\u00e3o se aplica \u00e0s hip\u00f3teses de urg\u00eancia justi\ufb01cada no expediente administrativo.<\/p>\r\n<p>\u00a72\u00ba Havendo qualquer modifica\u00e7\u00e3o legislativa, ou ainda, havendo qualquer situa\u00e7\u00e3o legal que impacte na legalidade da presente Resolu\u00e7\u00e3o, a mesma se aplica de imediato.<\/p>\r\n<BR>\r\n\r\n<p>Paulo Afonso Burmann<\/p>\r\n<p>Reitor<\/p>\r\n\r\n<BR>\r\n<p><font color=\"red0000\">Este texto n\u00e3o substitui o documento original, publicado no Portal de Documentos.<\/font> Dispon\u00edvel em: <a href=\"https:\/\/portal.ufsm.br\/documentos\/publico\/documento.html?id=13109659\" target=\"_blank\"><font color=\"blue\">https:\/\/portal.ufsm.br\/documentos\/publico\/documento.html?id=13109659<\/font><\/a>\r\n\r\n\r\n\t\t<\/div>\n\t\t\t\t<\/div>\n\t\t\t\t\t<\/div>\n\t\t<\/div>\n\t\t\t\t\t<\/div>\n\t\t<\/section>\n\t\t\t\t<\/div>\n\t\t","protected":false},"excerpt":{"rendered":"<p>RESOLU\u00c7\u00c3O N. 022\/2020 MINIST\u00c9RIO DA EDUCA\u00c7\u00c3O UNIVERSIDADE FEDERAL DE SANTA MARIA RESOLU\u00c7\u00c3O N. 022, DE 13 DE JULHO DE 2020 Aprova a revoga\u00e7\u00e3o expressa das Resolu\u00e7\u00f5es j\u00e1 revogadas tacitamente ou cujos efeitos tenham se exaurido no tempo em decorr\u00eancia do disposto no Decreto N. 10.139, de 28 de novembro de 2019, na Universidade Federal de [&hellip;]<\/p>\n","protected":false},"author":205,"featured_media":0,"parent":0,"menu_order":0,"comment_status":"closed","ping_status":"closed","template":"","meta":{"footnotes":""},"categories":[],"tags":[],"class_list":["post-3962","page","type-page","status-publish","hentry"],"acf":[],"_links":{"self":[{"href":"https:\/\/www.ufsm.br\/pro-reitorias\/proplan\/wp-json\/wp\/v2\/pages\/3962","targetHints":{"allow":["GET"]}}],"collection":[{"href":"https:\/\/www.ufsm.br\/pro-reitorias\/proplan\/wp-json\/wp\/v2\/pages"}],"about":[{"href":"https:\/\/www.ufsm.br\/pro-reitorias\/proplan\/wp-json\/wp\/v2\/types\/page"}],"author":[{"embeddable":true,"href":"https:\/\/www.ufsm.br\/pro-reitorias\/proplan\/wp-json\/wp\/v2\/users\/205"}],"replies":[{"embeddable":true,"href":"https:\/\/www.ufsm.br\/pro-reitorias\/proplan\/wp-json\/wp\/v2\/comments?post=3962"}],"version-history":[{"count":0,"href":"https:\/\/www.ufsm.br\/pro-reitorias\/proplan\/wp-json\/wp\/v2\/pages\/3962\/revisions"}],"wp:attachment":[{"href":"https:\/\/www.ufsm.br\/pro-reitorias\/proplan\/wp-json\/wp\/v2\/media?parent=3962"}],"wp:term":[{"taxonomy":"category","embeddable":true,"href":"https:\/\/www.ufsm.br\/pro-reitorias\/proplan\/wp-json\/wp\/v2\/categories?post=3962"},{"taxonomy":"post_tag","embeddable":true,"href":"https:\/\/www.ufsm.br\/pro-reitorias\/proplan\/wp-json\/wp\/v2\/tags?post=3962"}],"curies":[{"name":"wp","href":"https:\/\/api.w.org\/{rel}","templated":true}]}}