{"id":3965,"date":"2020-07-17T08:38:09","date_gmt":"2020-07-17T11:38:09","guid":{"rendered":"https:\/\/www.ufsm.br\/pro-reitorias\/proplan\/?page_id=3965"},"modified":"2020-07-17T08:48:29","modified_gmt":"2020-07-17T11:48:29","slug":"resolucao-n-009-1974","status":"publish","type":"page","link":"https:\/\/www.ufsm.br\/pro-reitorias\/proplan\/resolucao-n-009-1974","title":{"rendered":"Resolu\u00e7\u00e3o N. 009\/1974"},"content":{"rendered":"\t\t<div data-elementor-type=\"wp-page\" data-elementor-id=\"3965\" class=\"elementor elementor-3965\">\n\t\t\t\t\t\t<section class=\"elementor-section elementor-top-section elementor-element elementor-element-6cb9200 elementor-section-boxed elementor-section-height-default elementor-section-height-default\" data-id=\"6cb9200\" data-element_type=\"section\">\n\t\t\t\t\t\t<div class=\"elementor-container elementor-column-gap-default\">\n\t\t\t\t\t<div class=\"elementor-column elementor-col-100 elementor-top-column elementor-element elementor-element-9e4d250\" data-id=\"9e4d250\" data-element_type=\"column\">\n\t\t\t<div class=\"elementor-widget-wrap elementor-element-populated\">\n\t\t\t\t\t\t<div class=\"elementor-element elementor-element-204d77a elementor-widget elementor-widget-html\" data-id=\"204d77a\" data-element_type=\"widget\" data-widget_type=\"html.default\">\n\t\t\t\t<div class=\"elementor-widget-container\">\n\t\t\t\r\n\r\n\r\n<title><b>RESOLU\u00c7\u00c3O N. 009\/1974<\/b><\/title>\r\n\r\n\r\n<p><div align=\"center\"><b><a href=\"https:\/\/portal.ufsm.br\/documentos\/publico\/documento.html?id=5741944\" target=\"_blank\"><font color=\"blue\"><u>RESOLU\u00c7\u00c3O N\u00ba 09\/74<\/u><\/font><\/a><\/b><\/div><\/p>\r\n<br>\r\n<p><a href=\"https:\/\/www.ufsm.br\/pro-reitorias\/proplan\/resolucao-n-022-2020\/\" target=\"_blank\"><font color=\"blue\">Revogada pela Resolu\u00e7\u00e3o N. 022\/2020<\/font><\/a><\/p>\r\n<br>\r\n<br><div align=\"justify\">\r\n<strike>\r\n<p>O Reitor da Universidade Federal de Santa Maria, no uso de suas atribui\u00e7\u00f5es legais e tendo em vista o que consta no Processo 43.695\/74:<\/p>\r\n<p>- Considerando a real necessidade de ser planejado o afastamento de docentes, visando a realiza\u00e7\u00e3o de cursos de P\u00f3s-Gradua\u00e7\u00e3o;<\/p>\r\n<p>- Considerando que deve haver em gradativo aprimoramento do pessoal docente atrav\u00e9s de realiza\u00e7\u00e3o de cursos de P\u00f3s-Gradua\u00e7\u00e3o, objetivando maior qualifica\u00e7\u00e3o para o magist\u00e9rio superior;<\/p>\r\n<p>- Considerando que os afastamentos de docentes n\u00e3o devem acarretar preju\u00edzos para as atividades dos Departamentos de Ensino;<\/p>\r\n<br>\r\n<p><div align=\"center\">RESOLVE:<\/div><\/p>\r\n<br>\r\n<p>1 \u2013 Os Senhores Decanos dos Centros dever\u00e3o determinar aos Senhores Chefe dos Departamentos de Ensino, vinculados aos respectivos Centros, a elabora\u00e7\u00e3o de Planos de Afastamentos de Docentes, consoante orienta\u00e7\u00e3o e formul\u00e1rios anexos.<\/p>\r\n<p>2 \u2013 Os referidos Planos dever\u00e3o abranger o pr\u00f3ximo per\u00edodo quinquenal.<\/p>\r\n<p>3 \u2013 Os Planos apresentados pelas Chefias dos Departamentos uma vez reunidos, constituir\u00e3o o Plano Geral do Centro que dever\u00e1 ser apreciado pelo Conselho do Centro.<\/p>\r\n<p>4 \u2013 Os Planos dos Centros, devidamente aprovados, ser\u00e3o enviados pelos Decanos ao Pr\u00f3-Reitor de P\u00f3s-Gradua\u00e7\u00e3o que elaborar\u00e1 o Plano Global da Universidade Federal de Santa Maria.<\/p>\r\n<p>5 \u2013 O Plano Global dever\u00e1 ser homologado pelo Colendo Conselho de Ensino e Pesquisa.<\/p>\r\n<p>6 \u2013 Nos casos de realiza\u00e7\u00e3o de cursos de P\u00f3s-Gradua\u00e7\u00e3o na pr\u00f3pria Universidade Federal de Santa Maria o docente dever\u00e1 apresentar, quando da matr\u00edcula, comprovante da licen\u00e7a (Portaria) para frequentar o curso, ficando estabelecido, se for o caso, o afastamento de toda e qualquer atividade administrativa.<\/p>\r\n<p>7 \u2013 Os Planos Gerais dos Centros dever\u00e3o ser remetidos ao Pr\u00f3-Reitor de P\u00f3s-Gradua\u00e7\u00e3o at\u00e9 a data de 10 de novembro de 1974.<\/p>\r\n<p>8 \u2013 O prazo m\u00e1ximo para integraliza\u00e7\u00e3o do total dos cr\u00e9ditos n\u00e3o poder\u00e1 exceder ao dobro do n\u00famero de semestres previstos do considerado necess\u00e1rio a realiza\u00e7\u00e3o normal de curso.<\/p>\r\n<p>Reitoria da Universidade Federal de Santa Maria, aos dias do m\u00eas de outubro de hum mil novecentos e setenta e cinco.<\/p>\r\n<br>\r\n<p>Prof. Dr. Helios Homero Bernardi<\/p>\r\n<p>REITOR<\/p>\r\n<br>\r\n<p><u>ORIENTA\u00c7\u00c3O<\/u><\/p>\r\n<p>Na organiza\u00e7\u00e3o do \u201cPlano de Afastamento de Docentes\u201d os Senhores Chefes de Departamento dever\u00e3o atentar para as seguintes normas que passam a integrar a Resolu\u00e7\u00e3o n\u00ba 09\/74 do Magn\u00edfico Reitor:<\/p>\r\n<p>1 \u2013 O (s) Afastamento (s) do Docente (s) n\u00e3o representa compromisso da UFSM, em admitir novo (s) docente (s).<\/p>\r\n<p>2 \u2013 Na elabora\u00e7\u00e3o do Plano de Afastamento, os cursos de P\u00f3s-Gradua\u00e7\u00e3o pretendidos dever\u00e3o ter \u00edntima vincula\u00e7\u00e3o com as atividades de ensino e pesquisas desenvolvida (s) pelo (s) docente (s).<\/p>\r\n<p>3 \u2013 Na organiza\u00e7\u00e3o do Plano de Afastamento o Chefe do Departamento dever\u00e1 evitar concentra\u00e7\u00e3o de P\u00f3s-Graduados, de mesmo n\u00edvel, em determinado setor, em detrimento de outros.<\/p>\r\n<p>4 \u2013 O docente indicado para realizar curso de P\u00f3s-Gradua\u00e7\u00e3o, assume o compromisso formal de realiz\u00e1-lo, podendo excepcionalmente ocorrer substitui\u00e7\u00e3o.<\/p>\r\n<p>5 \u2013 Os Planos de Afastamento poder\u00e3o sofrer revis\u00e3o anual, pelos Senhores Chefes de Departamentos, devendo, neste caso a altera\u00e7\u00e3o, com justificativa, seguir os tr\u00e2mites aqui apresentados.<\/p>\r\n<p>6 \u2013 Os afastamentos dever\u00e3o obedecer legisla\u00e7\u00e3o e normas que regem a esp\u00e9cie.<\/p>\r\n<p>7 \u2013 Na elabora\u00e7\u00e3o dos Planos de Afastamento, os Chefes dos Departamentos devem atentar para as implica\u00e7\u00f5es da\u00ed decorrentes, frente as demais atividades do Departamento.<\/p>\r\n<br>\r\n<p><u>INSTRU\u00c7\u00d5ES PARA PREENCHIMENTO DO FORMUL\u00c1RIO \u201cPLANO DE AFASTAMENTO DE DOCENTES PARA P\u00d3S-GRADUA\u00c7\u00c3O \u2013 1975\/2979\"<\/u><\/p>\r\n<p>a) Completar por extenso o nome do Centro e do Departamento.<\/p>\r\n<p>b) Na coluna I, organizar a rela\u00e7\u00e3o por ordem num\u00e9rica.<\/p>\r\n<p>c) Na coluna II, registrar o nome do docente por extenso.<\/p>\r\n<p>d) Na coluna III, registrar a categoria funcional do docente segundo as seguintes abreviaturas:<\/p> \r\n<p>- TIT \u2013 Professor Titular;<\/p>\r\n<p>- ADJ \u2013 Professor Adjunto;<\/p>\r\n<p>- ASS \u2013 Professor Assistente;<\/p>\r\n<p>- AUX \u2013 Professor Auxiliar.<\/p>\r\n<p>e) Na coluna IV, registrar o regime de trabalho do docente segundo as seguintes classifica\u00e7\u00f5es:<\/p> \r\n<p>- 12 \u2013 regime de 12 horas;<\/p>\r\n<p>- 24 \u2013 regime de 24 horas;<\/p>\r\n<p>- 40 \u2013 regime de 40 horas;<\/p>\r\n<p>- DE \u2013 regime de tempo integral e dedica\u00e7\u00e3o exclusiva.<\/p>\r\n<p>f) Na coluna V, registrar o grau pretendido, segundo as seguinte classifica\u00e7\u00e3o:<\/p> \r\n<p>- M \u2013 Mestrado;<\/p>\r\n<p>- D \u2013 Doutorado;<\/p>\r\n<p>- PHD;<\/p>\r\n<p>- ESP \u2013 Especializa\u00e7\u00e3o (neste caso somente considerar quando o afastamento for superior a seis meses).<\/p>\r\n<p>g) Na coluna VI, registrar o ano previsto de sa\u00edda.<\/p>\r\n<p>h) Na coluna VII, registar o ano previsto de retorno.<\/p>\r\n<p>i) Na coluna VIII, registrar \u201cP\u201d se o curso for no pa\u00eds, ou \u201cE\u201d se for no exterior.<\/p>\r\n<p>j) Na coluna X, colher a assinatura do docente.<\/p>\r\n<br>\r\n<table><table border=\"1\">\r\n<tr><th colspan=\"10\"><div align=\"center\"><b><\/b><font size=\"4\">PLANO DE AFASTAMENTO DE DOCENTES PARA P\u00d3S-GRADUA\u00c7\u00c3O \u2013 1975\/1979<\/b><\/font><\/div><\/th>\r\n<tr><th>N\u00ba<\/th><th>NOME<\/th><th>CATEGORIA<\/th><th>REGIME<\/th><th>GRAU OBTER<\/th><th>ANO DE SA\u00cdDA<\/th><th>ANO DE RETORNO<\/th><th>ENTIDADE<\/th><th>P\/E<\/th><th>ASSINATURA DO DOCENTE<\/th><\/tr>\r\n<tr><th>I<\/th><th>II<\/th><th>III<\/th><th>IV<\/th><th>V<\/th><th>VI<\/th><th>VII<\/th><th>VIII<\/th><th>IX<\/th><th>X<\/th><\/tr>\r\n<tr><th>&nbsp;<\/th><th>&nbsp;<\/th><th>&nbsp;<\/th><th>&nbsp;<\/th><th>&nbsp;<\/th><th>&nbsp;<\/th><th>&nbsp;<\/th><th>&nbsp;<\/th><th>&nbsp;<\/th><th>&nbsp;<\/th><\/tr>\r\n<tr><th>&nbsp;<\/th><th>&nbsp;<\/th><th>&nbsp;<\/th><th>&nbsp;<\/th><th>&nbsp;<\/th><th>&nbsp;<\/th><th>&nbsp;<\/th><th>&nbsp;<\/th><th>&nbsp;<\/th><th>&nbsp;<\/th><\/tr>\r\n<tr><th>&nbsp;<\/th><th>&nbsp;<\/th><th>&nbsp;<\/th><th>&nbsp;<\/th><th>&nbsp;<\/th><th>&nbsp;<\/th><th>&nbsp;<\/th><th>&nbsp;<\/th><th>&nbsp;<\/th><th>&nbsp;<\/th><\/tr>\r\n<tr><th>&nbsp;<\/th><th>&nbsp;<\/th><th>&nbsp;<\/th><th>&nbsp;<\/th><th>&nbsp;<\/th><th>&nbsp;<\/th><th>&nbsp;<\/th><th>&nbsp;<\/th><th>&nbsp;<\/th><th>&nbsp;<\/th><\/tr>\r\n<tr><th>&nbsp;<\/th><th>&nbsp;<\/th><th>&nbsp;<\/th><th>&nbsp;<\/th><th>&nbsp;<\/th><th>&nbsp;<\/th><th>&nbsp;<\/th><th>&nbsp;<\/th><th>&nbsp;<\/th><th>&nbsp;<\/th><\/tr>\r\n<tr><th>&nbsp;<\/th><th>&nbsp;<\/th><th>&nbsp;<\/th><th>&nbsp;<\/th><th>&nbsp;<\/th><th>&nbsp;<\/th><th>&nbsp;<\/th><th>&nbsp;<\/th><th>&nbsp;<\/th><th>&nbsp;<\/th><\/tr>\r\n<tr><th>&nbsp;<\/th><th>&nbsp;<\/th><th>&nbsp;<\/th><th>&nbsp;<\/th><th>&nbsp;<\/th><th>&nbsp;<\/th><th>&nbsp;<\/th><th>&nbsp;<\/th><th>&nbsp;<\/th><th>&nbsp;<\/th><\/tr>\r\n<tr><th>&nbsp;<\/th><th>&nbsp;<\/th><th>&nbsp;<\/th><th>&nbsp;<\/th><th>&nbsp;<\/th><th>&nbsp;<\/th><th>&nbsp;<\/th><th>&nbsp;<\/th><th>&nbsp;<\/th><th>&nbsp;<\/th><\/tr>\r\n<tr><th>&nbsp;<\/th><th>&nbsp;<\/th><th>&nbsp;<\/th><th>&nbsp;<\/th><th>&nbsp;<\/th><th>&nbsp;<\/th><th>&nbsp;<\/th><th>&nbsp;<\/th><th>&nbsp;<\/th><th>&nbsp;<\/th><\/tr>\r\n<tr><th>&nbsp;<\/th><th>&nbsp;<\/th><th>&nbsp;<\/th><th>&nbsp;<\/th><th>&nbsp;<\/th><th>&nbsp;<\/th><th>&nbsp;<\/th><th>&nbsp;<\/th><th>&nbsp;<\/th><th>&nbsp;<\/th><\/tr>\r\n<\/div><\/table>\r\n<\/strike>\r\n<br>\r\n<p><font color=\"red0000\">Este texto n\u00e3o substitui o documento original, publicado no Portal de Documentos.<\/font> Dispon\u00edvel em: <a href=\"https:\/\/portal.ufsm.br\/documentos\/publico\/documento.html?id=5741944\" target=\"_blank\"><font color=\"blue\">https:\/\/portal.ufsm.br\/documentos\/publico\/documento.html?id=5741944<\/font><\/a>\r\n\r\n\t\t<\/div>\n\t\t\t\t<\/div>\n\t\t\t\t\t<\/div>\n\t\t<\/div>\n\t\t\t\t\t<\/div>\n\t\t<\/section>\n\t\t\t\t<\/div>\n\t\t","protected":false},"excerpt":{"rendered":"<p>RESOLU\u00c7\u00c3O N. 009\/1974 RESOLU\u00c7\u00c3O N\u00ba 09\/74 Revogada pela Resolu\u00e7\u00e3o N. 022\/2020 O Reitor da Universidade Federal de Santa Maria, no uso de suas atribui\u00e7\u00f5es legais e tendo em vista o que consta no Processo 43.695\/74: &#8211; Considerando a real necessidade de ser planejado o afastamento de docentes, visando a realiza\u00e7\u00e3o de cursos de P\u00f3s-Gradua\u00e7\u00e3o; &#8211; [&hellip;]<\/p>\n","protected":false},"author":205,"featured_media":0,"parent":0,"menu_order":0,"comment_status":"closed","ping_status":"closed","template":"","meta":{"footnotes":""},"categories":[],"tags":[],"class_list":["post-3965","page","type-page","status-publish","hentry"],"acf":[],"_links":{"self":[{"href":"https:\/\/www.ufsm.br\/pro-reitorias\/proplan\/wp-json\/wp\/v2\/pages\/3965","targetHints":{"allow":["GET"]}}],"collection":[{"href":"https:\/\/www.ufsm.br\/pro-reitorias\/proplan\/wp-json\/wp\/v2\/pages"}],"about":[{"href":"https:\/\/www.ufsm.br\/pro-reitorias\/proplan\/wp-json\/wp\/v2\/types\/page"}],"author":[{"embeddable":true,"href":"https:\/\/www.ufsm.br\/pro-reitorias\/proplan\/wp-json\/wp\/v2\/users\/205"}],"replies":[{"embeddable":true,"href":"https:\/\/www.ufsm.br\/pro-reitorias\/proplan\/wp-json\/wp\/v2\/comments?post=3965"}],"version-history":[{"count":0,"href":"https:\/\/www.ufsm.br\/pro-reitorias\/proplan\/wp-json\/wp\/v2\/pages\/3965\/revisions"}],"wp:attachment":[{"href":"https:\/\/www.ufsm.br\/pro-reitorias\/proplan\/wp-json\/wp\/v2\/media?parent=3965"}],"wp:term":[{"taxonomy":"category","embeddable":true,"href":"https:\/\/www.ufsm.br\/pro-reitorias\/proplan\/wp-json\/wp\/v2\/categories?post=3965"},{"taxonomy":"post_tag","embeddable":true,"href":"https:\/\/www.ufsm.br\/pro-reitorias\/proplan\/wp-json\/wp\/v2\/tags?post=3965"}],"curies":[{"name":"wp","href":"https:\/\/api.w.org\/{rel}","templated":true}]}}