{"id":3967,"date":"2020-07-20T11:08:55","date_gmt":"2020-07-20T14:08:55","guid":{"rendered":"https:\/\/www.ufsm.br\/pro-reitorias\/proplan\/?page_id=3967"},"modified":"2022-03-15T14:40:46","modified_gmt":"2022-03-15T17:40:46","slug":"resolucao-n-023-2020","status":"publish","type":"page","link":"https:\/\/www.ufsm.br\/pro-reitorias\/proplan\/resolucao-n-023-2020","title":{"rendered":"Resolu\u00e7\u00e3o N. 023\/2020"},"content":{"rendered":"\t\t<div data-elementor-type=\"wp-page\" data-elementor-id=\"3967\" class=\"elementor elementor-3967\">\n\t\t\t\t\t\t<section class=\"elementor-section elementor-top-section elementor-element elementor-element-1f7051c elementor-section-boxed elementor-section-height-default elementor-section-height-default\" data-id=\"1f7051c\" data-element_type=\"section\">\n\t\t\t\t\t\t<div class=\"elementor-container elementor-column-gap-default\">\n\t\t\t\t\t<div class=\"elementor-column elementor-col-100 elementor-top-column elementor-element elementor-element-6872745\" data-id=\"6872745\" data-element_type=\"column\">\n\t\t\t<div class=\"elementor-widget-wrap elementor-element-populated\">\n\t\t\t\t\t\t<div class=\"elementor-element elementor-element-63aa008 elementor-widget elementor-widget-html\" data-id=\"63aa008\" data-element_type=\"widget\" data-widget_type=\"html.default\">\n\t\t\t\t<div class=\"elementor-widget-container\">\n\t\t\t\r\n\r\n\r\n<title><b>RESOLU\u00c7\u00c3O N. 023\/2020<\/b><\/title>\r\n\r\n\r\n<div align=\"center\"><img decoding=\"async\" src=\"https:\/\/www.ufsm.br\/pro-reitorias\/proplan\/wp-content\/uploads\/sites\/344\/2019\/09\/brasao-da-republica-do-brasil-logo.png\" alt=\"Bras\u00e3o Rep\u00fablica Federativa do Brasil\" width=\"6%\" height=\"6%\"><\/div>    \r\n<h1><font color=\"blue\"><font size=\"5\"><div align=\"center\">MINIST\u00c9RIO DA EDUCA\u00c7\u00c3O<\/b><\/font><\/font><\/div><\/H1>\r\n<p><b><font color=\"0000blue\"><div align=\"center\">UNIVERSIDADE FEDERAL DE SANTA MARIA<\/b><\/font><\/div><\/p>\r\n\r\n<p><div align=\"center\"><b><a href=\"https:\/\/portal.ufsm.br\/documentos\/publico\/documento.html?id=13115038\" target=\"_blank\"><font color=\"blue\">RESOLU\u00c7\u00c3O N. 023\/202O<\/font><\/a><\/b><\/div><\/p>\r\n<br>\r\n<p><div align=\"right\"><font color=\"800000\"><s>Aprova a cria\u00e7\u00e3o do Programa de P\u00f3s-Gradua\u00e7\u00e3o em Ci\u00eancias Cont\u00e1beis (PPGCC) e do Curso de Ci\u00eancias Cont\u00e1beis em n\u00edvel de mestrado acad\u00eamico no Centro de Ci\u00eancias Sociais e Humanas (CCSH) da Universidade Federal de Santa Maria (UFSM).<\/s><\/font><\/div><\/p>\r\n<br>\r\n<p><a href=\"https:\/\/www.ufsm.br\/pro-reitorias\/proplan\/resolucao-ufsm-n-076-2022\/\" target=\"_blank\"><font color=\"blue\">Revogada pela Resolu\u00e7\u00e3o UFSM N. 076\/2022<\/font><\/a><\/p>\r\n<br><div align=\"justify\">\r\n<p><s>O REITOR DA UNIVERSIDADE FEDERAL DE SANTA MARIA, no uso de suas atribui\u00e7\u00f5es legais e estatut\u00e1rias e considerando:<\/p>\r\n<p>\u2013 o Art. 56 da <a href=\"http:\/\/www.planalto.gov.br\/ccivil_03\/leis\/l9394.htm\" target=\"_blank\"><font color=\"blue\"><u>Lei N. 9.394, de 20 de dezembro de 1996<\/u><\/font><\/a>, que estabelece as diretrizes e bases da educa\u00e7\u00e3o nacional;<\/p>\r\n<p>\u2013 o <a href=\"http:\/\/www.planalto.gov.br\/ccivil_03\/_ato2015-2018\/2017\/decreto\/D9191.htm\" target=\"_blank\"><font color=\"blue\"><u>Decreto N. 9.191, de 1\u00b0 de novembro de 2017<\/u><\/font><\/a>, que estabelece as normas e as diretrizes para elabora\u00e7\u00e3o, reda\u00e7\u00e3o, altera\u00e7\u00e3o, consolida\u00e7\u00e3o e encaminhamento de propostas de atos normativos ao Presidente da Rep\u00fablica pelos Ministros de Estado;<\/p>\r\n<p>- o <a href=\"https:\/\/www.ufsm.br\/pro-reitorias\/proplan\/regimento-geral-da-ufsm-2011\/\" target=\"_blank\"><font color=\"blue\"><u>Regimento da UFSM<\/u><\/font><\/a>, disposto na <a href=\"https:\/\/www.ufsm.br\/pro-reitorias\/proplan\/resolucao-n-006-2011\/\" target=\"_blank\"><font color=\"blue\"><u>Resolu\u00e7\u00e3o N. 006\/2011<\/u><\/font><\/a>, atualizado pela <a href=\"https:\/\/www.ufsm.br\/pro-reitorias\/proplan\/resolucao-n-016-2019\/\" target=\"_blank\"><font color=\"blue\"><u>Resolu\u00e7\u00e3o N. 016\/2019<\/u><\/font><\/a>;<\/p>\r\n<p>- o <a href=\"https:\/\/www.ufsm.br\/pro-reitorias\/proplan\/regimento-geral-da-pos-graduacao-stricto-sensu-e-lato-sensu-da-ufsm\/\" target=\"_blank\"><font color=\"blue\"><u>Regimento Geral da P\u00f3s-Gradua\u00e7\u00e3o Strictu Sensu e Latu Sensu<\/u><\/font><\/a>, aprovado pela <a href=\"https:\/\/www.ufsm.br\/pro-reitorias\/proplan\/resolucao-n-015-2014\/\" target=\"_blank\"><font color=\"blue\"><u>Resolu\u00e7\u00e3o N. 015\/2014<\/u><\/font><\/a>, da Universidade Federal de Santa Maria (UFSM), com altera\u00e7\u00f5es das <a href=\"https:\/\/www.ufsm.br\/pro-reitorias\/proplan\/resolucao-n-040-2019\/\" target=\"_blank\"><font color=\"blue\"><u>Resolu\u00e7\u00f5es N. 040\/2019<\/u><\/font><\/a> e <a href=\"https:\/\/www.ufsm.br\/pro-reitorias\/proplan\/resolucao-n-009-2020\/\" target=\"_blank\"><font color=\"blue\"><u>N. 009\/2020<\/u><\/font><\/a>;<\/p>\r\n<p>- o Parecer N. 003\/2019 da Comiss\u00e3o de Ensino, Pesquisa e Extens\u00e3o (COMEPE), aprovado na 930\u00aa Sess\u00e3o do Conselho de Ensino, Pesquisa e Extens\u00e3o (CEPE), de 14 de mar\u00e7o de 2019, referente ao Processo N. <a href=\"23081.052021\/2018-91\" target=\"_blank\"><font color=\"blue\"><u>23081.052021\/2018-91<\/u><\/font><\/a>; e<\/p>\r\n<p>- o Parecer ad referendum da Comiss\u00e3o de Legisla\u00e7\u00e3o e Regimentos (CLR) do Conselho Universit\u00e1rio (CONSU) referente ao Processo N. <a href=\"23081.052021\/2018-91\" target=\"_blank\"><font color=\"blue\"><u>23081.052021\/2018-91<\/u><\/font><\/a>.<\/p>\r\n\r\n<p>RESOLVE:\r\n\r\n<p>Art. 1\u00ba Aprovar a cria\u00e7\u00e3o do Programa de P\u00f3s-Gradua\u00e7\u00e3o em Ci\u00eancias Cont\u00e1beis (PPGCC) e do Curso de Ci\u00eancias Cont\u00e1beis em n\u00edvel de mestrado acad\u00eamico Centro de Ci\u00eancias Sociais e Humanas (CCSH) da Universidade Federal de Santa Maria (UFSM). <\/p>\r\n<p>Art. 2\u00ba Fica igualmente criada a Coordena\u00e7\u00e3o Acad\u00eamica do referido curso, para efeitos de seu registro no Sistema Estruturante Interno da Institui\u00e7\u00e3o.<\/p>\r\n<p>Art. 3\u00ba Esta resolu\u00e7\u00e3o entra em vigor uma semana ap\u00f3s a data de sua publica\u00e7\u00e3o e sempre no primeiro dia do m\u00eas ou em seu primeiro dia \u00fatil.<\/p>\r\n<p>\u00a71\u00ba O disposto neste artigo n\u00e3o se aplica \u00e0s hip\u00f3teses de urg\u00eancia justi\ufb01cada no expediente administrativo.<\/p>\r\n<p>\u00a72\u00ba Havendo qualquer modifica\u00e7\u00e3o legislativa, ou ainda, havendo qualquer situa\u00e7\u00e3o legal que impacte na legalidade da presente Resolu\u00e7\u00e3o, a mesma se aplica de imediato.<\/p>\r\n\r\n\r\n<p>Paulo Afonso Burmann<\/p>\r\n<p>Reitor<\/s><\/p>\r\n\r\n<p><font color=\"red0000\">Este texto n\u00e3o substitui o documento original, publicado no Portal de Documentos.<\/font> Dispon\u00edvel em: <a href=\"https:\/\/portal.ufsm.br\/documentos\/publico\/documento.html?id=13115038\"><font color=\"blue\">https:\/\/portal.ufsm.br\/documentos\/publico\/documento.html?id=13115038<\/font><\/a>\r\n\r\n\t\t<\/div>\n\t\t\t\t<\/div>\n\t\t\t\t\t<\/div>\n\t\t<\/div>\n\t\t\t\t\t<\/div>\n\t\t<\/section>\n\t\t\t\t<\/div>\n\t\t","protected":false},"excerpt":{"rendered":"<p>RESOLU\u00c7\u00c3O N. 023\/2020 MINIST\u00c9RIO DA EDUCA\u00c7\u00c3O UNIVERSIDADE FEDERAL DE SANTA MARIA RESOLU\u00c7\u00c3O N. 023\/202O Aprova a cria\u00e7\u00e3o do Programa de P\u00f3s-Gradua\u00e7\u00e3o em Ci\u00eancias Cont\u00e1beis (PPGCC) e do Curso de Ci\u00eancias Cont\u00e1beis em n\u00edvel de mestrado acad\u00eamico no Centro de Ci\u00eancias Sociais e Humanas (CCSH) da Universidade Federal de Santa Maria (UFSM). Revogada pela Resolu\u00e7\u00e3o UFSM [&hellip;]<\/p>\n","protected":false},"author":206,"featured_media":0,"parent":0,"menu_order":0,"comment_status":"closed","ping_status":"closed","template":"","meta":{"footnotes":""},"categories":[],"tags":[],"class_list":["post-3967","page","type-page","status-publish","hentry"],"acf":[],"_links":{"self":[{"href":"https:\/\/www.ufsm.br\/pro-reitorias\/proplan\/wp-json\/wp\/v2\/pages\/3967","targetHints":{"allow":["GET"]}}],"collection":[{"href":"https:\/\/www.ufsm.br\/pro-reitorias\/proplan\/wp-json\/wp\/v2\/pages"}],"about":[{"href":"https:\/\/www.ufsm.br\/pro-reitorias\/proplan\/wp-json\/wp\/v2\/types\/page"}],"author":[{"embeddable":true,"href":"https:\/\/www.ufsm.br\/pro-reitorias\/proplan\/wp-json\/wp\/v2\/users\/206"}],"replies":[{"embeddable":true,"href":"https:\/\/www.ufsm.br\/pro-reitorias\/proplan\/wp-json\/wp\/v2\/comments?post=3967"}],"version-history":[{"count":0,"href":"https:\/\/www.ufsm.br\/pro-reitorias\/proplan\/wp-json\/wp\/v2\/pages\/3967\/revisions"}],"wp:attachment":[{"href":"https:\/\/www.ufsm.br\/pro-reitorias\/proplan\/wp-json\/wp\/v2\/media?parent=3967"}],"wp:term":[{"taxonomy":"category","embeddable":true,"href":"https:\/\/www.ufsm.br\/pro-reitorias\/proplan\/wp-json\/wp\/v2\/categories?post=3967"},{"taxonomy":"post_tag","embeddable":true,"href":"https:\/\/www.ufsm.br\/pro-reitorias\/proplan\/wp-json\/wp\/v2\/tags?post=3967"}],"curies":[{"name":"wp","href":"https:\/\/api.w.org\/{rel}","templated":true}]}}