{"id":3976,"date":"2020-07-27T16:02:26","date_gmt":"2020-07-27T19:02:26","guid":{"rendered":"https:\/\/www.ufsm.br\/pro-reitorias\/proplan\/?page_id=3976"},"modified":"2025-04-15T11:03:25","modified_gmt":"2025-04-15T14:03:25","slug":"resolucao-n-017-2017","status":"publish","type":"page","link":"https:\/\/www.ufsm.br\/pro-reitorias\/proplan\/resolucao-n-017-2017","title":{"rendered":"Resolu\u00e7\u00e3o N. 017\/2017"},"content":{"rendered":"\t\t<div data-elementor-type=\"wp-page\" data-elementor-id=\"3976\" class=\"elementor elementor-3976\">\n\t\t\t\t\t\t<section class=\"elementor-section elementor-top-section elementor-element elementor-element-9e77045 elementor-section-boxed elementor-section-height-default elementor-section-height-default\" data-id=\"9e77045\" data-element_type=\"section\">\n\t\t\t\t\t\t<div class=\"elementor-container elementor-column-gap-default\">\n\t\t\t\t\t<div class=\"elementor-column elementor-col-100 elementor-top-column elementor-element elementor-element-82ba5df\" data-id=\"82ba5df\" data-element_type=\"column\">\n\t\t\t<div class=\"elementor-widget-wrap elementor-element-populated\">\n\t\t\t\t\t\t<div class=\"elementor-element elementor-element-8046393 elementor-widget elementor-widget-html\" data-id=\"8046393\" data-element_type=\"widget\" data-widget_type=\"html.default\">\n\t\t\t\t<div class=\"elementor-widget-container\">\n\t\t\t<br><div align=\"justify\"><font color=\"black\">\r\n<div align=\"center\">\r\n<img decoding=\"async\" src=\"https:\/\/www.ufsm.br\/pro-reitorias\/proplan\/wp-content\/uploads\/sites\/344\/2019\/09\/brasao-da-republica-do-brasil-logo.png\" alt=\"Bras\u00e3o Rep\u00fablica Federativa do Brasil\" width=\"6%\" height=\"6%\" style=\"text-align: justify\">\r\n<\/div>    \r\n<h1 style=\"text-align: justify\">\r\n<font color=\"blue\">\r\n<font size=\"5\">\r\n<\/font>\r\n<\/font>\r\n<div align=\"center\">\r\n<font color=\"blue\" style=\"text-align: justify\">\r\n<font size=\"5\">MINIST\u00c9RIO DA EDUCA\u00c7\u00c3O<\/font>\r\n<\/font>\r\n<\/div>\r\n<\/h1>\r\n<p>\r\n<b>\r\n<font color=\"0000blue\">\r\n<\/font>\r\n<\/b>\r\n<\/p>\r\n<div align=\"center\">\r\n<b style=\"text-align: justify\">\r\n<font color=\"0000blue\">UNIVERSIDADE FEDERAL DE SANTA MARIA<\/font>\r\n<\/b>\r\n<\/div>\r\n<p>\r\n<\/p>\r\n\r\n<p>\r\n<\/p>\r\n<div align=\"center\">\r\n<b style=\"text-align: justify\">\r\n<a href=\"https:\/\/portal.ufsm.br\/documentos\/publico\/documento.html?id=8607212\" style=\"color: blue !important;text-decoration: underline !important\" data-elementor-preserved=\"true\">\r\n<font color=\"blue\">RESOLU\u00c7\u00c3O N. 017\/2017<\/font>\r\n<\/a>\r\n<\/b>\r\n<\/div>\r\n<p>\r\n<\/p>\r\n<br>\r\n<p>\r\n<\/p>\r\n<div align=\"right\">\r\n<font color=\"800000\" style=\"text-align: justify\">\r\n<strike>\r\n    <div style=\"color: #800000;width: 60%;margin-left: auto;margin-right: 0;text-align: justify;font-weight: normal\">\r\n      Aprova a cria\u00e7\u00e3o do N\u00facleo de Gest\u00e3o de Laborat\u00f3rios \u2013 SGLab CT, como \u00d3rg\u00e3o Suplementar Setorial na estrutura organizacional do Centro de Tecnologia \u2013 CT e d\u00e1 outras provid\u00eancias.\r\n    <\/div>\r\n<\/strike>\r\n<\/font>\r\n<\/div>\r\n<p>\r\n<\/p>\r\n<div>\r\n<br>\r\n<\/div>\r\n<div>Revogada pela&nbsp;<a href=\"https:\/\/www.ufsm.br\/pro-reitorias\/proplan\/resolucao-ufsm-n-201-2025\" style=\"color: blue !important;text-decoration: underline !important\" data-elementor-preserved=\"true\">Resolu\u00e7\u00e3o UFSM N. 201\/2025<\/a>\r\n<\/div>\r\n<div>\r\n<br>\r\n<\/div>\r\n<div align=\"justify\">\r\n<p>\r\n<strike>O REITOR DA UNIVERSIDADE FEDERAL DE SANTA MARIA, no uso de suas atribui\u00e7\u00f5es legais e estatut\u00e1rias e considerando:<\/strike>\r\n<\/p>\r\n<p>\r\n<strike>- O SGLab CT visa atuar no desenvolvimento, na gest\u00e3o e na execu\u00e7\u00e3o de atividades relacionadas a implanta\u00e7\u00e3o e manuten\u00e7\u00e3o dos sistemas da qualidade dos laborat\u00f3rios de ensaio e calibra\u00e7\u00e3o do CT baseados na ABNT NBR ISSO\/IEC 17025;<\/strike>\r\n<\/p>\r\n<p>\r\n<strike>- o Parecer n. 015\/2016 da Comiss\u00e3o de Legisla\u00e7\u00e3o e Normas do Centro de Tecnologia de 23\/08\/2016, aprovado na Sess\u00e3o n. 510\u00aa de 15\/06\/2016;<\/strike>\r\n<\/p> \r\n<p>\r\n<strike>- o Parecer n. 066\/2017 da Comiss\u00e3o de Legisla\u00e7\u00e3o e Regimentos (CLR), aprovado na 798\u00aa Sess\u00e3o do Conselho Universit\u00e1rio, de 11 de agosto de 2017, referente ao Processo n. <a href=\"https:\/\/portal.ufsm.br\/documentos\/publico\/processo\/documento.html?idDocumento=7569309\" style=\"color: blue !important;text-decoration: underline !important\" data-elementor-preserved=\"true\" target=\"_blank\">\r\n<font color=\"blue\">23081.020557\/2016-85<\/font>\r\n<\/a>, e<\/strike>\r\n<\/p>\r\n<p>\r\n<strike>- o Parecer n. 082\/2017 da Comiss\u00e3o de Legisla\u00e7\u00e3o e Regimentos (CLR), aprovado na 800\u00aa Sess\u00e3o do Conselho Universit\u00e1rio, de 05 de outubro de 2017, referente ao Processo n. <a href=\"https:\/\/portal.ufsm.br\/documentos\/publico\/processo\/documento.html?idDocumento=7569309\" style=\"color: blue !important;text-decoration: underline !important\" data-elementor-preserved=\"true\" target=\"_blank\">\r\n<font color=\"blue\">23081.020557\/2016-85<\/font>\r\n<\/a>.<\/strike>\r\n<\/p>\r\n<strike>\r\n<br>\r\n<\/strike>\r\n<p>\r\n<strike>\r\n<b>\r\n<\/b>\r\n<\/strike>\r\n<\/p>\r\n<div align=\"center\">\r\n<b style=\"text-align: justify\">\r\n<strike>RESOLVE:<\/strike>\r\n<\/b>\r\n<\/div>\r\n<p>\r\n<\/p>\r\n<strike>\r\n<br>\r\n<\/strike>\r\n<p>\r\n<strike>Art. 1\u00ba Aprovar a cria\u00e7\u00e3o do N\u00facleo de Gest\u00e3o de Laborat\u00f3rios \u2013 SGLab CT, como \u00d3rg\u00e3o Suplementar Setorial na estrutura organizacional do Centro de Tecnologia \u2013 CT.<\/strike>\r\n<\/p>\r\n<p>\r\n<strike>Par\u00e1grafo \u00fanico. O Regimento Interno do N\u00facleo de Gest\u00e3o de Laborat\u00f3rios \u2013 SGLab \u00e9 aprovado na forma de Anexo a esse ato.<\/strike>\r\n<\/p>\r\n\r\n<p>\r\n<strike>Art. 2\u00ba Caber\u00e1 \u00e0 Pr\u00f3-Reitoria de Planejamento proceder \u00e0s altera\u00e7\u00f5es no Sistema de Classifica\u00e7\u00e3o Institucional, \u00e0 Pr\u00f3-Reitoria de Gest\u00e3o de Pessoas a relota\u00e7\u00e3o dos recursos humanos e destina\u00e7\u00e3o de fun\u00e7\u00e3o gratificada FG7.146 ao Chefe do N\u00facleo de Gest\u00e3o de Laborat\u00f3rios, e ao Departamento de Material e Patrim\u00f4nio a adequa\u00e7\u00e3o do registro dos m\u00f3veis e equipamentos.<\/strike>\r\n<\/p>\r\n<p>\r\n<strike>Art. 3\u00ba Esta resolu\u00e7\u00e3o entrar\u00e1 em vigor na data de sua assinatura e revoga as disposi\u00e7\u00f5es em contr\u00e1rio.<\/strike>\r\n<\/p>\r\n<strike>\r\n<br>\r\n<\/strike>\r\n<p>\r\n<strike>GABINETE DO REITOR DA UNIVERSIDADE FEDERAL DE SANTA MARIA, aos cinco dias do m\u00eas de outubro do ano dois mil e dezessete.<\/strike>\r\n<\/p>\r\n<strike>\r\n<br>\r\n<\/strike>\r\n<\/div>\r\n<p>\r\n<strike>Paulo Afonso Burmann,<\/strike>\r\n<\/p>\r\n<p>\r\n<strike>Reitor.<\/strike>\r\n<\/p>\r\n<strike>\r\n<br>\r\n<br>\r\n<\/strike>\r\n<p>\r\n<strike>\r\n<b>\r\n<\/b>\r\n<\/strike>\r\n<\/p>\r\n<div align=\"center\">\r\n<b style=\"text-align: justify\">\r\n<strike>REGIMENTO INTERNO DO N\u00daCLEO DE GEST\u00c3O DE LABORAT\u00d3RIOS - SGLab CT <\/strike>\r\n<\/b>\r\n<\/div>\r\n<p>\r\n<\/p> \r\n<strike>\r\n<br>\r\n<\/strike>\r\n<p>\r\n<strike>\r\n<b>\r\n<\/b>\r\n<\/strike>\r\n<\/p>\r\n<div align=\"center\">\r\n<b style=\"text-align: justify\">\r\n<strike>Anexo da Resolu\u00e7\u00e3o n. 017\/2017, de 05.10.2017.<\/strike>\r\n<\/b>\r\n<\/div>\r\n<p>\r\n<\/p>\r\n<strike>\r\n<br>\r\n<\/strike>\r\n<p>\r\n<strike>\r\n<b>\r\n<\/b>\r\n<\/strike>\r\n<\/p>\r\n<div align=\"center\">\r\n<b style=\"text-align: justify\">\r\n<strike>CAP\u00cdTULO I<\/strike>\r\n<\/b>\r\n<\/div>\r\n<p>\r\n<\/p> \r\n<p>\r\n<strike>\r\n<b>\r\n<\/b>\r\n<\/strike>\r\n<\/p>\r\n<div align=\"center\">\r\n<b style=\"text-align: justify\">\r\n<strike>DA CATEGORIA E FINALIDADE<\/strike>\r\n<\/b>\r\n<\/div>\r\n<p>\r\n<\/p> \r\n<strike>\r\n<br>\r\n<\/strike>\r\n<p>\r\n<strike>Art.  1\u00b0 Este  Regimento  Interno  disciplina  os  aspectos  administrativos  do  N\u00facleo  de Gest\u00e3o  de  Laborat\u00f3rios  do  Centro  de  Tecnologia  (SGLab  CT),  \u00f3rg\u00e3o  suplementar setorial subordinado  diretamente  ao  Centro  de  Tecnologia  (CT)  da  Universidade  Federal  de  Santa  Maria (UFSM),  e  estabelece  suas  diretrizes  fundamentais  de  opera\u00e7\u00e3o.<\/strike>\r\n<\/p> \r\n<p>\r\n<strike>Art.  2\u00ba O  SGLab  CT  tem  por  objetivo  atuar  no  desenvolvimento,  na  gest\u00e3o  e  na execu\u00e7\u00e3o  de  atividades  relacionadas  a  implanta\u00e7\u00e3o  e  manuten\u00e7\u00e3o  dos  sistemas  da  qualidade  dos laborat\u00f3rios  de  ensaio  e  calibra\u00e7\u00e3o  do  CT  baseados  na  ABNT  NBR  ISO\/IEC  17025.<\/strike>\r\n<\/p> \r\n<p>\r\n<strike>\u00a7 1\u00ba Sem  preju\u00edzo  do  seu  objetivo  principal,  os  laborat\u00f3rios  do  SGLab  CT  poder\u00e3o prestar  servi\u00e7os  para  a  comunidade  interna  e\/ou  externa  \u00e0  Universidade,  mediante  a  celebra\u00e7\u00e3o de  projetos.  acordos,  conv\u00eanios  ou  contratos.  observadas  as  disposi\u00e7\u00f5es  legais  a  respeito. <\/strike>\r\n<\/p>\r\n<p>\r\n<strike>\u00a7 2\u00ba  O  SGLab  CT  desenvolve  suas  atividades  junto  aos  laborat\u00f3rios  que solicitarem apoio  e  pretenderem  ter  um  sistema  de  gest\u00e3o  baseado  na  ABNT  NBR  ISO\/IEC  17025. <\/strike>\r\n<\/p>\r\n<p>\r\n<strike>\u00a7 3\u00ba O  SGLab  n\u00e3o  interferir\u00e1  na  gest\u00e3o  da  rotina  do  laborat\u00f3rio  e  garantir\u00e1  a confidencialidade  dos  assuntos  tratados  por  estes. <\/strike>\r\n<\/p>\r\n<strike>\r\n<br>\r\n<\/strike>\r\n<p>\r\n<strike>\r\n<b>\r\n<\/b>\r\n<\/strike>\r\n<\/p>\r\n<div align=\"center\">\r\n<b style=\"text-align: justify\">\r\n<strike>CAP\u00cdTULO  II<\/strike>\r\n<\/b>\r\n<\/div>\r\n<p>\r\n<\/p>\r\n<p>\r\n<strike>\r\n<b>\r\n<\/b>\r\n<\/strike>\r\n<\/p>\r\n<div align=\"center\">\r\n<b style=\"text-align: justify\">\r\n<strike>DA  ORGANIZA\u00c7\u00c3O<\/strike>\r\n<\/b>\r\n<\/div>\r\n<p>\r\n<\/p> \r\n<strike>\r\n<br>\r\n<\/strike>\r\n<p>\r\n<strike>Art.  3\u00b0 O  SGLab  CT  em  sua  organiza\u00e7\u00e3o  compreende: <\/strike>\r\n<\/p>\r\n<p>\r\n<strike>I-  Dire\u00e7\u00e3o <\/strike>\r\n<\/p>\r\n<p>\r\n<strike>a)  Secretaria  de  Apoio  Administrativo <\/strike>\r\n<\/p>\r\n<p>\r\n<strike>Art.  4\u00ba  O  SGLab  CT  pode  dar  suporte  na  gest\u00e3o  dos  laborat\u00f3rios  que  far\u00e3o  parte  do SGLab  CT. <\/strike>\r\n<\/p>\r\n<strike>\r\n<br>\r\n<\/strike>\r\n<p>\r\n<strike>\r\n<b>\r\n<\/b>\r\n<\/strike>\r\n<\/p>\r\n<div align=\"center\">\r\n<b style=\"text-align: justify\">\r\n<strike>CAP\u00cdTULO  III<\/strike>\r\n<\/b>\r\n<\/div>\r\n<p>\r\n<\/p> \r\n<p>\r\n<strike>\r\n<b>\r\n<\/b>\r\n<\/strike>\r\n<\/p>\r\n<div align=\"center\">\r\n<b style=\"text-align: justify\">\r\n<strike>DA  ESTRUTURA  T\u00c9CNICO-ADMINISTRATIVA<\/strike>\r\n<\/b>\r\n<\/div>\r\n<p>\r\n<\/p>\r\n<strike>\r\n<br>\r\n<\/strike>\r\n<p>\r\n<strike>Art.  5\u00ba  A  administra\u00e7\u00e3o  do  SGLAb  CT  ser\u00e1  exercida  por  um  Diretor  e  por  uma Secretaria  de  Apoio.<\/strike>\r\n<\/p>\r\n<p>\r\n<strike>\u00a7 1\u00ba O  Chefe  do  N\u00facleo  de  Gest\u00e3o  de  Laborat\u00f3rios  -  SGLAb  CT  e  seu  substituto  ser\u00e3o designados  conforme  art.  53  do  cap\u00edtulo  IV  do  Estatuto  da UFSM,  dentre  os  docentes  ou servidores  lotados  nos  laborat\u00f3rios  que  far\u00e3o  parte  do  SGLab  CT.  Na  falta  ou  impedimento  do diretor  do  SGLab  CT  e de seu  diretor  substituto  ser\u00e1  substitu\u00eddo  pelo  docente  cedido  ou servidor.  aquele  mais  antigo  atuando  no  SGLab  CT. <\/strike>\r\n<\/p>\r\n<p>\r\n<strike>\u00a7 2\u00ba  A  Secretaria  ser\u00e1  exercida  por  um  servidor  T\u00e9cnico- Administrativo  em  Educa\u00e7\u00e3o (TAE). <\/strike>\r\n<\/p>\r\n<strike>\r\n<br>\r\n<\/strike>\r\n<p>\r\n<strike>\r\n<b>\r\n<\/b>\r\n<\/strike>\r\n<\/p>\r\n<div align=\"center\">\r\n<b style=\"text-align: justify\">\r\n<strike>CAP\u00cdTULO  IV<\/strike>\r\n<\/b>\r\n<\/div>\r\n<p>\r\n<\/p>\r\n<p>\r\n<strike>\r\n<b>\r\n<\/b>\r\n<\/strike>\r\n<\/p>\r\n<div align=\"center\">\r\n<b style=\"text-align: justify\">\r\n<strike>DO  FUNCIONAMENTO<\/strike>\r\n<\/b>\r\n<\/div>\r\n<p>\r\n<\/p>\r\n<strike>\r\n<br>\r\n<\/strike>\r\n<p>\r\n<strike>Art.  6\u00ba  Ao  SGLAb  CT  s\u00e3o  asseguradas  plena  autonomia  e  independ\u00eancia  no  exerc\u00edcio de  suas  atribui\u00e7\u00f5es. <\/strike>\r\n<\/p>\r\n<p>\r\n<strike>Art.  7\u00ba  Caber\u00e1  ao  SGLab  CT  a  divulga\u00e7\u00e3o  de  suas  rotinas  administrativas,  visando  \u00e0 melhoria  cont\u00ednua  de  suas  a\u00e7\u00f5es. <\/strike>\r\n<\/p>\r\n<p>\r\n<strike>Art.  8\u00ba  Compete  ao  Diretor  do  SGLab  CT: <\/strike>\r\n<\/p>\r\n<p>\r\n<strike>I - cumprir  e  fazer  cumprir  este  Regimento: <\/strike>\r\n<\/p>\r\n<p>\r\n<strike>II - executar  e  planejar  as  a\u00e7\u00f5es  do  SGLab  CT  em  conjunto  com  a  Dire\u00e7\u00e3o  do  Centro de  Tecnologia;<\/strike>\r\n<\/p>\r\n<p>\r\n<strike>III - estabelecer  normas  e  procedimentos  de  funcionamento  interno  do  \u00f3rg\u00e3o  desde  que n\u00e3o  contrariem  este  Regimento  e  outros  Instrumentos  oficiais  da Institui\u00e7\u00e3o; <\/strike>\r\n<\/p>\r\n<p>\r\n<strike>IV  - elaborar  o  Relat\u00f3rio  Anual  de  Atividades  que  dever\u00e1  ser  encaminhado  ao  Diretor do  Centro  de  Tecnologia  em  datas  de  acordo  com  o  calend\u00e1rio  do  SGLab  CT; <\/strike>\r\n<\/p>\r\n<p>\r\n<strike>V  \u2014  organizar  o  plano  de  trabalho  distribuindo  entre  a  equipe  do  SGLab  CT; <\/strike>\r\n<\/p>\r\n<p>\r\n<strike>VI  \u2014  encaminhar  ao  Diretor  do  Centro  de  Tecnologia.  nos  prazos  exigidos,  os  dados relativos  ao  \u00f3rg\u00e3o,  necess\u00e1rios  \u00e0  elabora\u00e7\u00e3o  do  or\u00e7amento  do  Centro: <\/strike>\r\n<\/p>\r\n<p>\r\n<strike>VII  \u2014  manter  e  zelar  pelo  patrim\u00f4nio  do  SGLAb  CT; <\/strike>\r\n<\/p>\r\n<p>\r\n<strike>VIII  \u2014  representar  o  SGLab  CT  ou  se  fazer  representar  sempre  que  se  fizer  necess\u00e1rio; <\/strike>\r\n<\/p>\r\n<p>\r\n<strike>IX  \u2014  exercer  as  demais  atribui\u00e7\u00f5es  inerentes  a  sua  fun\u00e7\u00e3o. <\/strike>\r\n<\/p>\r\n<p>\r\n<strike>Art.  9\u00ba \u00c0  Secretaria  de  Apoio  Administrativo  ao  N\u00facleo  de  Gest\u00e3o  de  Laborat\u00f3rios  - SGLAb  CT  compete: <\/strike>\r\n<\/p>\r\n<p>\r\n<strike>I  \u2014  executar  as  atividades  de  apoio  administrativo  necess\u00e1rias  ao  funcionamento  da secretaria; <\/strike>\r\n<\/p>\r\n<p>\r\n<strike>II \u2014  elaborar  atos  determinados  ou  autorizados  pela  Chefia  do  SGLab  CT; <\/strike>\r\n<\/p>\r\n<p>\r\n<strike>III  \u2014  executar  tarefas  delegadas  pela  Chefia  do  SGLab  CT: <\/strike>\r\n<\/p>\r\n<p>\r\n<strike>IV  \u2014  manter  atualizado  os  arquivos  administrativos  da  secretaria; <\/strike>\r\n<\/p>\r\n<p>\r\n<strike>V  \u2014  controlar  o  recebimento,  movimenta\u00e7\u00e3o  e  expedi\u00e7\u00e3o  de  solicita\u00e7\u00f5es,  processos  e correspond\u00eancias; <\/strike>\r\n<\/p>\r\n<p>\r\n<strike>VI  -  proceder  ao  levantamento  das  necessidades,  solicita\u00e7\u00f5es  e  controle  do  material  de consumo  e  equipamentos;<\/strike>\r\n<\/p> \r\n<p>\r\n<strike>VII  \u2014  organizar  e  manter  atualizado  o  registro  de  patrim\u00f4nio  vinculado  ao  SGLab  CT; <\/strike>\r\n<\/p>\r\n<p>\r\n<strike>VIII  \u2014  realizar  o  controle  sobre  transfer\u00eancia  e  baixa  de  material  em  desuso  vinculado ao  Centro  de  Tecnologia  e  SGLAb  CT;<\/strike>\r\n<\/p>\r\n<p>\r\n<strike>IX  \u2014  manter  e  organizar  o  protocolo  da  Secretaria; <\/strike>\r\n<\/p>\r\n<p>\r\n<strike>X\u2014  zelar  pela  guarda  e  conserva\u00e7\u00e3o  dos  bens  m\u00f3veis  e  im\u00f3veis  na  responsabilidade  da administra\u00e7\u00e3o; <\/strike>\r\n<\/p>\r\n<p>\r\n<strike>XI  \u2014  tornar  p\u00fablico,  por  ordem  superior.  editais,  ordens  de  servi\u00e7o.  avisos  e determina\u00e7\u00f5es  que  devam  ser  divulgadas;  e <\/strike>\r\n<\/p>\r\n<p>\r\n<strike>XII  -  executar  outras  atividades  inerentes  a  sua  \u00e1rea  de  compet\u00eancia. <\/strike>\r\n<\/p>\r\n<strike>\r\n<br>\r\n<\/strike>\r\n<p>\r\n<strike>\r\n<b>\r\n<\/b>\r\n<\/strike>\r\n<\/p>\r\n<div align=\"center\">\r\n<b style=\"text-align: justify\">\r\n<strike>CAP\u00cdTULO  V<\/strike>\r\n<\/b>\r\n<\/div>\r\n<p>\r\n<\/p>\r\n<p>\r\n<strike>\r\n<b>\r\n<\/b>\r\n<\/strike>\r\n<\/p>\r\n<div align=\"center\">\r\n<b style=\"text-align: justify\">\r\n<strike>DISPOSI\u00c7\u00d5ES  GERAIS  E  TRANSIT\u00d3RIAS<\/strike>\r\n<\/b>\r\n<\/div>\r\n<p>\r\n<\/p>\r\n<strike>\r\n<br>\r\n<\/strike>\r\n<p>\r\n<strike>Art.  10  Os  casos  omissos  ser\u00e3o  resolvidos  pela  Dire\u00e7\u00e3o  do  Centro  de  Tecnologia  e Dire\u00e7\u00e3o  do  SGLab  CT. <\/strike>\r\n<\/p>\r\n<p>\r\n<strike>Art.  11  O  presente  Regimento  Interno  entrar\u00e1  em  vigor  a  partir  da  data  de  sua  aprova\u00e7\u00e3o em  reuni\u00e3o  do  Conselho  do  Centro  de  Tecnologia.  <\/strike>\r\n<\/p>\r\n<br>\r\n<p>\r\n<font color=\"red0000\">Este texto n\u00e3o substitui o documento original, publicado no Portal de Documentos.<\/font> Dispon\u00edvel em: <a href=\"https:\/\/portal.ufsm.br\/documentos\/publico\/documento.html?id=8607212\" style=\"color: blue !important;text-decoration: underline !important\" data-elementor-preserved=\"true\">\r\n<font color=\"blue\">https:\/\/portal.ufsm.br\/documentos\/publico\/documento.html?id=8607212<\/font>\r\n<\/a>\r\n<\/p>\r\n<\/font><\/div>\t\t<\/div>\n\t\t\t\t<\/div>\n\t\t\t\t\t<\/div>\n\t\t<\/div>\n\t\t\t\t\t<\/div>\n\t\t<\/section>\n\t\t\t\t<\/div>\n\t\t","protected":false},"excerpt":{"rendered":"<p>MINIST\u00c9RIO DA EDUCA\u00c7\u00c3O UNIVERSIDADE FEDERAL DE SANTA MARIA RESOLU\u00c7\u00c3O N. 017\/2017 Aprova a cria\u00e7\u00e3o do N\u00facleo de Gest\u00e3o de Laborat\u00f3rios \u2013 SGLab CT, como \u00d3rg\u00e3o Suplementar Setorial na estrutura organizacional do Centro de Tecnologia \u2013 CT e d\u00e1 outras provid\u00eancias. Revogada pela&nbsp;Resolu\u00e7\u00e3o UFSM N. 201\/2025 O REITOR DA UNIVERSIDADE FEDERAL DE SANTA MARIA, no uso [&hellip;]<\/p>\n","protected":false},"author":205,"featured_media":0,"parent":0,"menu_order":0,"comment_status":"closed","ping_status":"closed","template":"","meta":{"footnotes":""},"categories":[],"tags":[],"class_list":["post-3976","page","type-page","status-publish","hentry"],"acf":[],"_links":{"self":[{"href":"https:\/\/www.ufsm.br\/pro-reitorias\/proplan\/wp-json\/wp\/v2\/pages\/3976","targetHints":{"allow":["GET"]}}],"collection":[{"href":"https:\/\/www.ufsm.br\/pro-reitorias\/proplan\/wp-json\/wp\/v2\/pages"}],"about":[{"href":"https:\/\/www.ufsm.br\/pro-reitorias\/proplan\/wp-json\/wp\/v2\/types\/page"}],"author":[{"embeddable":true,"href":"https:\/\/www.ufsm.br\/pro-reitorias\/proplan\/wp-json\/wp\/v2\/users\/205"}],"replies":[{"embeddable":true,"href":"https:\/\/www.ufsm.br\/pro-reitorias\/proplan\/wp-json\/wp\/v2\/comments?post=3976"}],"version-history":[{"count":0,"href":"https:\/\/www.ufsm.br\/pro-reitorias\/proplan\/wp-json\/wp\/v2\/pages\/3976\/revisions"}],"wp:attachment":[{"href":"https:\/\/www.ufsm.br\/pro-reitorias\/proplan\/wp-json\/wp\/v2\/media?parent=3976"}],"wp:term":[{"taxonomy":"category","embeddable":true,"href":"https:\/\/www.ufsm.br\/pro-reitorias\/proplan\/wp-json\/wp\/v2\/categories?post=3976"},{"taxonomy":"post_tag","embeddable":true,"href":"https:\/\/www.ufsm.br\/pro-reitorias\/proplan\/wp-json\/wp\/v2\/tags?post=3976"}],"curies":[{"name":"wp","href":"https:\/\/api.w.org\/{rel}","templated":true}]}}