{"id":3977,"date":"2020-07-27T16:02:40","date_gmt":"2020-07-27T19:02:40","guid":{"rendered":"https:\/\/www.ufsm.br\/pro-reitorias\/proplan\/?page_id=3977"},"modified":"2021-07-01T14:25:46","modified_gmt":"2021-07-01T17:25:46","slug":"resolucao-n-030-2017","status":"publish","type":"page","link":"https:\/\/www.ufsm.br\/pro-reitorias\/proplan\/resolucao-n-030-2017","title":{"rendered":"Resolu\u00e7\u00e3o N. 030\/2017"},"content":{"rendered":"\t\t<div data-elementor-type=\"wp-page\" data-elementor-id=\"3977\" class=\"elementor elementor-3977\">\n\t\t\t\t\t\t<section class=\"elementor-section elementor-top-section elementor-element elementor-element-1b999a6 elementor-section-boxed elementor-section-height-default elementor-section-height-default\" data-id=\"1b999a6\" data-element_type=\"section\">\n\t\t\t\t\t\t<div class=\"elementor-container elementor-column-gap-default\">\n\t\t\t\t\t<div class=\"elementor-column elementor-col-100 elementor-top-column elementor-element elementor-element-800e9f3\" data-id=\"800e9f3\" data-element_type=\"column\">\n\t\t\t<div class=\"elementor-widget-wrap elementor-element-populated\">\n\t\t\t\t\t\t<div class=\"elementor-element elementor-element-96e6d01 elementor-widget elementor-widget-html\" data-id=\"96e6d01\" data-element_type=\"widget\" data-widget_type=\"html.default\">\n\t\t\t\t<div class=\"elementor-widget-container\">\n\t\t\t\n\n\n<title><b>RESOLU\u00c7\u00c3O N. 030\/2017<\/b><\/title>\n\n\n<div align=\"center\"><img decoding=\"async\" src=\"https:\/\/www.ufsm.br\/pro-reitorias\/proplan\/wp-content\/uploads\/sites\/344\/2019\/09\/brasao-da-republica-do-brasil-logo.png\" alt=\"Bras\u00e3o Rep\u00fablica Federativa do Brasil\" width=\"6%\" height=\"6%\"><\/div>    \n<h1><font color=\"blue\"><font size=\"5\"><div align=\"center\">MINIST\u00c9RIO DA EDUCA\u00c7\u00c3O<\/b><\/font><\/font><\/div><\/H1>\n<p><b><font color=\"0000blue\"><div align=\"center\">UNIVERSIDADE FEDERAL DE SANTA MARIA<\/b><\/font><\/div><\/p>\n\n<p><div align=\"center\"><b><a href=\"https:\/\/portal.ufsm.br\/documentos\/publico\/documento.html?id=8789558\"><font color=\"blue\">RESOLU\u00c7\u00c3O N. 030\/2017<\/font><\/a><\/b><\/div><\/p>\n<br>\n<p><div align=\"right\"><font color=\"800000\"><strike>Aprova a altera\u00e7\u00e3o do <a href=\"https:\/\/www.ufsm.br\/pro-reitorias\/proplan\/regulamento-interno-da-coordenadoria-de-acoes-educacionais-da-ufsm\/\" target=\"_blank\"><font color=\"blue\"><u>Regulamento Interno da Coordenadoria de A\u00e7\u00f5es Educacionais da UFSM<\/u><\/font><\/a>, \u00d3rg\u00e3o Executivo da Administra\u00e7\u00e3o Superior.<\/strike><\/font><\/div><\/p>\n<br><div align=\"justify\">\n<p><a href=\"https:\/\/www.ufsm.br\/pro-reitorias\/proplan\/resolucao-ufsm-n-055-2021\/\"><font color=\"blue\">Revogado pela Resolu\u00e7\u00e3o N. 055\/2021<\/font><\/a><\/p><\/p>\n<br>\n<strike>\n<p>O REITOR DA UNIVERSIDADE FEDERAL DE SANTA MARIA, no uso de suas atribui\u00e7\u00f5es legais e estatut\u00e1rias e considerando:<\/p>\n<p>- o Parecer n. 195\/2015 da Comiss\u00e3o de Legisla\u00e7\u00e3o e Normas, aprovado na 875\u00aa Sess\u00e3o do Conselho de Ensino, Pesquisa e Extens\u00e3o, de 11 de dezembro de 2015, referente ao Processo n. <a href=\"https:\/\/portal.ufsm.br\/documentos\/publico\/processo\/documento.html?idDocumento=7185032\" target=\"_blank\"><font color=\"blue\"><u>23081.013576\/2015-74<\/u><\/font><\/a>.<\/p>\n<p>- o Parecer n. 195\/2016 da Comiss\u00e3o de Legisla\u00e7\u00e3o e Regimentos, aprovado na 782\u00aa Sess\u00e3o do Conselho Universit\u00e1rio, de 29 de abril de 2016, referente ao Processo n. <a href=\"https:\/\/portal.ufsm.br\/documentos\/publico\/processo\/documento.html?idDocumento=7185032\" target=\"_blank\"><font color=\"blue\"><u>23081.013576\/2015-74<\/u><\/font><\/a>.<\/p>\n<p>- o Parecer n. 181\/2017 da Comiss\u00e3o de Legisla\u00e7\u00e3o e Normas, aprovado na 912\u00aa Sess\u00e3o do Conselho de Ensino, Pesquisa e Extens\u00e3o, de 07 de dezembro de 2017, referente ao Processo n. <a href=\"https:\/\/portal.ufsm.br\/documentos\/publico\/processo\/documento.html?idDocumento=8162140\" target=\"_blank\"><font color=\"blue\"><u>23081.007658\/2017-41<\/u><\/font><\/a>.<\/p>\n<br>\n<p><b><div align=\"center\">RESOLVE:<\/b><\/div><\/p>\n<br>\n<p>Art. 1\u00ba Aprovar a altera\u00e7\u00e3o do <a href=\"https:\/\/www.ufsm.br\/pro-reitorias\/proplan\/regulamento-interno-da-coordenadoria-de-acoes-educacionais-da-ufsm\/\" target=\"_blank\"><font color=\"blue\"><u>Regulamento Interno da Coordenadoria de A\u00e7\u00f5es Educacionais da UFSM<\/u><\/font><\/a>, \u00d3rg\u00e3o Executivo da Administra\u00e7\u00e3o Superior.<\/p>\n<p>Par\u00e1grafo \u00fanico. O <a href=\"https:\/\/www.ufsm.br\/pro-reitorias\/proplan\/regulamento-interno-da-coordenadoria-de-acoes-educacionais-da-ufsm\/\" target=\"_blank\"><font color=\"blue\"><u>Regulamento Interno da Coordenadoria de A\u00e7\u00f5es Educacionais<\/u><\/font><\/a> se constitui como Anexo desta Resolu\u00e7\u00e3o.<\/p> \n\n<p>Art. 2\u00ba Esta resolu\u00e7\u00e3o entrar\u00e1 em vigor na data de sua publica\u00e7\u00e3o, revogadas as disposi\u00e7\u00f5es em contr\u00e1rio.<\/p>\n\n<p>GABINETE DO REITOR DA UNIVERSIDADE FEDERAL DE SANTA MARIA, aos dezenove dias do m\u00eas de dezembro do ano dois mil e dezessete.<\/p>\n<\/div>\n<p>Paulo Afonso Burmann,<\/p>\n<p>Reitor.<\/p>\n\n\n<p><font color=\"red0000\">Este texto n\u00e3o substitui o documento original, publicado no Portal de Documentos.<\/font> Dispon\u00edvel em: <a href=\"https:\/\/portal.ufsm.br\/documentos\/publico\/documento.html?id=8789558\"><font color=\"blue\">https:\/\/portal.ufsm.br\/documentos\/publico\/documento.html?id=8789558<\/font><\/a>\n<\/strike>\n\n\t\t<\/div>\n\t\t\t\t<\/div>\n\t\t\t\t\t<\/div>\n\t\t<\/div>\n\t\t\t\t\t<\/div>\n\t\t<\/section>\n\t\t\t\t<\/div>\n\t\t","protected":false},"excerpt":{"rendered":"<p>RESOLU\u00c7\u00c3O N. 030\/2017 MINIST\u00c9RIO DA EDUCA\u00c7\u00c3O UNIVERSIDADE FEDERAL DE SANTA MARIA RESOLU\u00c7\u00c3O N. 030\/2017 Aprova a altera\u00e7\u00e3o do Regulamento Interno da Coordenadoria de A\u00e7\u00f5es Educacionais da UFSM, \u00d3rg\u00e3o Executivo da Administra\u00e7\u00e3o Superior. Revogado pela Resolu\u00e7\u00e3o N. 055\/2021 O REITOR DA UNIVERSIDADE FEDERAL DE SANTA MARIA, no uso de suas atribui\u00e7\u00f5es legais e estatut\u00e1rias e considerando: [&hellip;]<\/p>\n","protected":false},"author":205,"featured_media":0,"parent":0,"menu_order":0,"comment_status":"closed","ping_status":"closed","template":"","meta":{"footnotes":""},"categories":[],"tags":[],"class_list":["post-3977","page","type-page","status-publish","hentry"],"acf":[],"_links":{"self":[{"href":"https:\/\/www.ufsm.br\/pro-reitorias\/proplan\/wp-json\/wp\/v2\/pages\/3977","targetHints":{"allow":["GET"]}}],"collection":[{"href":"https:\/\/www.ufsm.br\/pro-reitorias\/proplan\/wp-json\/wp\/v2\/pages"}],"about":[{"href":"https:\/\/www.ufsm.br\/pro-reitorias\/proplan\/wp-json\/wp\/v2\/types\/page"}],"author":[{"embeddable":true,"href":"https:\/\/www.ufsm.br\/pro-reitorias\/proplan\/wp-json\/wp\/v2\/users\/205"}],"replies":[{"embeddable":true,"href":"https:\/\/www.ufsm.br\/pro-reitorias\/proplan\/wp-json\/wp\/v2\/comments?post=3977"}],"version-history":[{"count":0,"href":"https:\/\/www.ufsm.br\/pro-reitorias\/proplan\/wp-json\/wp\/v2\/pages\/3977\/revisions"}],"wp:attachment":[{"href":"https:\/\/www.ufsm.br\/pro-reitorias\/proplan\/wp-json\/wp\/v2\/media?parent=3977"}],"wp:term":[{"taxonomy":"category","embeddable":true,"href":"https:\/\/www.ufsm.br\/pro-reitorias\/proplan\/wp-json\/wp\/v2\/categories?post=3977"},{"taxonomy":"post_tag","embeddable":true,"href":"https:\/\/www.ufsm.br\/pro-reitorias\/proplan\/wp-json\/wp\/v2\/tags?post=3977"}],"curies":[{"name":"wp","href":"https:\/\/api.w.org\/{rel}","templated":true}]}}