{"id":3993,"date":"2020-08-31T16:16:30","date_gmt":"2020-08-31T19:16:30","guid":{"rendered":"https:\/\/www.ufsm.br\/pro-reitorias\/proplan\/?page_id=3993"},"modified":"2020-08-31T16:18:22","modified_gmt":"2020-08-31T19:18:22","slug":"resolucao-n-035-1988","status":"publish","type":"page","link":"https:\/\/www.ufsm.br\/pro-reitorias\/proplan\/resolucao-n-035-1988","title":{"rendered":"Resolu\u00e7\u00e3o N. 035\/1988"},"content":{"rendered":"\t\t<div data-elementor-type=\"wp-page\" data-elementor-id=\"3993\" class=\"elementor elementor-3993\">\n\t\t\t\t\t\t<section class=\"elementor-section elementor-top-section elementor-element elementor-element-13c0269 elementor-section-boxed elementor-section-height-default elementor-section-height-default\" data-id=\"13c0269\" data-element_type=\"section\">\n\t\t\t\t\t\t<div class=\"elementor-container elementor-column-gap-default\">\n\t\t\t\t\t<div class=\"elementor-column elementor-col-100 elementor-top-column elementor-element elementor-element-e91dd46\" data-id=\"e91dd46\" data-element_type=\"column\">\n\t\t\t<div class=\"elementor-widget-wrap elementor-element-populated\">\n\t\t\t\t\t\t<div class=\"elementor-element elementor-element-7b27fb0 elementor-widget elementor-widget-html\" data-id=\"7b27fb0\" data-element_type=\"widget\" data-widget_type=\"html.default\">\n\t\t\t\t<div class=\"elementor-widget-container\">\n\t\t\t\r\n\r\n\r\n<title><b>RESOLU\u00c7\u00c3O N. 035\/1988<\/b><\/title>\r\n\r\n\r\n<div align=\"center\"><img decoding=\"async\" src=\"https:\/\/www.ufsm.br\/pro-reitorias\/proplan\/wp-content\/uploads\/sites\/344\/2019\/09\/brasao-da-republica-do-brasil-logo.png\" alt=\"Bras\u00e3o Rep\u00fablica Federativa do Brasil\" width=\"6%\" height=\"6%\"><\/div>    \r\n<h1><font color=\"blue\"><font size=\"5\"><div align=\"center\">SERVI\u00c7O P\u00daBLICO FEDERAL<\/b><\/font><\/font><\/div><\/H1>\r\n<p><div align=\"center\"><b><a href=\"https:\/\/portal.ufsm.br\/documentos\/publico\/documento.html?id=5769759\" target=\"_blank\"><font color=\"blue\">RESOLU\u00c7\u00c3O N. 035\/1988<\/font><\/a><\/b><\/div><\/p>\r\n<br>\r\n<p><div align=\"right\"><font color=\"800000\"><strike>Aprova o Regimento Interno da Comiss\u00e3o Permanente de Pessoal Docente.<\/strike><\/font><\/div><\/p>\r\n<br>\r\n<p><a href=\"https:\/\/www.ufsm.br\/pro-reitorias\/proplan\/resolucao-n-020-2019\/\" target=\"_blank\"><font color=\"blue\">Revogada pela Resolu\u00e7\u00e3o N. 020\/2019<\/font><\/a><\/p>\r\n<br>\r\n<br><div align=\"justify\">\r\n<strike>\r\n<p>O VICE-REITOR DA UNIVERSIDADE FEDERAL DE SANTA MARIA, no exerc\u00edcio da Reitoria, no uso de suas atribui\u00e7\u00f5es legais e estatut\u00e1rias, e considerando:<\/p>\r\n<p>- o artigo 11 e par\u00e1grafos do anexo ao <a href=\"http:\/\/www.planalto.gov.br\/ccivil_03\/decreto\/antigos\/d94664.htm\" target=\"_blank\"><font color=\"blue\"><u>Decreto n\u00ba 94.664\/87<\/u><\/font><\/a>;<\/p>\r\n<p>- os artigos 5, 6, 7 e 8 da <a href=\"http:\/\/www.portaldap.ufrn.br\/arq\/carta\/ANEXOS\/21.pdf\" target=\"_blank\"><font color=\"blue\"><u>Portaria n\u00ba 475\/87<\/u><\/font><\/a>;<\/p>\r\n<p>- P Parecer 06\/88 do Conselho Universit\u00e1rio, aprovado na 418\u00aa Reuni\u00e3o realizada em 10 de agosto de 1988; e<\/p>\r\n<p>- 0 que consta do Processo n\u00ba 23081.037677\/87-06,<\/p>\r\n<br>\r\n<p><div align=\"center\">RESOLVE:<\/div><\/p>\r\n<br>\r\n<p>APROVAR o Regimento Interno da Comiss\u00e3o Permanente de Pessoal Docente-CPPD da UNIVERSIDADE FEDERAL DE SANTA MARIA, conforme anexo.<\/p>\r\n<p>GABINETE DO REITOR DA UNIVERSIDADE FEDERAL DE SANTA MARIA, aos dezoito dias do m\u00eas de agosto de mil novecentos e oitenta e oito.<\/p>\r\n<\/div>\r\n<p>Prof. Ricardo Rossato,<\/p>\r\n<p>Vice-Reitor, no exerc\u00edcio da Reitoria.<\/p>\r\n<br>\r\n<p><b><div align=\"center\">REGIMENTO INTERNO DA COMISS\u00c3O PERMANENTE DE PESSOAL DOCENTE \u2013 CPPD<\/div><\/b><\/p>\r\n<br>\r\n<br>\r\n<p><b><div align=\"center\">CAP\u00cdTULO I<\/div><\/b><\/p>\r\n<p><b><div align=\"center\">CATEGORIA E FINALIDADE<\/div><\/b><\/p>\r\n<br>\r\n<p><b>Art. 1\u00ba - <\/b>\u00c0 Comiss\u00e3o Permanente de Pessoal Docente-CPPD, da Universidade Federal de Santa Maria, criada pelo <a href=\"http:\/\/www.planalto.gov.br\/ccivil_03\/decreto\/1980-1989\/1980-1984\/D85487.htm\" target=\"_blank\"><font color=\"blue\"><u>Decreto n\u00ba 85.487 de 11\/12\/80<\/u><\/font><\/a>, institu\u00edda na UFSM pela <a href=\"https:\/\/www.ufsm.br\/pro-reitorias\/proplan\/resolucao-n-111-1981\/\" target=\"_blank\"><font color=\"blue\"><u>Resolu\u00e7\u00e3o n\u00ba 111 de 10\/08\/81<\/u><\/font><\/a>, reformulada pelo anexo ao <a href=\"http:\/\/www.planalto.gov.br\/ccivil_03\/decreto\/antigos\/d94664.htm\" target=\"_blank\"><font color=\"blue\"><u>Decreto n\u00ba 94.664 de 23\/07\/87<\/u><\/font><\/a> e regulamentada pela <a href=\"http:\/\/www.portaldap.ufrn.br\/arq\/carta\/ANEXOS\/21.pdf\" target=\"_blank\"><font color=\"blue\"><u>Portaria 475 - MEC de 26\/07\/87<\/u><\/font><\/a>, \u00f3rg\u00e3o diretamente subordinada \u00e0 Reitoria, tem por finalidade: o assessoramento, o acompanhamento e a supervis\u00e3o da execu\u00e7\u00e3o da pol\u00edtica de pessoal Docente do Magist\u00e9rio Superior e de 1\u00ba e 2\u00ba Graus, estabelecida pelo Conselho de Ensino, Pesquisa e Extens\u00e3o, e especificamente:<\/p>\r\n<p>I - Apreciar os assuntos concernentes:<\/p>\r\n<p>a) \u00e0 altera\u00e7\u00e3o do regime de trabalho dos docentes;<\/p>\r\n<p>b) \u00e0 avalia\u00e7\u00e3o do desempenho para a progress\u00e3o funcional dos docentes;<\/p>\r\n<p>c) aos processos de ascens\u00e3o funcional por titula\u00e7\u00e3o;<\/p>\r\n<p>d) \u00e0 solicita\u00e7\u00e3o de afastamento para aperfei\u00e7oamento, especializa\u00e7\u00e3o, mestrado e doutorado;<\/p>\r\n<p>e) ao estabelecimento de normas para concursos de admiss\u00e3o de docentes e sua aplica\u00e7\u00e3o; e<\/p>\r\n<p>f) \u00e0 concess\u00e3o de acr\u00e9scimos salariais decorrentes de titula\u00e7\u00e3o.<\/p>\r\n<p>II - desenvolver estudos e an\u00e1lises que permitam fornecer subs\u00eddios para a fixa\u00e7\u00e3o, aperfei\u00e7oamento e modifica\u00e7\u00e3o da politica de pessoal docente e de seus instrumentos.<\/p>\r\n<br>\r\n<br>\r\n<p><b><div align=\"center\">CAP\u00cdTULO II<\/div><\/b><\/p>\r\n<p><b><div align=\"center\">ORGANIZA\u00c7\u00c3O DA COMISS\u00c3O<\/div><\/b><\/p>\r\n<br>\r\n<br>\r\n<p><div align=\"center\">SE\u00c7\u00c3O I<\/div><\/p>\r\n<p><div align=\"center\">Composi\u00e7\u00e3o<\/div><\/p>\r\n<br>\r\n<p><b>Art. 2\u00ba - <\/b>A Comiss\u00e3o Permanente de Pessoal Docente (CPPD) ser\u00e1 composta por duas C\u00e2maras Deliberativas, a C\u00e2mara de \"Magist\u00e9rio Superior e a C\u00e2mara de Magist\u00e9rio de 1\u00ba e 2\u00ba Graus, cada uma com poderes decis\u00f3rios independentes em sua \u00e1rea de atua\u00e7\u00e3o.<\/p>\r\n<p><b>Art. 3\u00ba - <\/b>A C\u00e2mara de Magist\u00e9rio Superior ser\u00e1 formada por 6 (seis) docentes, sendo um representante de cada classe de carreira do Magist\u00e9rio Superior e dois representantes do Reitor.<\/p>\r\n<p><b>Art. 4\u00ba - <\/b>A C\u00e2mara de Magist\u00e9rio de 1\u00ba e 2\u00ba Graus ser\u00e1 formada por 4 (quatro) docentes, sendo um representante de cada Col\u00e9gio e um representante do Reitor.<\/p>\r\n<p><b>Art. 5\u00ba - <\/b>Os representantes de cada classe da carreira do Magist\u00e9rio Superior e de cada Col\u00e9gio ter\u00e3o mandato de 2 (dois) anos, sendo permitida uma \u00danica recondu\u00e7\u00e3o.<\/p>\r\n\r\n<p><b>\u00a7 1\u00ba - <\/b>Os representantes de que trata o presente artigo ter\u00e3o 1\u00ba e 2\u00ba suplentes.<\/p>\r\n<p><b>\u00a7 2\u00ba - <\/b>A escolha de representantes das classes da carreira do Magist\u00e9rio Superior e de cada Col\u00e9gio n\u00e3o poder\u00e1 recair em professor que tenha qualquer outro mandato na Universidade.<\/p>\r\n<p><b>\u00a7 3\u00ba - <\/b>Os representantes de cada classe da carreira do Magist\u00e9rio Superior e de cada Col\u00e9gio e seus respectivos suplentes, ser\u00e3o eleitos diretamente, por processo eleitoral especialmente convocado pelo Reitor, no m\u00ednimo quarenta e cinco dias antes do t\u00e9rmino de cada mandato.<\/p>\r\n<p><b>\u00a7 4\u00ba - <\/b>A convoca\u00e7\u00e3o de elei\u00e7\u00e3o, atrav\u00e9s de Edital, dever\u00e1 ser publicada, no m\u00ednimo, quarenta e cinco dias antes da realiza\u00e7\u00e3o da mesma.<\/p>\r\n<p><b>\u00a7 5\u00ba - <\/b>Em caso de ren\u00fancia ou impedimento do representante efetivo, o primeiro suplente assumir\u00e1 para completar o per\u00edodo do mandato.<\/p>\r\n<p><b>\u00a7 6\u00ba - <\/b>Ocorrendo vac\u00e2ncia simult\u00e2nea do representante efetivo e de seus suplentes, de determinada classe ou Col\u00e9gio, o Reitor convocar\u00e1 elei\u00e7\u00e3o para completar o mandato, se for per\u00edodo superior a seis meses, ou completar o mandato e exercer o seguinte, se for per\u00edodo inferior a seis meses,<\/p>\r\n\r\n<p><b>Art. 6\u00ba - <\/b>Os representantes do Reitor ser\u00e3o de sua livre escolha dentre os servidores da Universidade, n\u00e3o se aplicando nem estendendo aos mesmos o disposto no caput do artigo 5\u00ba e seus par\u00e1grafos 1\u00ba e 2\u00ba.<\/p>\r\n<p><b>Art. 7\u00ba - <\/b>O Presidente e o Vice-Presidente da CPPD ser\u00e3o eleitos por seus pares, mediante escrut\u00ednio secreto, em reuni\u00e3o conjunta das duas c\u00e2maras decis\u00f3rias.<\/p>\r\n<p><b>Art. 8\u00ba - <\/b>A CPPD dispor\u00e1 de uma Secretaria Administrativa incumbida de prestar apoio t\u00e9cnico e administrativo aos trabalhos da Comiss\u00e3o e ser\u00e1 exercida por servidor designado pelo Reitor.<\/p>\r\n<br>\r\n<br>\r\n<p><div align=\"center\">SE\u00c7\u00c3O II<\/div><\/p>\r\n<p><div align=\"center\">Funcionamento<\/div><\/p>\r\n<br>\r\n<p><b>Art. 9\u00ba - <\/b>\u00c0 comiss\u00e3o elaborar\u00e1 o Calend\u00e1rio Anual das reuni\u00f5es ordin\u00e1rias fazendo realizar, no m\u00ednimo, duas Sess\u00f5es a cada m\u00eas e tantas sess\u00f5es extraordin\u00e1rias quantas forem necess\u00e1rias \u00e0 realiza\u00e7\u00e3o de sua tarefa.<\/p>\r\n<p><b>\u00a7 1\u00ba - <\/b>As sess\u00f5es extraordin\u00e1rias ser\u00e3o convocadas por iniciativa do Presidente ou a requerimento da maioria dos membros de uma C\u00e2mara decis\u00f3ria ou da Comiss\u00e3o Permanente.<\/p>\r\n<p><b>\u00a7 2\u00ba - <\/b>As sess\u00f5es ser\u00e3o coordenadas pelo Presidente da Comiss\u00e3o e, na sua aus\u00eancia ou impedimento, pelo Vice-Presidente.<\/p>\r\n\r\n<p><b>Art. 10 - <\/b>A CPPD deliberar\u00e1 sempre com a presen\u00e7a da maioria de seus membros, em cada C\u00e2mara decis\u00f3ria ou nas reuni\u00f5es conjuntas.<\/p>\r\n<p><b>Art. 11 - <\/b>Das decis\u00f5es da CPPD, aprovadas pelo Reitor, caber\u00e1 recurso ao CEPE no prazo de cinco dias, contados da ci\u00eancia da decis\u00e3o.<\/p>\r\n<p><b>Art. 12 - <\/b>A CPPD poder\u00e1 convocar ou convidar docentes ou servidores da Universidade para comparecerem as suas sess\u00f5es, a fim de prestarem depoimentos, esclarecimentos, ou darem subs\u00eddios que visem a resolu\u00e7\u00e3o de processos a ela submetidos.<\/p>\r\n<p><b>Art. 13 - <\/b>As delibera\u00e7\u00f5es da Comiss\u00e3o constar\u00e3o de atas e registros especiais e, quando for o caso, ser\u00e3o consignadas nos respectivos processos.<\/p>\r\n<br>\r\n<br>\r\n<p><div align=\"center\">SE\u00c7\u00c3O III<\/div><\/p>\r\n<p><div align=\"center\">Atribui\u00e7\u00f5es dos Membros da Comiss\u00e3o<\/div><\/p>\r\n<br>\r\n<p><b>Art. 14 - <\/b>Ao Presidente da CPPD incumbe:<\/p>\r\n<p>I - convocar e presidir as sess\u00f5es ordin\u00e1rias e extraordin\u00e1rias conjuntas;<\/p>\r\n<p>II - convocar e presidir as reuni\u00f5es ordin\u00e1rias e extraordin\u00e1rias de sua C\u00e2mara decis\u00f3ria;<\/p>\r\n<p>III - fazer executar as decis\u00f5es tomadas na Comiss\u00e3o;<\/p>\r\n<p>IV - representar externamente a CPPD ou designar quem o fa\u00e7a;<\/p>\r\n<p>V - dispor sobre todos os demais assuntos administrativos internos da Comiss\u00e3o; e<\/p>\r\n<p>VI - prestar ao Conselho de Ensino, Pesquisa e Extens\u00e3o ou as suas Comiss\u00f5es, e ao Reitor os esclarecimentos necess\u00e1rios, quando solicitado.<\/p>\r\n\r\n<p><b>Art. 15 - <\/b>Ao Vice-Presidente da CPPD incumbe:<\/p>\r\n<p>I - coadjuvar o Presidente no exerc\u00edcio de suas fun\u00e7\u00f5es;<\/p>\r\n<p>II - substituir o Presidente em suas faltas e impedimentos eventuais; e<\/p>\r\n<p>III - exercer as atribui\u00e7\u00f5es que lhe foram delegadas pelo Presidente.<\/p>\r\n\r\n<p><b>Art. 16 - <\/b>Aos membros da Comiss\u00e3o incumbe:<\/p>\r\n<p>I - comparecer \u00e0s sess\u00f5es da Comiss\u00e3o e participar dos seus trabalhos e das C\u00e2maras para as quais tenha sido designado;<\/p>\r\n<p>II - estudar e relatar, dentro dos prazos estabelecidos, as mat\u00e9rias que lhe forem distribu\u00eddas pelo Presidente;<\/p>\r\n<p>III - submeter \u00e0 Comiss\u00e3o as medidas julgadas \u00fateis ao efetivo desempenho de suas fun\u00e7\u00f5es; e<\/p>\r\n<p>IV - desempenhar outras atividades que lhe forem atribu\u00eddas pelo Presidente da Comiss\u00e3o.<\/p>\r\n<br>\r\n<br>\r\n<p><b><div align=\"center\">CAP\u00cdTULO III<\/div><\/b><\/p>\r\n<p><b><div align=\"center\">DISPOSI\u00c7\u00d5ES GERAIS E TRANSIT\u00d3RIAS<\/div><\/b><\/p>\r\n<br>\r\n<p><b>Art. 17 - <\/b>Os atuais membros da CPPD cumprir\u00e3o o atual mandato at\u00e9 a elei\u00e7\u00e3o e posse dos membros escolhidos segundo este Regimento, podendo concorrer\u00e1 reelei\u00e7\u00e3o conforme estipula o artigo 5\u00ba.<\/p>\r\n<p><b>Art. 18 - <\/b>A C\u00e2mara decis\u00f3ria a qual n\u00e3o perten\u00e7a o Presidente ou o Vice-Presidente escolhido, ter\u00e1 um coordenador eleito por seus pares para dirigir as suas reuni\u00f5es.<\/p>\r\n<p><b>Art. 19 - <\/b>\u00c0 proposta de modifica\u00e7\u00e3o deste Regimento, para ser encaminhada ao Conselho Universit\u00e1rio, dever\u00e1 ser aprovada pela maioria absoluta dos membros da CPPD, em reuni\u00e3o conjunta das duas C\u00e2maras decis\u00f3rias.<\/p>\r\n<p><b>Art. 20 - <\/b>Os casos omissos e as d\u00favidas surgidas na aplica\u00e7\u00e3o do presente Regimento Interno ser\u00e3o solucionadas pelo Presidente da Comiss\u00e3o.<\/p>\r\n<p><b>Art. 21 - <\/b>Este Regimento entrar\u00e1 em vigor na data de sua aprova\u00e7\u00e3o pelo Conselho Universit\u00e1rio, revogadas as disposi\u00e7\u00f5es em contr\u00e1rio.<\/p>\r\n<br>\r\n<\/strike>\r\n<p><font color=\"red0000\">Este texto n\u00e3o substitui o documento original, publicado no Portal de Documentos.<\/font> Dispon\u00edvel em: <a href=\"https:\/\/portal.ufsm.br\/documentos\/publico\/documento.html?id=5769759\"><font color=\"blue\">https:\/\/portal.ufsm.br\/documentos\/publico\/documento.html?id=5769759<\/font><\/a>\r\n\r\n\t\t<\/div>\n\t\t\t\t<\/div>\n\t\t\t\t\t<\/div>\n\t\t<\/div>\n\t\t\t\t\t<\/div>\n\t\t<\/section>\n\t\t\t\t<\/div>\n\t\t","protected":false},"excerpt":{"rendered":"<p>RESOLU\u00c7\u00c3O N. 035\/1988 SERVI\u00c7O P\u00daBLICO FEDERAL RESOLU\u00c7\u00c3O N. 035\/1988 Aprova o Regimento Interno da Comiss\u00e3o Permanente de Pessoal Docente. Revogada pela Resolu\u00e7\u00e3o N. 020\/2019 O VICE-REITOR DA UNIVERSIDADE FEDERAL DE SANTA MARIA, no exerc\u00edcio da Reitoria, no uso de suas atribui\u00e7\u00f5es legais e estatut\u00e1rias, e considerando: &#8211; o artigo 11 e par\u00e1grafos do anexo ao [&hellip;]<\/p>\n","protected":false},"author":205,"featured_media":0,"parent":0,"menu_order":0,"comment_status":"closed","ping_status":"closed","template":"","meta":{"footnotes":""},"categories":[],"tags":[],"class_list":["post-3993","page","type-page","status-publish","hentry"],"acf":[],"_links":{"self":[{"href":"https:\/\/www.ufsm.br\/pro-reitorias\/proplan\/wp-json\/wp\/v2\/pages\/3993","targetHints":{"allow":["GET"]}}],"collection":[{"href":"https:\/\/www.ufsm.br\/pro-reitorias\/proplan\/wp-json\/wp\/v2\/pages"}],"about":[{"href":"https:\/\/www.ufsm.br\/pro-reitorias\/proplan\/wp-json\/wp\/v2\/types\/page"}],"author":[{"embeddable":true,"href":"https:\/\/www.ufsm.br\/pro-reitorias\/proplan\/wp-json\/wp\/v2\/users\/205"}],"replies":[{"embeddable":true,"href":"https:\/\/www.ufsm.br\/pro-reitorias\/proplan\/wp-json\/wp\/v2\/comments?post=3993"}],"version-history":[{"count":0,"href":"https:\/\/www.ufsm.br\/pro-reitorias\/proplan\/wp-json\/wp\/v2\/pages\/3993\/revisions"}],"wp:attachment":[{"href":"https:\/\/www.ufsm.br\/pro-reitorias\/proplan\/wp-json\/wp\/v2\/media?parent=3993"}],"wp:term":[{"taxonomy":"category","embeddable":true,"href":"https:\/\/www.ufsm.br\/pro-reitorias\/proplan\/wp-json\/wp\/v2\/categories?post=3993"},{"taxonomy":"post_tag","embeddable":true,"href":"https:\/\/www.ufsm.br\/pro-reitorias\/proplan\/wp-json\/wp\/v2\/tags?post=3993"}],"curies":[{"name":"wp","href":"https:\/\/api.w.org\/{rel}","templated":true}]}}