{"id":3996,"date":"2020-08-31T16:16:47","date_gmt":"2020-08-31T19:16:47","guid":{"rendered":"https:\/\/www.ufsm.br\/pro-reitorias\/proplan\/?page_id=3996"},"modified":"2021-07-01T13:39:33","modified_gmt":"2021-07-01T16:39:33","slug":"resolucao-n-004-1992","status":"publish","type":"page","link":"https:\/\/www.ufsm.br\/pro-reitorias\/proplan\/resolucao-n-004-1992","title":{"rendered":"Resolu\u00e7\u00e3o N. 004\/1992"},"content":{"rendered":"\t\t<div data-elementor-type=\"wp-page\" data-elementor-id=\"3996\" class=\"elementor elementor-3996\">\n\t\t\t\t\t\t<section class=\"elementor-section elementor-top-section elementor-element elementor-element-37b6f04 elementor-section-boxed elementor-section-height-default elementor-section-height-default\" data-id=\"37b6f04\" data-element_type=\"section\">\n\t\t\t\t\t\t<div class=\"elementor-container elementor-column-gap-default\">\n\t\t\t\t\t<div class=\"elementor-column elementor-col-100 elementor-top-column elementor-element elementor-element-3e93af4\" data-id=\"3e93af4\" data-element_type=\"column\">\n\t\t\t<div class=\"elementor-widget-wrap elementor-element-populated\">\n\t\t\t\t\t\t<div class=\"elementor-element elementor-element-ef529fc elementor-widget elementor-widget-html\" data-id=\"ef529fc\" data-element_type=\"widget\" data-widget_type=\"html.default\">\n\t\t\t\t<div class=\"elementor-widget-container\">\n\t\t\t\n\n\n<title><b>RESOLU\u00c7\u00c3O N. 004\/1992<\/b><\/title>\n\n\n<div align=\"center\"><img decoding=\"async\" src=\"https:\/\/www.ufsm.br\/pro-reitorias\/proplan\/wp-content\/uploads\/sites\/344\/2019\/09\/brasao-da-republica-do-brasil-logo.png\" alt=\"Bras\u00e3o Rep\u00fablica Federativa do Brasil\" width=\"6%\" height=\"6%\"><\/div>    \n<h1><font color=\"blue\"><font size=\"5\"><div align=\"center\">SERVI\u00c7O P\u00daBLICO FEDERAL<\/b><\/font><\/font><\/div><\/H1>\n\n<p><div align=\"center\"><b><a href=\"https:\/\/portal.ufsm.br\/documentos\/publico\/documento.html?id=13156302\"><font color=\"blue\">RESOLU\u00c7\u00c3O N. 004\/1992<\/font><\/a><\/b><\/div><\/p>\n\n<br>\n<p><div align=\"right\"><font color=\"800000\"><strike>Estabelece gratifica\u00e7\u00e3o por Encargos com Cursos de Treinamento e Aperfei\u00e7oamento<\/strike><\/font><\/div><\/p>\n<br>\n<br><div align=\"justify\">\n<p><a href=\"https:\/\/www.ufsm.br\/pro-reitorias\/proplan\/resolucao-ufsm-n-055-2021\/\"><font color=\"blue\">Revogado pela Resolu\u00e7\u00e3o N. 055\/2021<\/font><\/a><\/p><\/p>\n<br>\n<strike>\n\n<p>O REITOR DA UNIVERSIDADE FEDERAL DE SANTA MARIA, no uso de suas atribui\u00e7\u00f5es legais e estatut\u00e1rias, e considerando o que disp\u00f5e o item XX do anexo II do Decreto-Lei n\u00ba 1746\/49 de 27.12.79.<\/p>\n<br>\n<p><div align=\"center\">RESOLVE:<\/div><\/p>\n<br>\n<p>Fixar a hora\/aula em 1% do vencimento b\u00e1sico do n\u00edvel em que se encontrar o servidor T\u00e9cnico-Administrativo, e para servidor Docente, 1% do vencimento b\u00e1sico da classe, n\u00edvel e respectivo regime de trabalho em que se encontrar, quando participarem como instrutores em Cursos de treinamento desenvolvidos pele Institui\u00e7\u00e3o.<\/p>\n<p>Revoga-se a Resolu\u00e7\u00e3o n\u00ba 0013\/90, entrando esta Resolu\u00e7\u00e3o em vigor nesta data.<\/p>\n\n<p>GABINETE DO REITOR DA UNIVERSIDADE FEDERAL DE SANTA MARIA, aos vinte dias do m\u00eas de abril de mil novecentos e noventa e dois.<\/p>\n<\/div>\n<p>Tabajara Gaucho da Costa,<\/p>\n<p>Reitor.<\/p>\n\n<p><font color=\"red0000\">Este texto n\u00e3o substitui o documento original, publicado no Portal de Documentos.<\/font> Dispon\u00edvel em: <a href=\"https:\/\/portal.ufsm.br\/documentos\/publico\/documento.html?id=13156302\"><font color=\"blue\">https:\/\/portal.ufsm.br\/documentos\/publico\/documento.html?id=13156302<\/font><\/a>\n<\/strike>\n\n\t\t<\/div>\n\t\t\t\t<\/div>\n\t\t\t\t\t<\/div>\n\t\t<\/div>\n\t\t\t\t\t<\/div>\n\t\t<\/section>\n\t\t\t\t<\/div>\n\t\t","protected":false},"excerpt":{"rendered":"<p>RESOLU\u00c7\u00c3O N. 004\/1992 SERVI\u00c7O P\u00daBLICO FEDERAL RESOLU\u00c7\u00c3O N. 004\/1992 Estabelece gratifica\u00e7\u00e3o por Encargos com Cursos de Treinamento e Aperfei\u00e7oamento Revogado pela Resolu\u00e7\u00e3o N. 055\/2021 O REITOR DA UNIVERSIDADE FEDERAL DE SANTA MARIA, no uso de suas atribui\u00e7\u00f5es legais e estatut\u00e1rias, e considerando o que disp\u00f5e o item XX do anexo II do Decreto-Lei n\u00ba 1746\/49 [&hellip;]<\/p>\n","protected":false},"author":205,"featured_media":0,"parent":0,"menu_order":0,"comment_status":"closed","ping_status":"closed","template":"","meta":{"footnotes":""},"categories":[],"tags":[],"class_list":["post-3996","page","type-page","status-publish","hentry"],"acf":[],"_links":{"self":[{"href":"https:\/\/www.ufsm.br\/pro-reitorias\/proplan\/wp-json\/wp\/v2\/pages\/3996","targetHints":{"allow":["GET"]}}],"collection":[{"href":"https:\/\/www.ufsm.br\/pro-reitorias\/proplan\/wp-json\/wp\/v2\/pages"}],"about":[{"href":"https:\/\/www.ufsm.br\/pro-reitorias\/proplan\/wp-json\/wp\/v2\/types\/page"}],"author":[{"embeddable":true,"href":"https:\/\/www.ufsm.br\/pro-reitorias\/proplan\/wp-json\/wp\/v2\/users\/205"}],"replies":[{"embeddable":true,"href":"https:\/\/www.ufsm.br\/pro-reitorias\/proplan\/wp-json\/wp\/v2\/comments?post=3996"}],"version-history":[{"count":0,"href":"https:\/\/www.ufsm.br\/pro-reitorias\/proplan\/wp-json\/wp\/v2\/pages\/3996\/revisions"}],"wp:attachment":[{"href":"https:\/\/www.ufsm.br\/pro-reitorias\/proplan\/wp-json\/wp\/v2\/media?parent=3996"}],"wp:term":[{"taxonomy":"category","embeddable":true,"href":"https:\/\/www.ufsm.br\/pro-reitorias\/proplan\/wp-json\/wp\/v2\/categories?post=3996"},{"taxonomy":"post_tag","embeddable":true,"href":"https:\/\/www.ufsm.br\/pro-reitorias\/proplan\/wp-json\/wp\/v2\/tags?post=3996"}],"curies":[{"name":"wp","href":"https:\/\/api.w.org\/{rel}","templated":true}]}}