{"id":3997,"date":"2020-08-31T16:17:05","date_gmt":"2020-08-31T19:17:05","guid":{"rendered":"https:\/\/www.ufsm.br\/pro-reitorias\/proplan\/?page_id=3997"},"modified":"2021-07-01T13:41:32","modified_gmt":"2021-07-01T16:41:32","slug":"resolucao-n-006-1993","status":"publish","type":"page","link":"https:\/\/www.ufsm.br\/pro-reitorias\/proplan\/resolucao-n-006-1993","title":{"rendered":"Resolu\u00e7\u00e3o N. 006\/1993"},"content":{"rendered":"\t\t<div data-elementor-type=\"wp-page\" data-elementor-id=\"3997\" class=\"elementor elementor-3997\">\n\t\t\t\t\t\t<section class=\"elementor-section elementor-top-section elementor-element elementor-element-1f68883 elementor-section-boxed elementor-section-height-default elementor-section-height-default\" data-id=\"1f68883\" data-element_type=\"section\">\n\t\t\t\t\t\t<div class=\"elementor-container elementor-column-gap-default\">\n\t\t\t\t\t<div class=\"elementor-column elementor-col-100 elementor-top-column elementor-element elementor-element-09a6a52\" data-id=\"09a6a52\" data-element_type=\"column\">\n\t\t\t<div class=\"elementor-widget-wrap elementor-element-populated\">\n\t\t\t\t\t\t<div class=\"elementor-element elementor-element-f73127c elementor-widget elementor-widget-html\" data-id=\"f73127c\" data-element_type=\"widget\" data-widget_type=\"html.default\">\n\t\t\t\t<div class=\"elementor-widget-container\">\n\t\t\t\n\n\n<title><b>RESOLU\u00c7\u00c3O N. 006\/1993<\/b><\/title>\n\n\n<div align=\"center\"><img decoding=\"async\" src=\"https:\/\/www.ufsm.br\/pro-reitorias\/proplan\/wp-content\/uploads\/sites\/344\/2019\/09\/brasao-da-republica-do-brasil-logo.png\" alt=\"Bras\u00e3o Rep\u00fablica Federativa do Brasil\" width=\"6%\" height=\"6%\"><\/div>    \n<h1><font color=\"blue\"><font size=\"5\"><div align=\"center\">SERVI\u00c7O P\u00daBLICO FEDERAL<\/b><\/font><\/font><\/div><\/H1>\n\n<p><div align=\"center\"><b><a href=\"https:\/\/portal.ufsm.br\/documentos\/publico\/documento.html?id=13156578\"><font color=\"blue\">RESOLU\u00c7\u00c3O N. 006\/1993<\/font><\/a><\/b><\/div><\/p>\n<br>\n<p><div align=\"right\"><font color=\"800000\"><strike>REGIMENTO GERAL DOS PROGRAMAS\/ CURSOS DE P\u00d3S-GRADUA\u00c7\u00c3O<\/strike><\/font><\/div><\/p>\n<br>\n<br><div align=\"justify\">\n<p><a href=\"https:\/\/www.ufsm.br\/pro-reitorias\/proplan\/resolucao-ufsm-n-055-2021\/\"><font color=\"blue\">Revogado pela Resolu\u00e7\u00e3o N. 055\/2021<\/font><\/a><\/p><\/p>\n<br>\n<strike>\n\n<p>O Reitor da Universidade Federal de Santa Maria no uso de suas atribui\u00e7\u00f5es legais e estatut\u00e1rias e, diante da decis\u00e3o do Conselho de Ensino, Pesquisa e Extens\u00e3o, 417\u00aa sess\u00e3o de 9 de mar\u00e7o de 1993.<\/p>\n<br>\n<p><b><div align=\"center\">RESOLVE:<\/b><\/div><\/p>\n<br>\n<p><b>Art. 1\u00ba - <\/b>Tornar oficial e p\u00fablico o Regimento Geral dos Programas\/Cursos de P\u00f3s-Gradua\u00e7\u00e3o da Universidade Federal de Santa Maria.<\/p>\n\n<p><b>Art. 2\u00ba - <\/b>A partir desta data, os Programas\/Cursos de P\u00f3s-Gradua\u00e7\u00e3o da UFSM dever\u00e3o adequar os seus regimentos ao presente Regimento Geral de P\u00f3s-Gradua\u00e7\u00e3o.<\/p>\n\n<p><b>Art. 3\u00ba - <\/b>Revogam-se as disposi\u00e7\u00f5es em contr\u00e1rio.<\/p>\n\n<p>Gabinete do Reitor da Universidade Federal de Santa Maria, aos dez dias do m\u00eas de mar\u00e7o do ano de mil novecentos e noventa e tr\u00eas.<\/p>\n<\/div>\n<p>Prof. Tabajara Ga\u00facho da Costa,<\/p>\n<p>Reitor.<\/p>\n<\/strike>\n<p><font color=\"red0000\">Este texto n\u00e3o substitui o documento original, publicado no Portal de Documentos.<\/font> Dispon\u00edvel em: <a href=\"https:\/\/portal.ufsm.br\/documentos\/publico\/documento.html?id=13156578\"><font color=\"blue\">https:\/\/portal.ufsm.br\/documentos\/publico\/documento.html?id=13156578<\/font><\/a>\n\n\t\t<\/div>\n\t\t\t\t<\/div>\n\t\t\t\t\t<\/div>\n\t\t<\/div>\n\t\t\t\t\t<\/div>\n\t\t<\/section>\n\t\t\t\t<\/div>\n\t\t","protected":false},"excerpt":{"rendered":"<p>RESOLU\u00c7\u00c3O N. 006\/1993 SERVI\u00c7O P\u00daBLICO FEDERAL RESOLU\u00c7\u00c3O N. 006\/1993 REGIMENTO GERAL DOS PROGRAMAS\/ CURSOS DE P\u00d3S-GRADUA\u00c7\u00c3O Revogado pela Resolu\u00e7\u00e3o N. 055\/2021 O Reitor da Universidade Federal de Santa Maria no uso de suas atribui\u00e7\u00f5es legais e estatut\u00e1rias e, diante da decis\u00e3o do Conselho de Ensino, Pesquisa e Extens\u00e3o, 417\u00aa sess\u00e3o de 9 de mar\u00e7o de [&hellip;]<\/p>\n","protected":false},"author":205,"featured_media":0,"parent":0,"menu_order":0,"comment_status":"closed","ping_status":"closed","template":"","meta":{"footnotes":""},"categories":[],"tags":[],"class_list":["post-3997","page","type-page","status-publish","hentry"],"acf":[],"_links":{"self":[{"href":"https:\/\/www.ufsm.br\/pro-reitorias\/proplan\/wp-json\/wp\/v2\/pages\/3997","targetHints":{"allow":["GET"]}}],"collection":[{"href":"https:\/\/www.ufsm.br\/pro-reitorias\/proplan\/wp-json\/wp\/v2\/pages"}],"about":[{"href":"https:\/\/www.ufsm.br\/pro-reitorias\/proplan\/wp-json\/wp\/v2\/types\/page"}],"author":[{"embeddable":true,"href":"https:\/\/www.ufsm.br\/pro-reitorias\/proplan\/wp-json\/wp\/v2\/users\/205"}],"replies":[{"embeddable":true,"href":"https:\/\/www.ufsm.br\/pro-reitorias\/proplan\/wp-json\/wp\/v2\/comments?post=3997"}],"version-history":[{"count":0,"href":"https:\/\/www.ufsm.br\/pro-reitorias\/proplan\/wp-json\/wp\/v2\/pages\/3997\/revisions"}],"wp:attachment":[{"href":"https:\/\/www.ufsm.br\/pro-reitorias\/proplan\/wp-json\/wp\/v2\/media?parent=3997"}],"wp:term":[{"taxonomy":"category","embeddable":true,"href":"https:\/\/www.ufsm.br\/pro-reitorias\/proplan\/wp-json\/wp\/v2\/categories?post=3997"},{"taxonomy":"post_tag","embeddable":true,"href":"https:\/\/www.ufsm.br\/pro-reitorias\/proplan\/wp-json\/wp\/v2\/tags?post=3997"}],"curies":[{"name":"wp","href":"https:\/\/api.w.org\/{rel}","templated":true}]}}