{"id":3999,"date":"2020-08-31T16:24:13","date_gmt":"2020-08-31T19:24:13","guid":{"rendered":"https:\/\/www.ufsm.br\/pro-reitorias\/proplan\/?page_id=3999"},"modified":"2020-08-31T16:24:40","modified_gmt":"2020-08-31T19:24:40","slug":"resolucao-n-001-1993","status":"publish","type":"page","link":"https:\/\/www.ufsm.br\/pro-reitorias\/proplan\/resolucao-n-001-1993","title":{"rendered":"Resolu\u00e7\u00e3o N. 001\/1993"},"content":{"rendered":"\t\t<div data-elementor-type=\"wp-page\" data-elementor-id=\"3999\" class=\"elementor elementor-3999\">\n\t\t\t\t\t\t<section class=\"elementor-section elementor-top-section elementor-element elementor-element-8f34076 elementor-section-boxed elementor-section-height-default elementor-section-height-default\" data-id=\"8f34076\" data-element_type=\"section\">\n\t\t\t\t\t\t<div class=\"elementor-container elementor-column-gap-default\">\n\t\t\t\t\t<div class=\"elementor-column elementor-col-100 elementor-top-column elementor-element elementor-element-a5954aa\" data-id=\"a5954aa\" data-element_type=\"column\">\n\t\t\t<div class=\"elementor-widget-wrap elementor-element-populated\">\n\t\t\t\t\t\t<div class=\"elementor-element elementor-element-b4f7dd3 elementor-widget elementor-widget-html\" data-id=\"b4f7dd3\" data-element_type=\"widget\" data-widget_type=\"html.default\">\n\t\t\t\t<div class=\"elementor-widget-container\">\n\t\t\t\r\n\r\n\r\n<title><b>RESOLU\u00c7\u00c3O N. 001\/1993<\/b><\/title>\r\n\r\n\r\n<div align=\"center\"><img decoding=\"async\" src=\"https:\/\/www.ufsm.br\/pro-reitorias\/proplan\/wp-content\/uploads\/sites\/344\/2019\/09\/brasao-da-republica-do-brasil-logo.png\" alt=\"Bras\u00e3o Rep\u00fablica Federativa do Brasil\" width=\"6%\" height=\"6%\"><\/div>    \r\n<h1><font color=\"blue\"><font size=\"5\"><div align=\"center\">SERVI\u00c7O P\u00daBLICO FEDERAL<\/b><\/font><\/font><\/div><\/H1>\r\n\r\n<p><div align=\"center\"><b><a href=\"https:\/\/portal.ufsm.br\/documentos\/publico\/documento.html?id=4508730\"><font color=\"blue\">RESOLU\u00c7\u00c3O N. 001\/1993<\/font><\/a><\/b><\/div><\/p>\r\n<br>\r\n<p><u><a href=\"https:\/\/www.ufsm.br\/pro-reitorias\/proplan\/resolucao-n-016-2020\/\" target=\"_blank\"><font color=\"blue\">Revogada pela Resolu\u00e7\u00e3o N. 016\/2020<\/font><\/a><\/u><\/p>\r\n<br>\r\n<strike>\r\n<br>\r\n<br><div align=\"justify\">\r\n<p><b>O REITOR DA UNIVERSIDADE FEDERAL DE SANTA MARIA,<\/b> no uso de suas atribui\u00e7\u00f5es e,<\/p>\r\n<p>CConsiderando que a participa\u00e7\u00e3o da Universidade no processo de integra\u00e7\u00e3o do Cone Sul,<\/p>\r\n<br>\r\n<p><b><div align=\"center\">RESOLVE:<\/b><\/div><\/p>\r\n<br>\r\n<p>- Criar o Comit\u00ea de Estudos Latino-Americanos, para realizar estudos e projetar a\u00e7\u00f5es referentes \u00e0 Integra\u00e7\u00e3o Latino-Americana, especialmente do Cone Sul da Am\u00e9rica Latina.<\/p>\r\n<p>- Vincular o referido Comit\u00ea ao N\u00facleo de Integra\u00e7\u00e3o e Desenvolvimento - NID da UFSM.<\/p>\r\n\r\n<p><b>Gabinete do Reitor da Universidade Federal de Santa Maria<\/b>, aos oito dias do m\u00eas de janeiro do ano de mil novecentos e noventa e tr\u00eas.<\/p>\r\n<\/div>\r\n<p>Prof. Tabajara Ga\u00facho da Costa,<\/p>\r\n<p>Reitor.<\/p>\r\n<\/strike>\r\n<p><font color=\"red0000\">Este texto n\u00e3o substitui o documento original, publicado no Portal de Documentos.<\/font> Dispon\u00edvel em: <a href=\"https:\/\/portal.ufsm.br\/documentos\/publico\/documento.html?id=4508730\"><font color=\"blue\">https:\/\/portal.ufsm.br\/documentos\/publico\/documento.html?id=4508730<\/font><\/a>\r\n\r\n\t\t<\/div>\n\t\t\t\t<\/div>\n\t\t\t\t\t<\/div>\n\t\t<\/div>\n\t\t\t\t\t<\/div>\n\t\t<\/section>\n\t\t\t\t<\/div>\n\t\t","protected":false},"excerpt":{"rendered":"<p>RESOLU\u00c7\u00c3O N. 001\/1993 SERVI\u00c7O P\u00daBLICO FEDERAL RESOLU\u00c7\u00c3O N. 001\/1993 Revogada pela Resolu\u00e7\u00e3o N. 016\/2020 O REITOR DA UNIVERSIDADE FEDERAL DE SANTA MARIA, no uso de suas atribui\u00e7\u00f5es e, CConsiderando que a participa\u00e7\u00e3o da Universidade no processo de integra\u00e7\u00e3o do Cone Sul, RESOLVE: &#8211; Criar o Comit\u00ea de Estudos Latino-Americanos, para realizar estudos e projetar a\u00e7\u00f5es [&hellip;]<\/p>\n","protected":false},"author":205,"featured_media":0,"parent":0,"menu_order":0,"comment_status":"closed","ping_status":"closed","template":"","meta":{"footnotes":""},"categories":[],"tags":[],"class_list":["post-3999","page","type-page","status-publish","hentry"],"acf":[],"_links":{"self":[{"href":"https:\/\/www.ufsm.br\/pro-reitorias\/proplan\/wp-json\/wp\/v2\/pages\/3999","targetHints":{"allow":["GET"]}}],"collection":[{"href":"https:\/\/www.ufsm.br\/pro-reitorias\/proplan\/wp-json\/wp\/v2\/pages"}],"about":[{"href":"https:\/\/www.ufsm.br\/pro-reitorias\/proplan\/wp-json\/wp\/v2\/types\/page"}],"author":[{"embeddable":true,"href":"https:\/\/www.ufsm.br\/pro-reitorias\/proplan\/wp-json\/wp\/v2\/users\/205"}],"replies":[{"embeddable":true,"href":"https:\/\/www.ufsm.br\/pro-reitorias\/proplan\/wp-json\/wp\/v2\/comments?post=3999"}],"version-history":[{"count":0,"href":"https:\/\/www.ufsm.br\/pro-reitorias\/proplan\/wp-json\/wp\/v2\/pages\/3999\/revisions"}],"wp:attachment":[{"href":"https:\/\/www.ufsm.br\/pro-reitorias\/proplan\/wp-json\/wp\/v2\/media?parent=3999"}],"wp:term":[{"taxonomy":"category","embeddable":true,"href":"https:\/\/www.ufsm.br\/pro-reitorias\/proplan\/wp-json\/wp\/v2\/categories?post=3999"},{"taxonomy":"post_tag","embeddable":true,"href":"https:\/\/www.ufsm.br\/pro-reitorias\/proplan\/wp-json\/wp\/v2\/tags?post=3999"}],"curies":[{"name":"wp","href":"https:\/\/api.w.org\/{rel}","templated":true}]}}