{"id":4004,"date":"2020-09-02T14:37:51","date_gmt":"2020-09-02T17:37:51","guid":{"rendered":"https:\/\/www.ufsm.br\/pro-reitorias\/proplan\/?page_id=4004"},"modified":"2020-11-11T09:51:08","modified_gmt":"2020-11-11T12:51:08","slug":"resolucao-n-3510gr-1972","status":"publish","type":"page","link":"https:\/\/www.ufsm.br\/pro-reitorias\/proplan\/resolucao-n-3510gr-1972","title":{"rendered":"Resolu\u00e7\u00e3o N. 3510GR\/1972"},"content":{"rendered":"\t\t<div data-elementor-type=\"wp-page\" data-elementor-id=\"4004\" class=\"elementor elementor-4004\">\n\t\t\t\t\t\t<section class=\"elementor-section elementor-top-section elementor-element elementor-element-9851f24 elementor-section-boxed elementor-section-height-default elementor-section-height-default\" data-id=\"9851f24\" data-element_type=\"section\">\n\t\t\t\t\t\t<div class=\"elementor-container elementor-column-gap-default\">\n\t\t\t\t\t<div class=\"elementor-column elementor-col-100 elementor-top-column elementor-element elementor-element-b6a28c9\" data-id=\"b6a28c9\" data-element_type=\"column\">\n\t\t\t<div class=\"elementor-widget-wrap elementor-element-populated\">\n\t\t\t\t\t\t<div class=\"elementor-element elementor-element-aa34450 elementor-widget elementor-widget-html\" data-id=\"aa34450\" data-element_type=\"widget\" data-widget_type=\"html.default\">\n\t\t\t\t<div class=\"elementor-widget-container\">\n\t\t\t\r\n\r\n\r\n<title><b>RESOLU\u00c7\u00c3O N. 3510\/1972<\/b><\/title>\r\n\r\n\r\n<div align=\"center\"><img decoding=\"async\" src=\"https:\/\/www.ufsm.br\/pro-reitorias\/proplan\/wp-content\/uploads\/sites\/344\/2019\/09\/brasao-da-republica-do-brasil-logo.png\" alt=\"Bras\u00e3o Rep\u00fablica Federativa do Brasil\" width=\"6%\" height=\"6%\"><\/div>    \r\n\r\n<p><div align=\"center\"><b><a href=\"https:\/\/portal.ufsm.br\/documentos\/publico\/documento.html?id=13159000\" target=\"_blank\"><font color=\"blue\"><u>Resolu\u00e7\u00e3o GR\/3510\/72-NC<\/u><\/font><\/a><\/b><\/div><\/p>\r\n<br>\r\n<p><a href=\"https:\/\/www.ufsm.br\/pro-reitorias\/proplan\/resolucao-n-028-2020\/\" target=\"_blank\"><font color=\"blue\">Revogada pela Resolu\u00e7\u00e3o N. 028\/2020<\/font><\/a><\/p>\r\n<br>\r\n<br><div align=\"justify\">\r\n<strike>\r\n<p>AUGUSTO RIBAS MACIEL, Chefe do Gabinete do Reitor, tendo em vista a necessidade de racionaliza\u00e7\u00e3o dos servi\u00e7os do Gabinete e visando especificar a distribui\u00e7\u00e3o de tarefas para facilitar sua realiza\u00e7\u00e3o, RESOLVE:<\/p>\r\n<br>\r\n<p>ENCARREGAR o Assessor DALTON ROCHA COUTO, da COORDENA\u00c7\u00c3O DAS ATIVIDADES DE SECRETARIA DO GABINETE, abrangendo a atividade burocr\u00e1tica referente \u00e0 correspond\u00eancia do Reitor e do Chefe do Gabinete, Discursos, Convites, etc., bem como os Servi\u00e7os de Arquivo e Protocolo, Contr\u00f4le de Material, Limpeza e Caf\u00e9 e Tradu\u00e7\u00e3o.<\/p>\r\n\r\n<p>GABINETE DO REITOR, aos cinco (5) dias de Setembro de mil novecentos e setenta e dois (1972).<\/p>\r\n<p>AUGUSTO RIBAS MACIEL<\/p>\r\n<p>Chefe do Gabinete<\/p>\r\n<\/strike>\r\n<br>\r\n<p><font color=\"red0000\">Este texto n\u00e3o substitui o documento original, publicado no Portal de Documentos.<\/font> Dispon\u00edvel em: <a href=\"https:\/\/portal.ufsm.br\/documentos\/publico\/documento.html?id=13159000\" target=\"_blank\"><font color=\"blue\">https:\/\/portal.ufsm.br\/documentos\/publico\/documento.html?id=13159000<\/font><\/a>\r\n\r\n\t\t<\/div>\n\t\t\t\t<\/div>\n\t\t\t\t\t<\/div>\n\t\t<\/div>\n\t\t\t\t\t<\/div>\n\t\t<\/section>\n\t\t\t\t<\/div>\n\t\t","protected":false},"excerpt":{"rendered":"<p>RESOLU\u00c7\u00c3O N. 3510\/1972 Resolu\u00e7\u00e3o GR\/3510\/72-NC Revogada pela Resolu\u00e7\u00e3o N. 028\/2020 AUGUSTO RIBAS MACIEL, Chefe do Gabinete do Reitor, tendo em vista a necessidade de racionaliza\u00e7\u00e3o dos servi\u00e7os do Gabinete e visando especificar a distribui\u00e7\u00e3o de tarefas para facilitar sua realiza\u00e7\u00e3o, RESOLVE: ENCARREGAR o Assessor DALTON ROCHA COUTO, da COORDENA\u00c7\u00c3O DAS ATIVIDADES DE SECRETARIA DO GABINETE, [&hellip;]<\/p>\n","protected":false},"author":205,"featured_media":0,"parent":0,"menu_order":0,"comment_status":"closed","ping_status":"closed","template":"","meta":{"footnotes":""},"categories":[],"tags":[],"class_list":["post-4004","page","type-page","status-publish","hentry"],"acf":[],"_links":{"self":[{"href":"https:\/\/www.ufsm.br\/pro-reitorias\/proplan\/wp-json\/wp\/v2\/pages\/4004","targetHints":{"allow":["GET"]}}],"collection":[{"href":"https:\/\/www.ufsm.br\/pro-reitorias\/proplan\/wp-json\/wp\/v2\/pages"}],"about":[{"href":"https:\/\/www.ufsm.br\/pro-reitorias\/proplan\/wp-json\/wp\/v2\/types\/page"}],"author":[{"embeddable":true,"href":"https:\/\/www.ufsm.br\/pro-reitorias\/proplan\/wp-json\/wp\/v2\/users\/205"}],"replies":[{"embeddable":true,"href":"https:\/\/www.ufsm.br\/pro-reitorias\/proplan\/wp-json\/wp\/v2\/comments?post=4004"}],"version-history":[{"count":0,"href":"https:\/\/www.ufsm.br\/pro-reitorias\/proplan\/wp-json\/wp\/v2\/pages\/4004\/revisions"}],"wp:attachment":[{"href":"https:\/\/www.ufsm.br\/pro-reitorias\/proplan\/wp-json\/wp\/v2\/media?parent=4004"}],"wp:term":[{"taxonomy":"category","embeddable":true,"href":"https:\/\/www.ufsm.br\/pro-reitorias\/proplan\/wp-json\/wp\/v2\/categories?post=4004"},{"taxonomy":"post_tag","embeddable":true,"href":"https:\/\/www.ufsm.br\/pro-reitorias\/proplan\/wp-json\/wp\/v2\/tags?post=4004"}],"curies":[{"name":"wp","href":"https:\/\/api.w.org\/{rel}","templated":true}]}}