{"id":4022,"date":"2020-09-28T10:05:08","date_gmt":"2020-09-28T13:05:08","guid":{"rendered":"https:\/\/www.ufsm.br\/pro-reitorias\/proplan\/?page_id=4022"},"modified":"2025-08-28T16:58:20","modified_gmt":"2025-08-28T19:58:20","slug":"resolucao-n-027-2020","status":"publish","type":"page","link":"https:\/\/www.ufsm.br\/pro-reitorias\/proplan\/resolucao-n-027-2020","title":{"rendered":"RESOLU\u00c7\u00c3O N. 027\/2020"},"content":{"rendered":"\t\t<div data-elementor-type=\"wp-page\" data-elementor-id=\"4022\" class=\"elementor elementor-4022\">\n\t\t\t\t\t\t<section class=\"elementor-section elementor-top-section elementor-element elementor-element-b3a8ff0 elementor-section-boxed elementor-section-height-default elementor-section-height-default\" data-id=\"b3a8ff0\" data-element_type=\"section\">\n\t\t\t\t\t\t<div class=\"elementor-container elementor-column-gap-default\">\n\t\t\t\t\t<div class=\"elementor-column elementor-col-100 elementor-top-column elementor-element elementor-element-76248fa\" data-id=\"76248fa\" data-element_type=\"column\">\n\t\t\t<div class=\"elementor-widget-wrap elementor-element-populated\">\n\t\t\t\t\t\t<div class=\"elementor-element elementor-element-f942d07 elementor-widget elementor-widget-html\" data-id=\"f942d07\" data-element_type=\"widget\" data-widget_type=\"html.default\">\n\t\t\t\t<div class=\"elementor-widget-container\">\n\t\t\t\r\n\r\n\r\n<title><b>RESOLU\u00c7\u00c3O N. 027\/2020<\/b><\/title>\r\n\r\n\r\n<div align=\"center\"><img decoding=\"async\" src=\"https:\/\/www.ufsm.br\/pro-reitorias\/proplan\/wp-content\/uploads\/sites\/344\/2019\/09\/brasao-da-republica-do-brasil-logo.png\" alt=\"Bras\u00e3o Rep\u00fablica Federativa do Brasil\" width=\"6%\" height=\"6%\"><\/div>    \r\n<h1><font color=\"blue\"><font size=\"5\"><div align=\"center\">MINIST\u00c9RIO DA EDUCA\u00c7\u00c3O<\/b><\/font><\/font><\/div><\/H1>\r\n<p><b><font color=\"0000blue\"><div align=\"center\">UNIVERSIDADE FEDERAL DE SANTA MARIA<\/b><\/font><\/div><\/p>\r\n<p><div align=\"center\"><b><a href=\"https:\/\/portal.ufsm.br\/documentos\/publico\/documento.html?id=13200337\" target=\"_blank\"><font color=\"blue\">RESOLU\u00c7\u00c3O N. 027, DE 28 DE SETEMBRO DE 2020<\/font><\/a><\/b><\/div><\/p>\r\n<br>\r\n   <div style=\"color: #800000;width: 60%;margin-left: auto;margin-right: 0;text-align: justify;font-weight: normal\">Aprova o Regulamento que normatiza a cria\u00e7\u00e3o e organiza\u00e7\u00e3o das empresas juniores na Universidade Federal de Santa Maria (UFSM).<\/font><\/div><\/p>\r\n\r\n<br><div align=\"justify\">\r\n<p>O REITOR DA UNIVERSIDADE FEDERAL DE SANTA MARIA, no uso de suas atribui\u00e7\u00f5es legais e estatut\u00e1rias e considerando:<\/p>\r\n<p>- a promo\u00e7\u00e3o da experi\u00eancia pr\u00e1tica aos alunos de gradua\u00e7\u00e3o, fomentando o crescimento pessoal e o profissional;<\/p>\r\n<p>- a import\u00e2ncia da regulariza\u00e7\u00e3o institucional das empresas juniores junto a Universidade Federal de Santa Maria;<\/p>\r\n<p>- o fortalecimento do conjunto de a\u00e7\u00f5es institucionais no sentido de desenvolver o empreendedorismo como parte das atividades acad\u00eamicas dos alunos de gradua\u00e7\u00e3o;<\/p>\r\n<p>- a emenda constitucional n. 85, que altera e adiciona dispositivos na Constitui\u00e7\u00e3o Federal para atualizar o tratamentos das atividades de ci\u00eancia, tecnologia e inova\u00e7\u00e3o;<\/p>\r\n<p>- o Art. 56 da <a href=\"http:\/\/www.planalto.gov.br\/ccivil_03\/leis\/l9394.htm\" target=\"_blank\"><font color=\"blue\"><u>Lei N. 9.394, de 20 de dezembro de 1996<\/u><\/font><\/a>, que estabelece as diretrizes e bases da educa\u00e7\u00e3o nacional;<\/p>\r\n<p>- a <a href=\"http:\/\/www.planalto.gov.br\/ccivil_03\/_ato2007-2010\/2008\/lei\/l11788.htm\" target=\"_blank\"><font color=\"blue\"><u>Lei N. 11.788, de 25 de setembro de 2008<\/u><\/font><\/a>, que disp\u00f5e sobre o est\u00e1gio de estudantes, altera a reda\u00e7\u00e3o do art. 428 da <a href=\"http:\/\/www.planalto.gov.br\/ccivil_03\/decreto-lei\/del5452.htm\" target=\"_blank\"><font color=\"blue\"><u>Consolida\u00e7\u00e3o das Leis do Trabalho \u2013 CLT<\/u><\/font><\/a>, aprovada pelo <a href=\"http:\/\/www.planalto.gov.br\/ccivil_03\/decreto-lei\/del5452.htm\" target=\"_blank\"><font color=\"blue\"><u>Decreto-Lei N. 5.452, de 1\u00ba de maio de 1943<\/u><\/font><\/a>, e a <a href=\"http:\/\/www.planalto.gov.br\/ccivil_03\/leis\/l9394.htm\" target=\"_blank\"><font color=\"blue\"><u>Lei N\u00ba 9.394, de 20 de dezembro de 1996<\/u><\/font><\/a>; revoga as Leis <a href=\"http:\/\/www.planalto.gov.br\/ccivil_03\/LEIS\/L6494.htm\" target=\"_blank\"><font color=\"blue\"><u>N\u00bas 6.494, de 7 de dezembro de 1977<\/u><\/font><\/a>, e <a href=\"http:\/\/www.planalto.gov.br\/ccivil_03\/leis\/l8859.htm\" target=\"_blank\"><font color=\"blue\"><u>8.859, de 23 de mar\u00e7o de 1994<\/u><\/font><\/a>, o par\u00e1grafo \u00fanico do art. 82 da <a href=\"http:\/\/www.planalto.gov.br\/ccivil_03\/leis\/l9394.htm\" target=\"_blank\"><font color=\"blue\"><u>Lei N\u00ba 9.394, de 20 de dezembro de 1996<\/u><\/font><\/a>, e o art. 6\u00ba da <a href=\"http:\/\/www.planalto.gov.br\/ccivil_03\/MPV\/2164-41.htm\" target=\"_blank\"><font color=\"blue\"><u>Medida Provis\u00f3ria  N\u00ba 2.164-41, de 24 de agosto de 2001<\/u><\/font><\/a>; e d\u00e1 outras provid\u00eancias.<\/p>\r\n<p>- a <a href=\"http:\/\/www.planalto.gov.br\/ccivil_03\/leis\/L9608compilado.htm\" target=\"_blank\"><font color=\"blue\"><u>Lei N. 9.608, de 18 de fevereiro de 1998<\/u><\/font><\/a>, que disp\u00f5e sobre o servi\u00e7o volunt\u00e1rio e d\u00e1 outras provid\u00eancias, com altera\u00e7\u00f5es produzidas pelas Leis <a href=\"http:\/\/www.planalto.gov.br\/ccivil_03\/_ato2015-2018\/2016\/lei\/l13267.htm\" target=\"_blank\"><font color=\"blue\"><u>N. 13.297, de 16 de junho de 2016<\/u><\/font><\/a> e <a href=\"http:\/\/www.planalto.gov.br\/ccivil_03\/_Ato2007-2010\/2008\/Lei\/L11692.htm\" target=\"_blank\"><font color=\"blue\"><u>N. 11.692, de 10 de junho de 2008<\/u><\/font><\/a>;<\/p>\r\n<p>- a <a href=\"http:\/\/www.planalto.gov.br\/ccivil_03\/_ato2015-2018\/2016\/lei\/l13267.htm\" target=\"_blank\"><font color=\"blue\"><u>Lei N. 13.267, de 06 de abril de 2016<\/u><\/font><\/a>, que disciplina a cria\u00e7\u00e3o e a organiza\u00e7\u00e3o das associa\u00e7\u00f5es denominadas empresas juniores, com funcionamento perante institui\u00e7\u00f5es de ensino superior;<\/p>\r\n<p>\u2013 o <a href=\"http:\/\/www.planalto.gov.br\/ccivil_03\/_ato2015-2018\/2017\/decreto\/D9191.htm\" target=\"_blank\"><font color=\"blue\"><u>Decreto N. 9.191, de 1\u00b0 de novembro de 2017<\/u><\/font><\/a>, que estabelece as normas e as diretrizes para elabora\u00e7\u00e3o, reda\u00e7\u00e3o, altera\u00e7\u00e3o, consolida\u00e7\u00e3o e encaminhamento de propostas de atos normativos ao Presidente da Rep\u00fablica pelos Ministros de Estado;<\/p>\r\n<p>\u2013 o <a href=\"http:\/\/www.planalto.gov.br\/ccivil_03\/_ato2019-2022\/2019\/decreto\/D9759.htm\" target=\"_blank\"><font color=\"blue\"><u>Decreto N. 9.759, de 11 de abril de 2019<\/u><\/font><\/a>, que extingue e estabelece diretrizes, regras e limita\u00e7\u00f5es para colegiados da administra\u00e7\u00e3o p\u00fablica federal;<\/p>\r\n<p>- a <a href=\"https:\/\/www.ufsm.br\/pro-reitorias\/proplan\/resolucao-n-006-2019\/\" target=\"_blank\"><font color=\"blue\"><u>Resolu\u00e7\u00e3o N. 006, de 24 de abril de 2019<\/u><\/font><\/a>, que aprova a Pol\u00edtica de Extens\u00e3o da Universidade Federal de Santa Maria;<\/p>\r\n<p>- o Parecer N. 050\/2020 da Comiss\u00e3o de Legisla\u00e7\u00e3o e Normas (CLN), aprovado na 951\u00aa Sess\u00e3o do Conselho de Ensino, Pesquisa e Extens\u00e3o (CEPE), de 04 de setembro de 2020, referente ao Processo N. <a href=\"https:\/\/portal.ufsm.br\/documentos\/publico\/processo\/documento.html?idDocumento=12542089\" target=\"_blank\"><font color=\"blue\"><u>23081.031757\/2019-14<\/u><\/font><\/a>; e,<\/p>\r\n<p>- o Parecer N. 080\/2020 da Comiss\u00e3o de Legisla\u00e7\u00e3o e Regimentos (CLR), aprovado na 830\u00aa Sess\u00e3o do Conselho Universit\u00e1rio (CONSU), de 25 de setembro de 2020, referente ao Processo N. <a href=\"https:\/\/portal.ufsm.br\/documentos\/publico\/processo\/documento.html?idDocumento=12542089\" target=\"_blank\"><font color=\"blue\"><u>23081.031757\/2019-14<\/u><\/font><\/a>.<\/p>\r\n<br>\r\n<p>RESOLVE:<\/p>\r\n<br>\r\n<p>Art. 1\u00ba Aprovar o Regulamento que normatiza a cria\u00e7\u00e3o e organiza\u00e7\u00e3o das empresas juniores na Universidade Federal de Santa Maria (UFSM).<\/p>\r\n<p>Par\u00e1grafo \u00fanico. O regulamento para cria\u00e7\u00e3o e organiza\u00e7\u00e3o das empresas juniores na UFSM \u00e9 aprovado na forma de Anexo a esse ato.<\/p>\r\n<p>Art. 2\u00ba Esta resolu\u00e7\u00e3o entra em vigor em 03 de novembro de 2020, revogando a <a href=\"https:\/\/www.ufsm.br\/pro-reitorias\/proplan\/resolucao-n-012-2017\/\" target=\"_blank\"><font color=\"blue\"><u>Resolu\u00e7\u00e3o UFSM N. 012\/2017<\/u><\/font><\/a>.<\/p>\r\n<br>\r\n<p>Paulo Afonso Burmann<\/p>\r\n<p>Reitor<\/p>\r\n<br>\r\n<p><font color=\"red0000\">Este texto n\u00e3o substitui o documento original, publicado no Portal de Documentos em 28\/09\/2020.<\/font> Dispon\u00edvel em: <a href=\"https:\/\/portal.ufsm.br\/documentos\/publico\/documento.html?id=13200337\"><font color=\"blue\">https:\/\/portal.ufsm.br\/documentos\/publico\/documento.html?id=13200337<\/font><\/a>\r\n\r\n\r\n\t\t<\/div>\n\t\t\t\t<\/div>\n\t\t\t\t\t<\/div>\n\t\t<\/div>\n\t\t\t\t\t<\/div>\n\t\t<\/section>\n\t\t\t\t<\/div>\n\t\t","protected":false},"excerpt":{"rendered":"<p>RESOLU\u00c7\u00c3O N. 027\/2020 MINIST\u00c9RIO DA EDUCA\u00c7\u00c3O UNIVERSIDADE FEDERAL DE SANTA MARIA RESOLU\u00c7\u00c3O N. 027, DE 28 DE SETEMBRO DE 2020 Aprova o Regulamento que normatiza a cria\u00e7\u00e3o e organiza\u00e7\u00e3o das empresas juniores na Universidade Federal de Santa Maria (UFSM). O REITOR DA UNIVERSIDADE FEDERAL DE SANTA MARIA, no uso de suas atribui\u00e7\u00f5es legais e estatut\u00e1rias [&hellip;]<\/p>\n","protected":false},"author":205,"featured_media":0,"parent":0,"menu_order":0,"comment_status":"closed","ping_status":"closed","template":"","meta":{"footnotes":""},"categories":[],"tags":[],"class_list":["post-4022","page","type-page","status-publish","hentry"],"acf":[],"_links":{"self":[{"href":"https:\/\/www.ufsm.br\/pro-reitorias\/proplan\/wp-json\/wp\/v2\/pages\/4022","targetHints":{"allow":["GET"]}}],"collection":[{"href":"https:\/\/www.ufsm.br\/pro-reitorias\/proplan\/wp-json\/wp\/v2\/pages"}],"about":[{"href":"https:\/\/www.ufsm.br\/pro-reitorias\/proplan\/wp-json\/wp\/v2\/types\/page"}],"author":[{"embeddable":true,"href":"https:\/\/www.ufsm.br\/pro-reitorias\/proplan\/wp-json\/wp\/v2\/users\/205"}],"replies":[{"embeddable":true,"href":"https:\/\/www.ufsm.br\/pro-reitorias\/proplan\/wp-json\/wp\/v2\/comments?post=4022"}],"version-history":[{"count":0,"href":"https:\/\/www.ufsm.br\/pro-reitorias\/proplan\/wp-json\/wp\/v2\/pages\/4022\/revisions"}],"wp:attachment":[{"href":"https:\/\/www.ufsm.br\/pro-reitorias\/proplan\/wp-json\/wp\/v2\/media?parent=4022"}],"wp:term":[{"taxonomy":"category","embeddable":true,"href":"https:\/\/www.ufsm.br\/pro-reitorias\/proplan\/wp-json\/wp\/v2\/categories?post=4022"},{"taxonomy":"post_tag","embeddable":true,"href":"https:\/\/www.ufsm.br\/pro-reitorias\/proplan\/wp-json\/wp\/v2\/tags?post=4022"}],"curies":[{"name":"wp","href":"https:\/\/api.w.org\/{rel}","templated":true}]}}