{"id":4101,"date":"2020-11-10T11:33:49","date_gmt":"2020-11-10T14:33:49","guid":{"rendered":"https:\/\/www.ufsm.br\/pro-reitorias\/proplan\/?page_id=4101"},"modified":"2023-03-02T09:44:44","modified_gmt":"2023-03-02T12:44:44","slug":"portaria-normativa-n-003-2020","status":"publish","type":"page","link":"https:\/\/www.ufsm.br\/pro-reitorias\/proplan\/portaria-normativa-n-003-2020","title":{"rendered":"Portaria Normativa N. 003\/2020"},"content":{"rendered":"\t\t<div data-elementor-type=\"wp-page\" data-elementor-id=\"4101\" class=\"elementor elementor-4101\">\n\t\t\t\t\t\t<section class=\"elementor-section elementor-top-section elementor-element elementor-element-ff23689 elementor-section-boxed elementor-section-height-default elementor-section-height-default\" data-id=\"ff23689\" data-element_type=\"section\">\n\t\t\t\t\t\t<div class=\"elementor-container elementor-column-gap-default\">\n\t\t\t\t\t<div class=\"elementor-column elementor-col-100 elementor-top-column elementor-element elementor-element-5ced0dd\" data-id=\"5ced0dd\" data-element_type=\"column\">\n\t\t\t<div class=\"elementor-widget-wrap elementor-element-populated\">\n\t\t\t\t\t\t<div class=\"elementor-element elementor-element-0fef075 elementor-widget elementor-widget-html\" data-id=\"0fef075\" data-element_type=\"widget\" data-widget_type=\"html.default\">\n\t\t\t\t<div class=\"elementor-widget-container\">\n\t\t\t\r\n\r\n\r\n<title><b>PORTARIA NORMATIVA UFSM N. 003\/2020<\/b><\/title>\r\n\r\n\r\n<div align=\"center\"><img decoding=\"async\" src=\"https:\/\/www.ufsm.br\/pro-reitorias\/proplan\/wp-content\/uploads\/sites\/344\/2019\/09\/brasao-da-republica-do-brasil-logo.png\" alt=\"Bras\u00e3o Rep\u00fablica Federativa do Brasil\" width=\"6%\" height=\"6%\"><\/div>    \r\n<h1><font color=\"blue\"><font size=\"5\"><div align=\"center\">MINIST\u00c9RIO DA EDUCA\u00c7\u00c3O<\/b><\/font><\/font><\/div><\/H1>\r\n<p><b><font color=\"0000blue\"><div align=\"center\">UNIVERSIDADE FEDERAL DE SANTA MARIA<\/b><\/font><\/div><\/p>\r\n<p><div align=\"center\"><b><a href=\"https:\/\/portal.ufsm.br\/documentos\/publico\/documento.html?id=13272799\" target=\"_blank\"><font color=\"blue\">PORTARIA NORMATIVA UFSM N. 003, DE 30 DE OUTUBRO  DE 2020<\/font><\/a><\/b><\/div><\/p>\r\n<br>\r\n<p><div align=\"right\"><font color=\"800000\">Cria\u00e7\u00e3o o Grupo de Trabalho denominado \u201cGT Avalia\u00e7\u00e3o Governan\u00e7a Institucional\u201d, \u00f3rg\u00e3o colegiado consultivo de car\u00e1ter tempor\u00e1rio, ligado ao Comit\u00ea de Governan\u00e7a, Riscos e Controle da UFSM (CGRC).<\/font><\/div><\/p>\r\n<br>\r\n<p><a href=\"https:\/\/www.ufsm.br\/pro-reitorias\/proplan?page_id=5264\" target=\"_blank\"><font color=\"blue\">Revogada pela Resolu\u00e7\u00e3o UFSM N. 116\/2023<\/font><\/a><\/p>\r\n<br><div align=\"justify\">\r\n<s>\r\n<p>O REITOR DA UNIVERSIDADE FEDERAL DE SANTA MARIA, e presidente do Comit\u00ea de Governan\u00e7a, Riscos e Controle no uso de suas atribui\u00e7\u00f5es legais e estatut\u00e1rias e considerando:<\/p>\r\n<p>\u2013 o artigo 3\u00b0 da <a href=\"https:\/\/www.ufsm.br\/pro-reitorias\/proplan\/resolucao-n-015-2020\/\" target=\"_blank\"><font color=\"blue\"><u>Resolu\u00e7\u00e3o UFSM 15\/2020<\/u><\/font><\/a> que aprova a (re)cria\u00e7\u00e3o do \u00f3rg\u00e3o colegiado denominado \u201cComit\u00ea de Governan\u00e7a, Riscos e Controles\u201d (CGRC) vinculado ao Gabinete do Reitor na estrutura organizacional da Universidade Federal de Santa Maria (UFSM);<\/p>\r\n<p>- o <a href=\"http:\/\/www.planalto.gov.br\/ccivil_03\/_ato2015-2018\/2017\/decreto\/D9191.htm\" target=\"_blank\"><font color=\"blue\"><u>Decreto N. 9.191, de 1\u00b0 de novembro de 2017<\/u><\/font><\/a>, que estabelece as normas e as diretrizes para elabora\u00e7\u00e3o, reda\u00e7\u00e3o, altera\u00e7\u00e3o, consolida\u00e7\u00e3o e encaminhamento de propostas de atos normativos ao Presidente da Rep\u00fablica pelos Ministros de Estado;<\/p>\r\n<p>\u2013 o <a href=\"http:\/\/www.planalto.gov.br\/ccivil_03\/_ato2019-2022\/2019\/decreto\/D9759.htm\" target=\"_blank\"><font color=\"blue\"><u>Decreto N. 9.759, de 11 de abril de 2019<\/u><\/font><\/a>, que extingue e estabelece diretrizes, regras e limita\u00e7\u00f5es para colegiados da administra\u00e7\u00e3o p\u00fablica federal, alterado pelo <a href=\"http:\/\/www.planalto.gov.br\/ccivil_03\/_ato2019-2022\/2019\/decreto\/D9812.htm\" target=\"_blank\"><font color=\"blue\"><u>Decreto N. 9.812, de 30 de maio de 2019<\/u><\/font><\/a>;<\/p>\r\n<br>\r\n<p><div align=\"center\">RESOLVE:<\/div><\/p>\r\n<br>\r\n<p>Art. 1\u00ba Criar o Grupo de Trabalho denominado \u201cGT Avalia\u00e7\u00e3o Governan\u00e7a Institucional\u201d, \u00f3rg\u00e3o colegiado consultivo de car\u00e1ter tempor\u00e1rio, ligado ao Comit\u00ea de Governan\u00e7a, Riscos e Controle da UFSM (CGRC).<\/p>\r\n<br>\r\n<p>CAP\u00cdTULO I \r\n<p>DAS COMPET\u00caNCIAS\r\n<br>\r\n<p>Art. 2\u00ba Caber\u00e1 ao \u201cGT Avalia\u00e7\u00e3o Governan\u00e7a Institucional\u201d :<\/p>\r\n<p>I. a elabora\u00e7\u00e3o de metodologia para avalia\u00e7\u00e3o da governan\u00e7a institucional, tendo como base crit\u00e9rios utilizados pelo TCU;<\/p>\r\n<p>II. estabelecimento de cronograma e processo de elabora\u00e7\u00e3o de plano melhoria dos indicadores.<\/p>\r\n\r\n<p>Art. 3\u00ba Compete ao Presidente do \u201cGT Avalia\u00e7\u00e3o Governan\u00e7a Institucional\u201d: I \u2013 convocar e presidir as reuni\u00f5es;<\/p>\r\n<p>II - resolver as quest\u00f5es de ordem;<\/p>\r\n<p>III - coordenar os trabalhos e distribuir tarefas entre os membros do grupo de trabalho.<\/p>\r\n\r\n<p>Art. 4\u00ba Compete aos membros do \u201cGT Avalia\u00e7\u00e3o Governan\u00e7a Institucional\u201d participar das reuni\u00f5es do grupo de trabalho, contribuindo no estudo, nas discuss\u00f5es e na busca de solu\u00e7\u00f5es de consenso dos membros.<\/p>\r\n<br>\r\n<p>CAP\u00cdTULO II<\/p>\r\n<p>DA COMPOSI\u00c7\u00c3O E AUTORIDADE<\/p>\r\n<br>\r\n<p>Art. 5\u00ba O \u201cGT Avalia\u00e7\u00e3o Governan\u00e7a Institucional\u201d ser\u00e1 constitu\u00eddo pelos membros do Comit\u00ea de Governan\u00e7a, Riscos e Controle, escolhidos em reuni\u00e3o espec\u00edfica deste Comit\u00ea.<\/p>\r\n<p>\u00a7 1\u00ba O presidente do \u201cGT Avalia\u00e7\u00e3o Governan\u00e7a Institucional\u201d ser\u00e1 escolhido entre os membros do grupo de trabalho por voto da maioria simples, em sua primeira reuni\u00e3o.<\/p>\r\n<p>\u00a7 2\u00ba Os membros ter\u00e3o mandato de acordo com a dura\u00e7\u00e3o do \u201cGT Avalia\u00e7\u00e3o Governan\u00e7a Institucional\u201d.<\/p>\r\n<br>\r\n<p>CAP\u00cdTULO III<\/p>\r\n<p>DO QU\u00d3RUM DE REUNI\u00c3O E DE VOTA\u00c7\u00c3O<\/p>\r\n<br>\r\n<p>Art. 6\u00ba As reuni\u00f5es acontecer\u00e3o com a presen\u00e7a m\u00ednima da maioria absoluta dos seus membros, considerando-se esse o n\u00famero legal para o in\u00edcio dos trabalhos.<\/p>\r\n<p>Art. 7\u00ba As convoca\u00e7\u00f5es ser\u00e3o feitas via correio eletr\u00f4nico, pelo(a) presidente, com anteced\u00eancia m\u00ednima de 48 (quarenta e oito) horas, devendo constar da mesma a Ordem do Dia.<\/p>\r\n<p>Par\u00e1grafo \u00fanico. N\u00e3o havendo qu\u00f3rum, os membros ser\u00e3o convocados para nova reuni\u00e3o 48 (quarenta e oito) horas depois, com a mesma pauta.<\/p>\r\n<br>\r\n<p>CAP\u00cdTULO IV<\/p>\r\n<p>DA PERIODICIDADE DAS REUNI\u00d5ES<\/p>\r\n<br>\r\n<p>Art. 8\u00ba O \u201cGT Avalia\u00e7\u00e3o Governan\u00e7a Institucional\u201d, reunir-se-\u00e1, ordinariamente, por 1 (um) turno,  2 (duas) vezes por m\u00eas ou extraordinariamente, sempre que convocado(a) pelo(a) presidente ou maioria de seus membros e desde que haja demanda para o referido \u00f3rg\u00e3o colegiado.<\/p>\r\n<p>Par\u00e1grafo \u00fanico. As reuni\u00f5es deste \u00f3rg\u00e3o colegiado, cujos membros, convidados ou participantes estejam em entes federativos diversos, ser\u00e3o realizadas por videoconfer\u00eancia, sem pagamento de di\u00e1rias e deslocamento.<\/p>\r\n<br>\r\n<p>CAP\u00cdTULO V<\/p>\r\n<p>DO \u00d3RG\u00c3O DE APOIO ADMINISTRATIVO<\/p>\r\n<br>\r\n<p>Art. 9\u00ba Caber\u00e1 ao secret\u00e1rio do CGRC, estabelecido conforme o artigo 11 da <a href=\"https:\/\/www.ufsm.br\/pro-reitorias\/proplan\/resolucao-n-015-2020\/\" target=\"_blank\"><font color=\"blue\"><u>Resolu\u00e7\u00e3o UFSM 15\/2020<\/u><\/font><\/a>, no que se refere ao funcionamento do(a) \u201cGT Avalia\u00e7\u00e3o Governan\u00e7a Institucional\u201d, a responsabilidade de realizar o apoio administrativo e demais encaminhamentos para o devido andamento dos trabalhos.<\/p>\r\n<br>\r\n<p>CAP\u00cdTULO VI<\/p>\r\n<p>DO REGIMENTO INTERNO<\/p>\r\n<br>\r\n<p>Art. 10 Em caso de conveni\u00eancia e oportunidade, para o melhor desenvolvimento das atividades desse \u201cGT Avalia\u00e7\u00e3o Governan\u00e7a Institucional\u201d, poder\u00e1 ser elaborado e encaminhado Regimento Interno pr\u00f3prio para aprecia\u00e7\u00e3o e delibera\u00e7\u00e3o pelo CGRC.<\/p>\r\n<br>\r\n<p>CAP\u00cdTULO VII<\/p>\r\n<p>DO MEMBROS N\u00c3O NATOS<\/p>\r\n<br>\r\n<p>Art. 11 Nas reuni\u00f5es do referido \u00f3rg\u00e3o colegiado poder\u00e3o comparecer, quando convidados pelo presidente, servidores e\/ou discentes, a fim de prestarem esclarecimentos sobre assuntos que lhes forem pertinentes.<\/p>\r\n<p>Par\u00e1grafo \u00fanico. As reuni\u00f5es deste \u00f3rg\u00e3o colegiado, cujos membros possu\u00edrem domic\u00edlio e\/ou resid\u00eancia legal ou estiverem em local diverso da realiza\u00e7\u00e3o da atividade ser\u00e3o realizadas por videoconfer\u00eancia, sem pagamento de di\u00e1rias e deslocamento.<\/p>\r\n<br>\r\n<p>CAP\u00cdTULO VIII<\/p>\r\n<p>DOS RELAT\u00d3RIOS PERI\u00d3DICOS E DO RELAT\u00d3RIO FINAL<\/p>\r\n<br>\r\n<p>Art. 12 O \u201cGT Avalia\u00e7\u00e3o Governan\u00e7a Institucional\u201d, tornar\u00e1 p\u00fablica suas a\u00e7\u00f5es, reuni\u00f5es e materiais espec\u00edficos de sua \u00e1rea em s\u00edtio eletr\u00f4nico pr\u00f3prio, ressalvado o conte\u00fado sujeito a sigilo, n\u00e3o havendo necessidades de emitir relat\u00f3rios peri\u00f3dicos e anuais.<\/p>\r\n<br>\r\n<p>CAP\u00cdTULO IX<\/p>\r\n<p>DAS DISPOSI\u00c7\u00d5ES GERAIS E TRANSIT\u00d3RIAS<\/p>\r\n<br>\r\n<p>Art. 13 \u00c9 vedada a divulga\u00e7\u00e3o de discuss\u00f5es em curso sem a pr\u00e9via anu\u00eancia do presidente do CGRC ao qual este \u00f3rg\u00e3o colegiado est\u00e1 vinculado.<\/p>\r\n<p>Art. 14 A participa\u00e7\u00e3o dos membros deste \u00f3rg\u00e3o colegiado ser\u00e1 considerada presta\u00e7\u00e3o de servi\u00e7o p\u00fablico relevante, e n\u00e3o ser\u00e1 remunerada.<\/p>\r\n<p>Par\u00e1grafo \u00fanico. As atividades do colegiado e de seus membros n\u00e3o poder\u00e1 causar preju\u00edzo \u00e0 presta\u00e7\u00e3o do servi\u00e7o p\u00fablico pelo servidor membro do Colegiado.<\/p>\r\n\r\n<p>Art. 15 As reuni\u00f5es deste \u00f3rg\u00e3o colegiado, cujos membros possu\u00edrem domic\u00edlio e\/ou resid\u00eancia legal ou estiverem em local diverso da realiza\u00e7\u00e3o da atividade ser\u00e3o realizadas por videoconfer\u00eancia, sem pagamento de di\u00e1rias, deslocamento.<\/p>\r\n<p>Par\u00e1grafo \u00fanico. Na hip\u00f3tese de ser demonstrada, de modo fundamentado, a inviabilidade ou a inconveni\u00eancia de se realizar a reuni\u00e3o por videoconfer\u00eancia, ser\u00e3o estimados os gastos com di\u00e1rias e passagens dos membros deste colegiado, assim como, a comprova\u00e7\u00e3o da disponibilidade or\u00e7ament\u00e1ria e financeira para o exerc\u00edcio em curso.<\/p>\r\n\r\n<p>Art. 16 \u00c9 vedada a possibilidade de cria\u00e7\u00e3o de subcolegiados por ato deste colegiado.<\/p>\r\n<p>Par\u00e1grafo \u00fanico. A mera necessidade de reuni\u00f5es eventuais para debate, articula\u00e7\u00e3o ou trabalho que envolva agentes p\u00fablicos da administra\u00e7\u00e3o p\u00fablica federal n\u00e3o ser\u00e1 admitida como fundamento para as propostas de que trata o caput.<\/p>\r\n\r\n<p>Art. 17 Esta portaria entra em vigor em 01 de dezembro de 2020 e tem vig\u00eancia de 3 meses.<\/p>\r\n<br>\r\n<p>Paulo Afonso Burmann<\/p>\r\n<p>Reitor<\/p>\r\n<\/s>\r\n<p><font color=\"red0000\">Este texto n\u00e3o substitui o documento original, publicado no Portal de Documentos em 04 de novembro de 2020.<\/font> Dispon\u00edvel em: <a href=\"https:\/\/portal.ufsm.br\/documentos\/publico\/documento.html?id=13272799\" target=\"_blank\"><font color=\"blue\">https:\/\/portal.ufsm.br\/documentos\/publico\/documento.html?id=13272799<\/font><\/a>\r\n\r\n\t\t<\/div>\n\t\t\t\t<\/div>\n\t\t\t\t\t<\/div>\n\t\t<\/div>\n\t\t\t\t\t<\/div>\n\t\t<\/section>\n\t\t\t\t<\/div>\n\t\t","protected":false},"excerpt":{"rendered":"<p>PORTARIA NORMATIVA UFSM N. 003\/2020 MINIST\u00c9RIO DA EDUCA\u00c7\u00c3O UNIVERSIDADE FEDERAL DE SANTA MARIA PORTARIA NORMATIVA UFSM N. 003, DE 30 DE OUTUBRO DE 2020 Cria\u00e7\u00e3o o Grupo de Trabalho denominado \u201cGT Avalia\u00e7\u00e3o Governan\u00e7a Institucional\u201d, \u00f3rg\u00e3o colegiado consultivo de car\u00e1ter tempor\u00e1rio, ligado ao Comit\u00ea de Governan\u00e7a, Riscos e Controle da UFSM (CGRC). Revogada pela Resolu\u00e7\u00e3o UFSM [&hellip;]<\/p>\n","protected":false},"author":205,"featured_media":0,"parent":0,"menu_order":0,"comment_status":"closed","ping_status":"closed","template":"","meta":{"footnotes":""},"categories":[],"tags":[],"class_list":["post-4101","page","type-page","status-publish","hentry"],"acf":[],"_links":{"self":[{"href":"https:\/\/www.ufsm.br\/pro-reitorias\/proplan\/wp-json\/wp\/v2\/pages\/4101","targetHints":{"allow":["GET"]}}],"collection":[{"href":"https:\/\/www.ufsm.br\/pro-reitorias\/proplan\/wp-json\/wp\/v2\/pages"}],"about":[{"href":"https:\/\/www.ufsm.br\/pro-reitorias\/proplan\/wp-json\/wp\/v2\/types\/page"}],"author":[{"embeddable":true,"href":"https:\/\/www.ufsm.br\/pro-reitorias\/proplan\/wp-json\/wp\/v2\/users\/205"}],"replies":[{"embeddable":true,"href":"https:\/\/www.ufsm.br\/pro-reitorias\/proplan\/wp-json\/wp\/v2\/comments?post=4101"}],"version-history":[{"count":0,"href":"https:\/\/www.ufsm.br\/pro-reitorias\/proplan\/wp-json\/wp\/v2\/pages\/4101\/revisions"}],"wp:attachment":[{"href":"https:\/\/www.ufsm.br\/pro-reitorias\/proplan\/wp-json\/wp\/v2\/media?parent=4101"}],"wp:term":[{"taxonomy":"category","embeddable":true,"href":"https:\/\/www.ufsm.br\/pro-reitorias\/proplan\/wp-json\/wp\/v2\/categories?post=4101"},{"taxonomy":"post_tag","embeddable":true,"href":"https:\/\/www.ufsm.br\/pro-reitorias\/proplan\/wp-json\/wp\/v2\/tags?post=4101"}],"curies":[{"name":"wp","href":"https:\/\/api.w.org\/{rel}","templated":true}]}}