{"id":4104,"date":"2020-11-10T13:23:04","date_gmt":"2020-11-10T16:23:04","guid":{"rendered":"https:\/\/www.ufsm.br\/pro-reitorias\/proplan\/?page_id=4104"},"modified":"2020-11-10T13:23:59","modified_gmt":"2020-11-10T16:23:59","slug":"resolucao-n-015-1990-anexo","status":"publish","type":"page","link":"https:\/\/www.ufsm.br\/pro-reitorias\/proplan\/resolucao-n-015-1990-anexo","title":{"rendered":"Resolu\u00e7\u00e3o N. 015\/1990-Anexo"},"content":{"rendered":"\t\t<div data-elementor-type=\"wp-page\" data-elementor-id=\"4104\" class=\"elementor elementor-4104\">\n\t\t\t\t\t\t<section class=\"elementor-section elementor-top-section elementor-element elementor-element-6d5d173 elementor-section-boxed elementor-section-height-default elementor-section-height-default\" data-id=\"6d5d173\" data-element_type=\"section\">\n\t\t\t\t\t\t<div class=\"elementor-container elementor-column-gap-default\">\n\t\t\t\t\t<div class=\"elementor-column elementor-col-100 elementor-top-column elementor-element elementor-element-6f270af\" data-id=\"6f270af\" data-element_type=\"column\">\n\t\t\t<div class=\"elementor-widget-wrap elementor-element-populated\">\n\t\t\t\t\t\t<div class=\"elementor-element elementor-element-53a68ca elementor-widget elementor-widget-html\" data-id=\"53a68ca\" data-element_type=\"widget\" data-widget_type=\"html.default\">\n\t\t\t\t<div class=\"elementor-widget-container\">\n\t\t\t\r\n\r\n\r\n<title><b>RESOLU\u00c7\u00c3O N. 015\/1990-ANEXO I<\/b><\/title>\r\n\r\n\r\n<p><div align=\"center\"><b><a href=\"https:\/\/portal.ufsm.br\/documentos\/publico\/documento.html?id=13269422\" target=\"_blank\"><font color=\"blue\">ANEXO I DA RESOLU\u00c7\u00c3O N. 015\/1990<\/font><\/a><\/b><\/div><\/p>\r\n<br>\r\n<p><a href=\"https:\/\/www.ufsm.br\/pro-reitorias\/proplan\/resolucao-n-018-1990\/\"><font color=\"blue\">Revogada pela Resolu\u00e7\u00e3o N. 018\/1990<\/font><\/a><\/p>\r\n<br>\r\n<strike>\r\n<p><div align=\"center\"><b>LISTA DE ANEXOS<\/b><\/div><\/p>\r\n<br>\r\n<p>ANEXO 1 \u2013 FICHA DE CONTROLE DE VE\u00cdCULOS (EXISTENTE)<\/p> \r\n<p>ANEXO 2 \u2013 REQUISI\u00c7\u00c3O DE TRANSPORTE A SERVI\u00c7O (PROPOSTO)<\/p> \r\n<p>ANEXO 3 \u2013 ORDEM DE TR\u00c2NSITO EM VIAGEM (EXISTENTE)<\/p> \r\n<p>ANEXO 4 \u2013 REGISTRO DE ATENDIMENTOS INTERNOS (PROPOSTO)<\/p> \r\n<p>ANEXO 5 \u2013 TERMO DE COMPROMISSO DE VIAGEM DE ESTUDOS (PROPOSTO)<\/p> \r\n<p>ANEXO 6 \u2013 <a href=\"http:\/\/www.planalto.gov.br\/ccivil_03\/decreto\/Antigos\/D99188.htm\"><font color=\"blue\">DECRETO N\u00ba 99.188, DE 17\/03\/90<\/font><\/a><\/p> \r\n<p>ANEXO 7 \u2013 <a href=\"http:\/\/www.planalto.gov.br\/ccivil_03\/decreto\/Antigos\/D99214.htm#:~:text=DECRETO%20No%2099.214%2C%20DE,que%20lhe%20confere%20o%20art.\"><font color=\"blue\">DECRETO N\u00ba 99.214 DE 19\/03\/90<\/font><\/a><\/p> \r\n<p>ANEXO 8 \u2013 INSTRU\u00c7\u00c3O NORMATIVA N\u00ba 04, DE 26\/04\/90<\/p>\r\n<br>\r\n<br>\r\n<p><div align=\"center\"><b>ANEXO 1<\/b><\/div><\/p>\r\n<br>\r\n<p>MINIST\u00c9RIO DA EDUCA\u00c7\u00c3O E CULTURA<\/p>\r\n<p>UNIVERSIDADE FEDERAL DE SANTA MARIA<\/p>\r\n<p>PREFEITURA DA CIDADE UNIVERSIT\u00c1RIA<\/p>\r\n<p>DIVIS\u00c3O DE SERVI\u00c7OS GERAIS<\/p>\r\n<p>FICHA CONTROLE DE VE\u00cdCULOS<\/p>\r\n<br>\r\n<p>PLACAS: _____________________________________________________________<\/p>\r\n<p>MARCA: ______________________________________________________________<\/p>\r\n<p>TIPO: ________________________________________________________________<\/p>\r\n<br>\r\n<table><table width=\"75%\">\r\n<tr><td width=\"15%\"><div align=\"center\">SETOR<\/div><\/td><td><div align=\"center\">M\u00caS<\/div><\/td><td><div align=\"center\">ANO<\/div><\/td><\/tr>\r\n<tr><td>1. <\/td><td><\/td><td><\/td><\/tr>\r\n<tr><td>2. <\/td><td><\/td><td><\/td><\/tr>\r\n<tr><td>3. <\/td><td><\/td><td><\/td><\/tr>\r\n<tr><td>4. <\/td><td><\/td><td><\/td><\/tr>\r\n<\/div><\/table>\r\n<br>\r\n<br>\r\n<br>\r\n<br>\r\n<p>__________________________________________________________________________<\/p>\r\n<p>CARIMBO E VISTO DA PREFEITURA<\/p>\r\n<br>\r\n<table><table width=\"75%\">\r\n<tr><td width=\"15%\"><div align=\"center\">4<\/div><\/td><td><div align=\"center\">VIAGENS<\/div><\/td><\/tr>\r\n<tr><td>DIA<\/td><td>LOCALIDADE(S)<\/td><td>ORDEM DE TR\u00c2NSITO<\/td><\/tr>\r\n<tr><td>1. <\/td><td><\/td><td><\/td><\/tr>\r\n<tr><td>2. <\/td><td><\/td><td><\/td><\/tr>\r\n<tr><td>3. <\/td><td><\/td><td><\/td><\/tr>\r\n<\/div><\/table>\r\n<br>\r\n<table><table width=\"75%\">\r\n<tr><td width=\"15%\"><div align=\"center\">5<\/div><\/td><td><div align=\"center\">MATERIAL E SERVI\u00c7OS<\/div><\/td><\/tr>\r\n<tr><td>DIA<\/td><td>CUSTO PE\u00c7A<\/td><td>DIA<\/td><td>M\u00c3O DE OBRA<\/td><\/tr>\r\n<tr><td>1. <\/td><td><\/td><td><\/td><td><\/td><\/tr>\r\n<tr><td>2. <\/td><td><\/td><td><\/td><td><\/td><\/tr>\r\n<tr><td>3. <\/td><td><\/td><td><\/td><td><\/td><\/tr>\r\n<tr><td>4. <\/td><td><\/td><td><\/td><td><\/td><\/tr>\r\n<\/div><\/table>\r\n<br>\r\n<table><table width=\"75%\">\r\n<tr><td width=\"15%\"><div align=\"center\">6<\/div><\/td><td><div align=\"center\">OCORR\u00caNCIAS COM VE\u00cdCULOS<\/div><\/td><\/tr>\r\n<tr><td>1. <\/td><td><\/td><\/tr>\r\n<tr><td>2. <\/td><td><\/td><\/tr>\r\n<tr><td>3. <\/td><td><\/td><\/tr>\r\n<tr><td>4. <\/td><td><\/td><\/tr>\r\n<\/div><\/table>\r\n<br>\r\n<br>\r\n<p><div align=\"center\"><b>ANEXO 2<\/b><\/div><\/p>\r\n<br>\r\n<p>2\u00aa VIA ORG\u00c3O REQUISITANTE<\/p>\r\n<p>UNIVERSIDADE FEDERAL DE SANTA<\/p>\r\n<p>Prefeitura da Cidade Universit\u00e1ria<\/p>\r\n<p>\u201cREQUISI\u00c7\u00c3O DE TRANSPORTE A SERVI\u00c7O\u201d<\/p>\r\n<p>*Atendimentos externos*<\/p>\r\n<p>\u00d3rg\u00e3o Requisitante: _______________________________________________________<\/p>\r\n<p>Destino: _________________________________________________________________<\/p>\r\n<p>Usu\u00e1rio: _________________________________________________________________<\/p>\r\n<p>Servi\u00e7o a executar: ________________________________________________________<\/p>\r\n<p>Data: ___________________________________________________________________<\/p>\r\n<br>\r\n<br>\r\n<br>\r\n<br>\r\n<p>__________________________________________________<\/p>\r\n<p>Carimbo ass. Requisitante: \r\n<br>\r\n<p>1\u00aa VIA MOTORISTA\/STO<\/p>\r\n<p>ATENDIMENTO:<\/p>\r\n<p>Placas: _________________________________________________________________<\/p>\r\n<p>Marca: __________________________________________________________________<\/p>\r\n<p>Motorista: _______________________________________________________________<\/p>\r\n<p>Hora sa\u00edda: ______________________________________________________________<\/p>\r\n<p>Hora retorno: _____________________________________________________________<\/p>\r\n<p>Total hs: ________________________________________________________________<\/p>\r\n<p>Km. inicial: _______________________________________________________________<\/p>\r\n<p>Km. final: ________________________________________________________________<\/p>\r\n<p>Total Kms. _______________________________________________________________<\/p>\r\n<br>\r\n<p>ATENDIDO - CONFERE:<\/p>\r\n<br>\r\n<br>\r\n<br>\r\n<br>\r\n<p>_______________________________________________________________________<\/p>\r\n<p>Ass. Usu\u00e1rio<\/p>\r\n<br>\r\n<br>\r\n<br>\r\n<br>\r\n<p>________________________________________________________________________<\/p>\r\n<p>Ass. Motorista<\/p>\r\n<br>\r\n<br>\r\n<p><div align=\"center\"><b>ANEXO 3<\/b><\/div><\/p>\r\n<br>\r\n<p>ORDEM DE TR\u00c2NSITO<\/p>                                        \r\n<p>N\u00ba ________________<\/p>\r\n<br>\r\n<p>O portador Sr. _____________________________________________________, motorista desta Universidade, est\u00e1 autorizado viajar \u00e0 cidade de _______________________________________________________________________, conduzindo a viatura de Placas _______________________________________, transportando ___________________________________________________________.<\/p>\r\n<p>SA\u00cdDA \u2013 Dia ____\/____\/____ \u00e0s ___________________ horas.<\/p>\r\n<p>RETORNO \u2013 Dia ____\/____\/____ \u00e0s ________________ horas.<\/p>\r\n<br>\r\n<table><table width=\"75%\">\r\n<tr><td width=\"15%\"><div align=\"center\">QUILOMETRAGEM<\/div><\/td><td>QUILOMETRAGEM<\/td><td><div align=\"center\">AQUISI\u00c7\u00c3O DE COMBUST\u00cdVEL<\/div><\/td><\/tr>\r\n<tr><td>FINAL<\/td><td>_________<\/td><td>N. F. N\u00ba _____________________<\/td><td>_____________________ LITROS<\/td><td>VALOR _________________________<\/td><\/tr>\r\n<tr><td>INICIAL<\/td><td>________<\/td><td>N. F. N\u00ba ____________________<\/td><td>______________________ LITROS<\/td><td>VALOR _________________________<\/td><\/tr>\r\n<tr><td>PERCORRIDA<\/td><td>________<\/td><td>N. F. N\u00ba __________________<\/td><td>_______________________ LITROS<\/td><td>VALOR ________________________<\/td><\/tr>\r\n<\/div><\/table>\r\n<br>\r\n<br>\r\n<br>\r\n<br>\r\n<p>___________________________________________________<\/p>\r\n<p>Motorista<\/p>\r\n<br>\r\n<br>\r\n<br>\r\n<br>\r\n<p>_____________________________________________________<\/p>\r\n<p>Usu\u00e1rio<\/p>\r\n<br>\r\n<p>Servi\u00e7o extraordin\u00e1rio<\/p>\r\n<br>\r\n<table><table width=\"75%\">\r\n<tr><td width=\"15%\"><div align=\"center\">DIA<\/div><\/td><td><div align=\"center\">SEMANA<\/div><\/td><td><div align=\"center\">IN\u00cdCIO<\/div><\/td><td><div align=\"center\">T\u00c9RMINO<\/div><\/td><td><div align=\"center\">IN\u00cdCIO<\/div><\/td><td><div align=\"center\">T\u00c9RMINO<\/div><\/td><td><div align=\"center\">IN\u00cdCIO<\/div><\/td><td><div align=\"center\">T\u00c9RMINO<\/div><\/td><td><div align=\"center\">TOTAL<\/div><\/td><\/tr>\r\n<tr><td>1. <\/td><td><\/td><td><\/td><td><\/td><td><\/td><td><\/td><td><\/td><td><\/td><td><\/td><\/tr>\r\n<tr><td>2. <\/td><td><\/td><td><\/td><td><\/td><td><\/td><td><\/td><td><\/td><td><\/td><td><\/td><\/tr>\r\n<tr><td>3. <\/td><td><\/td><td><\/td><td><\/td><td><\/td><td><\/td><td><\/td><td><\/td><td><\/td><\/tr>\r\n<tr><td>4. <\/td><td><\/td><td><\/td><td><\/td><td><\/td><td><\/td><td><\/td><td><\/td><td><\/td><\/tr>\r\n<tr><td>VISTO<\/td><td>________________________________________________<\/td><td>TOTAL<\/td><td>________________________________________________<\/td><\/tr>\r\n<\/div><\/table>\r\n<br>\r\n<br>\r\n<p><div align=\"center\"><b>ANEXO 4<\/b><\/div><\/p>\r\n<br>\r\n<p>UNIVERSIDADE FEDERAL DE SANTA MARIA<\/p>\r\n<p>Prefeitura da Cidade Universit\u00e1ria<\/p>\r\n<p>Divis\u00e3o de Servi\u00e7os Gerais<\/p>\r\n<p>Servi\u00e7o de Transportes e Oficina<\/p>\r\n<p>REGISTRO DE ATENDIMENTOS INTERNOS<\/p>\r\n<p>DATA: ____\/____\/____<\/p>\r\n<br>\r\n<table><table width=\"75%\">\r\n<tr><td width=\"15%\"><div align=\"center\">\u00d3RG\u00c3O REQUISITANTE<\/div><\/td><td><div align=\"center\">HORA<\/div><\/td><td><div align=\"center\">NOME DO USU\u00c1RIO<\/div><\/td><td><div align=\"center\">RAMAL TEL.<\/div><\/td><td><div align=\"center\">DESTINO<\/div><\/td><td><div align=\"center\">ASSINTAURA DO USU\u00c1RIO<\/div><\/td><\/tr>\r\n<tr><td>1. <\/td><td><\/td><td><\/td><td><\/td><td><\/td><td><\/td><\/tr>\r\n<tr><td>2. <\/td><td><\/td><td><\/td><td><\/td><td><\/td><td><\/td><\/tr>\r\n<tr><td>3. <\/td><td><\/td><td><\/td><td><\/td><td><\/td><td><\/td><\/tr>\r\n<tr><td>4. <\/td><td><\/td><td><\/td><td><\/td><td><\/td><td><\/td><\/tr>\r\n<\/div><\/table>\r\n<br>\r\n<br>\r\n<p><div align=\"center\"><b>ANEXO 5<\/b><\/div><\/p>\r\n<br>\r\n<p>UNIVERSIDADE FEDERAL DE SANTA MARIA<\/p>\r\n<p>Prefeitura da Cidade Universit\u00e1ria<\/p>\r\n<p>TERMO DE COMPROMISSO<\/p>\r\n<br>\r\n<p>\u00d3rg\u00e3o requisitante: ________________________________________________________<\/p>\r\n<p>Of\u00edcio ou Proc. n\u00ba: _________________________________________________________<\/p>\r\n<p>Destino da viagem: ________________________________________________________<\/p>\r\n<p>Itiner\u00e1rio: ________________________________________________________________<\/p>\r\n<p>Data de sa\u00edda: ____________________________________________________________<\/p>\r\n<p>Hor\u00e1rio: _________________________________________________________________<\/p>\r\n<p>Data de retorno: __________________________________________________________<\/p>\r\n<p>Hor\u00e1rio: _________________________________________________________________<\/p>\r\n<p>Local de sa\u00edda: ___________________________________________________________<\/p>\r\n<p>Local de chegada: _________________________________________________________<\/p>\r\n<p>N\u00ba de passageiros (rela\u00e7\u00e3o nominal no verso): __________________________________<\/p>\r\n<p>Tipo de ve\u00edculo: ___________________________________________________________<\/p>\r\n<p>Placas: _________________________________________________________________<\/p>\r\n<p>Km. prevista: _____________________________________________________________<\/p>\r\n<br>\r\n<p>NORMAS GERAIS:<\/p>\r\n<br>\r\n<p>1 - Os danos ou anormalidade que porventura vierem a acontecer, causados pelos passageiros da \u201cViagem de Estudos\", ser\u00e3o da \u201cinteira responsabilidade do Respons\u00e1vel pela viagem.<\/p>\r\n<p>2 - Quando o ve\u00edculo n\u00e3o estiver rodando em viagem, n\u00e3o e permitido a utiliza\u00e7\u00e3o do mesmo para pernoites de passageiros.<\/p>\r\n<p>3 - Os equipamentos do ve\u00edculo somente poder\u00e3o ser acionados pelo motorista condutor do mesmo.<\/p>\r\n<p>4 - \u00c9 expressamente proibido o transporte e consumo de bebidas alco\u00f3licas no interior do ve\u00edculo.<\/p>\r\n<p>5 - \u00c9 expressamente proibido, e da responsabilidade do \"Respons\u00e1vel pela Viagem\", o transporte de pessoas cujos nomes n\u00e3o constem da rela\u00e7\u00e3o de passageiros, bem como n\u00e3o pertencentes aos quadros da Institui\u00e7\u00e3o.<\/p>\r\n<p>6 - Somente ser\u00e1 permitida a lota\u00e7\u00e3o de bancos.<\/p>\r\n<p>7 - O itiner\u00e1rio do ve\u00edculo dever\u00e1 ser rigorosamente cumprido, salvo motivos de for\u00e7a maior, a serem justificados posteriormente.<\/p> \r\n<p>8 - Mesmo j\u00e1 autorizada a viagem poder\u00e1 ser cancelada se no momento do embarque o n\u00famero de passageiros for considerado insuficiente pelo respons\u00e1vel pela viagem.<\/p> \r\n<p>Ciente. De acordo:<\/p>\r\n<p>Data: ____\/____\/____<\/p>\r\n<br>\r\n<br>\r\n<br>\r\n<br>\r\n<p>______________________________________________________________<\/p>\r\n<p>Respons\u00e1vel p\/ Viagem<\/p>\r\n<br>\r\n<p>RELA\u00c7\u00c3O DOS PASSAGEIROS<\/p>\r\n<br>\r\n<p>1. \u2013 Docente<\/p>\r\n<p>2. \u2013 Aluno<\/p>\r\n<p>3. \u2013 Funcion\u00e1rio<\/p>\r\n<br>\r\n<table><table width=\"75%\">\r\n<tr><td width=\"15%\"><div align=\"center\">NOME<\/div><\/td><td><div align=\"center\">1<\/div><\/td><td><div align=\"center\">2<\/div><\/td><td><div align=\"center\">3<\/div><\/td><\/tr>\r\n<tr><td>1. <\/td><td><\/td><td><\/td><td><\/td><\/tr>\r\n<tr><td>2. <\/td><td><\/td><td><\/td><td><\/td><\/tr>\r\n<tr><td>3. <\/td><td><\/td><td><\/td><td><\/td><\/tr>\r\n<tr><td>4. <\/td><td><\/td><td><\/td><td><\/td><\/tr>\r\n<tr><td>5. <\/td><td><\/td><td><\/td><td><\/td><\/tr>\r\n<\/div><\/table>\r\n<br>\r\n<\/strike>\r\n<p><font color=\"red0000\">Este texto n\u00e3o substitui o documento original, publicado no Portal de Documentos.<\/font> Dispon\u00edvel em: <a href=\"https:\/\/portal.ufsm.br\/documentos\/publico\/documento.html?id=13269422\"><font color=\"blue\">https:\/\/portal.ufsm.br\/documentos\/publico\/documento.html?id=13269422<\/font><\/a>\r\n\r\n\t\t<\/div>\n\t\t\t\t<\/div>\n\t\t\t\t\t<\/div>\n\t\t<\/div>\n\t\t\t\t\t<\/div>\n\t\t<\/section>\n\t\t\t\t<\/div>\n\t\t","protected":false},"excerpt":{"rendered":"<p>RESOLU\u00c7\u00c3O N. 015\/1990-ANEXO I ANEXO I DA RESOLU\u00c7\u00c3O N. 015\/1990 Revogada pela Resolu\u00e7\u00e3o N. 018\/1990 LISTA DE ANEXOS ANEXO 1 \u2013 FICHA DE CONTROLE DE VE\u00cdCULOS (EXISTENTE) ANEXO 2 \u2013 REQUISI\u00c7\u00c3O DE TRANSPORTE A SERVI\u00c7O (PROPOSTO) ANEXO 3 \u2013 ORDEM DE TR\u00c2NSITO EM VIAGEM (EXISTENTE) ANEXO 4 \u2013 REGISTRO DE ATENDIMENTOS INTERNOS (PROPOSTO) ANEXO 5 [&hellip;]<\/p>\n","protected":false},"author":205,"featured_media":0,"parent":0,"menu_order":0,"comment_status":"closed","ping_status":"closed","template":"","meta":{"footnotes":""},"categories":[],"tags":[],"class_list":["post-4104","page","type-page","status-publish","hentry"],"acf":[],"_links":{"self":[{"href":"https:\/\/www.ufsm.br\/pro-reitorias\/proplan\/wp-json\/wp\/v2\/pages\/4104","targetHints":{"allow":["GET"]}}],"collection":[{"href":"https:\/\/www.ufsm.br\/pro-reitorias\/proplan\/wp-json\/wp\/v2\/pages"}],"about":[{"href":"https:\/\/www.ufsm.br\/pro-reitorias\/proplan\/wp-json\/wp\/v2\/types\/page"}],"author":[{"embeddable":true,"href":"https:\/\/www.ufsm.br\/pro-reitorias\/proplan\/wp-json\/wp\/v2\/users\/205"}],"replies":[{"embeddable":true,"href":"https:\/\/www.ufsm.br\/pro-reitorias\/proplan\/wp-json\/wp\/v2\/comments?post=4104"}],"version-history":[{"count":0,"href":"https:\/\/www.ufsm.br\/pro-reitorias\/proplan\/wp-json\/wp\/v2\/pages\/4104\/revisions"}],"wp:attachment":[{"href":"https:\/\/www.ufsm.br\/pro-reitorias\/proplan\/wp-json\/wp\/v2\/media?parent=4104"}],"wp:term":[{"taxonomy":"category","embeddable":true,"href":"https:\/\/www.ufsm.br\/pro-reitorias\/proplan\/wp-json\/wp\/v2\/categories?post=4104"},{"taxonomy":"post_tag","embeddable":true,"href":"https:\/\/www.ufsm.br\/pro-reitorias\/proplan\/wp-json\/wp\/v2\/tags?post=4104"}],"curies":[{"name":"wp","href":"https:\/\/api.w.org\/{rel}","templated":true}]}}