{"id":4110,"date":"2020-11-11T12:59:37","date_gmt":"2020-11-11T15:59:37","guid":{"rendered":"https:\/\/www.ufsm.br\/pro-reitorias\/proplan\/?page_id=4110"},"modified":"2025-08-29T09:51:10","modified_gmt":"2025-08-29T12:51:10","slug":"resolucao-n-030-2020","status":"publish","type":"page","link":"https:\/\/www.ufsm.br\/pro-reitorias\/proplan\/resolucao-n-030-2020","title":{"rendered":"RESOLU\u00c7\u00c3O UFSM N. 030\/2020"},"content":{"rendered":"\t\t<div data-elementor-type=\"wp-page\" data-elementor-id=\"4110\" class=\"elementor elementor-4110\">\n\t\t\t\t\t\t<section class=\"elementor-section elementor-top-section elementor-element elementor-element-7e630f2 elementor-section-boxed elementor-section-height-default elementor-section-height-default\" data-id=\"7e630f2\" data-element_type=\"section\">\n\t\t\t\t\t\t<div class=\"elementor-container elementor-column-gap-default\">\n\t\t\t\t\t<div class=\"elementor-column elementor-col-100 elementor-top-column elementor-element elementor-element-bd4590e\" data-id=\"bd4590e\" data-element_type=\"column\">\n\t\t\t<div class=\"elementor-widget-wrap elementor-element-populated\">\n\t\t\t\t\t\t<div class=\"elementor-element elementor-element-a4b570c elementor-widget elementor-widget-html\" data-id=\"a4b570c\" data-element_type=\"widget\" data-widget_type=\"html.default\">\n\t\t\t\t<div class=\"elementor-widget-container\">\n\t\t\t\r\n\r\n\r\n<title><b>RESOLU\u00c7\u00c3O N. 030\/2020<\/b><\/title>\r\n\r\n\r\n<div align=\"center\"><img decoding=\"async\" src=\"https:\/\/www.ufsm.br\/pro-reitorias\/proplan\/wp-content\/uploads\/sites\/344\/2019\/09\/brasao-da-republica-do-brasil-logo.png\" alt=\"Bras\u00e3o Rep\u00fablica Federativa do Brasil\" width=\"6%\" height=\"6%\"><\/div>    \r\n<h1><font color=\"blue\"><font size=\"5\"><div align=\"center\">MINIST\u00c9RIO DA EDUCA\u00c7\u00c3O<\/b><\/font><\/font><\/div><\/H1>\r\n<p><b><font color=\"0000blue\"><div align=\"center\">UNIVERSIDADE FEDERAL DE SANTA MARIA<\/b><\/font><\/div><\/p>\r\n<p><div align=\"center\"><b><a href=\"https:\/\/portal.ufsm.br\/documentos\/publico\/documento.html?idDocumento=13278134\" target=\"_blank\"><font color=\"blue\">RESOLU\u00c7\u00c3O UFSM N. 030, DE 05 DE NOVEMBRO DE 2020<\/font><\/a><\/b><\/div><\/p>\r\n<br>\r\n   <div style=\"color: #800000;width: 60%;margin-left: auto;margin-right: 0;text-align: justify;font-weight: normal\">Aprova o Regulamento Interno do Espa\u00e7o de A\u00e7\u00f5es Comunit\u00e1rias Empreendedoras da Universidade Federal de Santa Maria (UFSM).<\/font><\/div><\/p>\r\n\r\n<br><div align=\"justify\">\r\n<p>O REITOR DA UNIVERSIDADE FEDERAL DE SANTA MARIA, no uso de suas atribui\u00e7\u00f5es legais e estatut\u00e1rias e considerando:<\/p>\r\n<p>- o <a href=\"http:\/\/www.planalto.gov.br\/ccivil_03\/_ato2015-2018\/2017\/decreto\/D9191.htm\" target=\"_blank\"><font color=\"blue\"><u>Decreto N. 9.191, de 1\u00ba de novembro de 2017<\/u><\/font><\/a>, que estabelece as normas e as diretrizes para elabora\u00e7\u00e3o, reda\u00e7\u00e3o, altera\u00e7\u00e3o, consolida\u00e7\u00e3o e encaminhamento de propostas de atos normativos ao Presidente da Rep\u00fablica pelos Ministros de Estado;<\/p>\r\n<p>- o <a href=\"http:\/\/www.planalto.gov.br\/ccivil_03\/_ato2019-2022\/2019\/decreto\/D9759.htm\" target=\"_blank\"><font color=\"blue\"><u>Decreto N. 9.759, de 11 de abril de 2019<\/u><\/font><\/a>, que extingue e estabelece diretrizes, regras e limita\u00e7\u00f5es para colegiados da administra\u00e7\u00e3o p\u00fablica federal;<\/p>\r\n<p>- a <a href=\"https:\/\/www.in.gov.br\/materia\/-\/asset_publisher\/Kujrw0TZC2Mb\/content\/id\/55877808\" target=\"_blank\"><font color=\"blue\"><u>Resolu\u00e7\u00e3o N. 7, de 18 de dezembro de 2018<\/u><\/font><\/a>, que estabelece as diretrizes para a extens\u00e3o na Educa\u00e7\u00e3o Superior Brasileira e regimenta o disposto na Meta 12.7 da <a href=\"http:\/\/www.planalto.gov.br\/ccivil_03\/_ato2011-2014\/2014\/lei\/l13005.htm\" target=\"_blank\"><font color=\"blue\"><u>Lei N. 13.005, de 25 de junho de 2014<\/u><\/font><\/a>, que aprova o Plano Nacional de Educa\u00e7\u00e3o \u2013 PNE 2014-2024 e d\u00e1 outras provid\u00eancias;<\/p>\r\n<p>- a Pol\u00edtica Nacional de Extens\u00e3o, aprovada pelo F\u00f3rum de Pr\u00f3-Reitores de Extens\u00e3o das Universidades P\u00fablicas Brasileiras (FORPROEX) em maio de 2012;<\/p>\r\n<p>- a <a href=\"https:\/\/www.ufsm.br\/pro-reitorias\/proplan\/resolucao-n-002-1991\/\" target=\"_blank\"><font color=\"blue\"><u>Resolu\u00e7\u00e3o UFSM N. 002, de 23 de janeiro de 1991, da Universidade Federal de Santa Maria<\/u><\/font><\/a>, que define procedimentos para ced\u00eancia de espa\u00e7o f\u00edsico da Institui\u00e7\u00e3o;<\/p>\r\n<p>- a <a href=\"https:\/\/www.ufsm.br\/pro-reitorias\/proplan\/resolucao-n-006-2019\/\" target=\"_blank\"><font color=\"blue\"><u>Resolu\u00e7\u00e3o UFSM N. 006, de 29 de abril de 2019<\/u><\/font><\/a>, que aprova a Pol\u00edtica de Extens\u00e3o da Universidade Federal de Santa Maria;<\/p>\r\n<p>- a <a href=\"https:\/\/www.ufsm.br\/pro-reitorias\/proplan\/resolucao-n-016-2020\/\" target=\"_blank\"><font color=\"blue\"><u>Resolu\u00e7\u00e3o UFSM N. 016, 23 de junho de 2020<\/u><\/font><\/a>, que estabelece a nova estrutura organizacional da Pr\u00f3-Reitoria de Extens\u00e3o (PRE) da Universidade Federal de Santa Maria (UFSM), suas compet\u00eancias e atribui\u00e7\u00f5es e altera o Regimento Geral da UFSM;<\/p>\r\n<p>- o Parecer N. 073\/2020 da Procuradoria Federal Junto \u00e0 UFSM, refere ao <a href=\"https:\/\/portal.ufsm.br\/documentos\/publico\/processo\/documento.html?idDocumento=12835615\" target=\"_blank\"><font color=\"blue\"><u>Processo N. 23081.061714\/2019-55<\/u><\/font><\/a>;<\/p>\r\n<p>- a necessidade de uma infraestrutura f\u00edsica destinada aos projetos de extens\u00e3o;<\/p>\r\n<p>- a necessidade do fomento as a\u00e7\u00f5es de extens\u00e3o no \u00e2mbito da UFSM;<\/p>\r\n<p>- o Parecer N. 065\/2020 da Comiss\u00e3o de Legisla\u00e7\u00e3o e Normas (CLN), aprovado na aprovado na 953\u00aa Sess\u00e3o do Conselho de Ensino, Pesquisa e Extens\u00e3o (CEPE), de 23 de outubro de 2020, referente ao <a href=\"https:\/\/portal.ufsm.br\/documentos\/publico\/processo\/documento.html?idDocumento=13112564\" target=\"_blank\"><font color=\"blue\"><u>Processo N. 23081.024210\/2020-98<\/u><\/font><\/a>; e,<\/p>\r\n<p>- o Parecer N. 095\/2020 da Comiss\u00e3o de Legisla\u00e7\u00e3o e Regimentos (CLR), aprovado na 831\u00ba Sess\u00e3o do Conselho Universit\u00e1rio (CONSU), de 30 de outubro de 2020, referente ao <a href=\"https:\/\/portal.ufsm.br\/documentos\/publico\/processo\/documento.html?idDocumento=13112564\" target=\"_blank\"><font color=\"blue\"><u>Processo N. 23081.024210\/2020-98<\/u><\/font><\/a>.<\/p>\r\n<br>\r\n<p>RESOLVE:<\/p>\r\n<br>\r\n<p>Art. 1\u00ba Aprovar o Regulamento que normatiza o Espa\u00e7o de A\u00e7\u00f5es Comunit\u00e1rias e Empreendedoras na Universidade Federal de Santa Maria (UFSM).<\/p> \r\n<p>Par\u00e1grafo \u00fanico. O <a href=\"https:\/\/www.ufsm.br\/pro-reitorias\/proplan\/regulamento-interno-do-espaco-de-acoes-comunitarias-e-empreendedoras-da-ufsm-2020\/\" target=\"_blank\"><font color=\"blue\"><u>regulamento do Espa\u00e7o de A\u00e7\u00f5es Comunit\u00e1rias e Empreendedoras<\/u><\/font><\/a> aprovado na forma de Anexo a esse ato.\r\n<p>Art. 2\u00ba Esta resolu\u00e7\u00e3o entra em vigor em 01 de dezembro de 2020.<\/p>\r\n<br>\r\n<p>Paulo Afonso Burmann<\/p>\r\n<p>Reitor<\/p>\r\n<br>\r\n<p><font color=\"red0000\">Este texto n\u00e3o substitui o documento original, publicado no Portal de Documentos em 11 de novembro de 2020.<\/font> Dispon\u00edvel em: <a href=\"https:\/\/portal.ufsm.br\/documentos\/publico\/documento.html?idDocumento=13278134\"><font color=\"blue\">https:\/\/portal.ufsm.br\/documentos\/publico\/documento.html?idDocumento=13278134<\/font><\/a>\r\n\r\n\t\t<\/div>\n\t\t\t\t<\/div>\n\t\t\t\t\t<\/div>\n\t\t<\/div>\n\t\t\t\t\t<\/div>\n\t\t<\/section>\n\t\t\t\t<\/div>\n\t\t","protected":false},"excerpt":{"rendered":"<p>RESOLU\u00c7\u00c3O N. 030\/2020 MINIST\u00c9RIO DA EDUCA\u00c7\u00c3O UNIVERSIDADE FEDERAL DE SANTA MARIA RESOLU\u00c7\u00c3O UFSM N. 030, DE 05 DE NOVEMBRO DE 2020 Aprova o Regulamento Interno do Espa\u00e7o de A\u00e7\u00f5es Comunit\u00e1rias Empreendedoras da Universidade Federal de Santa Maria (UFSM). O REITOR DA UNIVERSIDADE FEDERAL DE SANTA MARIA, no uso de suas atribui\u00e7\u00f5es legais e estatut\u00e1rias e [&hellip;]<\/p>\n","protected":false},"author":205,"featured_media":0,"parent":0,"menu_order":0,"comment_status":"closed","ping_status":"closed","template":"","meta":{"footnotes":""},"categories":[],"tags":[],"class_list":["post-4110","page","type-page","status-publish","hentry"],"acf":[],"_links":{"self":[{"href":"https:\/\/www.ufsm.br\/pro-reitorias\/proplan\/wp-json\/wp\/v2\/pages\/4110","targetHints":{"allow":["GET"]}}],"collection":[{"href":"https:\/\/www.ufsm.br\/pro-reitorias\/proplan\/wp-json\/wp\/v2\/pages"}],"about":[{"href":"https:\/\/www.ufsm.br\/pro-reitorias\/proplan\/wp-json\/wp\/v2\/types\/page"}],"author":[{"embeddable":true,"href":"https:\/\/www.ufsm.br\/pro-reitorias\/proplan\/wp-json\/wp\/v2\/users\/205"}],"replies":[{"embeddable":true,"href":"https:\/\/www.ufsm.br\/pro-reitorias\/proplan\/wp-json\/wp\/v2\/comments?post=4110"}],"version-history":[{"count":0,"href":"https:\/\/www.ufsm.br\/pro-reitorias\/proplan\/wp-json\/wp\/v2\/pages\/4110\/revisions"}],"wp:attachment":[{"href":"https:\/\/www.ufsm.br\/pro-reitorias\/proplan\/wp-json\/wp\/v2\/media?parent=4110"}],"wp:term":[{"taxonomy":"category","embeddable":true,"href":"https:\/\/www.ufsm.br\/pro-reitorias\/proplan\/wp-json\/wp\/v2\/categories?post=4110"},{"taxonomy":"post_tag","embeddable":true,"href":"https:\/\/www.ufsm.br\/pro-reitorias\/proplan\/wp-json\/wp\/v2\/tags?post=4110"}],"curies":[{"name":"wp","href":"https:\/\/api.w.org\/{rel}","templated":true}]}}