{"id":4112,"date":"2020-11-11T13:01:16","date_gmt":"2020-11-11T16:01:16","guid":{"rendered":"https:\/\/www.ufsm.br\/pro-reitorias\/proplan\/?page_id=4112"},"modified":"2020-11-11T13:08:12","modified_gmt":"2020-11-11T16:08:12","slug":"regulamento-interno-do-espaco-de-acoes-comunitarias-e-empreendedoras-da-ufsm-anexo-2020","status":"publish","type":"page","link":"https:\/\/www.ufsm.br\/pro-reitorias\/proplan\/regulamento-interno-do-espaco-de-acoes-comunitarias-e-empreendedoras-da-ufsm-anexo-2020","title":{"rendered":"Regulamento Interno do Espa\u00e7o de A\u00e7\u00f5es Comunit\u00e1rias e  Empreendedoras da UFSM &#8211; Anexo (2020)"},"content":{"rendered":"\t\t<div data-elementor-type=\"wp-page\" data-elementor-id=\"4112\" class=\"elementor elementor-4112\">\n\t\t\t\t\t\t<section class=\"elementor-section elementor-top-section elementor-element elementor-element-33f1e88 elementor-section-boxed elementor-section-height-default elementor-section-height-default\" data-id=\"33f1e88\" data-element_type=\"section\">\n\t\t\t\t\t\t<div class=\"elementor-container elementor-column-gap-default\">\n\t\t\t\t\t<div class=\"elementor-column elementor-col-100 elementor-top-column elementor-element elementor-element-86b0eff\" data-id=\"86b0eff\" data-element_type=\"column\">\n\t\t\t<div class=\"elementor-widget-wrap elementor-element-populated\">\n\t\t\t\t\t\t<div class=\"elementor-element elementor-element-90f0504 elementor-widget elementor-widget-html\" data-id=\"90f0504\" data-element_type=\"widget\" data-widget_type=\"html.default\">\n\t\t\t\t<div class=\"elementor-widget-container\">\n\t\t\t\r\n\r\n\r\n<title><b>ANEXO 1 DO REGULAMENTO INTERNO DO ESPA\u00c7O DE A\u00c7\u00d5ES COMUNIT\u00c1RIAS E EMPREENDEDORAS DA UNIVERSIDADE FEDERAL DE SANTA MARIA:<\/b><\/title>\r\n\r\n\r\n<div align=\"center\"><img decoding=\"async\" src=\"https:\/\/www.ufsm.br\/pro-reitorias\/proplan\/wp-content\/uploads\/sites\/344\/2019\/09\/brasao-da-republica-do-brasil-logo.png\" alt=\"Bras\u00e3o Rep\u00fablica Federativa do Brasil\" width=\"6%\" height=\"6%\"><\/div>    \r\n<h1><font color=\"blue\"><font size=\"5\"><div align=\"center\">MINIST\u00c9RIO DA EDUCA\u00c7\u00c3O<\/b><\/font><\/font><\/div><\/H1>\r\n<p><b><font color=\"0000blue\"><div align=\"center\">UNIVERSIDADE FEDERAL DE SANTA MARIA<\/b><\/font><\/div><\/p>\r\n<p><div align=\"center\"><b><a href=\"https:\/\/portal.ufsm.br\/documentos\/publico\/documento.html?idDocumento=13278156\" target=\"_blank\"><font color=\"blue\">ANEXO 1 DO REGULAMENTO INTERNO DO ESPA\u00c7O DE A\u00c7\u00d5ES COMUNIT\u00c1RIAS E EMPREENDEDORAS DA UNIVERSIDADE FEDERAL DE SANTA MARIA<\/font><\/a><\/b><\/div><\/p>\r\n<br>\r\n<p><div align=\"right\"><font color=\"800000\">NUMERA\u00c7\u00c3O DAS DEPEND\u00caNCIAS INTERNAS DO ESPA\u00c7O DE A\u00c7\u00d5ES COMUNIT\u00c1RIAS E EMPREENDEDORAS DA UFSM<\/font><\/div><\/p>\r\n<br>\r\n<p><div align=\"right\"><a href=\"https:\/\/www.ufsm.br\/pro-reitorias\/proplan\/resolucao-n-030-2020\/\" target=\"_blank\"><font color=\"blue\"><u>Anexo da Resolu\u00e7\u00e3o UFSM N. 030, de 05 de novembro de 2020<\/u><\/font><\/a><\/div><\/p>\r\n<br>\r\n<br><div align=\"justify\">\r\n<br>\r\n<p>As depend\u00eancias internas do Espa\u00e7o de A\u00e7\u00f5es Comunit\u00e1rias e Empreendedoras da UFSM, foram numerados de forma sequencial, de acordo com correla\u00e7\u00e3o a seguir:<\/p>\r\n<p>I \u2013 Subsolo (Conforme Figura 01):<\/p>\r\n<p>a) Torre A: Salas AS-01 a AS-03;<\/p>\r\n<p>b) Torre C: Espa\u00e7os SC-T01, SC-D03 e Cisternas; e,<\/p>\r\n<p>c) Torre B: espa\u00e7o SB-D01, Salas SB-01 a SB-03.<\/p> \r\n<p><a href=\"https:\/\/www.ufsm.br\/app\/uploads\/sites\/344\/2020\/11\/Figura-01-Planta-Baixa-do-Subsolo-e-Resumo-das-salas.png\" target=\"_blank\"><font color=\"blue\"><u>Figura 01: Planta Baixa do Subsolo e Resumo das salas (Autores: Equipe GRIN, 2020)<\/u><\/font><\/a><\/p>\r\n<br>\r\n<p>II \u2013 T\u00e9rreo (Conforme Figura 02):<\/p>\r\n<p>a) Torre A: Salas TA-01, RU e Cozinha;<\/p> \r\n<p>b) Torre B: Salas TB-01 a TB-19; e,<\/p>\r\n<p>c) Torre C: Recep\u00e7\u00e3o, Hall do RU e TC-01.<\/p>\r\n<p><a href=\"https:\/\/www.ufsm.br\/app\/uploads\/sites\/344\/2020\/11\/Figura-02-Planta-Baixa-do-Pavimento-Terreo-e-Resumo-das-salas.jpg\" target=\"_blank\"><font color=\"blue\"><u>Figura 02: Planta Baixa do Pavimento T\u00e9rreo e Resumo das salas (Autores: Equipe GRIN, 2020)<\/u><\/font><\/a><\/p>\r\n<br>\r\n<p>III - Pavimento 1\u00ba Andar (Conforme Figura 03):<\/p>\r\n<p>a) Torre A: Salas A-101 a A-107, RU e Cozinha;<\/p> \r\n<p>b) Torre B: Salas TB-01 a TB-19; e,<\/p>\r\n<p>c) Torre C: Recep\u00e7\u00e3o, Hall do RU e TC-01;.<\/p>\r\n<p><a href=\"https:\/\/www.ufsm.br\/app\/uploads\/sites\/344\/2020\/11\/Figura-03-Planta-Baixa-do-1o-Andar-e-Resumo-das-salas.png\" target=\"_blank\"><font color=\"blue\"><u>Figura 03: Planta Baixa do 1\u00ba Andar e Resumo das salas (Autores: Equipe GRIN, 2020)<\/u><\/font><\/a><\/p>\r\n<br>\r\n\r\n<p>IV - Pavimento 2\u00ba Andar (Conforme Figura 04):<\/p>\r\n<p>a) Torre A: Salas A-201 a A-204;<\/p> \r\n<p>b) Torre B: Salas B-201 a B-204; e,<\/p>\r\n<p>c) Torre C: C-201.<\/p>\r\n<p><a href=\"https:\/\/www.ufsm.br\/app\/uploads\/sites\/344\/2020\/11\/Figura-04-Planta-Baixa-do-2o-Andar-e-Resumo-das-salas.png\" target=\"_blank\"><font color=\"blue\"><u>Figura 04: Planta Baixa do 2\u00ba Andar e Resumo das salas (Autores: Equipe GRIN, 2020)<\/u><\/font><\/a><\/p>\r\n<br>\r\n<p>V - Pavimento 3\u00ba Andar (Conforme Figura 05):<\/p>\r\n<p>a) Torre A: Salas A-301 a A-304;<\/p>\r\n<p>b) Torre B: Salas B-301 a B-304; e,<\/p>\r\n<p>c) Torre C: C-301 e C-302.<\/p>\r\n<p><a href=\"https:\/\/www.ufsm.br\/app\/uploads\/sites\/344\/2020\/11\/Figura-05-Planta-Baixa-do-3o-Andar-e-Resumo-das-salas.png\" target=\"_blank\"><font color=\"blue\"><u>Figura 05: Planta Baixa do 3\u00ba Andar e Resumo das salas (Autores: Equipe GRIN, 2020)<\/u><\/font><\/a><\/p>\r\n<br>\r\n<p>VI - Pavimento 4\u00ba Andar (Conforme Figura 06):<\/p>\r\n<p>a) Torre A: Salas A-401 a A-404;<\/p> \r\n<p>b) Torre B: Salas B-401 a B-405; e,<\/p>\r\n<p>c) Torre C: C-401 a C-403.<\/p>\r\n<p><a href=\"https:\/\/www.ufsm.br\/app\/uploads\/sites\/344\/2020\/11\/Figura-06-Planta-Baixa-do-4o-Andar-e-Resumo-das-salas.png\" target=\"_blank\"><font color=\"blue\"><u>Figura 06: Planta Baixa do 4\u00ba Andar e Resumo das salas (Autores: Equipe GRIN, 2020)<\/u><\/font><\/a><\/p>\r\n<br>\r\n<p>VII - Pavimento 5\u00ba Andar (Conforme Figura 07):<\/p>\r\n<p>a) Torre A: Salas A-501 a A-503;<\/p> \r\n<p>b) Torre B: Salas B-501 a B-505; e,<\/p> \r\n<p>c) Torre C: C-501 e C-502.<\/p>\r\n<p><a href=\"https:\/\/www.ufsm.br\/app\/uploads\/sites\/344\/2020\/11\/Figura-07-Planta-Baixa-do-5o-Andar-e-Resumo-das-salas.png\" target=\"_blank\"><font color=\"blue\"><u>Figura 07: Planta Baixa do 5\u00ba Andar e Resumo das salas (Autores: Equipe GRIN, 2020)<\/u><\/font><\/a><\/p>\r\n<br>\r\n<p>VIII - Pavimento 6\u00ba Andar (Conforme Figura 08):<\/p>\r\n<p>a) Torre A: Salas A-601 a A-603;<\/p> \r\n<p>b) Torre B: Salas B-601 a B-604; e,<\/p> \r\n<p>c) Torre C: C-601 a C-603.<\/p>\r\n<p><a href=\"https:\/\/www.ufsm.br\/app\/uploads\/sites\/344\/2020\/11\/Figura-08-Planta-Baixa-do-6o-Andar-e-Resumo-das-salas.png\" target=\"_blank\"><font color=\"blue\"><u>Figura 08: Planta Baixa do 6\u00ba Andar e Resumo das salas (Autores: Equipe GRIN, 2020)<\/u><\/font><\/a><\/p>\r\n<br>\r\n<p>IX - Pavimento 7\u00ba Andar (Conforme Figura 09):<\/p>\r\n<p>a) Torre A: Salas A-701 a A-704;<\/p> \r\n<p>b) Torre B: Espa\u00e7o B-701 e B-702 e \u00c1reas T\u00e9cnicas (A. TEC); e,<\/p>\r\n<p>c) Torre C: C-701 a C-703.<\/p>\r\n<p><a href=\"https:\/\/www.ufsm.br\/app\/uploads\/sites\/344\/2020\/11\/Figura-09-Planta-Baixa-do-7o-Andar-e-Resumo-das-salas.png\" target=\"_blank\"><font color=\"blue\"><u>Figura 09: Planta Baixa do 7\u00ba Andar e Resumo das salas (Autores: Equipe GRIN, 2020)<\/u><\/font><\/a><\/p>\r\n<br>\r\n<p>X - Pavimento 8\u00ba Andar (Conforme Figura 10)<\/p>\r\n<p>a) Torre A: Espa\u00e7os A-801 a A-803;<\/p>\r\n<p>b) Torre B: telhado; e,<\/p>\r\n<p>c) Torre C: Espa\u00e7os C-801 e C-802.<\/p>\r\n<p><a href=\"https:\/\/www.ufsm.br\/app\/uploads\/sites\/344\/2020\/11\/Figura-10-Planta-Baixa-do-8o-Andar-e-Resumo-das-salas.png\" target=\"_blank\"><font color=\"blue\"><u>Figura 10: Planta Baixa do 8\u00ba Andar e Resumo das salas (Autores: Equipe GRIN, 2020)<\/u><\/font><\/a><\/p>\r\n<br>\r\n<p>XI - Pavimento 9\u00ba Andar \u2013 Cobertura (Conforme Figura 11):<\/p> \r\n<p>a) Telhado do Edif\u00edcio.<\/p>\r\n<p><a href=\"https:\/\/www.ufsm.br\/app\/uploads\/sites\/344\/2020\/11\/Figura-11-Planta-Baixa-do-9o-Andar-Planta-Baixa-de-Cobertura-e-Resumo-das-salas.png\" target=\"_blank\"><font color=\"blue\"><u>Figura 11: Planta Baixa do 9\u00ba Andar (Planta Baixa de Cobertura) e Resumo das salas (Autores: Equipe GRIN, 2020)<\/u><\/font><\/a><\/p>\r\n<br>\r\n<br>\r\n<br>\r\n<p><font color=\"red0000\">Este texto n\u00e3o substitui o documento original, publicado no Portal de Documentos em 11 de novembro de 2020.<\/font> Dispon\u00edvel em: <a href=\"https:\/\/portal.ufsm.br\/documentos\/publico\/documento.html?idDocumento=13278156\"><font color=\"blue\">https:\/\/portal.ufsm.br\/documentos\/publico\/documento.html?idDocumento=13278156<\/font><\/a>\r\n\r\n\t\t<\/div>\n\t\t\t\t<\/div>\n\t\t\t\t\t<\/div>\n\t\t<\/div>\n\t\t\t\t\t<\/div>\n\t\t<\/section>\n\t\t\t\t<\/div>\n\t\t","protected":false},"excerpt":{"rendered":"<p>ANEXO 1 DO REGULAMENTO INTERNO DO ESPA\u00c7O DE A\u00c7\u00d5ES COMUNIT\u00c1RIAS E EMPREENDEDORAS DA UNIVERSIDADE FEDERAL DE SANTA MARIA: MINIST\u00c9RIO DA EDUCA\u00c7\u00c3O UNIVERSIDADE FEDERAL DE SANTA MARIA ANEXO 1 DO REGULAMENTO INTERNO DO ESPA\u00c7O DE A\u00c7\u00d5ES COMUNIT\u00c1RIAS E EMPREENDEDORAS DA UNIVERSIDADE FEDERAL DE SANTA MARIA NUMERA\u00c7\u00c3O DAS DEPEND\u00caNCIAS INTERNAS DO ESPA\u00c7O DE A\u00c7\u00d5ES COMUNIT\u00c1RIAS E EMPREENDEDORAS [&hellip;]<\/p>\n","protected":false},"author":205,"featured_media":0,"parent":0,"menu_order":0,"comment_status":"closed","ping_status":"closed","template":"","meta":{"footnotes":""},"categories":[],"tags":[],"class_list":["post-4112","page","type-page","status-publish","hentry"],"acf":[],"_links":{"self":[{"href":"https:\/\/www.ufsm.br\/pro-reitorias\/proplan\/wp-json\/wp\/v2\/pages\/4112","targetHints":{"allow":["GET"]}}],"collection":[{"href":"https:\/\/www.ufsm.br\/pro-reitorias\/proplan\/wp-json\/wp\/v2\/pages"}],"about":[{"href":"https:\/\/www.ufsm.br\/pro-reitorias\/proplan\/wp-json\/wp\/v2\/types\/page"}],"author":[{"embeddable":true,"href":"https:\/\/www.ufsm.br\/pro-reitorias\/proplan\/wp-json\/wp\/v2\/users\/205"}],"replies":[{"embeddable":true,"href":"https:\/\/www.ufsm.br\/pro-reitorias\/proplan\/wp-json\/wp\/v2\/comments?post=4112"}],"version-history":[{"count":0,"href":"https:\/\/www.ufsm.br\/pro-reitorias\/proplan\/wp-json\/wp\/v2\/pages\/4112\/revisions"}],"wp:attachment":[{"href":"https:\/\/www.ufsm.br\/pro-reitorias\/proplan\/wp-json\/wp\/v2\/media?parent=4112"}],"wp:term":[{"taxonomy":"category","embeddable":true,"href":"https:\/\/www.ufsm.br\/pro-reitorias\/proplan\/wp-json\/wp\/v2\/categories?post=4112"},{"taxonomy":"post_tag","embeddable":true,"href":"https:\/\/www.ufsm.br\/pro-reitorias\/proplan\/wp-json\/wp\/v2\/tags?post=4112"}],"curies":[{"name":"wp","href":"https:\/\/api.w.org\/{rel}","templated":true}]}}