{"id":4121,"date":"2020-11-12T13:47:54","date_gmt":"2020-11-12T16:47:54","guid":{"rendered":"https:\/\/www.ufsm.br\/pro-reitorias\/proplan\/?page_id=4121"},"modified":"2020-11-12T13:59:01","modified_gmt":"2020-11-12T16:59:01","slug":"resolucao-n-031-2020-anexo-iv","status":"publish","type":"page","link":"https:\/\/www.ufsm.br\/pro-reitorias\/proplan\/resolucao-n-031-2020-anexo-iv","title":{"rendered":"Resolu\u00e7\u00e3o N. 031\/2020-Anexo IV"},"content":{"rendered":"\t\t<div data-elementor-type=\"wp-page\" data-elementor-id=\"4121\" class=\"elementor elementor-4121\">\n\t\t\t\t\t\t<section class=\"elementor-section elementor-top-section elementor-element elementor-element-27817ea elementor-section-boxed elementor-section-height-default elementor-section-height-default\" data-id=\"27817ea\" data-element_type=\"section\">\n\t\t\t\t\t\t<div class=\"elementor-container elementor-column-gap-default\">\n\t\t\t\t\t<div class=\"elementor-column elementor-col-100 elementor-top-column elementor-element elementor-element-eddb29b\" data-id=\"eddb29b\" data-element_type=\"column\">\n\t\t\t<div class=\"elementor-widget-wrap elementor-element-populated\">\n\t\t\t\t\t\t<div class=\"elementor-element elementor-element-4009bb1 elementor-widget elementor-widget-html\" data-id=\"4009bb1\" data-element_type=\"widget\" data-widget_type=\"html.default\">\n\t\t\t\t<div class=\"elementor-widget-container\">\n\t\t\t\r\n\r\n\r\n<title><b>RESOLU\u00c7\u00c3O N. 031\/2020-ANEXO IV<\/b><\/title>\r\n\r\n\r\n<div align=\"center\"><img decoding=\"async\" src=\"https:\/\/www.ufsm.br\/pro-reitorias\/proplan\/wp-content\/uploads\/sites\/344\/2019\/09\/brasao-da-republica-do-brasil-logo.png\" alt=\"Bras\u00e3o Rep\u00fablica Federativa do Brasil\" width=\"6%\" height=\"6%\"><\/div>    \r\n<h1><font color=\"blue\"><font size=\"5\"><div align=\"center\">MINIST\u00c9RIO DA EDUCA\u00c7\u00c3O<\/b><\/font><\/font><\/div><\/H1>\r\n<p><b><font color=\"0000blue\"><div align=\"center\">UNIVERSIDADE FEDERAL DE SANTA MARIA<\/b><\/font><\/div><\/p>\r\n<p><div align=\"center\"><b><a href=\"https:\/\/portal.ufsm.br\/documentos\/publico\/documento.html?id=13281125\" target=\"_blank\"><font color=\"blue\">ANEXO IV DA RESOLU\u00c7\u00c3O UFSM N. 031, DE 09 DE NOVEMBRO DE 2020<\/font><\/a><\/b><\/div><\/p>\r\n<br>\r\n<p><div align=\"right\"><font color=\"800000\">MODELO PARA ELABORA\u00c7\u00c3O DO MEMORIAL<\/font><\/div><\/p>\r\n<br>\r\n<br><div align=\"justify\">\r\n<p>I)\tMEMORIAL<\/p>\r\n<p>\u00c9 um documento que descreve, analisa, quantifica e qualifica os acontecimentos sobre a trajet\u00f3ria no processo acad\u00eamico, profissional e intelectual do candidato a promo\u00e7\u00e3o para o cargo da Classe E \u2013 Professor Titular.<\/p>\r\n<p>Deve incluir as fases de forma\u00e7\u00e3o acad\u00eamica em gradua\u00e7\u00e3o e p\u00f3s-gradua\u00e7\u00e3o. As experi\u00eancias nas atividades de ensino, pesquisa, extens\u00e3o, gest\u00e3o acad\u00eamica e produ\u00e7\u00e3o profissional que tenham sido relevantes no \u00e2mbito da atividade docente. Este modelo pode ser utilizado como base e referencial para a elabora\u00e7\u00e3o do seu memorial. <\/p>\r\n<br>\r\n<p>II)\tESTRUTURA DO MEMORIAL<\/p>\r\n<br>\r\n<p>A)\tCapa<\/p>\r\n<p> \tA capa do Memorial deve conter os seguintes elementos de identifica\u00e7\u00e3o do candidato:<\/p>\r\n<p>a) Nome completo do professor;<\/p>\r\n<p>b) N\u00famero do SIAPE;<\/p>\r\n<p>c) Departamento de lota\u00e7\u00e3o;<\/p>\r\n<p>c) Local; <\/p>\r\n<p>d) Data.<\/p>\r\n<br>\r\n<p>B) Sum\u00e1rio do memorial<\/p>\r\n<p>\tRela\u00e7\u00e3o das se\u00e7\u00f5es do memorial, na ordem em que aparecem no documento. O sum\u00e1rio deve figurar em folha distinta, logo ap\u00f3s da Capa, contendo os seguintes dados:<\/p>\r\n<p>a) O indicativo da numera\u00e7\u00e3o da se\u00e7\u00e3o;<\/p>\r\n<p>b) T\u00edtulo da se\u00e7\u00e3o;<\/p>\r\n<p>c) O n\u00famero da p\u00e1gina da se\u00e7\u00e3o.<\/p>\r\n<br>\r\n<p>C) Corpo do memorial<\/p>\r\n<p>O corpo do Memorial \u00e9 apresentado na forma narrativa na primeira pessoa do singular, com a ideia de transformar a trajet\u00f3ria acad\u00eamico-profissional do candidato num relato em que possibilitar\u00e1 a observa\u00e7\u00e3o dos fatos marcantes e m\u00e9ritos, resgatando as a\u00e7\u00f5es exercidas e as finalidades e motivos pelos quais foram desenvolvidas. As seguintes descri\u00e7\u00f5es devem fazer parte do corpo do Memorial:<\/p>\r\n \r\n<p>a) Forma\u00e7\u00e3o, aperfei\u00e7oamento e p\u00f3s-gradua\u00e7\u00e3o; <\/p>\r\n<p>b) Atividades de ensino e orienta\u00e7\u00e3o, nos n\u00edveis de gradua\u00e7\u00e3o e\/ou mestrado e\/ou doutorado e\/ou p\u00f3s-doutorado. <\/p>\r\n<p>c) Atividades de produ\u00e7\u00e3o intelectual, demonstradas pela publica\u00e7\u00e3o de artigos em peri\u00f3dicos e\/ou publica\u00e7\u00e3o de livros\/cap\u00edtulos de livros e\/ou publica\u00e7\u00e3o de trabalhos em anais de eventos e\/ou de registros de patentes\/softwares e assemelhados; e\/ou produ\u00e7\u00e3o art\u00edstica, demonstrada tamb\u00e9m publicamente por meios t\u00edpicos e caracter\u00edsticos das \u00e1reas de cinema, m\u00fasica, dan\u00e7a, artes pl\u00e1sticas, fotografia e afins. <\/p>\r\n<p>d) Atividades de extens\u00e3o, demonstradas pela participa\u00e7\u00e3o e organiza\u00e7\u00e3o de eventos e cursos, pelo envolvimento em formula\u00e7\u00e3o de pol\u00edticas p\u00fablicas, por iniciativas promotoras de inclus\u00e3o social ou pela divulga\u00e7\u00e3o do conhecimento, dentre outras atividades;<\/p>\r\n<p>e) Coordena\u00e7\u00e3o de projetos de pesquisa, ensino ou extens\u00e3o e lideran\u00e7a de grupos de pesquisa; <\/p>\r\n<p>f) Coordena\u00e7\u00e3o de cursos ou programas de gradua\u00e7\u00e3o ou p\u00f3s-gradua\u00e7\u00e3o; <\/p>\r\n<p>g) Participa\u00e7\u00e3o em bancas de concursos, de mestrado ou de doutorado; <\/p>\r\n<p>h) Organiza\u00e7\u00e3o e\/ou participa\u00e7\u00e3o em eventos de pesquisa, ensino ou extens\u00e3o; <\/p>\r\n<p>i) Apresenta\u00e7\u00e3o, a convite, de palestras ou cursos em eventos acad\u00eamicos; <\/p>\r\n<p>j) Recebimento de comendas e premia\u00e7\u00f5es advindas do exerc\u00edcio de atividades acad\u00eamicas; <\/p>\r\n<p>k) Participa\u00e7\u00e3o em atividades editoriais e\/ou de arbitragem de produ\u00e7\u00e3o intelectual e\/ou art\u00edstica; <\/p>\r\n<p>l) Assessoria, consultoria ou participa\u00e7\u00e3o em \u00f3rg\u00e3os de fomento \u00e0 pesquisa, ao ensino ou \u00e0 extens\u00e3o; <\/p>\r\n<p>m) Exerc\u00edcio de cargos na administra\u00e7\u00e3o central e\/ou colegiados centrais e\/ou de chefia de unidades\/setores e\/ou de representa\u00e7\u00e3o.<\/p>\r\n<br>\r\n<p><font color=\"red0000\">Este texto n\u00e3o substitui o documento original, publicado no Portal de Documentos em 12 de novembro de 2020.<\/font> Dispon\u00edvel em: <a href=\"https:\/\/portal.ufsm.br\/documentos\/publico\/documento.html?id=13281125\"><font color=\"blue\">https:\/\/portal.ufsm.br\/documentos\/publico\/documento.html?id=13281125<\/font><\/a>\r\n\r\n\t\t<\/div>\n\t\t\t\t<\/div>\n\t\t\t\t\t<\/div>\n\t\t<\/div>\n\t\t\t\t\t<\/div>\n\t\t<\/section>\n\t\t\t\t<\/div>\n\t\t","protected":false},"excerpt":{"rendered":"<p>RESOLU\u00c7\u00c3O N. 031\/2020-ANEXO IV MINIST\u00c9RIO DA EDUCA\u00c7\u00c3O UNIVERSIDADE FEDERAL DE SANTA MARIA ANEXO IV DA RESOLU\u00c7\u00c3O UFSM N. 031, DE 09 DE NOVEMBRO DE 2020 MODELO PARA ELABORA\u00c7\u00c3O DO MEMORIAL I) MEMORIAL \u00c9 um documento que descreve, analisa, quantifica e qualifica os acontecimentos sobre a trajet\u00f3ria no processo acad\u00eamico, profissional e intelectual do candidato a [&hellip;]<\/p>\n","protected":false},"author":205,"featured_media":0,"parent":0,"menu_order":0,"comment_status":"closed","ping_status":"closed","template":"","meta":{"footnotes":""},"categories":[],"tags":[],"class_list":["post-4121","page","type-page","status-publish","hentry"],"acf":[],"_links":{"self":[{"href":"https:\/\/www.ufsm.br\/pro-reitorias\/proplan\/wp-json\/wp\/v2\/pages\/4121","targetHints":{"allow":["GET"]}}],"collection":[{"href":"https:\/\/www.ufsm.br\/pro-reitorias\/proplan\/wp-json\/wp\/v2\/pages"}],"about":[{"href":"https:\/\/www.ufsm.br\/pro-reitorias\/proplan\/wp-json\/wp\/v2\/types\/page"}],"author":[{"embeddable":true,"href":"https:\/\/www.ufsm.br\/pro-reitorias\/proplan\/wp-json\/wp\/v2\/users\/205"}],"replies":[{"embeddable":true,"href":"https:\/\/www.ufsm.br\/pro-reitorias\/proplan\/wp-json\/wp\/v2\/comments?post=4121"}],"version-history":[{"count":0,"href":"https:\/\/www.ufsm.br\/pro-reitorias\/proplan\/wp-json\/wp\/v2\/pages\/4121\/revisions"}],"wp:attachment":[{"href":"https:\/\/www.ufsm.br\/pro-reitorias\/proplan\/wp-json\/wp\/v2\/media?parent=4121"}],"wp:term":[{"taxonomy":"category","embeddable":true,"href":"https:\/\/www.ufsm.br\/pro-reitorias\/proplan\/wp-json\/wp\/v2\/categories?post=4121"},{"taxonomy":"post_tag","embeddable":true,"href":"https:\/\/www.ufsm.br\/pro-reitorias\/proplan\/wp-json\/wp\/v2\/tags?post=4121"}],"curies":[{"name":"wp","href":"https:\/\/api.w.org\/{rel}","templated":true}]}}