{"id":4152,"date":"2020-12-02T13:29:35","date_gmt":"2020-12-02T16:29:35","guid":{"rendered":"https:\/\/www.ufsm.br\/pro-reitorias\/proplan\/?page_id=4152"},"modified":"2021-02-25T14:14:33","modified_gmt":"2021-02-25T17:14:33","slug":"portaria-normativa-n-005-2020","status":"publish","type":"page","link":"https:\/\/www.ufsm.br\/pro-reitorias\/proplan\/portaria-normativa-n-005-2020","title":{"rendered":"Portaria Normativa N. 005\/2020"},"content":{"rendered":"\t\t<div data-elementor-type=\"wp-page\" data-elementor-id=\"4152\" class=\"elementor elementor-4152\">\n\t\t\t\t\t\t<section class=\"elementor-section elementor-top-section elementor-element elementor-element-96a75e4 elementor-section-boxed elementor-section-height-default elementor-section-height-default\" data-id=\"96a75e4\" data-element_type=\"section\">\n\t\t\t\t\t\t<div class=\"elementor-container elementor-column-gap-default\">\n\t\t\t\t\t<div class=\"elementor-column elementor-col-100 elementor-top-column elementor-element elementor-element-ee68d32\" data-id=\"ee68d32\" data-element_type=\"column\">\n\t\t\t<div class=\"elementor-widget-wrap elementor-element-populated\">\n\t\t\t\t\t\t<div class=\"elementor-element elementor-element-327c788 elementor-widget elementor-widget-html\" data-id=\"327c788\" data-element_type=\"widget\" data-widget_type=\"html.default\">\n\t\t\t\t<div class=\"elementor-widget-container\">\n\t\t\t\r\n\r\n\r\n<title><b>PORTARIA NORMATIVA UFSM N. 005\/2020<\/b><\/title>\r\n\r\n\r\n<div align=\"center\"><img decoding=\"async\" src=\"https:\/\/www.ufsm.br\/pro-reitorias\/proplan\/wp-content\/uploads\/sites\/344\/2019\/09\/brasao-da-republica-do-brasil-logo.png\" alt=\"Bras\u00e3o Rep\u00fablica Federativa do Brasil\" width=\"6%\" height=\"6%\"><\/div>\r\n<h1><font color=\"blue\"><font size=\"5\"><div align=\"center\">MINIST\u00c9RIO DA EDUCA\u00c7\u00c3O<\/b><\/font><\/font><\/div><\/H1>\r\n<p><b><font color=\"0000blue\"><div align=\"center\">UNIVERSIDADE FEDERAL DE SANTA MARIA<\/b><\/font><\/div><\/p>\r\n<p><strike><div align=\"center\"><b><a href=\"https:\/\/portal.ufsm.br\/documentos\/publico\/documento.html?id=13308741\" target=\"_blank\"><font color=\"blue\">PORTARIA NORMATIVA UFSM N. 005, DE 1\u00b0 DE DEZEMBRO DE 2020<\/font><\/a><\/b><\/div><\/p><\/strike>\r\n<br>\r\n<a href=\"https:\/\/www.ufsm.br\/pro-reitorias\/proplan\/portaria-normativa-n-007-2020\/\" target=\"_blank\"><font color=\"blue\"><u>Tornada sem efeito pela Portaria Normativa UFSM N. 005, de 1\u00b0 de dezembro de 2020<\/u><\/font><\/a>\r\n<br><strike>\r\n<br><div align=\"justify\">\r\n<p>O VICE-REITOR DA UNIVERSIDADE FEDERAL DE SANTA MARIA, no exercico da Reitoria, no uso das atribui\u00e7\u00f5es que lhe confere o <a href=\"https:\/\/www.ufsm.br\/app\/uploads\/2018\/08\/Estatuto-da-UFSM.pdf\" target=\"_blank\"><font color=\"blue\"><u>artigo 30, inciso I e XXII do Estatuto, aprovado pela Portaria n\u00b0 156, de 12 de mar\u00e7o de 2014, publicada no Di\u00e1rio Oficial da Unido de 13 de mar\u00e7o de 2014, do Secret\u00e1rio de Regula\u00e7\u00e3o e Supervis\u00e3o da Educa\u00e7\u00e3o Superior<\/u><\/font><\/a>:<\/p>\r\n<p>CONSIDERANDO que a Secretaria de Gest\u00e3o e Desempenho de Pessoal do Minist\u00e9rio da Economia, por meio da <a href=\"https:\/\/www.in.gov.br\/en\/web\/dou\/-\/portaria-sgp\/sedgg\/me-n-22.899-de-28-de-outubro-de-2020-285644915\" target=\"_blank\"><font color=\"blue\"><u>Portaria n\u00b0 22.899, de 28 de outubro de 2020<\/u><\/font><\/a>, orienta sobre o recesso de final de ano, recomendando o revezamento dos servidores nas duas semanas comemorativas de Natal e Ano Novo, com a compensa\u00e7\u00e3o das horas entre o per\u00edodo de 29 de outubro de 2020 at\u00e9 31 de maio de 2021 ou em at\u00e9 tr\u00eas meses ap\u00f3s o retorno As atividades presenciais, o que for maior.<\/p>\r\n<br>\r\n<p>DETERMINA, pela presente Portaria Normativa:<\/p>\r\n<br>\r\n<p>EM RELA\u00c7\u00c3O AO RECESSO:\r\n<p>Artigo 1\u00ba As chefias, juntamente com os servidores em trabalho presencial, presencial espor\u00e1dico ou remoto, que desejarem, poder\u00e3o utilizar a semana de 21 a 24 de dezembro de 2020 ou a de 28 a 31 de dezembro de\r\n2020 como recesso para comemora\u00e7\u00e3o de Natal ou Ano Novo.<\/p>\r\n<p>\u00a71\u00ba 0 servidor dever\u00e1 optar por apenas uma das semanas previstas no caput deste artigo para o gozo de seu recesso, sendo vedada a utiliza\u00e7\u00e3o desta Portaria Normativa para a compensa\u00e7\u00e3o de per\u00edodo diverso do\r\nprevisto no caput deste artigo.<\/p>\r\n<p>\u00a72\u00ba Em rela\u00e7\u00e3o as horas faltantes decorrentes do per\u00edodo relativo ao recesso, o servidor poder\u00e1, mediante acordo com a chefia imediata, optar por uma das formas de compensa\u00e7\u00e3o:<\/p>\r\n<p>I \u2014 mediante compensa\u00e7\u00e3o de horas de trabalho, a serem acumuladas entre o per\u00edodo de 29 de outubro de 2020 at\u00e9 31 de maio de 2021 para os servidores que exercem as atividades presencialmente e, para os\r\nservidores que est\u00e3o em trabalho presencial espor\u00e1dico ou remoto, em at\u00e9 tr\u00eas meses a partir do retorno ao trabalho presencialou at\u00e9 31 de maio de 2021, o que for maior.<\/p>\r\n<p>II \u2014 mediante elabora\u00e7\u00e3o de Plano de Recupera\u00e7\u00e3o de Carga Hor\u00e1ria do Recesso, a ser recuperada de forma remota, e acordado com a chefia imediata at\u00e9 31 de dezembro de 2020, por meio de escala a ser cumprida\r\nentre o per\u00edodo de 29 de outubro de 2020 at\u00e9 31 de maio de 2021.<\/p>\r\n<p>III \u2014 mediante elabora\u00e7\u00e3o de Plano de Recupera\u00e7\u00e3o de Atividades de Recessoque dever\u00e1 ser acordado diretamente com a chefia imediata at\u00e9 31 de dezembro de 2020, e ser cumprido entre o per\u00edodo de 29 de\r\noutubro de 2020 at\u00e9 31 de maio de 2021.<\/p>\r\n<p>\u00a73\u00ba Durante os per\u00edodos previstos no caput deste artigo ser\u00e1 assegurada a preserva\u00e7\u00e3o dos servi\u00e7os essenciais da UFSM e o atendimento por meio dos canais oficiais (e-mails e\/ou telefones) divulgados por cada\r\nunidade\/subunidade.<\/p>\r\n<p>\u00a74\u00ba Nos dias 24 e 31 de dezembro o expediente ser\u00e1 de forma remota, at\u00e9 as 12h, observada a preserva\u00e7\u00e3o dos servi\u00e7os essenciais, sendo facultada \u00e0 gest\u00e3o da Universidade a convoca\u00e7\u00e3o dos servidores para atender\r\neventuais necessidades de servi\u00e7o.<\/p>\r\n<p>Artigo 2\u00ba Havendo interesse premente ou necessidade de servi\u00e7o, a crit\u00e9rio da chefia imediata ou da autoridade superior, os servidores poder\u00e3o ser convocados para comparecer ou realizar atividades em hor\u00e1rio\r\nde expediente normal, mesmo durante o per\u00edodo escolhido para recesso.<\/p>\r\nPar\u00e1grafo \u00fanico. Essa esp\u00e9cie de convoca\u00e7\u00e3o n\u00e3o gera direito a qualquer compensa\u00e7\u00e3o ou pagamento de hora extra.<\/p>\r\n<p>Artigo 3\u00ba O Plano de Recupera\u00e7\u00e3o de Atividades de Recesso ou o Plano de Recupera\u00e7\u00e3o de Carga Hor\u00e1ria do Recesso, a ser recuperada de forma remota, para aquele servidor que desejar utiliz\u00e1-lo, dever\u00e1 ser firmado\r\npor ele e sua chefia imediata, devendo ser enviado \u00e0 chefia pelo PEN-SIE.<\/p>\r\n<p>Artigo 4\u00ba Em caso de exist\u00eancia de horas faltantes decorrentes do gozo do recesso previsto nesta Portaria Normativa, n\u00e3o compensadase n\u00e3o acordadas, entre servidor e chefia imediata, para serem recuperadas\r\npresencialmente, ou mediante plano de recupera\u00e7\u00e3o de atividades ou plano de recupera\u00e7\u00e3o de carga hor\u00e1ria de trabalho, a ser recuperada de forma remota, a chefia dever\u00e1 comunicar \u00e0 PROGEP as horas faltantes, o que\r\nimportar\u00e1 no registro e desconto proporcional da remunera\u00e7\u00e3o.<\/p>\r\n<p>Artigo 5\u00ba A presente Portaria Normativa n\u00e3o se aplica aos servidores impossibilitados de trabalhar devido \u00e0 suspens\u00e3o das atividades acad\u00eamicas e administrativas presenciais, como medida de enfrentamento\r\npandemia Covid-19.<\/p>\r\n<p>Artigo 6\u00b0 A presente Portaria Normativaentra em vigor na data de sua publica\u00e7\u00e3o.<\/p>\r\n<br>\r\n<p>Luciano Schuch,<\/p>\r\n<p>Vice-Reitor, no exerc\u00edcio da Reitoria.<\/strike><\/p>\r\n<p><font color=\"red0000\">Este texto n\u00e3o substitui o documento original, publicado no Portal de Documentos em 1\u00ba de dezembro de 2020.<\/font> Dispon\u00edvel em: <a href=\"https:\/\/portal.ufsm.br\/documentos\/publico\/documento.html?id=13308741\" target=\"_blank\"><font color=\"blue\">https:\/\/portal.ufsm.br\/documentos\/publico\/documento.html?id=13308741<\/font><\/a>\r\n\r\n\t\t<\/div>\n\t\t\t\t<\/div>\n\t\t\t\t\t<\/div>\n\t\t<\/div>\n\t\t\t\t\t<\/div>\n\t\t<\/section>\n\t\t\t\t<\/div>\n\t\t","protected":false},"excerpt":{"rendered":"<p>PORTARIA NORMATIVA UFSM N. 005\/2020 MINIST\u00c9RIO DA EDUCA\u00c7\u00c3O UNIVERSIDADE FEDERAL DE SANTA MARIA PORTARIA NORMATIVA UFSM N. 005, DE 1\u00b0 DE DEZEMBRO DE 2020 Tornada sem efeito pela Portaria Normativa UFSM N. 005, de 1\u00b0 de dezembro de 2020 O VICE-REITOR DA UNIVERSIDADE FEDERAL DE SANTA MARIA, no exercico da Reitoria, no uso das atribui\u00e7\u00f5es [&hellip;]<\/p>\n","protected":false},"author":206,"featured_media":0,"parent":0,"menu_order":0,"comment_status":"closed","ping_status":"closed","template":"","meta":{"footnotes":""},"categories":[],"tags":[],"class_list":["post-4152","page","type-page","status-publish","hentry"],"acf":[],"_links":{"self":[{"href":"https:\/\/www.ufsm.br\/pro-reitorias\/proplan\/wp-json\/wp\/v2\/pages\/4152","targetHints":{"allow":["GET"]}}],"collection":[{"href":"https:\/\/www.ufsm.br\/pro-reitorias\/proplan\/wp-json\/wp\/v2\/pages"}],"about":[{"href":"https:\/\/www.ufsm.br\/pro-reitorias\/proplan\/wp-json\/wp\/v2\/types\/page"}],"author":[{"embeddable":true,"href":"https:\/\/www.ufsm.br\/pro-reitorias\/proplan\/wp-json\/wp\/v2\/users\/206"}],"replies":[{"embeddable":true,"href":"https:\/\/www.ufsm.br\/pro-reitorias\/proplan\/wp-json\/wp\/v2\/comments?post=4152"}],"version-history":[{"count":0,"href":"https:\/\/www.ufsm.br\/pro-reitorias\/proplan\/wp-json\/wp\/v2\/pages\/4152\/revisions"}],"wp:attachment":[{"href":"https:\/\/www.ufsm.br\/pro-reitorias\/proplan\/wp-json\/wp\/v2\/media?parent=4152"}],"wp:term":[{"taxonomy":"category","embeddable":true,"href":"https:\/\/www.ufsm.br\/pro-reitorias\/proplan\/wp-json\/wp\/v2\/categories?post=4152"},{"taxonomy":"post_tag","embeddable":true,"href":"https:\/\/www.ufsm.br\/pro-reitorias\/proplan\/wp-json\/wp\/v2\/tags?post=4152"}],"curies":[{"name":"wp","href":"https:\/\/api.w.org\/{rel}","templated":true}]}}