{"id":4154,"date":"2020-12-02T13:24:06","date_gmt":"2020-12-02T16:24:06","guid":{"rendered":"https:\/\/www.ufsm.br\/pro-reitorias\/proplan\/?page_id=4154"},"modified":"2021-03-02T14:18:28","modified_gmt":"2021-03-02T17:18:28","slug":"portaria-normativa-n-004-2020","status":"publish","type":"page","link":"https:\/\/www.ufsm.br\/pro-reitorias\/proplan\/portaria-normativa-n-004-2020","title":{"rendered":"Portaria Normativa N. 004\/2020"},"content":{"rendered":"\t\t<div data-elementor-type=\"wp-page\" data-elementor-id=\"4154\" class=\"elementor elementor-4154\">\n\t\t\t\t\t\t<section class=\"elementor-section elementor-top-section elementor-element elementor-element-5d58fda elementor-section-boxed elementor-section-height-default elementor-section-height-default\" data-id=\"5d58fda\" data-element_type=\"section\">\n\t\t\t\t\t\t<div class=\"elementor-container elementor-column-gap-default\">\n\t\t\t\t\t<div class=\"elementor-column elementor-col-100 elementor-top-column elementor-element elementor-element-795843a\" data-id=\"795843a\" data-element_type=\"column\">\n\t\t\t<div class=\"elementor-widget-wrap elementor-element-populated\">\n\t\t\t\t\t\t<div class=\"elementor-element elementor-element-2f3fd26 elementor-widget elementor-widget-html\" data-id=\"2f3fd26\" data-element_type=\"widget\" data-widget_type=\"html.default\">\n\t\t\t\t<div class=\"elementor-widget-container\">\n\t\t\t\r\n\r\n\r\n<title><b>PORTARIA NORMATIVA UFSM N. 004\/2020<\/b><\/title>\r\n\r\n\r\n<div align=\"center\"><img decoding=\"async\" src=\"https:\/\/www.ufsm.br\/pro-reitorias\/proplan\/wp-content\/uploads\/sites\/344\/2019\/09\/brasao-da-republica-do-brasil-logo.png\" alt=\"Bras\u00e3o Rep\u00fablica Federativa do Brasil\" width=\"6%\" height=\"6%\"><\/div>\r\n<h1><font color=\"blue\"><font size=\"5\"><div align=\"center\">MINIST\u00c9RIO DA EDUCA\u00c7\u00c3O<\/b><\/font><\/font><\/div><\/H1>\r\n<p><b><font color=\"0000blue\"><div align=\"center\">UNIVERSIDADE FEDERAL DE SANTA MARIA<\/b><\/font><\/div><\/p>\r\n<p><div align=\"center\"><b><a href=\"https:\/\/portal.ufsm.br\/documentos\/publico\/documento.html?id=13305741\" target=\"_blank\"><font color=\"blue\">PORTARIA NORMATIVA UFSM N. 004, DE 27 DE NOVEMBRO DE 2020<\/font><\/a><\/b><\/div><\/p>\r\n<br>\r\n<p><a href=\"https:\/\/www.ufsm.br\/pro-reitorias\/proplan\/portaria-normativa-ufsm-n-019-2021\/\" target=\"_blank\"><font color=\"blue\">Revogada pela Portaria Normativa N. 019\/2021<\/font><\/a><\/p>\r\n<br>\r\n<br><div align=\"justify\">\r\n<strike>\r\n<p>0 REITOR DA UNIVERSIDADE FEDERAL DE SANTA MARIA, no uso das atribui\u00e7\u00f5es que lhe confere o <a href=\"https:\/\/www.ufsm.br\/app\/uploads\/2018\/08\/Estatuto-da-UFSM.pdf\" target=\"_blank\"><font color=\"blue\"><u>artigo 30, inciso I e XXII do Estatuto, aprovado pela Portaria n\u00b0 156, de 12 de mar\u00e7o de 2014, publicada no Di\u00e1rio Oficial da Unido de 13 de mar\u00e7o de 2014, do Secret\u00e1rio de Regula\u00e7\u00e3o e Supervis\u00e3o da Educa\u00e7\u00e3o Superior<\/u><\/font><\/a>, e considerando:<\/p>\r\n<p>- o direito \u00e0 sa\u00fade, referendado pela <a href=\"http:\/\/www.planalto.gov.br\/ccivil_03\/constituicao\/constituicao.htm\" target=\"_blank\"><font color=\"blue\"><u>Constitui\u00e7\u00e3o da Rep\u00fablica Federativa do Brasil de 1988<\/u><\/font><\/a> como um direito fundamental, de natureza indiscutivelmente indispon\u00edvel, inserido no rol de direitos sociais amplamente tratados em seu art. 6\u00ba;<\/p>\r\n<p>- que, em 30\/01\/2020, a Organiza\u00e7\u00e3o Mundial de Sa\u00fade \u2014 OMS declarou que o surto da doen\u00e7a causada pelo COVID-19, havia se tornado uma Emerg\u00eancia de Sa\u00fade P\u00fablica de Import\u00e2ncia Internacional (o mais alto n\u00edvel de alerta da Organiza\u00e7\u00e3o, conforme previsto no <a href=\"https:\/\/www.paho.org\/bra\/index.php?option=com_content&amp;view=article&amp;id=5847:regulamento-sanitario-internacional-rsi&amp;Itemid=812\" target=\"_blank\"><font color=\"blue\"><u>Regulamento Sanit\u00e1rio Internacional \u2014 RSI<\/u><\/font><\/a>), exortando os governos a adotarem medidas de coordena\u00e7\u00e3o, coopera\u00e7\u00e3o e solidariedade globais para interromper a propaga\u00e7\u00e3o do virus;<\/p>\r\n<p>- que, particularmente no Brasil, a <a href=\"https:\/\/www.in.gov.br\/en\/web\/dou\/-\/portaria-n-188-de-3-de-fevereiro-de-2020-241408388\" target=\"_blank\"><font color=\"blue\"><u>Portaria GM\/MS n\u00b0 188, de 4\/02\/2020<\/u><\/font><\/a>, declarou Emerg\u00eancia em Sa\u00fade P\u00fablica de Import\u00e2ncia Nacional (ESPIN) em decorr\u00eancia da Infec\u00e7\u00e3o Humana pelo novo Coronavirus (2019-nCoV);<\/p>\r\n<p>- a <a href=\"https:\/\/www.in.gov.br\/en\/web\/dou\/-\/lei-n-13.979-de-6-de-fevereiro-de-2020-242078735\" target=\"_blank\"><font color=\"blue\"><u>Lei n\u00b0 13.979<\/u><\/font><\/a>, de 6\/02\/2020, que \"disp\u00f5e sobre as medidas para enfrentamento da emerg\u00eancia de sa\u00fade p\u00fablica de import\u00e2ncia internacional em decorr\u00eancia da Infec\u00e7\u00e3o Humana pelo coronavirus (COVID19)\";<\/p>\r\n<p>- a <a href=\"https:\/\/www.in.gov.br\/en\/web\/dou\/-\/portaria-n-356-de-11-de-marco-de-2020-247538346\" target=\"_blank\"><font color=\"blue\"><u> Portaria GM\/MS n\u00b0 356<\/u><\/font><\/a>, de 11\/3\/2020, que regulamenta o disposto na <a href=\"https:\/\/www.in.gov.br\/en\/web\/dou\/-\/lei-n-13.979-de-6-de-fevereiro-de-2020-242078735\" target=\"_blank\"><font color=\"blue\"><u> Lei n\u00b0 13.979\/20<\/u><\/font><\/a>;<\/p>\r\n<p>- que em 11\/3\/2020, devido d. c\u00e9lere expans\u00e3o do COVID-19 entre continentes, a OMS passou a caracterizar o agravo como uma pandemia;<\/p>\r\n<p>- a <a href=\"https:\/\/www.in.gov.br\/en\/web\/dou\/-\/portaria-n-544-de-16-de-junho-de-2020-261924872\" target=\"_blank\"><font color=\"blue\"><u>Portaria n\u00b0 544, de 16 de junho de 2020<\/u><\/font><\/a>;<\/p>\r\n<p>- o disposto no <a href=\"http:\/\/www.planalto.gov.br\/ccivil_03\/leis\/l9784.htm\" target=\"_blank\"><font color=\"blue\"><u> art. 45 da Lei 9.784\/99<\/u><\/font><\/a>;<\/p>\r\n<p>- o <a href=\"https:\/\/www.ufsm.br\/app\/uploads\/sites\/346\/2020\/08\/Cartilha_Bioseguran%C3%A7a.pdf\" target=\"_blank\"><font color=\"blue\"><u> Manual de Biosseguran\u00e7a da UFSM<\/u><\/font><\/a>;<\/p>\r\n<p>- <a href=\"https:\/\/www.in.gov.br\/en\/web\/dou\/-\/instrucao-normativa-n-109-de-29-de-outubro-de-2020-285756030\" target=\"_blank\"><font color=\"blue\"><u> Instru\u00e7\u00e3o Normativa N\u00b0 109<\/u><\/font><\/a>, de 29 de outubro de 2020, do Minist\u00e9rio da Economia; e<\/p>\r\n<p>- <a href=\"https:\/\/www.in.gov.br\/en\/web\/dou\/-\/resolucao-n-8-de-2-de-abril-de-2020-251489188\" target=\"_blank\"><font color=\"blue\"><u> Portaria GM\/MS n\u00b0 356<\/u><\/font><\/a>Resolu\u00e7\u00e3o N\u00b0 8, de 02 de abril de 2020, do Conselho Regional de Medicina\/RS.<\/p>\r\n<br>\r\n<p>RESOLVE:<\/p>\r\n<p>Art. 1\u00ba Prorrogar at\u00e9 31 de dezembro de 2020 a suspens\u00e3o das atividades acad\u00eamicas e administrativas presenciais.<\/p>\r\n<p>\u00a7 1\u00ba As atividades administrativas podem ser restabelecidas presencialmente, a crit\u00e9rio dos setores e respectivas chefias imediatas e\/ou superiores, respeitadas as medidas protetivas b\u00e1sicas de uso de m\u00e1scara, n\u00e3o aglomera\u00e7\u00e3o em salas, distanciamento social e higieniza\u00e7\u00e3o frequente das m\u00e3os, excetuados, neste caso, os servidores pertencentes aos grupos de risco.<\/p>\r\n<p>\u00a7 2\u00ba Fica estabelecido o prazo de 15\/12\/2020 para o envio de Plano de Retorno \u00e0 atividade presencial, pelas unidades\/subunidades \u00e0 Pr\u00f3-Reitoria de Gest\u00e3o de Pessoas, nos termos da <a href=\"https:\/\/www.in.gov.br\/en\/web\/dou\/-\/instrucao-normativa-n-109-de-29-de-outubro-de-2020-285756030\" target=\"_blank\"><font color=\"blue\"><u> Instru\u00e7\u00e3o Normativa N\u00b0 109<\/u><\/font><\/a>, de 29 de outubro de 2020, do Minist\u00e9rio da Economia.<\/p>\r\n<p>\u00a7 3\u00ba A elabora\u00e7\u00e3o do plano de retorno n\u00e3o estabelece data para sua implementa\u00e7\u00e3o, uma vez que a evolu\u00e7\u00e3o da pandemia e o correspondente regramento estabelecido pelas autoridades municipais, estaduais e federais competentes dever\u00e3o ser respeitados para decis\u00f5es desta ordem.<\/p>\r\n<p>\u00a7 4\u00ba A Universidade Federal de Santa Maria continuar\u00e1 divulgando orienta\u00e7\u00f5es gerais acerca do planejamento de atividades acad\u00eamicas e administrativas, conforme a evolu\u00e7\u00e3o do quadro da pandemia Covid-19, em acordo com as diretrizes das autoridades constitu\u00eddas da \u00e1rea da sa\u00fade e conforme orienta\u00e7\u00f5es previstas no Manual de Biosseguran\u00e7a da UFSM.<\/p>\r\n<p>\u00a7 5\u00ba Ficam mantidas as atividades presenciais que forem consideradas essenciais, tais como servi\u00e7os de sa\u00fade, de seguran\u00e7a e de alimenta\u00e7\u00e3o, ou em outras atividades consideradas essenciais pela entidade, conforme defini\u00e7\u00e3o das chefias de Unidades.<\/p>\r\n<p>\u00a7 6\u00ba 0 prazo de suspens\u00e3o das atividades presenciais previsto no caput poder\u00e1 ser prorrogado, mediante decis\u00e3o fundamentada, observada a gravidade da situa\u00e7\u00e3o vivenciada durante sua vig\u00eancia.<\/p>\r\n<p>Art. 2\u00ba As atividades realizadas pelos servidores sujeitos a servi\u00e7o em ambiente virtual ou domiciliar dever\u00e3o garantir a continuidade do funcionamento e finalidade da institui\u00e7\u00e3o.<\/p>\r\n<p>Par\u00e1grafo \u00fanico. 0 servidor em atividades domiciliares ou virtuais dever\u00e1 comparecer ao setor\/unidade para realiza\u00e7\u00e3o de dilig\u00eancias ou a\u00e7\u00f5es que exijam sua presen\u00e7a, mediante requisi\u00e7\u00e3o da chefia imediata, garantida sua seguran\u00e7a e o afastamento social necess\u00e1rio ao enfrentamento da pandemia, excetuados, neste caso, os servidores pertencentes aos grupos de risco.<\/p>\r\n<p>Art. 3\u00ba Estar\u00e3o dispensados de atividades laborais e exerc\u00edcios domiciliares\/remotos os servidores e estudantes que retornarem de viagens internacionais, com sintomas associados ao Coronavirus (COVID-19), at\u00e9 o 14\u00ba dia a partir da data de seu retorno, ou por 7 dias para aqueles que n\u00e3o apresentem sintomas, conforme estabelecido pelo Minist\u00e9rio da Sa\u00fade.<\/p>\r\nPar\u00e1grafo \u00fanico. Aplica-se o prazo citado no par\u00e1grafo anterior aos casos comprovadamente suspeitos de COVID-19, mediante atestado m\u00e9dico, independente de viagem internacional.<\/p>\r\n<p>Art. 4\u00ba Caber\u00e1 ao Centro de Opera\u00e7\u00e3o de Emerg\u00eancia em Sa\u00fade (COE-UFSM) a avalia\u00e7\u00e3o permanente das medidas adotadas nesta Portaria, especialmente quanto \u00e0 manuten\u00e7\u00e3o de a\u00e7\u00f5es e o retorno das atividades presenciais.<\/p>\r\n<p>Art 5\u00ba As Pr\u00f3-Reitorias da UFSM emitir\u00e3o instru\u00e7\u00f5es normativas que visem regulamentar e coordenar a implementa\u00e7\u00e3o de a\u00e7\u00f5es voltadas ao pleno atendimento do disposto nesta Portaria.<\/p>\r\n<p>Par\u00e1grafo \u00fanico. 0 Restaurante Universit\u00e1rio (RU) atender\u00e1 exclusivamente estudantes com Beneficio S\u00f3cio Econ\u00f4mico (BSE), mediante normativa especifica da Pr\u00f3-Reitoria de Assuntos Estudantis (PRAE).<\/p>\r\n<p>Art. 6\u00ba Ser\u00e3o adotadas outras medidas voltadas a assegurar a sa\u00fade e o bem-estar dos membros da comunidade universit\u00e1ria e do restante da sociedade, mediante avalia\u00e7\u00e3o do Centro de Opera\u00e7\u00e3o de Emerg\u00eancia em Sa\u00fade (COE-UFSM).<\/p>\r\n<p>Par\u00e1grafo \u00fanico. As a\u00e7\u00f5es realizadas no sentido de preven\u00e7\u00e3o e controle da doen\u00e7a contar\u00e3o com a participa\u00e7\u00e3o das demais autoridades locais, regionais e nacionais, adotando-se os planos e a\u00e7\u00f5es pactuados.<\/p>\r\n<p>Art. 7\u00ba Esta portaria entra em vigor na data de sua publica\u00e7\u00e3o.<\/p>\r\n<br>\r\n<p>Paulo Afonso Burmann<\/p>\r\n<p>Reitor<\/p>\r\n<\/strike>\r\n<p><font color=\"red0000\">Este texto n\u00e3o substitui o documento original, publicado no Portal de Documentos em 27 de novembro de 2020.<\/font> Dispon\u00edvel em: <a href=\"https:\/\/portal.ufsm.br\/documentos\/publico\/documento.html?id=13305741\" target=\"_blank\"><font color=\"blue\">https:\/\/portal.ufsm.br\/documentos\/publico\/documento.html?id=13305741<\/font><\/a>\r\n\r\n\t\t<\/div>\n\t\t\t\t<\/div>\n\t\t\t\t\t<\/div>\n\t\t<\/div>\n\t\t\t\t\t<\/div>\n\t\t<\/section>\n\t\t\t\t<\/div>\n\t\t","protected":false},"excerpt":{"rendered":"<p>PORTARIA NORMATIVA UFSM N. 004\/2020 MINIST\u00c9RIO DA EDUCA\u00c7\u00c3O UNIVERSIDADE FEDERAL DE SANTA MARIA PORTARIA NORMATIVA UFSM N. 004, DE 27 DE NOVEMBRO DE 2020 Revogada pela Portaria Normativa N. 019\/2021 0 REITOR DA UNIVERSIDADE FEDERAL DE SANTA MARIA, no uso das atribui\u00e7\u00f5es que lhe confere o artigo 30, inciso I e XXII do Estatuto, aprovado [&hellip;]<\/p>\n","protected":false},"author":206,"featured_media":0,"parent":0,"menu_order":0,"comment_status":"closed","ping_status":"closed","template":"","meta":{"footnotes":""},"categories":[],"tags":[],"class_list":["post-4154","page","type-page","status-publish","hentry"],"acf":[],"_links":{"self":[{"href":"https:\/\/www.ufsm.br\/pro-reitorias\/proplan\/wp-json\/wp\/v2\/pages\/4154","targetHints":{"allow":["GET"]}}],"collection":[{"href":"https:\/\/www.ufsm.br\/pro-reitorias\/proplan\/wp-json\/wp\/v2\/pages"}],"about":[{"href":"https:\/\/www.ufsm.br\/pro-reitorias\/proplan\/wp-json\/wp\/v2\/types\/page"}],"author":[{"embeddable":true,"href":"https:\/\/www.ufsm.br\/pro-reitorias\/proplan\/wp-json\/wp\/v2\/users\/206"}],"replies":[{"embeddable":true,"href":"https:\/\/www.ufsm.br\/pro-reitorias\/proplan\/wp-json\/wp\/v2\/comments?post=4154"}],"version-history":[{"count":0,"href":"https:\/\/www.ufsm.br\/pro-reitorias\/proplan\/wp-json\/wp\/v2\/pages\/4154\/revisions"}],"wp:attachment":[{"href":"https:\/\/www.ufsm.br\/pro-reitorias\/proplan\/wp-json\/wp\/v2\/media?parent=4154"}],"wp:term":[{"taxonomy":"category","embeddable":true,"href":"https:\/\/www.ufsm.br\/pro-reitorias\/proplan\/wp-json\/wp\/v2\/categories?post=4154"},{"taxonomy":"post_tag","embeddable":true,"href":"https:\/\/www.ufsm.br\/pro-reitorias\/proplan\/wp-json\/wp\/v2\/tags?post=4154"}],"curies":[{"name":"wp","href":"https:\/\/api.w.org\/{rel}","templated":true}]}}