{"id":4162,"date":"2020-12-10T12:43:41","date_gmt":"2020-12-10T15:43:41","guid":{"rendered":"https:\/\/www.ufsm.br\/pro-reitorias\/proplan\/?page_id=4162"},"modified":"2025-12-01T11:46:59","modified_gmt":"2025-12-01T14:46:59","slug":"portaria-normativa-n-006-2020","status":"publish","type":"page","link":"https:\/\/www.ufsm.br\/pro-reitorias\/proplan\/portaria-normativa-n-006-2020","title":{"rendered":"Portaria Normativa N. 006\/2020"},"content":{"rendered":"\t\t<div data-elementor-type=\"wp-page\" data-elementor-id=\"4162\" class=\"elementor elementor-4162\">\n\t\t\t\t\t\t<section class=\"elementor-section elementor-top-section elementor-element elementor-element-213a2bd elementor-section-boxed elementor-section-height-default elementor-section-height-default\" data-id=\"213a2bd\" data-element_type=\"section\">\n\t\t\t\t\t\t<div class=\"elementor-container elementor-column-gap-default\">\n\t\t\t\t\t<div class=\"elementor-column elementor-col-100 elementor-top-column elementor-element elementor-element-02b2364\" data-id=\"02b2364\" data-element_type=\"column\">\n\t\t\t<div class=\"elementor-widget-wrap elementor-element-populated\">\n\t\t\t\t\t\t<div class=\"elementor-element elementor-element-f6538ac elementor-widget elementor-widget-html\" data-id=\"f6538ac\" data-element_type=\"widget\" data-widget_type=\"html.default\">\n\t\t\t\t<div class=\"elementor-widget-container\">\n\t\t\t\r\n\r\n\r\n<title><b>PORTARIA NORMATIVA UFSM N. 006\/2020<\/b><\/title>\r\n\r\n\r\n<div align=\"center\"><img decoding=\"async\" src=\"https:\/\/www.ufsm.br\/pro-reitorias\/proplan\/wp-content\/uploads\/sites\/344\/2019\/09\/brasao-da-republica-do-brasil-logo.png\" alt=\"Bras\u00e3o Rep\u00fablica Federativa do Brasil\" width=\"6%\" height=\"6%\"><\/div>\r\n<h1><font color=\"blue\"><font size=\"5\"><div align=\"center\">MINIST\u00c9RIO DA EDUCA\u00c7\u00c3O<\/b><\/font><\/font><\/div><\/H1>\r\n<p><b><font color=\"0000blue\"><div align=\"center\">UNIVERSIDADE FEDERAL DE SANTA MARIA<\/b><\/font><\/div><\/p>\r\n<p><div align=\"center\"><b><a href=\"https:\/\/portal.ufsm.br\/documentos\/publico\/documento.html?id=13325426\" target=\"_blank\"><font color=\"blue\">PORTARIA NORMATIVA UFSM N. 006, DE 02 DE DEZEMBRO DE 2020<\/font><\/a><\/b><\/div><\/p>\r\n<br>\r\n<div align=\"justify\"> Revogada pela \r\n<a href=\"https:\/\/www.ufsm.br\/pro-reitorias\/proplan\/resolucao-ufsm-n-238-2025\" style=\"text-decoration: none\">\r\n<font color=\"blue\">\r\n<u>Resolu\u00e7\u00e3o UFSM n\u00b0 238\/2025\r\n<\/u>\r\n<\/font>\r\n<\/a>\r\n<\/div>\r\n<s>\r\n<p><div align=\"right\"><font color=\"800000\">Remaneja fun\u00e7\u00f5es entre unidades administrativas da estrutura do Col\u00e9gio T\u00e9cnico Industrial de Santa Maria (CTISM-UFSM) da Universidade Federal de Santa Maria (UFSM).<\/font><\/div><\/p>\r\n<br>\r\n<br><div align=\"justify\">\r\n<p>O REITOR DA UNIVERSIDADE FEDERAL DE SANTA MARIA, no uso de suas atribui\u00e7\u00f5es legais e estatut\u00e1rias e considerando:\r\n<p>- a <a href=\"https:\/\/www.in.gov.br\/en\/web\/dou\/-\/portaria-n-2.168-de-20-de-dezembro-de-2019-*-235210451?inheritRedirect=true&amp;redirect=%2Fconsulta%3Fq%3DCIRCULAR%2520N%25C2%25BA%25203.938%26start%3D111%26delta%3D20%26publish%3Dpast-month%26publishFrom%3D2019-12-23%26publishTo%3D2019-12-24\" target=\"_blank\"><font color=\"blue\"><u>Portaria N. 2.168, de 20 de dezembro de 2019<\/u><\/font><\/a>, que redistribui, da Secretaria de Educa\u00e7\u00e3o Profissional e Tecnol\u00f3gica do Minist\u00e9rio da Educa\u00e7\u00e3o para as institui\u00e7\u00f5es federais de ensino superior, as Fun\u00e7\u00f5es de Coordena\u00e7\u00e3o de Curso; e,<\/p>\r\n<p>- a <a href=\"https:\/\/www.ufsm.br\/pro-reitorias\/proplan\/resolucao-n-004-2019\/\" target=\"_blank\"><font color=\"blue\"><u>Resolu\u00e7\u00e3o UFSM N. 004, de 09 de julho de 2019<\/u><\/font><\/a>, que aprova a reestrutura\u00e7\u00e3o organizacional das Escolas T\u00e9cnicas da Universidade Federal de Santa Maria.<\/p>\r\n<br>\r\n<p>RESOLVE:<\/p>\r\n<br>\r\n<p>Art. 1\u00ba Aprovar o remanejo das fun\u00e7\u00f5es entre unidades administrativas da estrutura do Col\u00e9gio T\u00e9cnico Industrial de Santa Maria (CTISM) da Universidade Federal de Santa Maria.<\/p>\r\n<p>Art. 2\u00ba Ficam remanejadas as seguintes Fun\u00e7\u00f5es Gratificadas:<\/p>\r\n<p>I - FG1 (C\u00f3digo FG1.219) da Coordena\u00e7\u00e3o do curso de Eletromec\u00e2nica (25.04.20.03.0.0) para a Coordena\u00e7\u00e3o Pedag\u00f3gica do Ensino T\u00e9cnico (25.04.20.00.0.0);<\/p>\r\n<p>II - FG4 (C\u00f3digo FG4.110) da Coordena\u00e7\u00e3o Pedag\u00f3gica do Ensino T\u00e9cnico (25.03.02.00.0.0) para Almoxarifado-CTISM;<\/p>\r\n<p>III - FG1 (C\u00f3digo FG1.218) da Coordena\u00e7\u00e3o do curso de Eletrot\u00e9cnica (25.04.20.01.0.0) para a Coordena\u00e7\u00e3o de Tecnologias de Ensino (25.04.00.05.0.0);<\/p>\r\n<p>IV - FG3 (C\u00f3digo FG3.047) da Coordena\u00e7\u00e3o de Tecnologias de Ensino (25.04.00.05.0.0) para a Coordena\u00e7\u00e3o de Integra\u00e7\u00e3o Escola\/Empresa \u2013 CTISM (25.06.01.00.0.0);<\/p>\r\n<p>V - FG4 (C\u00f3digo FG4.109) da Coordena\u00e7\u00e3o de Integra\u00e7\u00e3o Escola\/Empresa-CTISM (25.06.01.00.0.0) para a Secretaria do Departamento de Rela\u00e7\u00f5es Empresariais (25.06.00.01.0.0);<\/p>\r\n<p>VI - FG1 (C\u00f3digo FG1.220) da Coordena\u00e7\u00e3o do curso de Mec\u00e2nica (25.04.20.02.0.0) para a Coordena\u00e7\u00e3o de Registros escolares (25.04.00.02.0.0);<\/p>\r\n<p>VII - FG2 (C\u00f3digo FG2.016) da Coordena\u00e7\u00e3o de Registros escolares (25.04.00.02.0.0) para o Setor de Compras (25.03.04.00.0.0); e,<\/p>\r\n<p>VIII - FG3 (C\u00f3digo FG3.048) do Setor de Compras (25.03.04.00.0.0) para o Gabinete de Projetos (25.02.00.03.0.0).<\/p>\r\n<p>Art. 3\u00ba Esta Portaria entra em vigor em 18 de dezembro de 2020, por se tratar de urg\u00eancia justi\ufb01cada no expediente administrativo.<\/p><\/s>\r\n<br>\r\n<p>Paulo Afonso Burmann<\/p>\r\n<p>Reitor<\/p>\r\n<br>\r\n<p><font color=\"red0000\">Este texto n\u00e3o substitui o documento original, publicado no Portal de Documentos em 1\u00ba de dezembro de 2020.<\/font> Dispon\u00edvel em: <a href=\"https:\/\/portal.ufsm.br\/documentos\/publico\/documento.html?id=13325426\" target=\"_blank\"><font color=\"blue\">https:\/\/portal.ufsm.br\/documentos\/publico\/documento.html?id=13325426<\/font><\/a>\r\n\r\n\t\t<\/div>\n\t\t\t\t<\/div>\n\t\t\t\t\t<\/div>\n\t\t<\/div>\n\t\t\t\t\t<\/div>\n\t\t<\/section>\n\t\t\t\t<\/div>\n\t\t","protected":false},"excerpt":{"rendered":"<p>PORTARIA NORMATIVA UFSM N. 006\/2020 MINIST\u00c9RIO DA EDUCA\u00c7\u00c3O UNIVERSIDADE FEDERAL DE SANTA MARIA PORTARIA NORMATIVA UFSM N. 006, DE 02 DE DEZEMBRO DE 2020 Revogada pela Resolu\u00e7\u00e3o UFSM n\u00b0 238\/2025 Remaneja fun\u00e7\u00f5es entre unidades administrativas da estrutura do Col\u00e9gio T\u00e9cnico Industrial de Santa Maria (CTISM-UFSM) da Universidade Federal de Santa Maria (UFSM). O REITOR DA [&hellip;]<\/p>\n","protected":false},"author":206,"featured_media":0,"parent":0,"menu_order":0,"comment_status":"closed","ping_status":"closed","template":"","meta":{"footnotes":""},"categories":[],"tags":[],"class_list":["post-4162","page","type-page","status-publish","hentry"],"acf":[],"_links":{"self":[{"href":"https:\/\/www.ufsm.br\/pro-reitorias\/proplan\/wp-json\/wp\/v2\/pages\/4162","targetHints":{"allow":["GET"]}}],"collection":[{"href":"https:\/\/www.ufsm.br\/pro-reitorias\/proplan\/wp-json\/wp\/v2\/pages"}],"about":[{"href":"https:\/\/www.ufsm.br\/pro-reitorias\/proplan\/wp-json\/wp\/v2\/types\/page"}],"author":[{"embeddable":true,"href":"https:\/\/www.ufsm.br\/pro-reitorias\/proplan\/wp-json\/wp\/v2\/users\/206"}],"replies":[{"embeddable":true,"href":"https:\/\/www.ufsm.br\/pro-reitorias\/proplan\/wp-json\/wp\/v2\/comments?post=4162"}],"version-history":[{"count":0,"href":"https:\/\/www.ufsm.br\/pro-reitorias\/proplan\/wp-json\/wp\/v2\/pages\/4162\/revisions"}],"wp:attachment":[{"href":"https:\/\/www.ufsm.br\/pro-reitorias\/proplan\/wp-json\/wp\/v2\/media?parent=4162"}],"wp:term":[{"taxonomy":"category","embeddable":true,"href":"https:\/\/www.ufsm.br\/pro-reitorias\/proplan\/wp-json\/wp\/v2\/categories?post=4162"},{"taxonomy":"post_tag","embeddable":true,"href":"https:\/\/www.ufsm.br\/pro-reitorias\/proplan\/wp-json\/wp\/v2\/tags?post=4162"}],"curies":[{"name":"wp","href":"https:\/\/api.w.org\/{rel}","templated":true}]}}