{"id":4181,"date":"2020-12-18T15:37:29","date_gmt":"2020-12-18T18:37:29","guid":{"rendered":"https:\/\/www.ufsm.br\/pro-reitorias\/proplan\/?page_id=4181"},"modified":"2023-10-02T14:19:37","modified_gmt":"2023-10-02T17:19:37","slug":"resolucao-n-036-2020-anexo-i","status":"publish","type":"page","link":"https:\/\/www.ufsm.br\/pro-reitorias\/proplan\/resolucao-n-036-2020-anexo-i","title":{"rendered":"Resolu\u00e7\u00e3o N. 036\/2020-Anexo I"},"content":{"rendered":"\t\t<div data-elementor-type=\"wp-page\" data-elementor-id=\"4181\" class=\"elementor elementor-4181\">\n\t\t\t\t\t\t<section class=\"elementor-section elementor-top-section elementor-element elementor-element-00e7cfd elementor-section-boxed elementor-section-height-default elementor-section-height-default\" data-id=\"00e7cfd\" data-element_type=\"section\">\n\t\t\t\t\t\t<div class=\"elementor-container elementor-column-gap-default\">\n\t\t\t\t\t<div class=\"elementor-column elementor-col-100 elementor-top-column elementor-element elementor-element-cebf033\" data-id=\"cebf033\" data-element_type=\"column\">\n\t\t\t<div class=\"elementor-widget-wrap elementor-element-populated\">\n\t\t\t\t\t\t<div class=\"elementor-element elementor-element-964968b elementor-widget elementor-widget-html\" data-id=\"964968b\" data-element_type=\"widget\" data-widget_type=\"html.default\">\n\t\t\t\t<div class=\"elementor-widget-container\">\n\t\t\t\r\n\r\n\r\n<title><b>RESOLU\u00c7\u00c3O N. 036\/2020-ANEXO I<\/b><\/title>\r\n\r\n\r\n<div align=\"center\"><img decoding=\"async\" src=\"https:\/\/www.ufsm.br\/pro-reitorias\/proplan\/wp-content\/uploads\/sites\/344\/2019\/09\/brasao-da-republica-do-brasil-logo.png\" alt=\"Bras\u00e3o Rep\u00fablica Federativa do Brasil\" width=\"6%\" height=\"6%\"><\/div>    \r\n<h1><font color=\"blue\"><font size=\"5\"><div align=\"center\">MINIST\u00c9RIO DA EDUCA\u00c7\u00c3O<\/b><\/font><\/font><\/div><\/H1>\r\n<p><b><font color=\"0000blue\"><div align=\"center\">UNIVERSIDADE FEDERAL DE SANTA MARIA<\/b><\/font><\/div><\/p>\r\n<p><div align=\"center\"><b><a href=\"https:\/\/portal.ufsm.br\/documentos\/publico\/documento.html?idDocumento=13332931\" target=\"_blank\"><font color=\"blue\">ANEXO I DA RESOLU\u00c7\u00c3O UFSM N. 036, DE 14 DE DEZEMBRO DE 2020<\/font><\/a><\/b><\/div><\/p>\r\n<br>\r\n<p><div align=\"right\"><font color=\"800000\"><s>REQUERIMENTO PADR\u00c3O PARA P\u00d3S-DOUTORADO - UFSM<\/s><\/font><\/div><\/p>\r\n<br>\r\n<p><a href=\"https:\/\/www.ufsm.br\/pro-reitorias\/proplan\/resolucao-ufsm-n-139-2023\" target=\"_blank\"><font color=\"blue\">Revogado pela Resolu\u00e7\u00e3o UFSM N\u00b0 139\/2023<\/font><\/a><\/p>\r\n<br><div align=\"justify\">\r\n\r\n<p><s>NOME DO SOLICITANTE com e-mail: (leg\u00edvel e sem abreviaturas)\t\t\t\t\t\t\t\r\n<table><table width=\"75%\">\r\n<tr><td width=\"100\"><br><\/td><\/tr>\r\n<\/div><\/table>\r\n<br>\r\n\r\n<p>T\u00cdTULO DO PROJETO DE PESQUISA:<\/p>\r\n<table><table width=\"75%\">\r\n<tr><td width=\"100\"><br><\/td><\/tr>\r\n<\/div><\/table>\r\n<br>\t\t\r\n\r\n<p>ENQUADRAMENTO DA SOLICITA\u00c7\u00c3O:<\/p>\r\n<table><table width=\"75%\">\r\n<tr><td>PROGRAMA DE P\u00d3S-GRADUA\u00c7\u00c3O EM:<\/td><td width=\"75\"><\/td><\/tr>\r\n<\/div><\/table>\t\t\t\r\n<br>\r\n\t\r\n<p>LOCAL ONDE SER\u00c1 DESENVOLVIDA A ATIVIDADE:<\/p>\r\n<table><table width=\"75%\">\r\n<tr><td width=\"100\">Institui\u00e7\u00e3o: UNIVERSIDADE FEDERAL DE SANTA MARIA - RS<\/td><\/tr>\r\n<tr><td width=\"100\">Unidade\/Unidade de Ensino:<\/td><\/tr>\r\n<\/div><\/table>\r\n<br>\r\n<table><table width=\"75%\">\r\n<tr><td width=\"50\">Local e Data:<\/td><td width=\"50\">Assinatura:<\/td><\/tr>\r\n<\/div><\/table>\t                                                                            \r\n<br>\t\r\n\r\n<p>DOCUMENTOS A ANEXAR:<\/p>\r\n<table><table width=\"75%\">\r\n<tr><td width=\"50\">Carta de aceite do supervisor vinculado ao programa de p\u00f3s-gradua\u00e7\u00e3o.<\/td><td width=\"50\"><br>\t<\/td><\/tr>\r\n<tr><td width=\"75\">Solicita\u00e7\u00e3o de oferta de matr\u00edcula em RPD assinado pelo supervisor do projeto (formul\u00e1rio anexo a Resolu\u00e7\u00e3o).<\/td><td><br>\t<\/td><\/tr>\r\n<tr><td width=\"75\">Projeto de pesquisa que ser\u00e1 desenvolvido no per\u00edodo - padr\u00e3o CAPES\/CNPq.<\/td><td><br>\t<\/td><\/tr>\r\n<tr><td width=\"75\">Bolsista: Declara\u00e7\u00e3o de possuir tempo integral e dedica\u00e7\u00e3o exclusiva \u00e0s atividades a serem desenvolvidas  no per\u00edodo (caso possuir v\u00ednculo empregat\u00edcio, apresentar documento ofical de libera\u00e7\u00e3o\/afastamento de suas atividades pelo per\u00edodo de tempo de realiza\u00e7\u00e3o do P\u00f3s-doutorado.<\/td><td><\/td><\/tr>\r\n<tr><td width=\"75\">Sem bolsa: Termo de Compromisso de P\u00f3s-doutorado e Termo de Ci\u00eancia do Empregador (formul\u00e1rios Anexo II e III desta Resolu\u00e7\u00e3o).<\/td><td><\/td><\/tr>\r\n<tr><td width=\"75\">C\u00f3pia da Carteira de identidade ou Passaporte<\/td><td><\/td><\/tr>\r\n<tr><td width=\"75\"><b>Curriculum Vitae<\/b> do solicitante (modelo Lattes)<\/td><td><\/td><\/tr>\r\n<tr><td width=\"75\">C\u00f3pia do Diploma de Doutor<\/td><td><\/td><\/tr>\r\n<tr><td width=\"75\">C\u00f3pia do CPF do solicitante (brasileiro)<\/td><td><\/td><\/tr>\r\n<tr><td width=\"75\">Bolsista: Comprova\u00e7\u00e3o da Bolsa concedida pela Ag\u00eancia de Fomento (cadastro)<\/td><td><\/td><\/tr>\r\n<\/div><\/table>\t\t\t\t\t\t\r\n<p>ATEN\u00c7\u00c3O: Ser\u00e3o encaminhados somente os pedidos que estiverem com toda a documenta\u00e7\u00e3o anexada.<\/s><\/p>\r\n<br>\r\n<br>\r\n<p><font color=\"red0000\">Este texto n\u00e3o substitui o documento original, publicado no Portal de Documentos em 18 de dezembro de 2020.<\/font> Dispon\u00edvel em: <a href=\"https:\/\/portal.ufsm.br\/documentos\/publico\/documento.html?idDocumento=13332931\"><font color=\"blue\">https:\/\/portal.ufsm.br\/documentos\/publico\/documento.html?idDocumento=13332931<\/font><\/a>\r\n\r\n\t\t<\/div>\n\t\t\t\t<\/div>\n\t\t\t\t\t<\/div>\n\t\t<\/div>\n\t\t\t\t\t<\/div>\n\t\t<\/section>\n\t\t\t\t<\/div>\n\t\t","protected":false},"excerpt":{"rendered":"<p>RESOLU\u00c7\u00c3O N. 036\/2020-ANEXO I MINIST\u00c9RIO DA EDUCA\u00c7\u00c3O UNIVERSIDADE FEDERAL DE SANTA MARIA ANEXO I DA RESOLU\u00c7\u00c3O UFSM N. 036, DE 14 DE DEZEMBRO DE 2020 REQUERIMENTO PADR\u00c3O PARA P\u00d3S-DOUTORADO &#8211; UFSM Revogado pela Resolu\u00e7\u00e3o UFSM N\u00b0 139\/2023 NOME DO SOLICITANTE com e-mail: (leg\u00edvel e sem abreviaturas) T\u00cdTULO DO PROJETO DE PESQUISA: ENQUADRAMENTO DA SOLICITA\u00c7\u00c3O: PROGRAMA [&hellip;]<\/p>\n","protected":false},"author":205,"featured_media":0,"parent":0,"menu_order":0,"comment_status":"closed","ping_status":"closed","template":"","meta":{"footnotes":""},"categories":[],"tags":[],"class_list":["post-4181","page","type-page","status-publish","hentry"],"acf":[],"_links":{"self":[{"href":"https:\/\/www.ufsm.br\/pro-reitorias\/proplan\/wp-json\/wp\/v2\/pages\/4181","targetHints":{"allow":["GET"]}}],"collection":[{"href":"https:\/\/www.ufsm.br\/pro-reitorias\/proplan\/wp-json\/wp\/v2\/pages"}],"about":[{"href":"https:\/\/www.ufsm.br\/pro-reitorias\/proplan\/wp-json\/wp\/v2\/types\/page"}],"author":[{"embeddable":true,"href":"https:\/\/www.ufsm.br\/pro-reitorias\/proplan\/wp-json\/wp\/v2\/users\/205"}],"replies":[{"embeddable":true,"href":"https:\/\/www.ufsm.br\/pro-reitorias\/proplan\/wp-json\/wp\/v2\/comments?post=4181"}],"version-history":[{"count":0,"href":"https:\/\/www.ufsm.br\/pro-reitorias\/proplan\/wp-json\/wp\/v2\/pages\/4181\/revisions"}],"wp:attachment":[{"href":"https:\/\/www.ufsm.br\/pro-reitorias\/proplan\/wp-json\/wp\/v2\/media?parent=4181"}],"wp:term":[{"taxonomy":"category","embeddable":true,"href":"https:\/\/www.ufsm.br\/pro-reitorias\/proplan\/wp-json\/wp\/v2\/categories?post=4181"},{"taxonomy":"post_tag","embeddable":true,"href":"https:\/\/www.ufsm.br\/pro-reitorias\/proplan\/wp-json\/wp\/v2\/tags?post=4181"}],"curies":[{"name":"wp","href":"https:\/\/api.w.org\/{rel}","templated":true}]}}