{"id":4184,"date":"2020-12-18T15:37:40","date_gmt":"2020-12-18T18:37:40","guid":{"rendered":"https:\/\/www.ufsm.br\/pro-reitorias\/proplan\/?page_id=4184"},"modified":"2023-10-02T14:22:18","modified_gmt":"2023-10-02T17:22:18","slug":"resolucao-n-036-2020-anexo-iv","status":"publish","type":"page","link":"https:\/\/www.ufsm.br\/pro-reitorias\/proplan\/resolucao-n-036-2020-anexo-iv","title":{"rendered":"Resolu\u00e7\u00e3o N. 036\/2020-Anexo IV"},"content":{"rendered":"\t\t<div data-elementor-type=\"wp-page\" data-elementor-id=\"4184\" class=\"elementor elementor-4184\">\n\t\t\t\t\t\t<section class=\"elementor-section elementor-top-section elementor-element elementor-element-80981fa elementor-section-boxed elementor-section-height-default elementor-section-height-default\" data-id=\"80981fa\" data-element_type=\"section\">\n\t\t\t\t\t\t<div class=\"elementor-container elementor-column-gap-default\">\n\t\t\t\t\t<div class=\"elementor-column elementor-col-100 elementor-top-column elementor-element elementor-element-3c9077c\" data-id=\"3c9077c\" data-element_type=\"column\">\n\t\t\t<div class=\"elementor-widget-wrap elementor-element-populated\">\n\t\t\t\t\t\t<div class=\"elementor-element elementor-element-bb813e0 elementor-widget elementor-widget-html\" data-id=\"bb813e0\" data-element_type=\"widget\" data-widget_type=\"html.default\">\n\t\t\t\t<div class=\"elementor-widget-container\">\n\t\t\t\r\n\r\n\r\n<title><b>RESOLU\u00c7\u00c3O N. 036\/2020-ANEXO IV<\/b><\/title>\r\n\r\n\r\n<div align=\"center\"><img decoding=\"async\" src=\"https:\/\/www.ufsm.br\/pro-reitorias\/proplan\/wp-content\/uploads\/sites\/344\/2019\/09\/brasao-da-republica-do-brasil-logo.png\" alt=\"Bras\u00e3o Rep\u00fablica Federativa do Brasil\" width=\"6%\" height=\"6%\"><\/div>    \r\n<h1><font color=\"blue\"><font size=\"5\"><div align=\"center\">MINIST\u00c9RIO DA EDUCA\u00c7\u00c3O<\/b><\/font><\/font><\/div><\/H1>\r\n<p><b><font color=\"0000blue\"><div align=\"center\">UNIVERSIDADE FEDERAL DE SANTA MARIA<\/b><\/font><\/div><\/p>\r\n<p><div align=\"center\"><b><a href=\"https:\/\/portal.ufsm.br\/documentos\/publico\/documento.html?id=13332951\" target=\"_blank\"><font color=\"blue\">ANEXO IV DA RESOLU\u00c7\u00c3O UFSM N. 036, DE 14 DE DEZEMBRO DE 2020<\/font><\/a><\/b><\/div><\/p>\r\n<br>\r\n<p><div align=\"right\"><font color=\"800000\"><s>SOLICITA\u00c7\u00c3O DE OFERTA DE RPD \u2013 1\u00aa MATR\u00cdCULA<\/s><\/font><\/div><\/p>\r\n<br>\r\n<p><a href=\"https:\/\/www.ufsm.br\/pro-reitorias\/proplan\/resolucao-ufsm-n-139-2023\" target=\"_blank\"><font color=\"blue\">Revogado pela Resolu\u00e7\u00e3o UFSM N\u00b0 139\/2023<\/font><\/a><\/p>\r\n<br><div align=\"justify\">\r\n<p><s>Eu, _______________________________________________________________, docente vinculado ao Programa de P\u00f3s-Gradua\u00e7\u00e3o em ______________________________________________ venho solicitar junto ao Departamento de Registro e Controle Acad\u00eamico \u2013 DERCA oferta de matr\u00edcula em Realiza\u00e7\u00e3o de Est\u00e1gio P\u00f3s-Doutoral \u2013 RPD para o p\u00f3s-doutorando ___________________________________________________________________________ o(a) qual irei supervisionar.<\/p>\r\n<br>\r\n<p><div align=\"center\">_______________________________ <\/div><\/p>\r\n<p><div align=\"center\">Assinatura do Supervisor<\/s><\/div><\/p>\r\n<br>\r\n<p><font color=\"red0000\">Este texto n\u00e3o substitui o documento original, publicado no Portal de Documentos em 18 de dezembro de 2020.<\/font> Dispon\u00edvel em: <a href=\"https:\/\/portal.ufsm.br\/documentos\/publico\/documento.html?id=13332951\"><font color=\"blue\">https:\/\/portal.ufsm.br\/documentos\/publico\/documento.html?id=13332951<\/font><\/a>\r\n\r\n\t\t<\/div>\n\t\t\t\t<\/div>\n\t\t\t\t\t<\/div>\n\t\t<\/div>\n\t\t\t\t\t<\/div>\n\t\t<\/section>\n\t\t\t\t<\/div>\n\t\t","protected":false},"excerpt":{"rendered":"<p>RESOLU\u00c7\u00c3O N. 036\/2020-ANEXO IV MINIST\u00c9RIO DA EDUCA\u00c7\u00c3O UNIVERSIDADE FEDERAL DE SANTA MARIA ANEXO IV DA RESOLU\u00c7\u00c3O UFSM N. 036, DE 14 DE DEZEMBRO DE 2020 SOLICITA\u00c7\u00c3O DE OFERTA DE RPD \u2013 1\u00aa MATR\u00cdCULA Revogado pela Resolu\u00e7\u00e3o UFSM N\u00b0 139\/2023 Eu, _______________________________________________________________, docente vinculado ao Programa de P\u00f3s-Gradua\u00e7\u00e3o em ______________________________________________ venho solicitar junto ao Departamento de [&hellip;]<\/p>\n","protected":false},"author":205,"featured_media":0,"parent":0,"menu_order":0,"comment_status":"closed","ping_status":"closed","template":"","meta":{"footnotes":""},"categories":[],"tags":[],"class_list":["post-4184","page","type-page","status-publish","hentry"],"acf":[],"_links":{"self":[{"href":"https:\/\/www.ufsm.br\/pro-reitorias\/proplan\/wp-json\/wp\/v2\/pages\/4184","targetHints":{"allow":["GET"]}}],"collection":[{"href":"https:\/\/www.ufsm.br\/pro-reitorias\/proplan\/wp-json\/wp\/v2\/pages"}],"about":[{"href":"https:\/\/www.ufsm.br\/pro-reitorias\/proplan\/wp-json\/wp\/v2\/types\/page"}],"author":[{"embeddable":true,"href":"https:\/\/www.ufsm.br\/pro-reitorias\/proplan\/wp-json\/wp\/v2\/users\/205"}],"replies":[{"embeddable":true,"href":"https:\/\/www.ufsm.br\/pro-reitorias\/proplan\/wp-json\/wp\/v2\/comments?post=4184"}],"version-history":[{"count":0,"href":"https:\/\/www.ufsm.br\/pro-reitorias\/proplan\/wp-json\/wp\/v2\/pages\/4184\/revisions"}],"wp:attachment":[{"href":"https:\/\/www.ufsm.br\/pro-reitorias\/proplan\/wp-json\/wp\/v2\/media?parent=4184"}],"wp:term":[{"taxonomy":"category","embeddable":true,"href":"https:\/\/www.ufsm.br\/pro-reitorias\/proplan\/wp-json\/wp\/v2\/categories?post=4184"},{"taxonomy":"post_tag","embeddable":true,"href":"https:\/\/www.ufsm.br\/pro-reitorias\/proplan\/wp-json\/wp\/v2\/tags?post=4184"}],"curies":[{"name":"wp","href":"https:\/\/api.w.org\/{rel}","templated":true}]}}