{"id":4226,"date":"2021-01-11T09:59:29","date_gmt":"2021-01-11T12:59:29","guid":{"rendered":"https:\/\/www.ufsm.br\/pro-reitorias\/proplan\/?page_id=4226"},"modified":"2023-03-02T09:26:40","modified_gmt":"2023-03-02T12:26:40","slug":"resolucao-ufsm-n-037-2021","status":"publish","type":"page","link":"https:\/\/www.ufsm.br\/pro-reitorias\/proplan\/resolucao-ufsm-n-037-2021","title":{"rendered":"Resolu\u00e7\u00e3o UFSM N. 037\/2021"},"content":{"rendered":"\t\t<div data-elementor-type=\"wp-page\" data-elementor-id=\"4226\" class=\"elementor elementor-4226\">\n\t\t\t\t\t\t<section class=\"elementor-section elementor-top-section elementor-element elementor-element-f874002 elementor-section-boxed elementor-section-height-default elementor-section-height-default\" data-id=\"f874002\" data-element_type=\"section\">\n\t\t\t\t\t\t<div class=\"elementor-container elementor-column-gap-default\">\n\t\t\t\t\t<div class=\"elementor-column elementor-col-100 elementor-top-column elementor-element elementor-element-f5b2e7b\" data-id=\"f5b2e7b\" data-element_type=\"column\">\n\t\t\t<div class=\"elementor-widget-wrap elementor-element-populated\">\n\t\t\t\t\t\t<div class=\"elementor-element elementor-element-681f14c elementor-widget elementor-widget-html\" data-id=\"681f14c\" data-element_type=\"widget\" data-widget_type=\"html.default\">\n\t\t\t\t<div class=\"elementor-widget-container\">\n\t\t\t\r\n\r\n\r\n<title><b>RESOLU\u00c7\u00c3O N. 037\/2021<\/b><\/title>\r\n\r\n\r\n<div align=\"center\"><img decoding=\"async\" src=\"https:\/\/www.ufsm.br\/pro-reitorias\/proplan\/wp-content\/uploads\/sites\/344\/2019\/09\/brasao-da-republica-do-brasil-logo.png\" alt=\"Bras\u00e3o Rep\u00fablica Federativa do Brasil\" width=\"6%\" height=\"6%\"><\/div>    \r\n<h1><font color=\"blue\"><font size=\"5\"><div align=\"center\">MINIST\u00c9RIO DA EDUCA\u00c7\u00c3O<\/b><\/font><\/font><\/div><\/H1>\r\n<p><b><font color=\"0000blue\"><div align=\"center\">UNIVERSIDADE FEDERAL DE SANTA MARIA<\/b><\/font><\/div><\/p>\r\n<p><div align=\"center\"><b><a href=\"https:\/\/portal.ufsm.br\/documentos\/publico\/documento.html?id=13357222\" target=\"_blank\"><font color=\"blue\">RESOLU\u00c7\u00c3O UFSM N. 037, DE 08 DE JANEIRO DE 2021<\/font><\/a><\/b><\/div><\/p>\r\n<br>\r\n<p><div align=\"right\"><font color=\"800000\">Formaliza as Coordenadorias da Pr\u00f3-Reitoria de Gradua\u00e7\u00e3o (PROGRAD) da Universidade Federal de Santa Maria, definindo suas compet\u00eancias.<\/font><\/div><\/p>\r\n<br>\r\n<p><a href=\"https:\/\/www.ufsm.br\/pro-reitorias\/proplan?page_id=5264\" target=\"_blank\"><font color=\"blue\">Revogada pela Resolu\u00e7\u00e3o UFSM N. 116\/2023<\/font><\/a><\/p>\r\n<br><div align=\"justify\">\r\n<s>\r\n<p>O REITOR DA UNIVERSIDADE FEDERAL DE SANTA MARIA, no uso de suas atribui\u00e7\u00f5es legais e estatut\u00e1rias, e considerando:<\/p>\r\n<p>- o <a href=\"http:\/\/www.planalto.gov.br\/ccivil_03\/leis\/l9394.htm\" target=\"_blank\"><font color=\"blue\"><u>Art. 56 da Lei N. 9.394, de 20 de dezembro de 1996<\/u><\/font><\/a>, que estabelece as diretrizes e bases da educa\u00e7\u00e3o nacional;<\/p>\r\n<p>- o <a href=\"https:\/\/www.ufsm.br\/pro-reitorias\/proplan\/estatuto-ufsm-2010\/\" target=\"_blank\"><font color=\"blue\"><u>Estatuto da UFSM<\/u><\/font><\/a>;<\/p>\r\n<p>- o <a href=\"https:\/\/www.ufsm.br\/pro-reitorias\/proplan\/regimento-geral-da-ufsm-com-alteracoes-compiladas-pela-resolucao-n-016-2019\/\" target=\"_blank\"><font color=\"blue\"><u>Regimento da UFSM<\/u><\/font><\/a>, disposto na <a href=\"https:\/\/www.ufsm.br\/pro-reitorias\/proplan\/resolucao-n-006-2011\/\" target=\"_blank\"><font color=\"blue\"><u>Resolu\u00e7\u00e3o 006\/2011<\/u><\/font><\/a>, atualizado pela <a href=\"https:\/\/www.ufsm.br\/pro-reitorias\/proplan\/resolucao-n-016-2019\/\" target=\"_blank\"><font color=\"blue\"><u>Resolu\u00e7\u00e3o 016\/2019<\/u><\/font><\/a>; e,<\/p>\r\n<p>- o Parecer ad referendum da Comiss\u00e3o de Legisla\u00e7\u00e3o e Regimentos (CLR), de 08 de janeiro de 2021, referente ao <a href=\"https:\/\/portal.ufsm.br\/documentos\/publico\/processo\/documento.html?idDocumento=13346465\" target=\"_blank\"><font color=\"blue\"><u>Processo N. 23081.064962\/2020-91<\/u><\/font><\/a>.<\/p>\r\n<br>\r\n<p>RESOLVE:<\/p>\r\n<br>\r\n<p>\r\n<p>CAP\u00cdTULO I<\/p>\r\n<p>DAS DISPOSI\u00c7\u00d5ES PRELIMINARES<\/p>\r\n<br>\r\n<p>Art. 1\u00ba A presente resolu\u00e7\u00e3o formaliza a estrutura das coordenadorias da Pr\u00f3-Reitoria de Gradua\u00e7\u00e3o (PROGRAD) da Universidade Federal de Santa Maria e define suas compet\u00eancias.<\/p>\r\n<p>Art. 2\u00ba A Pr\u00f3-Reitoria de Gradua\u00e7\u00e3o \u00e9 dirigida pelo Pr\u00f3-Reitor e Pr\u00f3-Reitor Adjunto, que n\u00e3o se configuram como unidades administrativas e sim como cargos de dire\u00e7\u00e3o, com atribui\u00e7\u00f5es definidas.<\/p>\r\n<p>\u00a7 1\u00ba O cargo de dire\u00e7\u00e3o atribu\u00eddo ao Pr\u00f3-Reitor \u00e9 alocado como autoridade da Pr\u00f3-Reitoria de Gradua\u00e7\u00e3o, denominado \u201cPr\u00f3-Reitor (a)\u201d.<\/p>\r\n<p>\u00a7 2\u00ba O cargo de dire\u00e7\u00e3o atribu\u00eddo ao Pr\u00f3-Reitor Adjunto \u00e9 alocado como autoridade em uma das Coordenadorias da Pr\u00f3-Reitoria de Gradua\u00e7\u00e3o, com a denomina\u00e7\u00e3o de autoridade \u201cPr\u00f3-Reitor Adjunto\u201d. <\/p>\r\n<p>\u00a7 3\u00ba As compet\u00eancias m\u00ednimas das unidades est\u00e3o detalhadas em cap\u00edtulo espec\u00edfico.<\/p>\r\n<br>\r\n<p>CAP\u00cdTULO II<\/p>\r\n<p>DAS COORDENADORIAS DA PR\u00d3-REITORIA DE GRADUA\u00c7\u00c3O<\/p>\r\n<br>\r\n<p>Art. 3\u00ba A Pr\u00f3-Reitoria de Gradua\u00e7\u00e3o (PROGRAD) \u00e9 composta pelas seguintes coordenadorias:<\/p> \r\n<p>I - Coordenadoria de Planejamento Acad\u00eamico; e,<\/p>\r\n<p>II - Coordenadoria de Apoio aoDesenvolvimento de Ensino.<\/p>\r\n<p>Art. 4\u00baA Pr\u00f3-Reitoria de Gradua\u00e7\u00e3o (PROGRAD), como \u00d3rg\u00e3o de Dire\u00e7\u00e3o e Assessoria, vinculada a Universidade Federal de Santa Maria, com Cargo de Dire\u00e7\u00e3o (CD) 2 e autoridade denominada \u201cPr\u00f3-Reitor (a)\u201d.<\/p>\r\n<p>Art. 5\u00ba A Coordenadoria de Planejamento Acad\u00eamico, como Subunidade Administrativa, vinculada \u00e0 Pr\u00f3-Reitoria de Gradua\u00e7\u00e3o, com Cargo de Dire\u00e7\u00e3o (CD) 3 e autoridade denominada \u201cPr\u00f3-Reitor (a) Adjunto (a)\u201d.<\/p>\r\n<p>Art. 6A Coordenadoria de Apoio ao Desenvolvimento de Ensino, como Subunidade Administrativa, vinculada \u00e0 Pr\u00f3-Reitoria de Gradua\u00e7\u00e3o, com Cargo de Dire\u00e7\u00e3o (CD) 4 e autoridade denominada \u201cCoordenador (a)\u201d.<\/p>\r\n<br>\r\n<p>CAP\u00cdTULOIII<\/p>\r\n<p>DAS COMPET\u00caNCIAS<\/p> \r\n<br>\r\n<p>Art. 7 A Coordenadoria de Planejamento Acad\u00eamico (COPA\/PROGRAD) \u00e9 respons\u00e1vel por estabelecer pol\u00edticas acad\u00eamicas, de ingresso e diretrizes para a cont\u00ednua evolu\u00e7\u00e3o e atualiza\u00e7\u00e3o de um planejamento acad\u00eamico em conson\u00e2ncia \u00e0s disposi\u00e7\u00f5es estabelecidas na <a href=\"http:\/\/www.planalto.gov.br\/ccivil_03\/leis\/l9394.htm\" target=\"_blank\"><font color=\"blue\"><u>LDB<\/u><\/font><\/a>.<\/p>\r\n<p>Par\u00e1grafo \u00fanico. S\u00e3o compet\u00eancias da COPA:<\/p>\r\n<p>I - criar, implementar e gerir, por meio de estrat\u00e9gias e t\u00e1ticas, bem como pol\u00edticas integradas,o planejamento acad\u00eamico institucional, de maneira a elaborar e gerenciar m\u00e9todos de controle e regula\u00e7\u00e3o da vida acad\u00eamica, propiciar a\u00e7\u00f5es comunicacionais entre setores e atores institucionais, propor normas de estrutura\u00e7\u00e3o, atuar na forma\u00e7\u00e3o continuada de servidores visando o Planejamento Acad\u00eamico, originar projetos internos e gerenciar projetos especiais do MEC em n\u00edvel de gradua\u00e7\u00e3o, no \u00e2mbito da UFSM; e,<\/p>\r\n<p>II\u2013 coordenar e implementar pol\u00edticas para os processos de ingresso e de sele\u00e7\u00e3o no \u00e2mbito dos cursos de gradua\u00e7\u00e3o e outros processos seletivos da UFSM.<\/p>\r\n<p>Art. 8\u00ba A Coordenadoria de Apoio Desenvolvimento de Ensino (CADE\/PROGRAD) \u00e9 respons\u00e1vel por orientar o processo de ensino de gradua\u00e7\u00e3o, namodalidade presencial e a dist\u00e2ncia, auxiliando na promo\u00e7\u00e3o de programas especiais do ensino superior ligados ao Minist\u00e9rio da Educa\u00e7\u00e3o e o desenvolvimento de estrat\u00e9gias para o aprimoramento das a\u00e7\u00f5es did\u00e1tico-pedag\u00f3gicas no \u00e2mbito do ensino de gradua\u00e7\u00e3o.<\/p> \r\n<p>Par\u00e1grafo \u00fanico.S\u00e3o compet\u00eancias da CADE:<\/p>\r\n<p>I - acompanhando a cria\u00e7\u00e3o e a implementa\u00e7\u00e3o dos Projetos Pedag\u00f3gicos de Curso (PPCs) conforme pol\u00edtica e legisla\u00e7\u00e3o educacional vigente; e,<\/p>\r\n<p>II - promo\u00e7\u00e3o de Pol\u00edticas Institucionais para Forma\u00e7\u00e3o Inicial e Continuada de docentes, normatiza\u00e7\u00e3o e acompanhamento de est\u00e1gio curricular obrigat\u00f3rio dos cursos de gradua\u00e7\u00e3o.<\/p>  \r\n<br>\r\n<p>CAP\u00cdTULO IV<\/p>\r\n<p>DAS DISPOSI\u00c7\u00d5ES GERAIS<\/p>\r\n<br>\r\n<p>Art. 9\u00ba Caber\u00e1:<\/p>\r\n<p>I - \u00e0 Coordenadoria de Planejamento Administrativo (COPLAD-PROPLAN) proceder \u00e0s altera\u00e7\u00f5es nos Sistemas de Estruturantes da Institui\u00e7\u00e3o;<\/p>\r\n<p>II - \u00e0 Pr\u00f3-Reitoria de Gest\u00e3o de Pessoas (PROGEP) a remo\u00e7\u00e3o dos servidores e o remanejo das fun\u00e7\u00f5es de chefia;<\/p>\r\n<p>III - ao Departamento de Material e Patrim\u00f4nio (DEMAPA) a adequa\u00e7\u00e3o dos registros dos m\u00f3veis e equipamentos;<\/p>\r\n<p>IV - ao Departamento de Arquivo Geral (DAG) o tratamento dos documentos arquiv\u00edsticos; e,<\/p>\r\n<p>V - ao Centro de Processamento de Dados (CPD) as adequa\u00e7\u00f5es necess\u00e1rias nos sistemas institucionais.<\/p>\r\n<p>Art. 10 Esta Resolu\u00e7\u00e3o entra em vigor em 15 de janeiro de 2021, por se tratar de urg\u00eancia justi\ufb01cada no expediente administrativo.<\/p>\r\n<p>Par\u00e1grafo \u00fanico. Havendo qualquer modifica\u00e7\u00e3o legislativa, ou ainda, havendo qualquer situa\u00e7\u00e3o legal que impacte na legalidade da presente Portaria, a mesma se aplica de imediato.<\/p>\r\n<br>\r\n<p>Paulo Afonso Burmann<\/p>\r\n<p>Reitor<\/p>\r\n<\/s>\r\n<br>\r\n<p><font color=\"red0000\">Este texto n\u00e3o substitui o documento original, publicado no Portal de Documentos em 08 de janeiro de 2021.<\/font> Dispon\u00edvel em: <a href=\"https:\/\/portal.ufsm.br\/documentos\/publico\/documento.html?id=13357222\"><font color=\"blue\">https:\/\/portal.ufsm.br\/documentos\/publico\/documento.html?id=13357222<\/font><\/a>\r\n\r\n\t\t<\/div>\n\t\t\t\t<\/div>\n\t\t\t\t\t<\/div>\n\t\t<\/div>\n\t\t\t\t\t<\/div>\n\t\t<\/section>\n\t\t\t\t<\/div>\n\t\t","protected":false},"excerpt":{"rendered":"<p>RESOLU\u00c7\u00c3O N. 037\/2021 MINIST\u00c9RIO DA EDUCA\u00c7\u00c3O UNIVERSIDADE FEDERAL DE SANTA MARIA RESOLU\u00c7\u00c3O UFSM N. 037, DE 08 DE JANEIRO DE 2021 Formaliza as Coordenadorias da Pr\u00f3-Reitoria de Gradua\u00e7\u00e3o (PROGRAD) da Universidade Federal de Santa Maria, definindo suas compet\u00eancias. Revogada pela Resolu\u00e7\u00e3o UFSM N. 116\/2023 O REITOR DA UNIVERSIDADE FEDERAL DE SANTA MARIA, no uso de [&hellip;]<\/p>\n","protected":false},"author":230,"featured_media":0,"parent":0,"menu_order":0,"comment_status":"closed","ping_status":"closed","template":"","meta":{"footnotes":""},"categories":[],"tags":[],"class_list":["post-4226","page","type-page","status-publish","hentry"],"acf":[],"_links":{"self":[{"href":"https:\/\/www.ufsm.br\/pro-reitorias\/proplan\/wp-json\/wp\/v2\/pages\/4226","targetHints":{"allow":["GET"]}}],"collection":[{"href":"https:\/\/www.ufsm.br\/pro-reitorias\/proplan\/wp-json\/wp\/v2\/pages"}],"about":[{"href":"https:\/\/www.ufsm.br\/pro-reitorias\/proplan\/wp-json\/wp\/v2\/types\/page"}],"author":[{"embeddable":true,"href":"https:\/\/www.ufsm.br\/pro-reitorias\/proplan\/wp-json\/wp\/v2\/users\/230"}],"replies":[{"embeddable":true,"href":"https:\/\/www.ufsm.br\/pro-reitorias\/proplan\/wp-json\/wp\/v2\/comments?post=4226"}],"version-history":[{"count":0,"href":"https:\/\/www.ufsm.br\/pro-reitorias\/proplan\/wp-json\/wp\/v2\/pages\/4226\/revisions"}],"wp:attachment":[{"href":"https:\/\/www.ufsm.br\/pro-reitorias\/proplan\/wp-json\/wp\/v2\/media?parent=4226"}],"wp:term":[{"taxonomy":"category","embeddable":true,"href":"https:\/\/www.ufsm.br\/pro-reitorias\/proplan\/wp-json\/wp\/v2\/categories?post=4226"},{"taxonomy":"post_tag","embeddable":true,"href":"https:\/\/www.ufsm.br\/pro-reitorias\/proplan\/wp-json\/wp\/v2\/tags?post=4226"}],"curies":[{"name":"wp","href":"https:\/\/api.w.org\/{rel}","templated":true}]}}