{"id":4251,"date":"2021-02-03T16:17:33","date_gmt":"2021-02-03T19:17:33","guid":{"rendered":"https:\/\/www.ufsm.br\/pro-reitorias\/proplan\/?page_id=4251"},"modified":"2023-03-02T09:51:05","modified_gmt":"2023-03-02T12:51:05","slug":"portaria-normativa-ufsm-n-014-2021","status":"publish","type":"page","link":"https:\/\/www.ufsm.br\/pro-reitorias\/proplan\/portaria-normativa-ufsm-n-014-2021","title":{"rendered":"Portaria Normativa UFSM N. 014\/2021"},"content":{"rendered":"\t\t<div data-elementor-type=\"wp-page\" data-elementor-id=\"4251\" class=\"elementor elementor-4251\">\n\t\t\t\t\t\t<section class=\"elementor-section elementor-top-section elementor-element elementor-element-5586a84 elementor-section-boxed elementor-section-height-default elementor-section-height-default\" data-id=\"5586a84\" data-element_type=\"section\">\n\t\t\t\t\t\t<div class=\"elementor-container elementor-column-gap-default\">\n\t\t\t\t\t<div class=\"elementor-column elementor-col-100 elementor-top-column elementor-element elementor-element-5ffe51e\" data-id=\"5ffe51e\" data-element_type=\"column\">\n\t\t\t<div class=\"elementor-widget-wrap elementor-element-populated\">\n\t\t\t\t\t\t<div class=\"elementor-element elementor-element-bfaba36 elementor-widget elementor-widget-html\" data-id=\"bfaba36\" data-element_type=\"widget\" data-widget_type=\"html.default\">\n\t\t\t\t<div class=\"elementor-widget-container\">\n\t\t\t\r\n\r\n\r\n<title><b>PORTARIA NORMATIVA UFSM N. 014\/2021<\/b><\/title>\r\n\r\n\r\n<div align=\"center\"><img decoding=\"async\" src=\"https:\/\/www.ufsm.br\/pro-reitorias\/proplan\/wp-content\/uploads\/sites\/344\/2019\/09\/brasao-da-republica-do-brasil-logo.png\" alt=\"Bras\u00e3o Rep\u00fablica Federativa do Brasil\" width=\"6%\" height=\"6%\"><\/div>\r\n<h1><font color=\"blue\"><font size=\"5\"><div align=\"center\">MINIST\u00c9RIO DA EDUCA\u00c7\u00c3O<\/b><\/font><\/font><\/div><\/H1>\r\n<p><b><font color=\"0000blue\"><div align=\"center\">UNIVERSIDADE FEDERAL DE SANTA MARIA<\/b><\/font><\/div><\/p>\r\n<p><div align=\"center\"><b><a href=\"https:\/\/portal.ufsm.br\/documentos\/publico\/documento.html?id=13383146\" target=\"_blank\"><font color=\"blue\">PORTARIA NORMATIVA UFSM N. 014, DE 28 DE JANEIRO DE 2021<\/font><\/a><\/b><\/div><\/p>\r\n<br>\r\n<p><div align=\"right\"><font color=\"800000\">Aprova a cria\u00e7\u00e3o da \"Comiss\u00e3o Tempor\u00e1ria de Invent\u00e1rio Patrimonial da UFSM\", vinculada a Pr\u00f3- Reitoria de Administra\u00e7\u00e3o (PRA), \u00f3rg\u00e3o consultivo da Universidade Federal de Santa Maria (UFSM).<\/font><\/div><\/p>\r\n<p><a href=\"https:\/\/www.ufsm.br\/pro-reitorias\/proplan?page_id=5264\" target=\"_blank\"><font color=\"blue\">Revogada pela Resolu\u00e7\u00e3o UFSM N. 116\/2023<\/font><\/a><\/p>\r\n<br><div align=\"justify\">\r\n<s>\r\n<p>O REITOR DA UNIVERSIDADE FEDERAL DE SANTA MARIA, no uso de suas atribui\u00e7\u00f5es legais e estatut\u00e1rias, e tendo em vista:<\/p>\r\n<p>- o Art. 56 da <a href=\"http:\/\/www.planalto.gov.br\/ccivil_03\/leis\/l9394.htm\" target=\"_blank\"><font color=\"blue\">Lei N. 9.394, de 20 de dezembro de 1996<\/font><\/a>, que estabelece as diretrizes e bases da educa\u00e7\u00e3o nacional;<\/p>\r\n<p>- a <a href=\"http:\/\/www.planalto.gov.br\/ccivil_03\/leis\/l4320.htm\" target=\"_blank\"><font color=\"blue\">Lei N. 4.320, de 17 mar\u00e7o de 1964<\/font><\/a>, que Estatui Normas Gerais de Direito Financeiro para elabora\u00e7\u00e3o e controle dos or\u00e7amentos e balan\u00e7os da Uni\u00e3o, dos Estados, dos Munic\u00edpios e do Distrito Federal;<\/p>\r\n<p>- o <a href=\"http:\/\/www.planalto.gov.br\/ccivil_03\/_ato2015-2018\/2017\/decreto\/D9191.htm\" target=\"_blank\"><font color=\"blue\">Decreto N. 9.191, de 1\u00b0 de novembro de 2017<\/font><\/a>, que estabelece as normas e as diretrizes para elabora\u00e7\u00e3o, reda\u00e7\u00e3o, altera\u00e7\u00e3o, consolida\u00e7\u00e3o e encaminhamento de propostas de atos normativos ao Presidente da Rep\u00fablica pelos Ministros de Estado;<\/p>\r\n<p>- o <a href=\"http:\/\/www.planalto.gov.br\/ccivil_03\/_ato2019-2022\/2019\/decreto\/D9759.htm\" target=\"_blank\"><font color=\"blue\">Decreto N. 9.759, de 11 de abril de 2019<\/font><\/a>, que extingue e estabelece diretrizes, regras e limita\u00e7\u00f5es para colegiados da administra\u00e7\u00e3o p\u00fablica federal;<\/p>\r\n<p>- a <a href=\"http:\/\/www.comprasnet.gov.br\/legislacao\/in\/in205_88.htm\" target=\"_blank\"><font color=\"blue\">Instru\u00e7\u00e3o Normativa N. 205, de 08 de abril de 1988<\/font><\/a>, da Secretaria de Administra\u00e7\u00e3o P\u00fablica, que objetiva racionalizar com minimiza\u00e7\u00e3o de custos o uso de material no \u00e2mbito do SISG atrav\u00e9s de t\u00e9cnicas modernas que atualizam e enriquecem essa gest\u00e3o com as desej\u00e1veis condi\u00e7\u00f5es de operacionalidade, no emprego do material nas diversas atividades;<\/p>\r\n<p>- o <a href=\"https:\/\/www.ufsm.br\/pro-reitorias\/proplan\/estatuto-ufsm-2010\/\" target=\"_blank\"><font color=\"blue\">Estatuto da Universidade Federal de Santa Maria<\/font><\/a>, com as adequa\u00e7\u00f5es aprovadas pela <a href=\"https:\/\/www.ufsm.br\/pro-reitorias\/proplan\/resolucao-n-037-2010\/\" target=\"_blank\"><font color=\"blue\">Resolu\u00e7\u00e3o UFSM N. 037\/2010<\/font><\/a> e aprovadas pela <a href=\"https:\/\/pesquisa.in.gov.br\/imprensa\/jsp\/visualiza\/index.jsp?data=13\/03\/2014&amp;jornal=1&amp;pagina=43&amp;totalArquivos=100\" target=\"_blank\"><font color=\"blue\">Portaria N. 156, de 12 de mar\u00e7o de 2014<\/font><\/a>, publicada no Di\u00e1rio Oficial da Uni\u00e3o em 13 de mar\u00e7o de 2014;<\/p>\r\n<p>- o <a href=\"https:\/\/www.ufsm.br\/pro-reitorias\/proplan\/regimento-geral-da-ufsm-2011\/\" target=\"_blank\"><font color=\"blue\">Regimento Geral da Universidade Federal de Santa Maria<\/font><\/a>, com as adequa\u00e7\u00f5es aprovadas pela <a href=\"https:\/\/www.ufsm.br\/pro-reitorias\/proplan\/resolucao-n-006-2011\/\" target=\"_blank\"><font color=\"blue\">Resolu\u00e7\u00e3o UFSM N. 006\/2011<\/font><\/a>;<\/p>\r\n<p>- a <a href=\"https:\/\/www.ufsm.br\/pro-reitorias\/proplan\/resolucao-n-016-1996\/\" target=\"_blank\"><font color=\"blue\">Resolu\u00e7\u00e3o UFSM N. 016, de 17 de junho de 1996<\/font><\/a>, que disp\u00f5e sobre normas e procedimentos administrativos relativos ao controle patrimonial dos bens m\u00f3veis, im\u00f3veis e semoventes da Universidade Federal de Santa Maria e d\u00e1 outras provid\u00eancias; e,<\/p> \r\n<p>- e o que consta do Processo N. <a href=\"https:\/\/portal.ufsm.br\/documentos\/publico\/processo\/documento.html?idDocumento=13378472\" target=\"_blank\"><font color=\"blue\">23081.007160\/2021-65<\/font><\/a>.<\/p> \r\n<br>\r\n<p>RESOLVE:<\/p>\r\n<br>\r\n<p>Art. 1\u00ba Aprovar a cria\u00e7\u00e3o da \u201cComiss\u00e3o tempor\u00e1ria de Invent\u00e1rio Patrimonial da UFSM (CIP)\u201d, vinculada a Pr\u00f3-Reitoria de Administra\u00e7\u00e3o (PRA), \u00f3rg\u00e3o consultivo da Universidade Federal de Santa Maria (UFSM).<\/p> \r\n<p>Par\u00e1grafo \u00fanico. A Comiss\u00e3o prevista no caput deste artigo, est\u00e1 sendo criada considerando sua previs\u00e3o anterior no item 8.4 da Instru\u00e7\u00e3o Normativa N\u00ba 205\/1988 e Resolu\u00e7\u00e3o UFSM N. 16\/1996.<\/p>\r\n<br>\r\n<p>CAP\u00cdTULO I<\/p>\r\n<p>DAS COMPET\u00caNCIAS<\/p>\r\n<br>\r\n<p>Art. 2\u00ba Caber\u00e1 a Comiss\u00e3o tempor\u00e1ria de Invent\u00e1rio Patrimonial da UFSM executar o invent\u00e1rio f\u00edsico de sua unidade, em atendimento ao artigo 96 da Lei 4.320\/1964:<\/p>\r\n<p>I - solicitar ao respons\u00e1vel pela unidade inventariada o livre acesso a qualquer espa\u00e7o f\u00edsico para efetuar a confer\u00eancia dos bens;<\/p>\r\n<p>II - verificar a localiza\u00e7\u00e3o f\u00edsica de todos os bens patrimoniais registrados na unidade;<\/p>\r\n<p>III - solicitar ao respons\u00e1vel pela unidade inventariada quando necess\u00e1rio, aux\u00edlio, informa\u00e7\u00f5es e documentos para identifica\u00e7\u00e3o e quantifica\u00e7\u00e3o dos bens;<\/p>\r\n<p>IV - identificar os bens pertencentes a outros setores internos ou a outra unidade\/Campus que ainda n\u00e3o foram transferidos pelo respons\u00e1vel da Carga Patrimonial;<\/p>\r\n<p>V - identificar bens que eventualmente n\u00e3o possam ser localizados;<\/p>\r\n<p>VI - emitir um relat\u00f3rio final acerca das observa\u00e7\u00f5es registradas ao longo do processo de invent\u00e1rio, constando as informa\u00e7\u00f5es acerca dos procedimentos realizados, eventos ocorridos, bem como as dificuldades observadas durante a realiza\u00e7\u00e3o do trabalho, al\u00e9m da proposta de a\u00e7\u00f5es (recomenda\u00e7\u00f5es) que poder\u00e3o ser tomadas pela institui\u00e7\u00e3o para a solu\u00e7\u00e3o dos problemas relacionados;<\/p>\r\n<p>VII - encaminhar \u00e0 Divis\u00e3o de Patrim\u00f4nio (DIPAT) o relat\u00f3rio final, observando os prazos previamente estipulados; e,<\/p>\r\n<p>VIII - submeter os casos omissos ao Departamento de Material e Patrim\u00f4nio (DEMAPA\/UFSM).<\/p> \r\n<p>Art. 3\u00ba Compete ao Presidente da \u201cComiss\u00e3o tempor\u00e1ria de Invent\u00e1rio Patrimonial da UFSM\u201d: I \u2013 dirigir, coordenar e supervisionar as atividades da Comiss\u00e3o;<\/p>\r\n<p>II - promover a convoca\u00e7\u00e3o das reuni\u00f5es;<\/p>\r\n<p>III - presidir as reuni\u00f5es ou designar um membro substituto no caso de necessidade;<\/p>\r\n<p>IV - parte nas discuss\u00f5es e vota\u00e7\u00f5es e, quando for o caso, exercer direito de voto de desempate;<\/p>\r\n<p>V - indicar membros para realiza\u00e7\u00e3o de estudos, levantamentos e emiss\u00e3o de pareceres necess\u00e1rios \u00e0 consecu\u00e7\u00e3o da finalidade da Comiss\u00e3o;<\/p>\r\n<p>VI - deliberar ad referendum da Comiss\u00e3o, nos casos de manifesta urg\u00eancia;<\/p>\r\n<p>VII - convidar a participarem das reuni\u00f5es e debates, consultada a Comiss\u00e3o, sem direito a voto, pessoas que possam contribuir para a discuss\u00e3o dos assuntos tratados; e,<\/p>\r\n<p>VIII - zelar pelo cumprimento das normas desta portaria.<\/p>\r\n<p>Art. 4\u00ba Compete aos membros da \u201cComiss\u00e3o tempor\u00e1ria de Invent\u00e1rio Patrimonial da UFSM\u201d:<\/p> \r\n<p>I \u2013 desempenhar as atribui\u00e7\u00f5es designadas pelo Presidente;<\/p>\r\n<p>II - estudar e relatar nos prazos estabelecidos, as mat\u00e9rias que lhes forem atribu\u00eddas pelo Presidente;<\/p>\r\n<p>III - participar das reuni\u00f5es proferindo voto ou pareceres e manifestando-se a respeito das mat\u00e9rias em discuss\u00e3o;<\/p>\r\n<p>IV - participar do desenvolvimento dos trabalhos atribu\u00eddos no \u00e2mbito da comiss\u00e3o; e VI \u2013 submeter pleitos e assuntos para a pauta.<\/p>\r\n<br>\r\n<p>CAP\u00cdTULO II<\/p>\r\n<p>DA COMPOSI\u00c7\u00c3O E AUTORIDADE<\/p>\r\n<br>\r\n<p>Art. 5\u00ba A \u201cComiss\u00e3o tempor\u00e1ria de Invent\u00e1rio Patrimonial da UFSM\u201d ser\u00e1 composta por membros setoriais de Unidades de Ensinos e Pr\u00f3-Reitorias com no m\u00ednimo 03 (tr\u00eas) membros, podendo ser superior a 7 (sete) membros.<\/p>\r\n<p>\u00a7 1\u00ba Justifica-se o quantitativo de membros integrantes do \u00f3rg\u00e3o colegiado possuir no m\u00ednimo 03 (tr\u00eas) membros tendo em vista a necessidade da representa\u00e7\u00e3o nos termos do item 8.4 da Instru\u00e7\u00e3o Normativa N 205\/1988.<\/p>\r\n<p>\u00a7 2\u00ba Justifica-se o quantitativo de membros integrantes do \u00f3rg\u00e3o colegiado poder ser superior a 7 (sete) membros tendo em vista o n\u00famero de bens patrimoniais que a Institui\u00e7\u00e3o possui, a especificidade de cada setor, a celeridade do processo de invent\u00e1rio e n\u00e3o haver impeditivo legal para este procedimento.<\/p>\r\n<p>\u00a7 3\u00ba O presidente da comiss\u00e3o ser\u00e1 indicado na Portaria de designa\u00e7\u00e3o.<\/p>\r\n<p>I - as portarias de designa\u00e7\u00e3o das CIP das Unidades de Ensino, ser\u00e1 emitida diretamente por elas; e,<\/p>\r\n<p>II - as portarias de designa\u00e7\u00e3o das CIP das Pr\u00f3-Reitorias ser\u00e1 emitida pela Pr\u00f3-Reitoria de Gest\u00e3o de Pessoas, a partir da indica\u00e7\u00e3o dos membros da CIP de cada Pr\u00f3-Reitoria, atrav\u00e9s de Memorando a ser utilizado para abertura de Processo Eletr\u00f4nico para emiss\u00e3o de Portaria de Pessoal.<\/p>\r\n<p>\u00a7 4\u00baNa aus\u00eancia do(a) presidente em uma reuni\u00e3o os membros da Comiss\u00e3o escolher\u00e3o entre os presentes um(a) presidente para essa sess\u00e3o, constando tal ocorr\u00eancia em ata da reuni\u00e3o.<\/p>\r\n<p>\u00a7 5\u00ba Os membros ter\u00e3o mandato de 1 (um) ano, podendo ser reconduzidos pelo mesmo per\u00edodo.<\/p>\r\n<p>\u00a7 6\u00baCada membro poder\u00e1 ser substitu\u00eddo em qualquer \u00e9poca, sempre que houver consenso da maioria, por meio de uma solicita\u00e7\u00e3o escrita do respectivo segmento de representa\u00e7\u00e3o, ou se o pr\u00f3prio representante assim o desejar.<\/p>\r\n<p>\u00a7 7\u00ba As altera\u00e7\u00f5es na composi\u00e7\u00e3o dos membros ser\u00e3o realizadas oficialmente por meio de portaria da autoridade competente.<\/p>\r\n<br>\r\n<p>CAP\u00cdTULO III<\/p>\r\n<p>DO QU\u00d3RUM DE REUNI\u00c3O E DE VOTA\u00c7\u00c3O<\/p>\r\n<br>\r\n<p>Art. 6\u00ba As reuni\u00f5es acontecer\u00e3o com a presen\u00e7a m\u00ednima da maioria absoluta dos seus membros, considerando-se esse o n\u00famero legal para a delibera\u00e7\u00e3o e vota\u00e7\u00e3o.<\/p>\r\n<p>Par\u00e1grafo \u00fanico. Quando da ocorr\u00eancia de empate na vota\u00e7\u00e3o, caber\u00e1 ao(\u00e0) Presidente da sess\u00e3o o voto qualificado.<\/p>\r\n<p>Art. 7\u00ba As convoca\u00e7\u00f5es ser\u00e3o feitas via correio eletr\u00f4nico, pelo(a) presidente, com anteced\u00eancia m\u00ednima de 48 (quarenta e oito) horas \u00fateis, devendo constar da mesma a Ordem do dia.<\/p>\r\n<p>Art. 8\u00ba Havendo n\u00famero legal e declarada aberta a sess\u00e3o, proceder-se-\u00e1 a discuss\u00e3o e posterior realiza\u00e7\u00e3o dos pareceres que dever\u00e3o embasar os processos a serem analisados pelo \u00f3rg\u00e3o colegiado em quest\u00e3o.<\/p>\r\n<p>Par\u00e1grafo \u00fanico. N\u00e3o havendo qu\u00f3rum, os membros ser\u00e3o convocados para nova reuni\u00e3o 48 (quarenta e oito) horas depois, com a mesma pauta.<\/p>\r\n<br>\r\n<p>CAP\u00cdTULO IV<\/p>\r\n<p>DA PERIODICIDADE DAS REUNI\u00d5ES<\/p>\r\n<br>\r\n<p>Art. 9\u00ba A \u201cComiss\u00e3o tempor\u00e1ria de Invent\u00e1rio Patrimonial da UFSM\u201d, reunir-se-\u00e1, ordinariamente, por 1 (um) turno, 1 (uma) vez por semana ou extraordinariamente, sempre que convocado(a) pelo(a) presidente ou maioria de seus membros e desde que haja demanda para o referido \u00f3rg\u00e3o colegiado.<\/p>\r\n<p>Par\u00e1grafo \u00fanico. As reuni\u00f5es deste \u00f3rg\u00e3o colegiado, cujos membros, convidados ou participantes estejam em entes federativos diversos, ser\u00e3o realizadas por videoconfer\u00eancia, sem pagamento de di\u00e1rias e deslocamento.<\/p>\r\n<br>\r\n<p>CAP\u00cdTULO V<\/p>\r\n<p>DO \u00d3RG\u00c3O DE APOIO ADMINISTRATIVO<\/p>\r\n<br>\r\n<p>Art. 10 Caber\u00e1 ao Departamento de Material e Patrim\u00f4nio (DEMAPA\/UFSM) a responsabilidade de realizar o apoio administrativo e demais encaminhamentos para o devido andamento dos trabalhos da referida Comiss\u00e3o.<\/p>\r\n<br>\r\n<p>CAP\u00cdTULO VI<\/p>\r\n<p>DO REGIMENTO INTERNO<\/p>\r\n<br>\r\n<p>Art. 11 N\u00e3o ser\u00e1 necess\u00e1ria a elabora\u00e7\u00e3o de Regimento Interno.<\/p>\r\n<br>\r\n<p>CAP\u00cdTULO VII<\/p>\r\n<p>DO MEMBROS N\u00c3O NATOS<\/p>\r\n<br>\r\n<p>Art. 12 Nas reuni\u00f5es da referida Comiss\u00e3o poder\u00e3o comparecer, quando convidados pelo presidente, servidores e\/ou discentes, a fim de prestarem esclarecimentos sobre assuntos que lhes forem pertinentes.<\/p>\r\n<p>Par\u00e1grafo \u00fanico. As reuni\u00f5es deste \u00f3rg\u00e3o colegiado, cujos membros possu\u00edrem domic\u00edlio e\/ou resid\u00eancia legal ou estiverem em local diverso da realiza\u00e7\u00e3o da atividade, ser\u00e3o realizadas por videoconfer\u00eancia, sem pagamento de di\u00e1rias e deslocamento.<\/p>\r\n<br>\r\n<p>CAP\u00cdTULO VIII<\/p>\r\n<p>DO TERMO DE CONCLUS\u00c3O DOS TRABALHOS<\/p>\r\n<br>\r\n<p>Art. 13 A Comiss\u00e3o apresentar\u00e1 termo de conclus\u00e3o dos trabalhos at\u00e9 o t\u00e9rmino da vig\u00eancia estabelecida no Art. 18.<\/p>\r\n<br>\r\n<p>CAP\u00cdTULO IX<\/p>\r\n<p>DOS RELAT\u00d3RIOS PERI\u00d3DICOS E DO RELAT\u00d3RIO FINAL<\/p>\r\n<br>\r\n<p>Art. 14 A comiss\u00e3o prevista nessa portaria tornar\u00e1 p\u00fablica suas a\u00e7\u00f5es, reuni\u00f5es e materiais espec\u00edficos de no s\u00edtio oficial da UFSM, ressalvado o conte\u00fado sujeito a sigilo.<\/p>\r\n<p>Par\u00e1grafo \u00fanico. \u00c9 vedada a divulga\u00e7\u00e3o de discuss\u00f5es em curso, sem a pr\u00e9via anu\u00eancia da Pr\u00f3-Reitoria de Administra\u00e7\u00e3o (PRA\/UFSM).<\/p>\r\n<br>\r\n<p>CAP\u00cdTULO X<\/p>\r\n<p>DAS DISPOSI\u00c7\u00d5ES GERAIS E TRANSIT\u00d3RIAS<\/p>\r\n<br>\r\n<p>Art. 15 A participa\u00e7\u00e3o dos membros deste \u00f3rg\u00e3o colegiado ser\u00e1 considerada presta\u00e7\u00e3o de servi\u00e7o p\u00fablico relevante, e n\u00e3o ser\u00e1 remunerada.<\/p>\r\n<p>Par\u00e1grafo \u00fanico. As atividades do colegiado e de seus membros n\u00e3o poder\u00e3o causar preju\u00edzo \u00e0 presta\u00e7\u00e3o do servi\u00e7o p\u00fablico pelo servidor membro do Colegiado.<\/p>\r\n<p>Art. 16 As reuni\u00f5es deste \u00f3rg\u00e3o colegiado, cujos membros possu\u00edrem domic\u00edlio e\/ou resid\u00eancia legal ou estiverem em local diverso da realiza\u00e7\u00e3o da atividade ser\u00e3o realizadas por videoconfer\u00eancia, sem pagamento de di\u00e1rias, deslocamento.<\/p>\r\n<p>Par\u00e1grafo \u00fanico. Considerando o per\u00edodo Pand\u00eamico as reuni\u00f5es poder\u00e3o ocorrer por videoconfer\u00eancia e a solicita\u00e7\u00e3o de documentos comprobat\u00f3rios poder\u00e3o ser feitas via correio eletr\u00f4nico.<\/p>\r\n<p>Art 17 \u00c9 vedada a possibilidade de cria\u00e7\u00e3o de subcolegiados por ato deste colegiado, exceto se na presente Portaria houver:<\/p>\r\n<p>I - limitado o n\u00famero m\u00e1ximo de seus membros;<\/p>\r\n<p>II - estabelecido car\u00e1ter tempor\u00e1rio e dura\u00e7\u00e3o n\u00e3o superior a um ano; e<\/p>\r\n<p>III - fixado o n\u00famero m\u00e1ximo de subcolegiados que poder\u00e3o operar simultaneamente.<\/p>\r\n<p>Par\u00e1grafo \u00fanico. A mera necessidade de reuni\u00f5es eventuais para debate, articula\u00e7\u00e3o ou trabalho que envolva agentes p\u00fablicos da administra\u00e7\u00e3o p\u00fablica federal n\u00e3o ser\u00e1 admitida como fundamento para as propostas de que trata o caput.<\/p>\r\n<p>Art. 18 Esta Portaria entra em vigor em 01 de Fevereiro de 2021, por se tratar de urg\u00eancia justi\ufb01cada no expediente administrativo, e ter\u00e1 vig\u00eancia de 12 (doze) meses.<\/p>\r\n<p>Par\u00e1grafo \u00fanico. Havendo qualquer modifica\u00e7\u00e3o legislativa, ou ainda, havendo qualquer situa\u00e7\u00e3o legal que impacte na legalidade da presente Portaria, a mesma se aplica de imediato.<\/p>\r\n\r\n<br>\r\n<p>Paulo Afonso Burmann,<\/p>\r\n<p>Reitor<\/p>\r\n<\/s>\r\n<br>\r\n<p><font color=\"red0000\">Este texto n\u00e3o substitui o documento original, publicado no Portal de Documentos em 28 de janeiro de 2021.<\/font> Dispon\u00edvel em: <a href=\"https:\/\/portal.ufsm.br\/documentos\/publico\/documento.html?id=13383146\" target=\"_blank\"><font color=\"blue\">https:\/\/portal.ufsm.br\/documentos\/publico\/documento.html?id=13383146<\/font><\/a>\r\n\r\n\t\t<\/div>\n\t\t\t\t<\/div>\n\t\t\t\t\t<\/div>\n\t\t<\/div>\n\t\t\t\t\t<\/div>\n\t\t<\/section>\n\t\t\t\t<\/div>\n\t\t","protected":false},"excerpt":{"rendered":"<p>PORTARIA NORMATIVA UFSM N. 014\/2021 MINIST\u00c9RIO DA EDUCA\u00c7\u00c3O UNIVERSIDADE FEDERAL DE SANTA MARIA PORTARIA NORMATIVA UFSM N. 014, DE 28 DE JANEIRO DE 2021 Aprova a cria\u00e7\u00e3o da &#8220;Comiss\u00e3o Tempor\u00e1ria de Invent\u00e1rio Patrimonial da UFSM&#8221;, vinculada a Pr\u00f3- Reitoria de Administra\u00e7\u00e3o (PRA), \u00f3rg\u00e3o consultivo da Universidade Federal de Santa Maria (UFSM). Revogada pela Resolu\u00e7\u00e3o UFSM [&hellip;]<\/p>\n","protected":false},"author":230,"featured_media":0,"parent":0,"menu_order":0,"comment_status":"closed","ping_status":"closed","template":"","meta":{"footnotes":""},"categories":[],"tags":[],"class_list":["post-4251","page","type-page","status-publish","hentry"],"acf":[],"_links":{"self":[{"href":"https:\/\/www.ufsm.br\/pro-reitorias\/proplan\/wp-json\/wp\/v2\/pages\/4251","targetHints":{"allow":["GET"]}}],"collection":[{"href":"https:\/\/www.ufsm.br\/pro-reitorias\/proplan\/wp-json\/wp\/v2\/pages"}],"about":[{"href":"https:\/\/www.ufsm.br\/pro-reitorias\/proplan\/wp-json\/wp\/v2\/types\/page"}],"author":[{"embeddable":true,"href":"https:\/\/www.ufsm.br\/pro-reitorias\/proplan\/wp-json\/wp\/v2\/users\/230"}],"replies":[{"embeddable":true,"href":"https:\/\/www.ufsm.br\/pro-reitorias\/proplan\/wp-json\/wp\/v2\/comments?post=4251"}],"version-history":[{"count":0,"href":"https:\/\/www.ufsm.br\/pro-reitorias\/proplan\/wp-json\/wp\/v2\/pages\/4251\/revisions"}],"wp:attachment":[{"href":"https:\/\/www.ufsm.br\/pro-reitorias\/proplan\/wp-json\/wp\/v2\/media?parent=4251"}],"wp:term":[{"taxonomy":"category","embeddable":true,"href":"https:\/\/www.ufsm.br\/pro-reitorias\/proplan\/wp-json\/wp\/v2\/categories?post=4251"},{"taxonomy":"post_tag","embeddable":true,"href":"https:\/\/www.ufsm.br\/pro-reitorias\/proplan\/wp-json\/wp\/v2\/tags?post=4251"}],"curies":[{"name":"wp","href":"https:\/\/api.w.org\/{rel}","templated":true}]}}