{"id":4262,"date":"2021-02-25T10:58:42","date_gmt":"2021-02-25T13:58:42","guid":{"rendered":"https:\/\/www.ufsm.br\/pro-reitorias\/proplan\/?page_id=4262"},"modified":"2021-02-25T14:21:14","modified_gmt":"2021-02-25T17:21:14","slug":"portaria-ufsm-fw-n-001-2020","status":"publish","type":"page","link":"https:\/\/www.ufsm.br\/pro-reitorias\/proplan\/portaria-ufsm-fw-n-001-2020","title":{"rendered":"Portaria UFSM\/FW N. 001\/2020"},"content":{"rendered":"\t\t<div data-elementor-type=\"wp-page\" data-elementor-id=\"4262\" class=\"elementor elementor-4262\">\n\t\t\t\t\t\t<section class=\"elementor-section elementor-top-section elementor-element elementor-element-9328393 elementor-section-boxed elementor-section-height-default elementor-section-height-default\" data-id=\"9328393\" data-element_type=\"section\">\n\t\t\t\t\t\t<div class=\"elementor-container elementor-column-gap-default\">\n\t\t\t\t\t<div class=\"elementor-column elementor-col-100 elementor-top-column elementor-element elementor-element-6bba60d\" data-id=\"6bba60d\" data-element_type=\"column\">\n\t\t\t<div class=\"elementor-widget-wrap elementor-element-populated\">\n\t\t\t\t\t\t<div class=\"elementor-element elementor-element-0047d7f elementor-widget elementor-widget-html\" data-id=\"0047d7f\" data-element_type=\"widget\" data-widget_type=\"html.default\">\n\t\t\t\t<div class=\"elementor-widget-container\">\n\t\t\t\r\n\r\n\r\n<title><b>PORTARIA UFSM\/FW N. 01\/2020<\/b><\/title>\r\n\r\n\r\n<div align=\"center\"><img decoding=\"async\" src=\"https:\/\/www.ufsm.br\/pro-reitorias\/proplan\/wp-content\/uploads\/sites\/344\/2019\/09\/brasao-da-republica-do-brasil-logo.png\" alt=\"Bras\u00e3o Rep\u00fablica Federativa do Brasil\" width=\"6%\" height=\"6%\"><\/div>    \r\n<h1><font color=\"blue\"><font size=\"5\"><div align=\"center\">MINIST\u00c9RIO DA EDUCA\u00c7\u00c3O<\/b><\/font><\/font><\/div><\/H1>\r\n<p><b><font color=\"0000blue\"><div align=\"center\">UNIVERSIDADE FEDERAL DE SANTA MARIA<\/b><\/font><\/div><\/p>\r\n<p><div align=\"center\"><b><a href=\"https:\/\/portal.ufsm.br\/documentos\/publico\/documento.html?id=13255377\" target=\"_blank\"><font color=\"blue\">PORTARIA UFSM\/FW N. 01, DE 26 DE OUTUBRO DE 2020<\/font><\/a><\/b><\/div><\/p>\r\n<br>\r\n<br><div align=\"justify\">\r\n<p>O DIRETOR PRO TEMPORE DO CAMPUS UFSM \u2013 FREDERICO WESTPHALEN, no uso de suas atribui\u00e7\u00f5es legais e estatut\u00e1rias, de acordo com a <a href=\"https:\/\/portal.ufsm.br\/documentos\/publico\/documento.html?id=13113567\" target=\"_blank\"><font color=\"blue\"><u>Portaria n\u00ba 98.264<\/u><\/font><\/a>, de 10\/07\/2020, emitida pelo Reitor da Universidade Federal de Santa Maria, e tendo em vista:\r\n<p>- o Art. 56 da <a href=\"http:\/\/www.planalto.gov.br\/ccivil_03\/leis\/l9394.htm\" target=\"_blank\"><font color=\"blue\"><u>Lei N. 9.394, de 20 de dezembro de 1996<\/u><\/font><\/a>, que estabelece as diretrizes e bases da educa\u00e7\u00e3o nacional; \r\n<p>- o <a href=\"http:\/\/www.planalto.gov.br\/ccivil_03\/_ato2015-2018\/2017\/decreto\/D9191.htm\" target=\"_blank\"><font color=\"blue\"><u>Decreto N. 9.191, de 12 de novembro de 2017<\/u><\/font><\/a>, que estabelece as normas e as diretrizes para elabora\u00e7\u00e3o, reda\u00e7\u00e3o, altera\u00e7\u00e3o, consolida\u00e7\u00e3o e encaminhamento de propostas de atos normativos ao Presidente da Rep\u00fablica pelos Ministros de Estado; e \r\n<p>- o <a href=\"http:\/\/www.planalto.gov.br\/ccivil_03\/_ato2019-2022\/2019\/decreto\/D9759.htm\" target=\"_blank\"><font color=\"blue\"><u>Decreto N. 9.759, de 11 de abril de 2019<\/u><\/font><\/a>, que extingue e estabelece diretrizes, regras e limita\u00e7\u00f5es para colegiados da administra\u00e7\u00e3o p\u00fablica federal; e \r\n<p>\u2013 o que consta no Processo N. <a href=\"https:\/\/portal.ufsm.br\/documentos\/publico\/processo\/documento.html?idDocumento=13248986\" target=\"_blank\"><font color=\"blue\"><u>23081.046809\/2020-82<\/u><\/font><\/a>.<\/p>\r\n<br>\r\n<p><b><div align=\"center\">RESOLVE:<\/b><\/div><\/p>\r\n<br>\r\n<p>Art. 1\u00ba Aprovar a cria\u00e7\u00e3o da Comiss\u00e3o Tempor\u00e1ria de Elabora\u00e7\u00e3o do Projeto Pedag\u00f3gico do Curso de Engenharia de Software \u2013 Bacharelado, vinculada a UFSM Campus Frederico Westphalen, estrutura organizacional da Universidade Federal de Santa Maria (UFSM).<\/p>\r\n<br>\r\n<p><b><div align=\"center\">T\u00cdTULO I<\/b><\/div><\/p>\r\n<p><b><div align=\"center\">DAS COMPET\u00caNCIAS<\/b><\/div><\/p>\r\n<br>\r\n<p>Art. 2\u00ba As compet\u00eancias da referida Comiss\u00e3o Tempor\u00e1ria ser\u00e3o para o fim espec\u00edfico de elabora\u00e7\u00e3o do Projeto Pedag\u00f3gico do Curso de Engenharia de Software \u2013 Bacharelado.<\/p>\r\n<br>\r\n<p><b><div align=\"center\">T\u00cdTULO II<\/b><\/div><\/p>\r\n<p><b><div align=\"center\">DA COMPOSI\u00c7\u00c3O E AUTORIDADE<\/b><\/div><\/p>\r\n<br>\r\n<p>Art. 3\u00ba A formaliza\u00e7\u00e3o da referida Comiss\u00e3o Tempor\u00e1ria, atrav\u00e9s de Portaria, faz-se necess\u00e1ria pois \u00e9 o documento que comp\u00f5e o in\u00edcio do Processo de cria\u00e7\u00e3o do Curso de Engenharia de Software \u2013 Bacharelado da UFSM Campus Frederico Westphalen. <\/p>\r\n<p>Art. 4\u00ba A comiss\u00e3o ser\u00e1 composta por oito docentes da \u00e1rea de engenharia de software, que integram o Curso de Sistemas de Informa\u00e7\u00e3o, por possu\u00edrem os conhecimentos e a compet\u00eancia que esse trabalho requer e ser\u00e1 presidida pelo Chefe do Departamento de Tecnologia da Informa\u00e7\u00e3o. <\/p>\r\n<p>Paragrafo \u00danico. A comiss\u00e3o ter\u00e1 mais que sete membros para possibilitar que todos os docentes da \u00e1rea de engenharia de software sejam integrantes da comiss\u00e3o. <\/p>\r\n<br>\r\n<p><b><div align=\"center\">T\u00cdTULO III<\/b><\/div><\/p>\r\n<p><b><div align=\"center\">DO QU\u00d3RUM DE REUNI\u00c3O E DE VOTA\u00c7\u00c3O<\/b><\/div><\/p>\r\n<br>\r\n<p>Art. 5\u00ba O qu\u00f3rum da reuni\u00e3o se dar\u00e1 pela participa\u00e7\u00e3o de 50 % mais 1 (um) dos Membros. <\/p>\r\n<br>\r\n<p><b><div align=\"center\">T\u00cdTULO IV<\/b><\/div><\/p>\r\n<p><b><div align=\"center\">DA PERIODICIDADE DAS REUNI\u00d5ES<\/b><\/div><\/p>\r\n<br>\r\n<p>Art. 6\u00ba As reuni\u00f5es ser\u00e3o realizadas a cada 15 dias e a convoca\u00e7\u00e3o ser\u00e1 de forma eletr\u00f4nica, atrav\u00e9s do envio de e-mail, pelo presidente da referida Comiss\u00e3o. <\/p>\r\n<p>Par\u00e1grafo \u00danico. Ressalta-se que todos os membros integrantes da Comiss\u00e3o Tempor\u00e1ria est\u00e3o lotados na UFSM Campus Frederico Westphalen, portanto, na mesma Federa\u00e7\u00e3o, sem a necessidade de deslocamentos para as reuni\u00f5es, n\u00e3o incorrendo custos com di\u00e1rias e passagens. <\/p>\r\n<br>\r\n<p><b><div align=\"center\">T\u00cdTULO V<\/b><\/div><\/p>\r\n<p><b><div align=\"center\">DO \u00d3RG\u00c3O DE APOIO ADMINISTRATIVO<\/b><\/div><\/p>\r\n<br>\r\n<p>Art. 7\u00ba O Setor administrativo que dar\u00e1 apoio a essa Comiss\u00e3o ser\u00e1 a Secretaria Unificada dos Departamentos \u2013 SUDEP. <\/p>\r\n<br>\r\n<p><b><div align=\"center\">T\u00cdTULO VI<\/b><\/div><\/p>\r\n<p><b><div align=\"center\">DO REGIMENTO INTERNO<\/b><\/div><\/p>\r\n<br>\r\n<p>Art 8\u00ba A Comiss\u00e3o Tempor\u00e1ria de Elabora\u00e7\u00e3o do Projeto Pedag\u00f3gico do Curso de Engenharia de Software \u2013 Bacharelado n\u00e3o ter\u00e1 regimento interno, tendo em vista ser uma Comiss\u00e3o Tempor\u00e1ria com fim espec\u00edfico e prazo de dura\u00e7\u00e3o dos trabalhos pr\u00e9-estabelecido, n\u00e3o foi considerado necess\u00e1rio ter regimento interno. <\/p>\r\n<p>Paragrafo \u00danico. Ap\u00f3s a data de vig\u00eancia da Portaria, a referida Comiss\u00e3o ser\u00e1 extinta.<\/p>\r\n<br>\r\n<p><b><div align=\"center\">T\u00cdTULO VII<\/b><\/div><\/p>\r\n<p><b><div align=\"center\">DO TERMO DE CONCLUS\u00c3O DOS TRABALHOS<\/b><\/div><\/p>\r\n<br>\r\n<p>Art. 9\u00ba A conclus\u00e3o dos trabalhos da Comiss\u00e3o Tempor\u00e1ria de Elabora\u00e7\u00e3o do Projeto Pedag\u00f3gico do Curso de Engenharia de Software \u2013 Bacharelado ser\u00e1 na data de 20 de setembro de 2021. <\/p>\r\n<p>Paragrafo \u00danico. A presente portaria ter\u00e1 vig\u00eancia at\u00e9 20 de setembro de 2021, data em que se dar\u00e1 a conclus\u00e3o dos trabalhos da Comiss\u00e3o bem como a extin\u00e7\u00e3o da referida Comiss\u00e3o Tempor\u00e1ria. <\/p>\r\n<br>\r\n<p><b><div align=\"center\">T\u00cdTULO VIII<\/b><\/div><\/p>\r\n<p><b><div align=\"center\">DOS RELAT\u00d3RIOS PERI\u00d3DICOS E DO RELAT\u00d3RIO FINAL<\/b><\/div><\/p>\r\n<br>\r\n<p>Art 10. Os Relat\u00f3rios peri\u00f3dicos da Comiss\u00e3o Tempor\u00e1ria de Elabora\u00e7\u00e3o do Projeto Pedag\u00f3gico do Curso de Engenharia de Software \u2013 Bacharelado ser\u00e3o elaborados a cada 15 dias. <\/p>\r\n<p>Art. 11 O Relat\u00f3rio Final, o Projeto Pedag\u00f3gico do referido Curso ser\u00e1 finalizado at\u00e9 a data de 20 de setembro de 2021. <\/p>\r\n<p>Art. 12. O Relat\u00f3rio Final ser\u00e1 enviado para a Dire\u00e7\u00e3o da UFSM Campus Frederico Westphalen, a qual dar\u00e1 as devidas tramita\u00e7\u00f5es. <\/p>\r\n<br>\r\n<p><b><div align=\"center\">T\u00cdTULO IX<\/b><\/div><\/p>\r\n<p><b><div align=\"center\">DAS DISPOSI\u00c7\u00d5ES GERAIS E TRANSIT\u00d3RIAS<\/b><\/div><\/p>\r\n<br>\r\n<p>Art. 13 \u00c9 vedada a divulga\u00e7\u00e3o de discuss\u00f5es em curso sem a pr\u00e9via anu\u00eancia do titular da unidade UFSM Campus Frederico Westphalen, ao qual este \u00f3rg\u00e3o colegiado est\u00e1 vinculado. <\/p>\r\n<p>Art. 14 A participa\u00e7\u00e3o dos membros deste \u00f3rg\u00e3o colegiado ser\u00e1 considerada presta\u00e7\u00e3o de servi\u00e7o p\u00fablico relevante, e n\u00e3o ser\u00e1 remunerada. <\/p>\r\n<p>Art. 15 As reuni\u00f5es da referida Comiss\u00e3o Tempor\u00e1ria ser\u00e3o realizadas por Videoconfer\u00eancia, tendo em vista cumprir os protocolos de distanciamento social em virtude da pandemia do Coronav\u00edrus. <\/p>\r\n<br>\r\n<p>Art. 16 \u00c9 vedada a possibilidade de cria\u00e7\u00e3o de subcolegiados por ato deste colegiado, exceto se na presente Portaria houver: <\/p>\r\n<p>I - limitado o n\u00famero m\u00e1ximo de seus membros; <\/p>\r\n<p>II - estabelecido car\u00e1ter tempor\u00e1rio e dura\u00e7\u00e3o n\u00e3o superior a um ano; ou <\/p>\r\n<p>III - fixado o n\u00famero m\u00e1ximo de subcolegiados que poder\u00e3o operar simultaneamente. <\/p>\r\n<p>Par\u00e1grafo \u00fanico. A mera necessidade de reuni\u00f5es eventuais para debate, articula\u00e7\u00e3o ou trabalho que envolva agentes p\u00fablicos da administra\u00e7\u00e3o p\u00fablica federal n\u00e3o ser\u00e1 admitida como fundamento para as propostas de que trata o caput. <\/p>\r\n<p>Art. 17 Esta Portaria entra em vigor em 03 de novembro 2020. <\/p>\r\n<br>\r\n<p>Arci Dirceu Wastowski <\/p>\r\n<p>Diretor Pro Tempore do campus Frederico Westphalen<\/p>\r\n<p><font color=\"red0000\">Este texto n\u00e3o substitui o documento original, publicado no Portal de Documentos.<\/font> Dispon\u00edvel em: <a href=\"https:\/\/portal.ufsm.br\/documentos\/publico\/documento.html?id=13255377\" target=\"_blank\"><font color=\"blue\">https:\/\/portal.ufsm.br\/documentos\/publico\/documento.html?id=13255377<\/font><\/a>\r\n\r\n\t\t<\/div>\n\t\t\t\t<\/div>\n\t\t\t\t\t<\/div>\n\t\t<\/div>\n\t\t\t\t\t<\/div>\n\t\t<\/section>\n\t\t\t\t<\/div>\n\t\t","protected":false},"excerpt":{"rendered":"<p>PORTARIA UFSM\/FW N. 01\/2020 MINIST\u00c9RIO DA EDUCA\u00c7\u00c3O UNIVERSIDADE FEDERAL DE SANTA MARIA PORTARIA UFSM\/FW N. 01, DE 26 DE OUTUBRO DE 2020 O DIRETOR PRO TEMPORE DO CAMPUS UFSM \u2013 FREDERICO WESTPHALEN, no uso de suas atribui\u00e7\u00f5es legais e estatut\u00e1rias, de acordo com a Portaria n\u00ba 98.264, de 10\/07\/2020, emitida pelo Reitor da Universidade Federal [&hellip;]<\/p>\n","protected":false},"author":205,"featured_media":0,"parent":0,"menu_order":0,"comment_status":"closed","ping_status":"closed","template":"","meta":{"footnotes":""},"categories":[],"tags":[],"class_list":["post-4262","page","type-page","status-publish","hentry"],"acf":[],"_links":{"self":[{"href":"https:\/\/www.ufsm.br\/pro-reitorias\/proplan\/wp-json\/wp\/v2\/pages\/4262","targetHints":{"allow":["GET"]}}],"collection":[{"href":"https:\/\/www.ufsm.br\/pro-reitorias\/proplan\/wp-json\/wp\/v2\/pages"}],"about":[{"href":"https:\/\/www.ufsm.br\/pro-reitorias\/proplan\/wp-json\/wp\/v2\/types\/page"}],"author":[{"embeddable":true,"href":"https:\/\/www.ufsm.br\/pro-reitorias\/proplan\/wp-json\/wp\/v2\/users\/205"}],"replies":[{"embeddable":true,"href":"https:\/\/www.ufsm.br\/pro-reitorias\/proplan\/wp-json\/wp\/v2\/comments?post=4262"}],"version-history":[{"count":0,"href":"https:\/\/www.ufsm.br\/pro-reitorias\/proplan\/wp-json\/wp\/v2\/pages\/4262\/revisions"}],"wp:attachment":[{"href":"https:\/\/www.ufsm.br\/pro-reitorias\/proplan\/wp-json\/wp\/v2\/media?parent=4262"}],"wp:term":[{"taxonomy":"category","embeddable":true,"href":"https:\/\/www.ufsm.br\/pro-reitorias\/proplan\/wp-json\/wp\/v2\/categories?post=4262"},{"taxonomy":"post_tag","embeddable":true,"href":"https:\/\/www.ufsm.br\/pro-reitorias\/proplan\/wp-json\/wp\/v2\/tags?post=4262"}],"curies":[{"name":"wp","href":"https:\/\/api.w.org\/{rel}","templated":true}]}}