{"id":4271,"date":"2021-02-25T11:08:10","date_gmt":"2021-02-25T14:08:10","guid":{"rendered":"https:\/\/www.ufsm.br\/pro-reitorias\/proplan\/?page_id=4271"},"modified":"2025-01-02T11:10:19","modified_gmt":"2025-01-02T14:10:19","slug":"portaria-n-98-421-2020","status":"publish","type":"page","link":"https:\/\/www.ufsm.br\/pro-reitorias\/proplan\/portaria-n-98-421-2020","title":{"rendered":"Portaria N. 98.421\/2020"},"content":{"rendered":"\t\t<div data-elementor-type=\"wp-page\" data-elementor-id=\"4271\" class=\"elementor elementor-4271\">\n\t\t\t\t\t\t<section class=\"elementor-section elementor-top-section elementor-element elementor-element-258b8e0 elementor-section-boxed elementor-section-height-default elementor-section-height-default\" data-id=\"258b8e0\" data-element_type=\"section\">\n\t\t\t\t\t\t<div class=\"elementor-container elementor-column-gap-default\">\n\t\t\t\t\t<div class=\"elementor-column elementor-col-100 elementor-top-column elementor-element elementor-element-8ba60a6\" data-id=\"8ba60a6\" data-element_type=\"column\">\n\t\t\t<div class=\"elementor-widget-wrap elementor-element-populated\">\n\t\t\t\t\t\t<div class=\"elementor-element elementor-element-30e6933 elementor-widget elementor-widget-html\" data-id=\"30e6933\" data-element_type=\"widget\" data-widget_type=\"html.default\">\n\t\t\t\t<div class=\"elementor-widget-container\">\n\t\t\t\r\n\r\n\r\n<title><b>PORTARIA N. 98.421\/2020<\/b><\/title>\r\n\r\n\r\n<div align=\"center\"><img decoding=\"async\" src=\"https:\/\/www.ufsm.br\/pro-reitorias\/proplan\/wp-content\/uploads\/sites\/344\/2019\/09\/brasao-da-republica-do-brasil-logo.png\" alt=\"Bras\u00e3o Rep\u00fablica Federativa do Brasil\" width=\"6%\" height=\"6%\"><\/div>    \r\n<h1><font color=\"blue\"><font size=\"5\"><div align=\"center\">MINIST\u00c9RIO DA EDUCA\u00c7\u00c3O<\/b><\/font><\/font><\/div><\/H1>\r\n<p><b><font color=\"0000blue\"><div align=\"center\">UNIVERSIDADE FEDERAL DE SANTA MARIA<\/b><\/font><\/div><\/p>\r\n<p><div align=\"center\"><b><a href=\"https:\/\/portal.ufsm.br\/documentos\/publico\/documento.html?id=13150527\" target=\"_blank\"><font color=\"blue\">PORTARIA N. 98.421, DE 24 DE AGOSTO DE 2020<\/font><\/a><\/b><\/div><\/p>\r\n<br>\r\n\r\n<div align=\"justify\"> Revogada pela \r\n<a href=\"https:\/\/www.ufsm.br\/pro-reitorias\/proplan\/resolucao-ufsm-n-191-2024\" style=\"text-decoration: none\">\r\n<font color=\"blue\">\r\n<u>Resolu\u00e7\u00e3o UFSM N\u00b0 191\/2024\r\n<\/u>\r\n<\/font>\r\n<\/a>\r\n<\/div>\r\n<s>\r\n<br><div align=\"justify\">\r\n<p>O REITOR DA UNIVERSIDADE FEDERAL DE SANTA MARIA, no uso de suas atribui\u00e7\u00f5es legais e estatut\u00e1rias e tendo em vista:<\/p>\r\n<p>\u2013 o Art. 56 da <a href=\"http:\/\/www.planalto.gov.br\/ccivil_03\/leis\/l9394.htm\" target=\"_blank\"><font color=\"blue\"><u>Lei N. 9.394, de 20 de dezembro de 1996<\/u><\/font><\/a>, que estabelece as diretrizes e bases da educa\u00e7\u00e3o nacional;<\/p>\r\n<p>\u2013 o <a href=\"http:\/\/www.planalto.gov.br\/ccivil_03\/_ato2015-2018\/2017\/decreto\/D9191.htm\" target=\"_blank\"><font color=\"blue\"><u>Decreto N. 9.191, de 1\u00b0 de novembro de 2017<\/u><\/font><\/a>, que estabelece as normas e as diretrizes para elabora\u00e7\u00e3o, reda\u00e7\u00e3o, altera\u00e7\u00e3o, consolida\u00e7\u00e3o e encaminhamento de propostas de atos normativos ao Presidente da Rep\u00fablica pelos Ministros de Estado;<\/p>\r\n<p>\u2013 o <a href=\"http:\/\/www.planalto.gov.br\/ccivil_03\/_ato2019-2022\/2019\/decreto\/D9759.htm\" target=\"_blank\"><font color=\"blue\"><u>Decreto N. 9.759, de 11 de abril de 2019<\/u><\/font><\/a>, que extingue e estabelece diretrizes, regras e limita\u00e7\u00f5es para colegiados da administra\u00e7\u00e3o p\u00fablica federal;<\/p>\r\n<br>\r\n<p><b><div align=\"center\">RESOLVE:<\/b><\/div><\/p>\r\n<br>\r\n<p>Art. 1\u00ba Criar a \"Comiss\u00e3o Tempor\u00e1ria de Biosseguran\u00e7a para o per\u00edodo de enfrentamento ao novo Coronav\u00edrus (COVID-19)\" vinculada a Universidade Federal de Santa Maria (UFSM). <\/p>\r\n<p>Par\u00e1grafo \u00fanico. Para facilitar o processo de comunica\u00e7\u00e3o, a Comiss\u00e3o prevista no caput, poder\u00e1 ser referenciada de forma resumida como \"Comiss\u00e3o de Biosseguran\u00e7a da UFSM \u2014 COVID-19\". <\/p>\r\n\r\n<p>Art. 2\u00ba Criar as Comiss\u00f5es Setoriais Tempor\u00e1rias de Biosseguran\u00e7a para o per\u00edodo de enfrentamento ao novo Coronav\u00edrus. <\/p>\r\n<p>\u00a71\u00ba Para facilitar o processo de comunica\u00e7\u00e3o, as comiss\u00f5es previstas no caput poder\u00e3o ser referenciadas de forma resumida como \"Comiss\u00f5es Setoriais de Biosseguran\u00e7a (descrever a unidade) \u2014 COVID-19\". <\/p>\r\n<p>\u00a72\u00ba As Comiss\u00f5es Setoriais de Biosseguran\u00e7a \u2014 COVID-19 configuram-se como subcolegiados da Comiss\u00e3o de Biosseguran\u00e7a da UFSM \u2014 COVID-19, seguindo o disposto no Artigo 20 da presente Portaria. <\/p>\r\n<br>\r\n<p><b><div align=\"center\">T\u00cdTULO I<\/b><\/div><\/p>\r\n<p><b><div align=\"center\">DAS COMPET\u00caNCIAS<\/b><\/div><\/p>\r\n<br>\r\n<p>Art. 3\u00ba Caber\u00e1 a \"Comiss\u00e3o de Biosseguran\u00e7a da UFSM \u2014 COVID-19\": <\/p>\r\n<p>I - elaborar e divulgar normas no \u00e2mbito da Institui\u00e7\u00e3o em procedimentos de biosseguran\u00e7a durante o per\u00edodo de enfrentamento ao Novo Coronav\u00edrus, considerando as diretrizes Federais, estaduais, municipais e institucionais; <\/p>\r\n<p>II - realizar estudos e fazer inspe\u00e7\u00f5es relacionados ao enfrentamento da pandemia provocada pelo Novo Coronav\u00edrus; <\/p>\r\n<p>III - manter informados os trabalhadores e demais membros da comunidade da UFSM sobre o quadro da doen\u00e7a, os riscos de contagio, os meios de prote\u00e7\u00e3o e preven\u00e7\u00e3o para seguran\u00e7a, bem como sobre os protocolos de biosseguran\u00e7a; <\/p>\r\n<p>IV - coordenar e orientar as Comiss\u00f5es de Biosseguran\u00e7a Setoriais \u2014 COVID-19; <\/p>\r\n<p>V - notificar aos \u00f3rg\u00e3os infratores das normas definidas; e <\/p>\r\n<p>VI - comunicar os \u00f3rg\u00e3os competentes, quando da reitera\u00e7\u00e3o das infra\u00e7\u00f5es. <\/p>\r\n\r\n<p>Art. 4\u00ba S\u00e3o compet\u00eancias das Comiss\u00f5es de Biosseguran\u00e7a Setoriais \u2014 COVID-19: <\/p>\r\n<p>I - a divulga\u00e7\u00e3o das normas de biosseguran\u00e7a definidas pela Comiss\u00e3o de Biosseguran\u00e7a da UFSM \u2014 COVID-19 no \u00e2mbito da Unidade Universit\u00e1ria ou Unidade Administrativa; <\/p>\r\n<p>II - a orienta\u00e7\u00e3o acerca das normas de biosseguran\u00e7a, no \u00e2mbito da Unidade Universit\u00e1ria ou Unidade Administrativa; <\/p>\r\n<p>III - a fiscaliza\u00e7\u00e3o e o acompanhamento do atendimento as normas de biosseguran\u00e7a no \u00e2mbito da Unidade Universit\u00e1ria ou Unidade Administrativa; e <\/p>\r\n<p>IV - outras compet\u00eancias especificas de cada Unidade Universit\u00e1ria ou Unidade Administrativa, relacionadas ao enfrentamento, mencionadas na Portaria de Designa\u00e7\u00e3o.<\/p>\r\n<br>\r\n<p><b><div align=\"center\">T\u00cdTULO II<\/b><\/div><\/p>\r\n<p><b><div align=\"center\">DA COMPOSI\u00c7\u00c3O E AUTORIDADE<\/b><\/div><\/p>\r\n<br>\r\n<p>Art. 5\u00ba A \"Comiss\u00e3o de Biosseguran\u00e7a da UFSM \u2014 COVID-19\" ser\u00e1 composta por 10 (dez) membros, que ser\u00e3o designados por Portaria emitida pelo Reitor dentre servidores da UFSM. <\/p>\r\n<p>\u00a71\u00ba Justifica-se o quantitativo de membros integrantes do \u00f3rg\u00e3o colegiado possuir n\u00famero superior a 7 (sete) tendo em vista a necessidade de conhecimentos multidisciplinares e o volume de demandas da \u00e1rea em quest\u00e3o. <\/p>\r\n<p>\u00a72\u00ba O presidente da comiss\u00e3o ser\u00e1 indicado na Portaria de designa\u00e7\u00e3o emitida pelo reitor.<\/p>\r\n\r\n<p>Art. 6\u00ba Compete ao Presidente da Comiss\u00e3o de Biosseguran\u00e7a da UFSM \u2014 COVID-19:<\/p>\r\n<p>I - dirigir, coordenar e supervisionar as atividades da Comiss\u00e3o, <\/p>\r\n<p>II - promover a convoca\u00e7\u00e3o das reuni\u00f5es;<\/p>\r\n<p>III - presidir as reuni\u00f5es, <\/p>\r\n<p>IV - parte nas discuss\u00f5es e vota\u00e7\u00f5es e, quando for o caso, exercer direito de voto de desempate; <\/p>\r\n<p>V - indicar membros para realiza\u00e7\u00e3o de estudos, levantamentos e emiss\u00e3o de pareceres necess\u00e1rios \u00e0 consecu\u00e7\u00e3o da finalidade da Comiss\u00e3o; <\/p>\r\n<p>VI - deliberar ad referendum da Comiss\u00e3o, nos casos de manifesta urg\u00eancia; <\/p>\r\n<p>VII - convidar a participarem das reuni\u00f5es e debates, consultada a Comiss\u00e3o, sem direito a voto, pessoas que possam contribuir para a discuss\u00e3o dos assuntos tratados; <\/p>\r\n<p>VIII - zelar pelo cumprimento das normas desta portaria. <\/p>\r\n\r\n<p>Art. 7\u00ba Compete aos membros da Comiss\u00e3o de Biosseguran\u00e7a da UFSM \u2014 COVID-19:<\/p>\r\n<p>I - desempenhar as atribui\u00e7\u00f5es designadas pelo Presidente; <\/p>\r\n<p>II - estudar e relatar nos prazos estabelecidos, as mat\u00e9rias que lhes forem atribu\u00eddas pelo Presidente;<\/p>\r\n<p>III - participar das reuni\u00f5es proferindo voto ou pareceres e manifestando-se a respeito das mat\u00e9rias em discuss\u00e3o; <\/p>\r\n<p>IV - participar do desenvolvimento dos trabalhos atribu\u00eddos no \u00e2mbito da comiss\u00e3o; e <\/p>\r\n<p>V - submeter pleitos e assuntos para a pauta. <\/p>\r\n\r\n<p>Art. 8\u00ba As Comiss\u00f5es de Biosseguran\u00e7a Setoriais \u2014 COVID-19 ser\u00e3o designadas por Portaria emitidas pelos gestores de cada Unidade de Ensino, limitando-se a uma Comiss\u00e3o por Unidade de Ensino, sendo que seus membros ser\u00e3o servidores e alunos pertencentes as referidas unidades, n\u00e3o ultrapassando a quantidade de (sete) pessoas sem justificativas fundamentadas. <\/p>\r\n<p>Par\u00e1grafo \u00fanico. A portaria com designa\u00e7\u00e3o de mais de 07 membros dever\u00e1 justificar a necessidade, a conveni\u00eancia, a oportunidade e a racionalidade de o colegiado possuir n\u00famero superior ao definido no caput. <\/p>\r\n\r\n<p>Art. 9\u00ba A Comiss\u00e3o Setorial de Biosseguran\u00e7a da Administra\u00e7\u00e3o Central ser\u00e1 designada pelo Reitor, limitando-se a uma Comiss\u00e3o para todas unidades vinculadas \u00e0 reitoria, sendo que seus membros ser\u00e3o servidores pertencentes \u00e0s referidas unidades, n\u00e3o ultrapassando a quantidade de 9(nove) pessoas. <\/p>\r\n<p>\u00a7 1\u00b0 Justifica-se o quantitativo de membros integrantes do \u00f3rg\u00e3o subcolegiado possuir n\u00famero superior a 7 (sete) tendo em vista a necessidade de representa\u00e7\u00e3o de todas pr\u00f3-reitorias e gabinete do reitor. <\/p>\r\n<p>\u00a7 2\u00b0 Outros \u00f3rg\u00e3os que comp\u00f5em a estrutura da Institui\u00e7\u00e3o, considerando suas especificidades, poder\u00e3o constituir comiss\u00f5es setoriais, n\u00e3o ultrapassando a quantidade de (sete) pessoas. <\/p>\r\n<br>\r\n<p><b><div align=\"center\">T\u00cdTULO III<\/b><\/div><\/p>\r\n<p><b><div align=\"center\">DO QU\u00d3RUM DE REUNI\u00c3O E DE VOTA\u00c7\u00c3O<\/b><\/div><\/p>\r\n<br>\r\n<p>Art. 10 As reuni\u00f5es acontecer\u00e3o com a presen\u00e7a m\u00ednima da maioria absoluta dos seus membros, considerando-se esse o n\u00famero legal para a delibera\u00e7\u00e3o e vota\u00e7\u00e3o.<\/p>\r\n<p>Par\u00e1grafo \u00fanico. Quando da ocorr\u00eancia de empate na vota\u00e7\u00e3o, caber\u00e1 ao(\u00e0) Presidente da sess\u00e3o o voto qualificado. <\/p>\r\n\r\n<p>Art. 11 As convoca\u00e7\u00f5es ser\u00e3o feitas via correio eletr\u00f4nico, pelo(a) presidente, com anteced\u00eancia m\u00ednima de 48 (quarenta e oito) horas \u00fateis, devendo constar da mesma a Ordem do Dia. <\/p>\r\n<p>Art. 12 Havendo n\u00famero legal e declarada aberta a sess\u00e3o, proceder-se-\u00e1 a discuss\u00e3o e posterior realiza\u00e7\u00e3o dos pareceres que dever\u00e3o embasar os processos a serem analisados pelo \u00f3rg\u00e3o colegiado em quest\u00e3o.<\/p>\r\n<p>Par\u00e1grafo \u00fanico. N\u00e3o havendo qu\u00f3rum, os membros ser\u00e3o convocados para nova reuni\u00e3o 48 (quarenta e oito) horas depois, com a mesma pauta. <\/p>\r\n<br>\r\n<p><b><div align=\"center\">T\u00cdTULO IV<\/b><\/div><\/p>\r\n<p><b><div align=\"center\">DA PERIODICIDADE DAS REUNI\u00d5ES<\/b><\/div><\/p>\r\n<br>\r\n<p>Art. 13 A Comiss\u00e3o de Biosseguran\u00e7a da UFSM \u2014 COVID-19, reunir-se-\u00e0, ordinariamente, por 1 (um) turno, 1 (uma) vez por m\u00eas ou extraordinariamente, sempre que convocado(a) pelo(a) presidente ou maioria de seus membros e desde que haja demanda para o referido \u00f3rg\u00e3o colegiado. <\/p>\r\n<p>Par\u00e1grafo \u00fanico. As reuni\u00f5es deste \u00f3rg\u00e3o colegiado preferencialmente ser\u00e3o realizadas por videoconfer\u00eancia e sem pagamento de di\u00e1rias e deslocamento. <\/p>\r\n<br>\r\n<p><b><div align=\"center\">T\u00cdTULO V<\/b><\/div><\/p>\r\n<p><b><div align=\"center\">DO \u00d3RG\u00c3O DE APOIO ADMINISTRATIVO<\/b><\/div><\/p>\r\n<br>\r\n<p>Art. 14 Caber\u00e1 ao Gabinete do Reitor a responsabilidade de realizar o apoio administrativo e demais encaminhamentos para o devido andamento dos trabalhos da referida Comiss\u00e3o. <\/p>\r\n<br>\r\n<p><b><div align=\"center\">T\u00cdTULO VII<\/b><\/div><\/p>\r\n<p><b><div align=\"center\">DO MEMBROS N\u00c3O NATOS<\/b><\/div><\/p>\r\n<br>\r\n<p>Art. 15 Nas reuni\u00f5es da referida Comiss\u00e3o poder\u00e3o comparecer, quando convidados pelo presidente, servidores e\/ou discentes, a fim de prestarem esclarecimentos sobre assuntos que lhes forem pertinentes. <\/p>\r\n<br>\r\n<p><b><div align=\"center\">T\u00cdTULO VIII<\/b><\/div><\/p>\r\n<p><b><div align=\"center\">DO TERMO DE CONCLUS\u00c3O DOS TRABALHOS<\/b><\/div><\/p>\r\n<br>\r\n<p>Art. 16 A referida Comiss\u00e3o, assim como, os subcolegiados vinculados a mesma ter\u00e3o vig\u00eancia de um ano, a contar da data de assinatura desta Portaria. <\/p>\r\n<br>\r\n<p><b><div align=\"center\">T\u00cdTULO IX<\/b><\/div><\/p>\r\n<p><b><div align=\"center\">DOS RELAT\u00d3RIOS PERI\u00d3DICOS E DO RELAT\u00d3RIO FINAL<\/b><\/div><\/p>\r\n<br>\r\n<p>Art. 17 As comiss\u00f5es previstas nessa portaria tornar\u00e3o p\u00fablicas as suas a\u00e7\u00f5es, reuni\u00f5es e materiais espec\u00edficos de sua \u00e1rea em sitio eletr\u00f4nico pr\u00f3prio, ressalvado o conte\u00fado sujeito a sigilo, n\u00e3o havendo necessidades de emitir relat\u00f3rios peri\u00f3dicos e anuais. <\/p>\r\n<br>\r\n<p><b><div align=\"center\">T\u00cdTULO X<\/b><\/div><\/p>\r\n<p><b><div align=\"center\">DAS DISPOSI\u00c7\u00d5ES GERAIS E TRANSIT\u00d3RIAS<\/b><\/div><\/p>\r\n<br>\r\n<p>Art. 18 \u00c9 vedada a divulga\u00e7\u00e3o de discuss\u00f5es em curso sem a pr\u00e9via anu\u00eancia do Reitor da UFSM.<\/p>\r\n<p>Art. 19 A participa\u00e7\u00e3o dos membros deste \u00f3rg\u00e3o colegiado ser\u00e1 considerada presta\u00e7\u00e3o de servi\u00e7o p\u00fablico relevante, e n\u00e3o ser\u00e1 remunerada. <\/p>\r\n<p>Art. 20 As reuni\u00f5es deste \u00f3rg\u00e3o colegiado cujos membros estejam em entes federativos diversos ser\u00e3o realizadas por videoconfer\u00eancia. <\/p>\r\n<p>Par\u00e1grafo \u00fanico. Na hip\u00f3tese de ser demonstrada, de modo fundamentado, a inviabilidade ou a inconveni\u00eancia de se realizar a reunido por videoconfer\u00eancia, ser\u00e3o estimados os gastos com di\u00e1rias e passagens dos membros deste colegiado, assim como, a comprova\u00e7\u00e3o da disponibilidade or\u00e7ament\u00e1ria e financeira para o exerc\u00edcio em curso. <\/p>\r\n\r\n<p>Art. 21 E vedada a possibilidade de cria\u00e7\u00e3o de subcolegiados por ato deste colegiado, exceto se na presente Portaria houver: <\/p>\r\n<p>I - limitado o n\u00famero m\u00e1ximo de seus membros; <\/p>\r\n<p>II - estabelecido car\u00e1ter tempor\u00e1rio e dura\u00e7\u00e3o n\u00e3o superior a um ano; e <\/p>\r\n<p>III - fixado o n\u00famero m\u00e1ximo de subcolegiados que poder\u00e3o operar simultaneamente. <\/p>\r\n<p>Par\u00e1grafo \u00fanico. A mera necessidade de reuni\u00f5es eventuais para debate, articula\u00e7\u00e3o ou trabalho que envolva agentes p\u00fablicos da administra\u00e7\u00e3o p\u00fablica federal n\u00e3o ser\u00e1 admitida como fundamento para as propostas de que trata o caput. <\/p>\r\n\r\n<p>Art. 22 Esta Portaria entrar\u00e1 em vigor na data de sua assinatura, revogadas as disposi\u00e7\u00f5es em contr\u00e1rio e ter\u00e1 vig\u00eancia de 12 meses.<\/p>\r\n<\/s>\r\n<p>PAULO AFONSO BURMANN<\/p>\r\n<p><font color=\"red0000\">Este texto n\u00e3o substitui o documento original, publicado no Portal de Documentos.<\/font> Dispon\u00edvel em: <a href=\"https:\/\/portal.ufsm.br\/documentos\/publico\/documento.html?id=13150527\" target=\"_blank\"><font color=\"blue\">https:\/\/portal.ufsm.br\/documentos\/publico\/documento.html?id=13150527<\/font><\/a>\r\n\r\n\t\t<\/div>\n\t\t\t\t<\/div>\n\t\t\t\t\t<\/div>\n\t\t<\/div>\n\t\t\t\t\t<\/div>\n\t\t<\/section>\n\t\t\t\t<\/div>\n\t\t","protected":false},"excerpt":{"rendered":"<p>PORTARIA N. 98.421\/2020 MINIST\u00c9RIO DA EDUCA\u00c7\u00c3O UNIVERSIDADE FEDERAL DE SANTA MARIA PORTARIA N. 98.421, DE 24 DE AGOSTO DE 2020 Revogada pela Resolu\u00e7\u00e3o UFSM N\u00b0 191\/2024 O REITOR DA UNIVERSIDADE FEDERAL DE SANTA MARIA, no uso de suas atribui\u00e7\u00f5es legais e estatut\u00e1rias e tendo em vista: \u2013 o Art. 56 da Lei N. 9.394, de [&hellip;]<\/p>\n","protected":false},"author":205,"featured_media":0,"parent":0,"menu_order":0,"comment_status":"closed","ping_status":"closed","template":"","meta":{"footnotes":""},"categories":[],"tags":[],"class_list":["post-4271","page","type-page","status-publish","hentry"],"acf":[],"_links":{"self":[{"href":"https:\/\/www.ufsm.br\/pro-reitorias\/proplan\/wp-json\/wp\/v2\/pages\/4271","targetHints":{"allow":["GET"]}}],"collection":[{"href":"https:\/\/www.ufsm.br\/pro-reitorias\/proplan\/wp-json\/wp\/v2\/pages"}],"about":[{"href":"https:\/\/www.ufsm.br\/pro-reitorias\/proplan\/wp-json\/wp\/v2\/types\/page"}],"author":[{"embeddable":true,"href":"https:\/\/www.ufsm.br\/pro-reitorias\/proplan\/wp-json\/wp\/v2\/users\/205"}],"replies":[{"embeddable":true,"href":"https:\/\/www.ufsm.br\/pro-reitorias\/proplan\/wp-json\/wp\/v2\/comments?post=4271"}],"version-history":[{"count":0,"href":"https:\/\/www.ufsm.br\/pro-reitorias\/proplan\/wp-json\/wp\/v2\/pages\/4271\/revisions"}],"wp:attachment":[{"href":"https:\/\/www.ufsm.br\/pro-reitorias\/proplan\/wp-json\/wp\/v2\/media?parent=4271"}],"wp:term":[{"taxonomy":"category","embeddable":true,"href":"https:\/\/www.ufsm.br\/pro-reitorias\/proplan\/wp-json\/wp\/v2\/categories?post=4271"},{"taxonomy":"post_tag","embeddable":true,"href":"https:\/\/www.ufsm.br\/pro-reitorias\/proplan\/wp-json\/wp\/v2\/tags?post=4271"}],"curies":[{"name":"wp","href":"https:\/\/api.w.org\/{rel}","templated":true}]}}