{"id":4276,"date":"2021-02-25T11:09:20","date_gmt":"2021-02-25T14:09:20","guid":{"rendered":"https:\/\/www.ufsm.br\/pro-reitorias\/proplan\/?page_id=4276"},"modified":"2021-02-25T14:24:23","modified_gmt":"2021-02-25T17:24:23","slug":"portaria-n-98-381-2020","status":"publish","type":"page","link":"https:\/\/www.ufsm.br\/pro-reitorias\/proplan\/portaria-n-98-381-2020","title":{"rendered":"Portaria N. 98.381\/2020"},"content":{"rendered":"\t\t<div data-elementor-type=\"wp-page\" data-elementor-id=\"4276\" class=\"elementor elementor-4276\">\n\t\t\t\t\t\t<section class=\"elementor-section elementor-top-section elementor-element elementor-element-5c3bc26 elementor-section-boxed elementor-section-height-default elementor-section-height-default\" data-id=\"5c3bc26\" data-element_type=\"section\">\n\t\t\t\t\t\t<div class=\"elementor-container elementor-column-gap-default\">\n\t\t\t\t\t<div class=\"elementor-column elementor-col-100 elementor-top-column elementor-element elementor-element-83231b1\" data-id=\"83231b1\" data-element_type=\"column\">\n\t\t\t<div class=\"elementor-widget-wrap elementor-element-populated\">\n\t\t\t\t\t\t<div class=\"elementor-element elementor-element-fd5ae04 elementor-widget elementor-widget-html\" data-id=\"fd5ae04\" data-element_type=\"widget\" data-widget_type=\"html.default\">\n\t\t\t\t<div class=\"elementor-widget-container\">\n\t\t\t\r\n\r\n\r\n<title><b>PORTARIA N. 98.381\/2020<\/b><\/title>\r\n\r\n\r\n<div align=\"center\"><img decoding=\"async\" src=\"https:\/\/www.ufsm.br\/pro-reitorias\/proplan\/wp-content\/uploads\/sites\/344\/2019\/09\/brasao-da-republica-do-brasil-logo.png\" alt=\"Bras\u00e3o Rep\u00fablica Federativa do Brasil\" width=\"6%\" height=\"6%\"><\/div>    \r\n<h1><font color=\"blue\"><font size=\"5\"><div align=\"center\">MINIST\u00c9RIO DA EDUCA\u00c7\u00c3O<\/b><\/font><\/font><\/div><\/H1>\r\n<p><b><font color=\"0000blue\"><div align=\"center\">UNIVERSIDADE FEDERAL DE SANTA MARIA<\/b><\/font><\/div><\/p>\r\n<p><div align=\"center\"><b><a href=\"https:\/\/portal.ufsm.br\/documentos\/publico\/documento.html?id=13146076\" target=\"_blank\"><font color=\"blue\">PORTARIA N. 98.381, DE 13 DE AGOSTO DE 2020.<\/font><\/a><\/b><\/div><\/p>\r\n<br>\r\n<br><div align=\"justify\">\r\n<p>O REITOR DA UNIVERSIDADE FEDERAL DE SANTA MARIA, no uso de suas atribui\u00e7\u00f5es legais e estatut\u00e1rias, e tendo em vista: \r\n<p>\u2013 o Art. 56 da <a href=\"http:\/\/www.planalto.gov.br\/ccivil_03\/leis\/l9394.htm\" target=\"_blank\"><font color=\"blue\"><u>Lei N. 9.394, de 20 de dezembro de 1996<\/u><\/font><\/a>, que estabelece as diretrizes e bases da educa\u00e7\u00e3o nacional;<\/p>\r\n<p>\u2013 o <a href=\"http:\/\/www.planalto.gov.br\/ccivil_03\/_ato2015-2018\/2017\/decreto\/D9191.htm\" target=\"_blank\"><font color=\"blue\"><u>Decreto N. 9.191, de 1\u00b0 de novembro de 2017<\/u><\/font><\/a>, que estabelece as normas e as diretrizes para elabora\u00e7\u00e3o, reda\u00e7\u00e3o, altera\u00e7\u00e3o, consolida\u00e7\u00e3o e encaminhamento de propostas de atos normativos ao Presidente da Rep\u00fablica pelos Ministros de Estado;<\/p>\r\n<p>\u2013 o <a href=\"http:\/\/www.planalto.gov.br\/ccivil_03\/_ato2019-2022\/2019\/decreto\/D9759.htm\" target=\"_blank\"><font color=\"blue\"><u>Decreto N. 9.759, de 11 de abril de 2019<\/u><\/font><\/a>, que extingue e estabelece diretrizes, regras e limita\u00e7\u00f5es para colegiados da administra\u00e7\u00e3o p\u00fablica federal;<\/p>\r\n<p>\u2013 o que consta no Processo N. <a href=\"https:\/\/portal.ufsm.br\/documentos\/publico\/processo\/documento.html?idDocumento=13136300\" target=\"_blank\"><font color=\"blue\"><u>23081.026159\/2020-59<\/u><\/font><\/a>, <\/p>\r\n<br>\r\n<p><b><div align=\"center\">RESOLVE:<\/b><\/div><\/p>\r\n<br>\r\n<p>Art. 1\u00ba <b>Aprovar<\/b> a cria\u00e7\u00e3o do Grupo de Trabalho de atualiza\u00e7\u00e3o tecnol\u00f3gica do Pr\u00e9dio da Antiga Reitoria, vinculado \u00e0 Pr\u00f3-Reitora de Extens\u00e3o da estrutura organizacional da Universidade Federal de Santa Maria (UFSM).<\/p>\r\n<br>\r\n<p><b><div align=\"center\">T\u00cdTULO I<\/b><\/div><\/p>\r\n<p><b><div align=\"center\">DAS COMPET\u00caNCIAS<\/b><\/div><\/p>\r\n<br>\r\n<p>Art. 2\u00b0 Compete ao Grupo de Trabalho as atividades relacionadas ao estudo de estudo de atualiza\u00e7\u00e3o tecnol\u00f3gica: <\/p>\r\n<p>- Revitaliza\u00e7\u00e3o\/retrofit <\/p>\r\n<p>- Plano de gest\u00e3o da infraestrutura; <\/p>\r\n<p>- Desenvolvimento de projetos para capta\u00e7\u00e3o de recursos. <\/p>\r\n<br>\r\n<p><b><div align=\"center\">T\u00cdTULO II<\/b><\/div><\/p>\r\n<p><b><div align=\"center\">DA COMPOSI\u00c7\u00c3O E AUTORIDADE<\/b><\/div><\/p>\r\n<br>\r\n<p>Art. 3\u00b0 O Grupo de Trabalho de Grupo de Trabalho de atualiza\u00e7\u00e3o tecnol\u00f3gica do Pr\u00e9dio da Antiga Reitoria, ser\u00e1 composto por 7 membros, de forma a garantir a participa\u00e7\u00e3o dos setores da UFSM e da comunidade envolvidos com o tema: <\/p>\r\n<p>I \u2013 Dois representantes designados pela Pr\u00f3-Reitoria de Extens\u00e3o; <\/p>\r\n<p>II \u2013 Dois representantes designados pela Pr\u00f3-Reitoria de Infraestrutura; <\/p>\r\n<p>III \u2013 Tr\u00eas representantes do N\u00facleo de Estudos em Gest\u00e3o de Riscos e Infraestrutura \u2013 GRIN <\/p>\r\n<br>\r\n<p><b><div align=\"center\">T\u00cdTULO III<\/b><\/div><\/p>\r\n<p><b><div align=\"center\">DO QU\u00d3RUM DE REUNI\u00c3O E DE VOTA\u00c7\u00c3O<\/b><\/div><\/p>\r\n<br>\r\n<p>Art. 4\u00ba As sess\u00f5es do Grupo de Trabalho ser\u00e3o instaladas e funcionar\u00e3o com a presen\u00e7a m\u00ednima da maioria simples de seus membros, n\u00famero legal para delibera\u00e7\u00e3o e vota\u00e7\u00e3o .<\/p>\r\n<br>\r\n<p><b><div align=\"center\">T\u00cdTULO IV <\/b><\/div><\/p>\r\n<p><b><div align=\"center\">DA PERIODICIDADE DAS REUNI\u00d5ES<\/b><\/div><\/p>\r\n<br>\r\n<p>Art. 5\u00b0 O Grupo de Trabalho reunir-se-\u00e1 ordinariamente 1 (uma) vez de 15 em 15 dias, no local e hora que constarem na convoca\u00e7\u00e3o, e, extraordinariamente, sempre que convocado por seu Presidente ou por solicita\u00e7\u00e3o de pelo menos 2\/3 (dois ter\u00e7os) de seus membros. <\/p>\r\n<p>\u00a7 1\u00ba - Todos os membros do Grupo de Trabalho ser\u00e3o convocados com anteced\u00eancia m\u00ednima de 48 (quarenta e oito) horas da realiza\u00e7\u00e3o da sess\u00e3o. <\/p>\r\n<br>\r\n<p><b><div align=\"center\">T\u00cdTULO V<\/b><\/div><\/p>\r\n<p><b><div align=\"center\">DO \u00d3RG\u00c3O DE APOIO ADMINISTRATIVO<\/b><\/div><\/p>\r\n<br>\r\n<p>Art. 6\u00b0 A Pr\u00f3-Reitoria de Extens\u00e3o ser\u00e1 respons\u00e1vel por prestar o apoio administrativo ao Grupo de Trabalho. <\/p>\r\n<br>\r\n<p><b><div align=\"center\">T\u00cdTULO VIII<\/b><\/div><\/p>\r\n<p><b><div align=\"center\">DO TERMO DE CONCLUS\u00c3O DOS TRABALHOS<\/b><\/div><\/p>\r\n<br>\r\n<p>Art. 7\u00b0 Este Grupo de Trabalho dissolve-se ap\u00f3s a realiza\u00e7\u00e3o do evento, podendo ser estendido por mais 1 (um) ano, ap\u00f3s vota\u00e7\u00e3o na \u00faltima reuni\u00e3o ordin\u00e1ria do ano corrente, para a organiza\u00e7\u00e3o da edi\u00e7\u00e3o do ano seguinte. <\/p>\r\n<br>\r\n<p><b><div align=\"center\">T\u00cdTULO X<\/b><\/div><\/p>\r\n<p><b><div align=\"center\">DAS DISPOSI\u00c7\u00d5ES GERAIS E TRANSIT\u00d3RIAS<\/b><\/div><\/p>\r\n<br>\r\n<p>Art. 8\u00ba \u00c9 vedada a divulga\u00e7\u00e3o de discuss\u00f5es em curso sem a pr\u00e9via anu\u00eancia do titular da Pr\u00f3-Reitoria de Extens\u00e3o ao qual este Grupo de Trabalho est\u00e1 vinculado. <\/p>\r\n<p>Art. 9\u00ba A participa\u00e7\u00e3o dos membros deste Grupo de Trabalho ser\u00e1 considerada presta\u00e7\u00e3o de servi\u00e7o p\u00fablico relevante, e n\u00e3o ser\u00e1 remunerada. <\/p>\r\n<p>Art. 10\u00ba As reuni\u00f5es deste Grupo de Trabalho cujos membros estejam em entes federativos diversos ser\u00e3o realizadas por videoconfer\u00eancia; <\/p>\r\n<p>Par\u00e1grafo \u00fanico. Na hip\u00f3tese de ser demonstrada, de modo fundamentado, a inviabilidade ou a inconveni\u00eancia de se realizar a reuni\u00e3o por videoconfer\u00eancia, ser\u00e3o estimados os gastos com di\u00e1rias e passagens dos membros deste colegiado, assim como, a comprova\u00e7\u00e3o da disponibilidade or\u00e7ament\u00e1ria e financeira para o exerc\u00edcio em curso. <\/p>\r\n<br>\r\n<p>Art. 11\u00ba \u00c9 vedada a possibilidade de cria\u00e7\u00e3o de subgrupos por ato deste Grupo de Trabalho, exceto se na presente Portaria houver: <\/p>\r\n<p>I - limitado o n\u00famero m\u00e1ximo de seus membros;<\/p>\r\n<p>II - estabelecido car\u00e1ter tempor\u00e1rio e dura\u00e7\u00e3o n\u00e3o superior a um ano; ou<\/p>\r\n<p>III - fixado o n\u00famero m\u00e1ximo de subgrupos que poder\u00e3o operar simultaneamente.<\/p>\r\n<p>Par\u00e1grafo \u00fanico: A mera necessidade de reuni\u00f5es eventuais para debate, articula\u00e7\u00e3o ou trabalho que envolva agentes p\u00fablicos da administra\u00e7\u00e3o p\u00fablica federal n\u00e3o ser\u00e1 admitida como fundamento para as propostas de que trata o caput. <\/p>\r\n<p>Art. 12\u00b0 Esta Portaria entrar\u00e1 em vigor na data de sua assinatura, revogadas as disposi\u00e7\u00f5es em contr\u00e1rio. <\/p>\r\n<br>\r\n<p>PAULO AFONSO BURMANN. <\/p>\r\n<p><font color=\"red0000\">Este texto n\u00e3o substitui o documento original, publicado no Portal de Documentos.<\/font> Dispon\u00edvel em: <a href=\"https:\/\/portal.ufsm.br\/documentos\/publico\/documento.html?id=13146076\" target=\"_blank\"><font color=\"blue\">https:\/\/portal.ufsm.br\/documentos\/publico\/documento.html?id=13146076<\/font><\/a>\r\n\r\n\t\t<\/div>\n\t\t\t\t<\/div>\n\t\t\t\t\t<\/div>\n\t\t<\/div>\n\t\t\t\t\t<\/div>\n\t\t<\/section>\n\t\t\t\t<\/div>\n\t\t","protected":false},"excerpt":{"rendered":"<p>PORTARIA N. 98.381\/2020 MINIST\u00c9RIO DA EDUCA\u00c7\u00c3O UNIVERSIDADE FEDERAL DE SANTA MARIA PORTARIA N. 98.381, DE 13 DE AGOSTO DE 2020. O REITOR DA UNIVERSIDADE FEDERAL DE SANTA MARIA, no uso de suas atribui\u00e7\u00f5es legais e estatut\u00e1rias, e tendo em vista: \u2013 o Art. 56 da Lei N. 9.394, de 20 de dezembro de 1996, que [&hellip;]<\/p>\n","protected":false},"author":205,"featured_media":0,"parent":0,"menu_order":0,"comment_status":"closed","ping_status":"closed","template":"","meta":{"footnotes":""},"categories":[],"tags":[],"class_list":["post-4276","page","type-page","status-publish","hentry"],"acf":[],"_links":{"self":[{"href":"https:\/\/www.ufsm.br\/pro-reitorias\/proplan\/wp-json\/wp\/v2\/pages\/4276","targetHints":{"allow":["GET"]}}],"collection":[{"href":"https:\/\/www.ufsm.br\/pro-reitorias\/proplan\/wp-json\/wp\/v2\/pages"}],"about":[{"href":"https:\/\/www.ufsm.br\/pro-reitorias\/proplan\/wp-json\/wp\/v2\/types\/page"}],"author":[{"embeddable":true,"href":"https:\/\/www.ufsm.br\/pro-reitorias\/proplan\/wp-json\/wp\/v2\/users\/205"}],"replies":[{"embeddable":true,"href":"https:\/\/www.ufsm.br\/pro-reitorias\/proplan\/wp-json\/wp\/v2\/comments?post=4276"}],"version-history":[{"count":0,"href":"https:\/\/www.ufsm.br\/pro-reitorias\/proplan\/wp-json\/wp\/v2\/pages\/4276\/revisions"}],"wp:attachment":[{"href":"https:\/\/www.ufsm.br\/pro-reitorias\/proplan\/wp-json\/wp\/v2\/media?parent=4276"}],"wp:term":[{"taxonomy":"category","embeddable":true,"href":"https:\/\/www.ufsm.br\/pro-reitorias\/proplan\/wp-json\/wp\/v2\/categories?post=4276"},{"taxonomy":"post_tag","embeddable":true,"href":"https:\/\/www.ufsm.br\/pro-reitorias\/proplan\/wp-json\/wp\/v2\/tags?post=4276"}],"curies":[{"name":"wp","href":"https:\/\/api.w.org\/{rel}","templated":true}]}}