{"id":4282,"date":"2021-02-25T11:20:30","date_gmt":"2021-02-25T14:20:30","guid":{"rendered":"https:\/\/www.ufsm.br\/pro-reitorias\/proplan\/?page_id=4282"},"modified":"2021-03-02T15:17:47","modified_gmt":"2021-03-02T18:17:47","slug":"portaria-n-93-486-2019","status":"publish","type":"page","link":"https:\/\/www.ufsm.br\/pro-reitorias\/proplan\/portaria-n-93-486-2019","title":{"rendered":"Portaria N. 93.486\/2019"},"content":{"rendered":"\t\t<div data-elementor-type=\"wp-page\" data-elementor-id=\"4282\" class=\"elementor elementor-4282\">\n\t\t\t\t\t\t<section class=\"elementor-section elementor-top-section elementor-element elementor-element-8edd6bc elementor-section-boxed elementor-section-height-default elementor-section-height-default\" data-id=\"8edd6bc\" data-element_type=\"section\">\n\t\t\t\t\t\t<div class=\"elementor-container elementor-column-gap-default\">\n\t\t\t\t\t<div class=\"elementor-column elementor-col-100 elementor-top-column elementor-element elementor-element-adc2bd0\" data-id=\"adc2bd0\" data-element_type=\"column\">\n\t\t\t<div class=\"elementor-widget-wrap elementor-element-populated\">\n\t\t\t\t\t\t<div class=\"elementor-element elementor-element-b5f0092 elementor-widget elementor-widget-html\" data-id=\"b5f0092\" data-element_type=\"widget\" data-widget_type=\"html.default\">\n\t\t\t\t<div class=\"elementor-widget-container\">\n\t\t\t\r\n\r\n\r\n<title><b>PORTARIA N. 93.486\/2019<\/b><\/title>\r\n\r\n\r\n<div align=\"center\"><img decoding=\"async\" src=\"https:\/\/www.ufsm.br\/pro-reitorias\/proplan\/wp-content\/uploads\/sites\/344\/2019\/09\/brasao-da-republica-do-brasil-logo.png\" alt=\"Bras\u00e3o Rep\u00fablica Federativa do Brasil\" width=\"6%\" height=\"6%\"><\/div>    \r\n<h1><font color=\"blue\"><font size=\"5\"><div align=\"center\">MINIST\u00c9RIO DA EDUCA\u00c7\u00c3O<\/b><\/font><\/font><\/div><\/H1>\r\n<p><b><font color=\"0000blue\"><div align=\"center\">UNIVERSIDADE FEDERAL DE SANTA MARIA<\/b><\/font><\/div><\/p>\r\n<p><div align=\"center\"><b><a href=\"https:\/\/portal.ufsm.br\/documentos\/publico\/documento.html?id=12500193\" target=\"_blank\"><font color=\"blue\">PORTARIA N. 93.486, DE 26 DE MAR\u00c7O DE 2019.<\/font><\/a><\/b><\/div><\/p>\r\n<br>\r\n<p><a href=\"https:\/\/www.ufsm.br\/pro-reitorias\/proplan\/portaria-normativa-ufsm-n-018-2021\/\" target=\"_blank\"><font color=\"blue\">Revogada pela Portaria Normativa N. 018\/2021<\/font><\/a>\r\n<br><div align=\"justify\">\r\n<strike>\r\n<p>O VICE-REITOR DA UNIVERSIDADE FEDERAL DE SANTA MARIA, no exerc\u00edcio da Reitoria, no uso de suas atribui\u00e7\u00f5es que lhe confere o artigo 30 do <a href=\"https:\/\/www.ufsm.br\/pro-reitorias\/proplan\/estatuto-ufsm-2010\/\" target=\"_blank\"><font color=\"blue\"><u>Estatuto<\/u><\/font><\/a>, aprovado pela Portaria de n. 156, de 12 de mar\u00e7o de 2014 do Secret\u00e1rio de Regula\u00e7\u00e3o e Supervis\u00e3o da Educa\u00e7\u00e3o Superior e considerando:<\/p>\r\n<p>- O disposto na <a href=\"http:\/\/www.planalto.gov.br\/ccivil_03\/leis\/l8112cons.htm\" target=\"_blank\"><font color=\"blue\"><u>Lei 8.112, de 11 de dezembro de 1990<\/u><\/font><\/a>, com a reda\u00e7\u00e3o dada pela <a href=\"http:\/\/www.planalto.gov.br\/ccivil_03\/leis\/l9527.htm\" target=\"_blank\"><font color=\"blue\"><u>Lei 9.527, de 10 de dezembro de 1997<\/u><\/font><\/a>; <\/p>\r\n<p>- O disposto no <a href=\"http:\/\/www.planalto.gov.br\/ccivil_03\/decreto\/d1590.htm\" target=\"_blank\"><font color=\"blue\"><u>Decreto n. 1.590, de 10 de agosto de 1995<\/u><\/font><\/a>; <\/p>\r\n<p>- O disposto no <a href=\"http:\/\/www.planalto.gov.br\/ccivil_03\/decreto\/D1867.htm\" target=\"_blank\"><font color=\"blue\"><u>Decreto n. 1.867, de 17 de abril de 1996<\/u><\/font><\/a>; <\/p>\r\n<p>- O disposto no <a href=\"http:\/\/www.planalto.gov.br\/ccivil_03\/decreto\/2003\/D4836.htm\" target=\"_blank\"><font color=\"blue\"><u>Decreto n. 4.836, de 09 de setembro de 2003<\/u><\/font><\/a>;<\/p>\r\n<p>- O princ\u00edpio da efici\u00eancia, previsto no artigo 37 da <a href=\"http:\/\/www.planalto.gov.br\/ccivil_03\/constituicao\/constituicao.htm\" target=\"_blank\"><font color=\"blue\"><u>Constitui\u00e7\u00e3o Federal<\/u><\/font><\/a>; <\/p>\r\n<p>- Os termos da <a href=\"https:\/\/www.ufsm.br\/pro-reitorias\/proplan\/resolucao-n-005-2012\/\" target=\"_blank\"><font color=\"blue\"><u>Resolu\u00e7\u00e3o n. 005\/12 da UFSM<\/u><\/font><\/a>, que regulamenta o controle da frequ\u00eancia dos servidores da UFSM; <\/p>\r\n<p>- Os termos da <a href=\"https:\/\/www.ufsm.br\/pro-reitorias\/proplan\/resolucao-n-010-2013\/\" target=\"_blank\"><font color=\"blue\"><u>Resolu\u00e7\u00e3o n. 010\/13 da UFSM<\/u><\/font><\/a>, que estabelece crit\u00e9rios m\u00ednimos para subsidiar o dirigente m\u00e1ximo na aplica\u00e7\u00e3o da flexibiliza\u00e7\u00e3o da jornada de trabalho, no \u00e2mbito das unidades e subunidades da UFSM; <\/p>\r\n<p>- Instru\u00e7\u00e3o Normativa 2, de 12 de setembro de 2018;<\/p>\r\n<p>- O que consta do processo <a href=\"https:\/\/portal.ufsm.br\/documentos\/publico\/processo\/documento.html?idDocumento=5883701\" target=\"_blank\"><font color=\"blue\"><u>23081.010013\/2013-62<\/u><\/font><\/a>.<\/p>\r\n\r\n<br>\r\n<p><b>RESOLVE:<\/b><\/p>\r\n<br>\r\n<p>Art. 1\u00ba <b>PRORROGAR<\/b>, a exce\u00e7\u00e3o, pelo per\u00edodo de 30 dias, <b>a partir de 27 de mar\u00e7o de 2019<\/b>, os efeitos da <a href=\"https:\/\/www.ufsm.br\/pro-reitorias\/proplan\/portaria-n-92-749-2019\/\" target=\"_blank\"><font color=\"blue\"><u>Portaria n. 92.749, de 28 de janeiro de 2019<\/u><\/font><\/a>, para os servidores que comp\u00f5e a equipe do Servi\u00e7o de Emerg\u00eancia Universit\u00e1ria (SEU), vinculados ao N\u00facleo de Promo\u00e7\u00e3o de Sa\u00fade do Trabalho (NPSAT), da Coordenadoria de Sa\u00fade e Qualidade de Vida do Servidor (CQVS), da Pr\u00f3-Reitoria de Gest\u00e3o de Pessoas.<\/p>\r\n\r\n<p>LUCIANO SCHUCH, <\/p>\r\n<p>Vice-Reitor, no exerc\u00edcio da Reitoria.<\/p>\r\n<\/strike>\r\n<p><font color=\"red0000\">Este texto n\u00e3o substitui o documento original, publicado no Portal de Documentos.<\/font> Dispon\u00edvel em: <a href=\"https:\/\/portal.ufsm.br\/documentos\/publico\/documento.html?id=12500193\" target=\"_blank\"><font color=\"blue\">https:\/\/portal.ufsm.br\/documentos\/publico\/documento.html?id=12500193<\/font><\/a>\r\n\r\n\t\t<\/div>\n\t\t\t\t<\/div>\n\t\t\t\t\t<\/div>\n\t\t<\/div>\n\t\t\t\t\t<\/div>\n\t\t<\/section>\n\t\t\t\t<\/div>\n\t\t","protected":false},"excerpt":{"rendered":"<p>PORTARIA N. 93.486\/2019 MINIST\u00c9RIO DA EDUCA\u00c7\u00c3O UNIVERSIDADE FEDERAL DE SANTA MARIA PORTARIA N. 93.486, DE 26 DE MAR\u00c7O DE 2019. Revogada pela Portaria Normativa N. 018\/2021 O VICE-REITOR DA UNIVERSIDADE FEDERAL DE SANTA MARIA, no exerc\u00edcio da Reitoria, no uso de suas atribui\u00e7\u00f5es que lhe confere o artigo 30 do Estatuto, aprovado pela Portaria de [&hellip;]<\/p>\n","protected":false},"author":205,"featured_media":0,"parent":0,"menu_order":0,"comment_status":"closed","ping_status":"closed","template":"","meta":{"footnotes":""},"categories":[],"tags":[],"class_list":["post-4282","page","type-page","status-publish","hentry"],"acf":[],"_links":{"self":[{"href":"https:\/\/www.ufsm.br\/pro-reitorias\/proplan\/wp-json\/wp\/v2\/pages\/4282","targetHints":{"allow":["GET"]}}],"collection":[{"href":"https:\/\/www.ufsm.br\/pro-reitorias\/proplan\/wp-json\/wp\/v2\/pages"}],"about":[{"href":"https:\/\/www.ufsm.br\/pro-reitorias\/proplan\/wp-json\/wp\/v2\/types\/page"}],"author":[{"embeddable":true,"href":"https:\/\/www.ufsm.br\/pro-reitorias\/proplan\/wp-json\/wp\/v2\/users\/205"}],"replies":[{"embeddable":true,"href":"https:\/\/www.ufsm.br\/pro-reitorias\/proplan\/wp-json\/wp\/v2\/comments?post=4282"}],"version-history":[{"count":0,"href":"https:\/\/www.ufsm.br\/pro-reitorias\/proplan\/wp-json\/wp\/v2\/pages\/4282\/revisions"}],"wp:attachment":[{"href":"https:\/\/www.ufsm.br\/pro-reitorias\/proplan\/wp-json\/wp\/v2\/media?parent=4282"}],"wp:term":[{"taxonomy":"category","embeddable":true,"href":"https:\/\/www.ufsm.br\/pro-reitorias\/proplan\/wp-json\/wp\/v2\/categories?post=4282"},{"taxonomy":"post_tag","embeddable":true,"href":"https:\/\/www.ufsm.br\/pro-reitorias\/proplan\/wp-json\/wp\/v2\/tags?post=4282"}],"curies":[{"name":"wp","href":"https:\/\/api.w.org\/{rel}","templated":true}]}}