{"id":4287,"date":"2021-02-25T11:27:24","date_gmt":"2021-02-25T14:27:24","guid":{"rendered":"https:\/\/www.ufsm.br\/pro-reitorias\/proplan\/?page_id=4287"},"modified":"2021-03-02T15:19:40","modified_gmt":"2021-03-02T18:19:40","slug":"portaria-n-94-940-2019","status":"publish","type":"page","link":"https:\/\/www.ufsm.br\/pro-reitorias\/proplan\/portaria-n-94-940-2019","title":{"rendered":"Portaria N. 94.940\/2019"},"content":{"rendered":"\t\t<div data-elementor-type=\"wp-page\" data-elementor-id=\"4287\" class=\"elementor elementor-4287\">\n\t\t\t\t\t\t<section class=\"elementor-section elementor-top-section elementor-element elementor-element-d49d3ce elementor-section-boxed elementor-section-height-default elementor-section-height-default\" data-id=\"d49d3ce\" data-element_type=\"section\">\n\t\t\t\t\t\t<div class=\"elementor-container elementor-column-gap-default\">\n\t\t\t\t\t<div class=\"elementor-column elementor-col-100 elementor-top-column elementor-element elementor-element-2f0e401\" data-id=\"2f0e401\" data-element_type=\"column\">\n\t\t\t<div class=\"elementor-widget-wrap elementor-element-populated\">\n\t\t\t\t\t\t<div class=\"elementor-element elementor-element-c8f9666 elementor-widget elementor-widget-html\" data-id=\"c8f9666\" data-element_type=\"widget\" data-widget_type=\"html.default\">\n\t\t\t\t<div class=\"elementor-widget-container\">\n\t\t\t\r\n\r\n\r\n<title><b>PORTARIA N. 94.940\/2019<\/b><\/title>\r\n\r\n\r\n<div align=\"center\"><img decoding=\"async\" src=\"https:\/\/www.ufsm.br\/pro-reitorias\/proplan\/wp-content\/uploads\/sites\/344\/2019\/09\/brasao-da-republica-do-brasil-logo.png\" alt=\"Bras\u00e3o Rep\u00fablica Federativa do Brasil\" width=\"6%\" height=\"6%\"><\/div>    \r\n<h1><font color=\"blue\"><font size=\"5\"><div align=\"center\">MINIST\u00c9RIO DA EDUCA\u00c7\u00c3O<\/b><\/font><\/font><\/div><\/H1>\r\n<p><b><font color=\"0000blue\"><div align=\"center\">UNIVERSIDADE FEDERAL DE SANTA MARIA<\/b><\/font><\/div><\/p>\r\n<p><div align=\"center\"><b><a href=\"https:\/\/portal.ufsm.br\/documentos\/publico\/documento.html?id=12886696\" target=\"_blank\"><font color=\"blue\">PORTARIA N. 94.940, DE 5 DE JULHO DE 2019.<\/font><\/a><\/b><\/div><\/p>\r\n<br>\r\n<p><a href=\"https:\/\/www.ufsm.br\/pro-reitorias\/proplan\/portaria-normativa-ufsm-n-018-2021\/\" target=\"_blank\"><font color=\"blue\">Revogada pela Portaria Normativa N. 018\/2021<\/font><\/a>\r\n<br><div align=\"justify\">\r\n<strike>\r\n<p>O REITOR DA UNIVERSIDADE FEDERAL DE SANTA MARIA, no uso de suas atribui\u00e7\u00f5es legais e estatut\u00e1rias, e tendo em vista: <\/p>\r\n<p>\u2013 o Art. 56 da <a href=\"http:\/\/www.planalto.gov.br\/ccivil_03\/leis\/l9394.htm\" target=\"_blank\"><font color=\"blue\"><u>Lei N. 9.394, de 20 de dezembro de 1996<\/u><\/font><\/a>, que estabelece as diretrizes e bases da educa\u00e7\u00e3o nacional;<\/p>\r\n<p>\u2013 o <a href=\"http:\/\/www.planalto.gov.br\/ccivil_03\/_ato2015-2018\/2017\/decreto\/D9191.htm\" target=\"_blank\"><font color=\"blue\"><u>Decreto N. 9.191, de 1\u00b0 de novembro de 2017<\/u><\/font><\/a>, que estabelece as normas e as diretrizes para elabora\u00e7\u00e3o, reda\u00e7\u00e3o, altera\u00e7\u00e3o, consolida\u00e7\u00e3o e encaminhamento de propostas de atos normativos ao Presidente da Rep\u00fablica pelos Ministros de Estado;<\/p>\r\n<p>\u2013 o <a href=\"http:\/\/www.planalto.gov.br\/ccivil_03\/_ato2019-2022\/2019\/decreto\/D9759.htm\" target=\"_blank\"><font color=\"blue\"><u>Decreto N. 9.759, de 11 de abril de 2019<\/u><\/font><\/a>, que extingue e estabelece diretrizes, regras e limita\u00e7\u00f5es para colegiados da administra\u00e7\u00e3o p\u00fablica federal;<\/p>\r\n<p>\u2013 o que consta no Processo N. <a href=\"https:\/\/portal.ufsm.br\/documentos\/publico\/processo\/documento.html?idDocumento=12574673\" target=\"_blank\"><font color=\"blue\"><u>23081.034371\/2019-56<\/u><\/font><\/a>.<\/p>\r\n<br>\r\n<p><b><div align=\"center\">RESOLVE:<\/div><\/b><\/p>\r\n<br>\r\n<p>Art. 1\u00ba Aprovar a cria\u00e7\u00e3o\/recria\u00e7\u00e3o do \u00f3rg\u00e3o colegiado denominado \"C\u00e2mara de Extens\u00e3o vinculado a \"Pr\u00f3-Reitoria de Extens\u00e3o\" da estrutura organizacional da Universidade Federal de Santa Maria (UFSM).<\/p>\r\n<br>\r\n<p><b><div align=\"center\">T\u00cdTULO I<\/div><\/b><\/p>\r\n<p><b><div align=\"center\">DAS COMPET\u00caNCIAS<\/div><\/b><\/p>\r\n<br>\r\n<p>Conforme Art. 12 da <a href=\"https:\/\/www.ufsm.br\/pro-reitorias\/proplan\/resolucao-n-006-2019\/\" target=\"_blank\"><font color=\"blue\"><u>Resolu\u00e7\u00e3o 006\/2019<\/u><\/font><\/a>, a C\u00e2mara de Extens\u00e3o tem a finalidade de elaborar, sugerir, aprovar e consolidar instrumentos legais que orientem a aplica\u00e7\u00e3o da Pol\u00edtica de Extens\u00e3o, a sua qualifica\u00e7\u00e3o e a cont\u00ednua avalia\u00e7\u00e3o, entre suas atribui\u00e7\u00f5es est\u00e3o: <\/p>\r\n<p>I - analisar, decidir e emitir sugest\u00f5es sobre assuntos que envolvam a\u00e7\u00f5es de extens\u00e3o; <\/p>\r\n<p>II - contribuir na elabora\u00e7\u00e3o e aplica\u00e7\u00e3o da Pol\u00edtica de Extens\u00e3o da Institui\u00e7\u00e3o; <\/p>\r\n<p>III - deliberar sobre a aplica\u00e7\u00e3o dos recursos do Fundo de Incentivo \u00e0 Extens\u00e3o - FIEX e de outros; <\/p>\r\n<p>IV - definir as a\u00e7\u00f5es priorit\u00e1rias de extens\u00e3o, conforme as \u00c1reas Tem\u00e1ticas e os resultados do F\u00f3rum Regional Permanente de Extens\u00e3o; <\/p>\r\n<p>V - deliberar sobre as a\u00e7\u00f5es a serem contempladas em editais, concursos, participa\u00e7\u00e3o em eventos.<\/p>\r\n<br>\r\n<p><b><div align=\"center\">T\u00cdTULO II<\/div><\/b><\/p>\r\n<p><b><div align=\"center\">DA COMPOSI\u00c7\u00c3O E AUTORIDADE<\/div><\/b><\/p>\r\n<br>\r\n<p>Conforme Art. 13 da Resolu\u00e7\u00e3o 006\/2019, a C\u00e2mara \u00e9 constitu\u00edda pelos seguintes membros: <\/p>\r\n<p>I - Pr\u00f3-Reitor(a) de Extens\u00e3o, como presidente; <\/p>\r\n<p>II - Pr\u00f3-Reitor(a) Adiunto(a) de Extens\u00e3o, como vice-presidente; <\/p>\r\n<p>III - um representante da Pr\u00f3-Reitoria de Planejamento ou seu respectivo suplente; <\/p>\r\n<p>IV - um representante da Pr\u00f3-Reitoria de Gradua\u00e7\u00e3o ou seu respectivo suplente; <\/p>\r\n<p>V - um representante de cada Unidade de Ensino, docente, ou seus respectivos suplentes;<\/p>\r\n<p>VI - tr\u00eas representantes t\u00e9cnico-administrativos em educa\u00e7\u00e3o, ou seus respectivos suplentes, indicados pela Dire\u00e7\u00e3o de cada unidade, com prefer\u00eancia para servidor lotado no Gabinete de Projetos. Os tr\u00eas representantes ser\u00e3o eleitos entre as indica\u00e7\u00f5es das unidades com a finalidade de escolher atrav\u00e9s de elei\u00e7\u00e3o, entre os indicados, apenas tr\u00eas representantes; <\/p>\r\n<p>VII - dois representantes do corpo discente ou seus respectivos suplentes, indicados pela Dire\u00e7\u00e3o do DCE, considerando a multicampia;<\/p>\r\n<p>VIII - um representante da sociedade ou seu respectivo suplente, indicado pela coordena\u00e7\u00e3o do F\u00f3rum Regional Permanente de Extens\u00e3o.<\/p>\r\n<br>\r\n<p><b><div align=\"center\">T\u00cdTULO III<\/div><\/b><\/p>\r\n<p><b><div align=\"center\">DO QU\u00d3RUM DE REUNI\u00c3O E DE VOTA\u00c7\u00c3O<\/div><\/b><\/p>\r\n<br>\r\n<p>Conforme \u00a7 2\u00b0 do Art. 14 da <a href=\"https:\/\/www.ufsm.br\/pro-reitorias\/proplan\/resolucao-n-006-2019\/\" target=\"_blank\"><font color=\"blue\"><u>Resolu\u00e7\u00e3o 006\/2019<\/u><\/font><\/a>, As reuni\u00f5es ser\u00e3o realizadas com um qu\u00f3rum m\u00ednimo de maioria simples.<\/p>\r\n<br>\r\n<p><b><div align=\"center\">T\u00cdTULO IV <\/div><\/b><\/p>\r\n<p><b><div align=\"center\">DA PERIODICIDADE DAS REUNI\u00d5ES<\/div><\/b><\/p>\r\n<br>\r\n<p>Conforme Art. 14 da Resolu\u00e7\u00e3o 006\/2019, a C\u00e2mara de Extens\u00e3o reunir-se-\u00e1 ordinariamente uma vez por semestre e, extraordinariamente, quando se fizer necess\u00e1rio, para deliberar sobre as a\u00e7\u00f5es de extens\u00e3o que exijam encaminhamentos imediatos, atrav\u00e9s de convoca\u00e7\u00e3o individual, com anteced\u00eancia m\u00ednima de 48 horas ou por solicita\u00e7\u00e3o da maioria de seus membros.<\/p>\r\n<br>\r\n<p><b><div align=\"center\">T\u00cdTULO V<\/div><\/b><\/p>\r\n<p><b><div align=\"center\">DO \u00d3RG\u00c3O DE APOIO ADMINISTRATIVO<\/div><\/b><\/p>\r\n<br>Conforme \u00a7 5\u00ba do Art. 14 da Resolu\u00e7\u00e3o 006\/2019, para o desenvolvimento das atividades administrativas, a C\u00e2mara de Extens\u00e3o contar\u00e1 com o apoio de uma Secretaria, constitu\u00edda por um Assistente Administrativo lotado na Pr\u00f3-Reitoria de Extens\u00e3o, que exercer\u00e1 a fun\u00e7\u00e3o de secret\u00e1rio, sem direito de voto.<\/p>\r\n<br>\r\n<p><b><div align=\"center\">T\u00cdTULO VI <\/div><\/b><\/p>\r\n<p><b><div align=\"center\">DO REGIMENTO INTERNO<\/div><\/b><\/p>\r\n<br> \r\n<p>N\u00e3o h\u00e1 necessidade da C\u00e2mara de Extens\u00e3o possuir um Regimento Interno. <\/p>\r\n<br>\r\n<p><b><div align=\"center\">T\u00cdTULO VII<\/div><\/b><\/p>\r\n<p><b><div align=\"center\">DO MEMBROS N\u00c3O NATOS<\/div><\/b><\/p>\r\n<br>\r\n<p>Conforme inciso VII do Art. 13 da <a href=\"https:\/\/www.ufsm.br\/pro-reitorias\/proplan\/resolucao-n-006-2019\/\" target=\"_blank\"><font color=\"blue\"><u>Resolu\u00e7\u00e3o 006\/2019<\/u><\/font><\/a>, um representante da sociedade ou seu respectivo suplente, indicado pela coordena\u00e7\u00e3o do F\u00f3rum Regional Permanente de Extens\u00e3o. <\/p>\r\n<br>\r\n<p><b><div align=\"center\">T\u00cdTULO VIII <\/div><\/b><\/p>\r\n<p><b><div align=\"center\">DO TERMO DE CONCLUS\u00c3O DOS TRABALHOS<\/div><\/b><\/p>\r\n<br>\r\n<p>O trabalho da C\u00e2mara de Extens\u00e3o \u00e9 permanente dada sua finalidade. <\/p>\r\n<br>\r\n<p><b><div align=\"center\">T\u00cdTULO IX <\/div><\/b><\/p>\r\n<p><b><div align=\"center\">DOS RELAT\u00d3RIOS PERI\u00d3DICOS E DO RELAT\u00d3RIO FINAL<\/div><\/b><\/p>\r\n<br>\r\n<p>O relat\u00f3rio anual, ser\u00e1 Publicado na P\u00e1gina da Pr\u00f3-Reitoria de Extens\u00e3o. <\/p>\r\n<br>\r\n<p><b><div align=\"center\">T\u00cdTULO X<\/div><\/b><\/p> \r\n<p><b><div align=\"center\">DAS DISPOSI\u00c7\u00d5ES GERAIS E TRANSIT\u00d3RIAS<\/div><\/b><\/p>\r\n<br>\r\n<p>Art. 2\u00b0 E vedada a divulga\u00e7\u00e3o de discuss\u00f5es em curso sem a pr\u00e9via anu\u00eancia do titular da unidade Pr\u00f3-Reitoria de Extens\u00e3o ao qual este \u00f3rg\u00e3o colegiado est\u00e1 vinculado. <\/p>\r\n<p>Art. 3\u00ba A participa\u00e7\u00e3o dos membros deste \u00f3rg\u00e3o colegiado ser\u00e1 considerada presta\u00e7\u00e3o de servi\u00e7o p\u00fablico relevante, e n\u00e3o ser\u00e1 remunerada.<\/p>\r\n<p>Art. 4\u00ba As reuni\u00f5es deste \u00f3rg\u00e3o colegiado cujos membros estejam em entes federativos diversos ser\u00e3o realizadas por videoconfer\u00eancia; <\/p>\r\n<p>Par\u00e1grafo \u00fanico. Na hip\u00f3tese de ser demonstrada, de modo fundamentado, a inviabilidade ou a inconveni\u00eancia de se realizar a reuni\u00e3o por videoconfer\u00eancia, ser\u00e3o estimados os gastos com di\u00e1rias e passagens dos membros deste colegiado, assim como, a comprova\u00e7\u00e3o da disponibilidade or\u00e7ament\u00e1ria e financeira para o exerc\u00edcio em curso.<\/p>\r\n<p>Art. 5\u00ba Breve resumo das reuni\u00f5es do \u00f3rg\u00e3o colegiado antecessor a este, ocorridas nos anos de 2018 e 2019, com as medidas decorrentes de tais reuni\u00f5es \u00e9 parte Anexa ao Processo N. <a href=\"https:\/\/portal.ufsm.br\/documentos\/publico\/processo\/documento.html?idDocumento=12574673\" target=\"_blank\"><font color=\"blue\"><u>23081.034371\/2019-56<\/u><\/font><\/a>. (Este s\u00f3 \u00e9 aplic\u00e1vel em caso de recria\u00e7\u00f5es de \u00f3rg\u00e3os colegiados, ap\u00f3s a extin\u00e7\u00e3o por meio do <a href=\"http:\/\/www.planalto.gov.br\/ccivil_03\/_ato2019-2022\/2019\/decreto\/D9759.htm\" target=\"_blank\"><font color=\"blue\"><u>Decreto N. 9.759<\/u><\/font><\/a>).<\/p>\r\n<p>Art. 6\u00ba \u00c9 vedada a possibilidade de cria\u00e7\u00e3o de subcolegiados por ato deste colegiado exceto se na presente Portaria houver;<\/p>\r\n<p>I - limitado o n\u00famero m\u00e1ximo de seus membros;<\/p>\r\n<p>II - estabelecido car\u00e1ter tempor\u00e1rio e dura\u00e7\u00e3o n\u00e3o superior a um ano; ou <\/p>\r\n<p>III - fixado o n\u00famero m\u00e1ximo de subcolegiados que poder\u00e3o operar simultaneamente.<\/p>\r\n<p>Par\u00e1grafo \u00fanico. A mera necessidade de reuni\u00f5es eventuais para debate, articula\u00e7\u00e3o ou trabalho que envolva agentes p\u00fablicos da administra\u00e7\u00e3o p\u00fablica federal n\u00e3o ser\u00e1 admitida como fundamento para as propostas de que trata o caput. <\/p>\r\n<p>Art. 7\u00ba Esta Portaria entrar\u00e1 em vigor na data de sua assinatura, revogadas as disposi\u00e7\u00f5es em contr\u00e1rio.<\/p>\r\n\r\n<p>PAULO AFONSO BURMANN, <\/p>\r\n<p>Reitor.<\/p>\r\n<\/strike>\r\n<p><font color=\"red0000\">Este texto n\u00e3o substitui o documento original, publicado no Portal de Documentos.<\/font> Dispon\u00edvel em: <a href=\"https:\/\/portal.ufsm.br\/documentos\/publico\/documento.html?id=12886696\" target=\"_blank\"><font color=\"blue\">https:\/\/portal.ufsm.br\/documentos\/publico\/documento.html?id=12886696<\/font><\/a>\r\n\r\n\t\t<\/div>\n\t\t\t\t<\/div>\n\t\t\t\t\t<\/div>\n\t\t<\/div>\n\t\t\t\t\t<\/div>\n\t\t<\/section>\n\t\t\t\t<\/div>\n\t\t","protected":false},"excerpt":{"rendered":"<p>PORTARIA N. 94.940\/2019 MINIST\u00c9RIO DA EDUCA\u00c7\u00c3O UNIVERSIDADE FEDERAL DE SANTA MARIA PORTARIA N. 94.940, DE 5 DE JULHO DE 2019. Revogada pela Portaria Normativa N. 018\/2021 O REITOR DA UNIVERSIDADE FEDERAL DE SANTA MARIA, no uso de suas atribui\u00e7\u00f5es legais e estatut\u00e1rias, e tendo em vista: \u2013 o Art. 56 da Lei N. 9.394, de [&hellip;]<\/p>\n","protected":false},"author":205,"featured_media":0,"parent":0,"menu_order":0,"comment_status":"closed","ping_status":"closed","template":"","meta":{"footnotes":""},"categories":[],"tags":[],"class_list":["post-4287","page","type-page","status-publish","hentry"],"acf":[],"_links":{"self":[{"href":"https:\/\/www.ufsm.br\/pro-reitorias\/proplan\/wp-json\/wp\/v2\/pages\/4287","targetHints":{"allow":["GET"]}}],"collection":[{"href":"https:\/\/www.ufsm.br\/pro-reitorias\/proplan\/wp-json\/wp\/v2\/pages"}],"about":[{"href":"https:\/\/www.ufsm.br\/pro-reitorias\/proplan\/wp-json\/wp\/v2\/types\/page"}],"author":[{"embeddable":true,"href":"https:\/\/www.ufsm.br\/pro-reitorias\/proplan\/wp-json\/wp\/v2\/users\/205"}],"replies":[{"embeddable":true,"href":"https:\/\/www.ufsm.br\/pro-reitorias\/proplan\/wp-json\/wp\/v2\/comments?post=4287"}],"version-history":[{"count":0,"href":"https:\/\/www.ufsm.br\/pro-reitorias\/proplan\/wp-json\/wp\/v2\/pages\/4287\/revisions"}],"wp:attachment":[{"href":"https:\/\/www.ufsm.br\/pro-reitorias\/proplan\/wp-json\/wp\/v2\/media?parent=4287"}],"wp:term":[{"taxonomy":"category","embeddable":true,"href":"https:\/\/www.ufsm.br\/pro-reitorias\/proplan\/wp-json\/wp\/v2\/categories?post=4287"},{"taxonomy":"post_tag","embeddable":true,"href":"https:\/\/www.ufsm.br\/pro-reitorias\/proplan\/wp-json\/wp\/v2\/tags?post=4287"}],"curies":[{"name":"wp","href":"https:\/\/api.w.org\/{rel}","templated":true}]}}