{"id":4301,"date":"2021-02-25T13:17:43","date_gmt":"2021-02-25T16:17:43","guid":{"rendered":"https:\/\/www.ufsm.br\/pro-reitorias\/proplan\/?page_id=4301"},"modified":"2025-12-01T11:46:16","modified_gmt":"2025-12-01T14:46:16","slug":"portaria-ctism-n-613-2019","status":"publish","type":"page","link":"https:\/\/www.ufsm.br\/pro-reitorias\/proplan\/portaria-ctism-n-613-2019","title":{"rendered":"Portaria CTISM N. 613\/2019"},"content":{"rendered":"\t\t<div data-elementor-type=\"wp-page\" data-elementor-id=\"4301\" class=\"elementor elementor-4301\">\n\t\t\t\t\t\t<section class=\"elementor-section elementor-top-section elementor-element elementor-element-2a48839 elementor-section-boxed elementor-section-height-default elementor-section-height-default\" data-id=\"2a48839\" data-element_type=\"section\">\n\t\t\t\t\t\t<div class=\"elementor-container elementor-column-gap-default\">\n\t\t\t\t\t<div class=\"elementor-column elementor-col-100 elementor-top-column elementor-element elementor-element-11aaafe\" data-id=\"11aaafe\" data-element_type=\"column\">\n\t\t\t<div class=\"elementor-widget-wrap elementor-element-populated\">\n\t\t\t\t\t\t<div class=\"elementor-element elementor-element-5c301ac elementor-widget elementor-widget-html\" data-id=\"5c301ac\" data-element_type=\"widget\" data-widget_type=\"html.default\">\n\t\t\t\t<div class=\"elementor-widget-container\">\n\t\t\t\r\n\r\n\r\n<title><b>PORTARIA N. 613\/2019<\/b><\/title>\r\n\r\n\r\n<div align=\"center\"><img decoding=\"async\" src=\"https:\/\/www.ufsm.br\/pro-reitorias\/proplan\/wp-content\/uploads\/sites\/344\/2019\/09\/brasao-da-republica-do-brasil-logo.png\" alt=\"Bras\u00e3o Rep\u00fablica Federativa do Brasil\" width=\"6%\" height=\"6%\"><\/div>    \r\n<h1><font color=\"blue\"><font size=\"5\"><div align=\"center\">MINIST\u00c9RIO DA EDUCA\u00c7\u00c3O<\/b><\/font><\/font><\/div><\/H1>\r\n<p><b><font color=\"0000blue\"><div align=\"center\">UNIVERSIDADE FEDERAL DE SANTA MARIA<\/b><\/font><\/div><\/p>\r\n<p><div align=\"center\"><b><a href=\"https:\/\/portal.ufsm.br\/documentos\/publico\/documento.html?id=12876010\" target=\"_blank\"><font color=\"blue\">PORTARIA N. 613, DE 16 DE DEZEMBRO DE 2019<\/font><\/a><\/b><\/div><\/p>\r\n<br>\r\n<div align=\"justify\"> Revogada pela \r\n<a href=\"https:\/\/www.ufsm.br\/pro-reitorias\/proplan\/resolucao-ufsm-n-238-2025\" style=\"text-decoration: none\">\r\n<font color=\"blue\">\r\n<u>Resolu\u00e7\u00e3o UFSM n\u00b0 238\/2025\r\n<\/u>\r\n<\/font>\r\n<\/a>\r\n<\/div>\r\n<s>\r\n<br><div align=\"justify\">\r\n<p>O VICE DIRETOR NO EXERC\u00cdCIO DA DIRE\u00c7\u00c3O DO COL\u00c9GIO T\u00c9CNICO INDUSTRIAL DE SANTA MARIA DA UNIVERSIDADE FEDERAL DE SANTA, no uso de suas atribui\u00e7\u00f5es legais e estatut\u00e1rias, e tendo em vista:<\/p>\r\n<p>\u2013 o Art. 56 da <a href=\"http:\/\/www.planalto.gov.br\/ccivil_03\/leis\/l9394.htm\" target=\"_blank\"><font color=\"blue\"><u>Lei N. 9.394, de 20 de dezembro de 1996<\/u><\/font><\/a>, que estabelece as diretrizes e bases da educa\u00e7\u00e3o nacional;<\/p>\r\n<p>\u2013 o <a href=\"http:\/\/www.planalto.gov.br\/ccivil_03\/_ato2015-2018\/2017\/decreto\/D9191.htm\" target=\"_blank\"><font color=\"blue\"><u>Decreto N. 9.191, de 1\u00b0 de novembro de 2017<\/u><\/font><\/a>, que estabelece as normas e as diretrizes para elabora\u00e7\u00e3o, reda\u00e7\u00e3o, altera\u00e7\u00e3o, consolida\u00e7\u00e3o e encaminhamento de propostas de atos normativos ao Presidente da Rep\u00fablica pelos Ministros de Estado;<\/p>\r\n<p>\u2013 o <a href=\"http:\/\/www.planalto.gov.br\/ccivil_03\/_ato2019-2022\/2019\/decreto\/D9759.htm\" target=\"_blank\"><font color=\"blue\"><u>Decreto N. 9.759, de 11 de abril de 2019<\/u><\/font><\/a>, que extingue e estabelece diretrizes, regras e limita\u00e7\u00f5es para colegiados da administra\u00e7\u00e3o p\u00fablica federal;<\/p>\r\n<br>\r\n<p><b><div align=\"center\">RESOLVE:<\/b><\/div><\/p>\r\n<br>\r\n<p>Art. 1\u00ba Aprovar a recria\u00e7\u00e3o do \u00f3rg\u00e3o colegiado denominado Comiss\u00e3o de Acompanhamento e Avalia\u00e7\u00e3o do Sistema de Reserva de Vagas, vinculado ao Col\u00e9gio T\u00e9cnico Industrial de Santa Maria \u2014 CTISM da estrutura organizacional da Universidade Federal de Santa Maria (UFSM).<\/p>\r\n<br>\r\n<p><b><div align=\"center\">T\u00cdTULO I<\/b><\/div><\/p>\r\n<p><b><div align=\"center\">DAS COMPETENCIAS<\/b><\/div><\/p>\r\n<br>\r\n<p>Art. 2\u00ba A Comiss\u00e3o de Acompanhamento e Avalia\u00e7\u00e3o do Sistema de Reserva de Vagas compete: <\/p>\r\n<p>I - Receber a documenta\u00e7\u00e3o dos candidatos ingressantes no Col\u00e9gio T\u00e9cnico Industrial de Santa Maria e distribui-Ia para os membros da comiss\u00e3o para an\u00e1lise.<\/p>\r\n<p>I - Analisar e emitir parecer consultivo sobre a documenta\u00e7\u00e3o obrigat\u00f3ria a ser apresentada por todos os candidatos, bem como sobre a documenta\u00e7\u00e3o referente \u00e0 respectiva reserva de vaga. <\/p>\r\n<p>III - Agendar e realizar entrevista com os candidatos e respons\u00e1veis, no caso de menores de idade, sempre que se fizer imprescind\u00edvel em fun\u00e7\u00e3o de d\u00favida em rela\u00e7\u00e3o \u00e0 documenta\u00e7\u00e3o apresentada. <\/p>\r\n<p>IV - Atuar de forma consultiva, apresentando ao Departamento de Ensino do Col\u00e9gio T\u00e9cnico Industrial de Santa Maria a rela\u00e7\u00e3o de candidatos com documenta\u00e7\u00e3o deferida e indeferida para divulga\u00e7\u00e3o e eventuais chamadas que sejam necess\u00e1rias.<\/p>\r\n<br>\r\n<p><b><div align=\"center\">T\u00cdTULO II<\/b><\/div><\/p>\r\n<p><b><div align=\"center\">DA COMPOSI\u00c7AO E AUTORIDADE<\/b><\/div><\/p>\r\n<br>\r\n<p>Art. 3\u00ba A Comiss\u00e3o de Acompanhamento e Avalia\u00e7\u00e3o do Sistema de Reserva de Vagas ser\u00e1 composta de sete membros efetivos, devendo ser assegurado, pelo menos, setenta por cento dos assentos para o segmento docente. <\/p>\r\n<p>Par\u00e1grafo \u00danico: O(A) Presidente da Comiss\u00e3o de Acompanhamento e Avalia\u00e7\u00e3o do Sistema de Reserva de Vagas ser\u00e1 indicado pelo Diretor do Col\u00e9gio T\u00e9cnico Industrial de Santa Maria. <\/p>\r\n<br>\r\n<p><b><div align=\"center\">T\u00cdTULO III<\/b><\/div><\/p>\r\n<p><b><div align=\"center\">DO QU\u00d3RUM DE REUNIAO E DE VOTA\u00c7\u00c3O<\/b><\/div><\/p>\r\n<br>\r\n<p>Art. 4\u00ba Comiss\u00e3o de Acompanhamento e Avalia\u00e7\u00e3o do Sistema de Reserva de Vagas deliberar\u00e1 com a maioria simples de seus membros <\/p>\r\n<br>\r\n<p><b><div align=\"center\">T\u00cdTULO IV<\/b><\/div><\/p>\r\n<p><b><div align=\"center\">DA PERIODICIDADE DAS REUNI\u00d5ES<\/b><\/div><\/p>\r\n<br>\r\n<p>Art. 5\u00ba A Comiss\u00e3o de Acompanhamento e Avalia\u00e7\u00e3o do Sistema de Reserva de Vagas reunir-se-\u00e1, ordinariamente, em reuni\u00f5es pr\u00e9-definidas em calend\u00e1rio estabelecido na primeira reuni\u00e3o do ano e, extraordinariamente, sempre que houver demanda, por convoca\u00e7\u00e3o do(a) presidente. <\/p>\r\n<br>\r\n<p><b><div align=\"center\">T\u00cdTULO V<\/b><\/div><\/p>\r\n<p><b><div align=\"center\">DO \u00d3RGAO DE APOIO ADMINISTRATIVO<\/b><\/div><\/p>\r\n<br>\r\n<p>Art. 6\u00ba O Departamento de Ensino do CTISM ser\u00e1 o \u00f3rg\u00e3o respons\u00e1vel por prestar o apoio administrativo \u00e0 Comiss\u00e3o de Acompanhamento e Avalia\u00e7\u00e3o do Sistema de Reserva de Vagas. <\/p>\r\n<br>\r\n<p><b><div align=\"center\">T\u00cdTULO VI<\/b><\/div><\/p>\r\n<p><b><div align=\"center\">DO MEMBROS NAO NATOS<\/b><\/div><\/p>\r\n<br>\r\n<p>Art. 7\u00ba Os membros da Comiss\u00e3o de Acompanhamento e Avalia\u00e7\u00e3o do Sistema de Reserva de Vagas ser\u00e3o indicados pelo(a) Presidente da comiss\u00e3o e designados pelo Diretor do CTISM. <\/p>\r\n<br>\r\n<p><b><div align=\"center\">T\u00cdTULO VII<\/b><\/div><\/p>\r\n<p><b><div align=\"center\">DOS RELATORIOS PERIODICOS E Do RELATORIO FINAL<\/b><\/div><\/p>\r\n<br>\r\n<p>Art. 8\u00ba A Comiss\u00e3o de Acompanhamento e Avalia\u00e7\u00e3o do Sistema de Reserva de Vagas encaminhar\u00e1 \u00e0 Dire\u00e7\u00e3o do CTISM um relat\u00f3rio ap\u00f3s o encerramento de cada processo seletivo. <\/p>\r\n<br>\r\n<p><b><div align=\"center\">T\u00cdTULO X<\/b><\/div><\/p>\r\n<p><b><div align=\"center\">DAS DISPOSI\u00c7OES GERAIS E TRANSITORIAS<\/b><\/div><\/p>\r\n<br>\r\n<p>Art. 9\u00ba \u00c9 vedada a divulga\u00e7\u00e3o de discuss\u00f5es em curso sem a pr\u00e9via anu\u00eancia do Diretor do CTISM. <\/p>\r\n<p>Art. 10 A participa\u00e7\u00e3o dos membros deste \u00f3rg\u00e3o colegiado ser\u00e1 considerada presta\u00e7\u00e3o de servi\u00e7o p\u00fablico relevante, e n\u00e3o ser\u00e1 remunerada.<\/p>\r\n<p>Art. 11 As reuni\u00f5es deste \u00f3rg\u00e3o colegiado cujos membros estejam em entes federativos diversos ser\u00e3o realizadas por videoconfer\u00eancia; <\/p>\r\n<p>Par\u00e1grafo \u00fanico. Na hip\u00f3tese de ser demonstrada, de modo fundamentado, a inviabilidade ou a inconveni\u00eancia de se realizar a reuni\u00e3o por videoconfer\u00eancia, ser\u00e3o estimados os gastos com di\u00e1rias e passagens dos membros deste colegiado, assim como, a comprova\u00e7\u00e3o da disponibilidade or\u00e7ament\u00e1ria e financeira para o exerc\u00edcio em curso. <\/p>\r\n\r\n<p>Art. 12 Breve resumo das reuni\u00f5es do \u00f3rg\u00e3o colegiado antecessor a este, ocorridas nos anos de 2018 e 2019, com as medidas decorrentes de tais reuni\u00f5es \u00e9 parte anexa desta Portaria. <\/p>\r\n<p>Art. 13 \u00c9 vedada a possibilidade de cria\u00e7\u00e3o de subcolegiados por ato deste colegiado, exceto se na presente Portaria houver: <\/p>\r\n<p>I - limitado o n\u00famero m\u00e1ximo de seus membros; <\/p>\r\n<p>II - estabelecido car\u00e1ter tempor\u00e1rio e dura\u00e7\u00e3o n\u00e3o superior a um ano; ou <\/p>\r\n<p>III - fixado o n\u00famero m\u00e1ximo de subcolegiados que poder\u00e3o operar simultaneamente. <\/p>\r\n<p>Par\u00e1grafo \u00fanico. A mera necessidade de reuni\u00f5es eventuais para debate, articula\u00e7\u00e3o ou trabalho que envolva agentes p\u00fablicos da administra\u00e7\u00e3o p\u00fablica federal n\u00e3o ser\u00e1 admitida como fundamento para as propostas de que trata o caput. <\/p>\r\n\r\n<p>Art. 14 Esta Portaria entrar\u00e1 em vigor na data de sua assinatura, revogadas as disposi\u00e7\u00f5es em contr\u00e1rio. <\/p><\/s>\r\n\r\n<p>FABIO TEIXEIRA FRANCISCATO, <\/p>\r\n<p>Vice Diretor.<\/p>\r\n<p><font color=\"red0000\">Este texto n\u00e3o substitui o documento original, publicado no Portal de Documentos.<\/font> Dispon\u00edvel em: <a href=\"https:\/\/portal.ufsm.br\/documentos\/publico\/documento.html?id=12876010\" target=\"_blank\"><font color=\"blue\">https:\/\/portal.ufsm.br\/documentos\/publico\/documento.html?id=12876010<\/font><\/a>\r\n\r\n\t\t<\/div>\n\t\t\t\t<\/div>\n\t\t\t\t\t<\/div>\n\t\t<\/div>\n\t\t\t\t\t<\/div>\n\t\t<\/section>\n\t\t\t\t<\/div>\n\t\t","protected":false},"excerpt":{"rendered":"<p>PORTARIA N. 613\/2019 MINIST\u00c9RIO DA EDUCA\u00c7\u00c3O UNIVERSIDADE FEDERAL DE SANTA MARIA PORTARIA N. 613, DE 16 DE DEZEMBRO DE 2019 Revogada pela Resolu\u00e7\u00e3o UFSM n\u00b0 238\/2025 O VICE DIRETOR NO EXERC\u00cdCIO DA DIRE\u00c7\u00c3O DO COL\u00c9GIO T\u00c9CNICO INDUSTRIAL DE SANTA MARIA DA UNIVERSIDADE FEDERAL DE SANTA, no uso de suas atribui\u00e7\u00f5es legais e estatut\u00e1rias, e tendo [&hellip;]<\/p>\n","protected":false},"author":205,"featured_media":0,"parent":0,"menu_order":0,"comment_status":"closed","ping_status":"closed","template":"","meta":{"footnotes":""},"categories":[],"tags":[],"class_list":["post-4301","page","type-page","status-publish","hentry"],"acf":[],"_links":{"self":[{"href":"https:\/\/www.ufsm.br\/pro-reitorias\/proplan\/wp-json\/wp\/v2\/pages\/4301","targetHints":{"allow":["GET"]}}],"collection":[{"href":"https:\/\/www.ufsm.br\/pro-reitorias\/proplan\/wp-json\/wp\/v2\/pages"}],"about":[{"href":"https:\/\/www.ufsm.br\/pro-reitorias\/proplan\/wp-json\/wp\/v2\/types\/page"}],"author":[{"embeddable":true,"href":"https:\/\/www.ufsm.br\/pro-reitorias\/proplan\/wp-json\/wp\/v2\/users\/205"}],"replies":[{"embeddable":true,"href":"https:\/\/www.ufsm.br\/pro-reitorias\/proplan\/wp-json\/wp\/v2\/comments?post=4301"}],"version-history":[{"count":0,"href":"https:\/\/www.ufsm.br\/pro-reitorias\/proplan\/wp-json\/wp\/v2\/pages\/4301\/revisions"}],"wp:attachment":[{"href":"https:\/\/www.ufsm.br\/pro-reitorias\/proplan\/wp-json\/wp\/v2\/media?parent=4301"}],"wp:term":[{"taxonomy":"category","embeddable":true,"href":"https:\/\/www.ufsm.br\/pro-reitorias\/proplan\/wp-json\/wp\/v2\/categories?post=4301"},{"taxonomy":"post_tag","embeddable":true,"href":"https:\/\/www.ufsm.br\/pro-reitorias\/proplan\/wp-json\/wp\/v2\/tags?post=4301"}],"curies":[{"name":"wp","href":"https:\/\/api.w.org\/{rel}","templated":true}]}}