{"id":4302,"date":"2021-02-25T13:17:30","date_gmt":"2021-02-25T16:17:30","guid":{"rendered":"https:\/\/www.ufsm.br\/pro-reitorias\/proplan\/?page_id=4302"},"modified":"2024-10-24T13:32:12","modified_gmt":"2024-10-24T16:32:12","slug":"portaria-n-97-075-2019","status":"publish","type":"page","link":"https:\/\/www.ufsm.br\/pro-reitorias\/proplan\/portaria-n-97-075-2019","title":{"rendered":"Portaria N. 97.075\/2019"},"content":{"rendered":"\t\t<div data-elementor-type=\"wp-page\" data-elementor-id=\"4302\" class=\"elementor elementor-4302\">\n\t\t\t\t\t\t<section class=\"elementor-section elementor-top-section elementor-element elementor-element-eb472bf elementor-section-boxed elementor-section-height-default elementor-section-height-default\" data-id=\"eb472bf\" data-element_type=\"section\">\n\t\t\t\t\t\t<div class=\"elementor-container elementor-column-gap-default\">\n\t\t\t\t\t<div class=\"elementor-column elementor-col-100 elementor-top-column elementor-element elementor-element-6b1e799\" data-id=\"6b1e799\" data-element_type=\"column\">\n\t\t\t<div class=\"elementor-widget-wrap elementor-element-populated\">\n\t\t\t\t\t\t<div class=\"elementor-element elementor-element-5544f3a elementor-widget elementor-widget-html\" data-id=\"5544f3a\" data-element_type=\"widget\" data-widget_type=\"html.default\">\n\t\t\t\t<div class=\"elementor-widget-container\">\n\t\t\t\r\n\r\n\r\n<title><b>PORTARIA N. 97.075\/2019<\/b><\/title>\r\n\r\n\r\n<div align=\"center\"><img decoding=\"async\" src=\"https:\/\/www.ufsm.br\/pro-reitorias\/proplan\/wp-content\/uploads\/sites\/344\/2019\/09\/brasao-da-republica-do-brasil-logo.png\" alt=\"Bras\u00e3o Rep\u00fablica Federativa do Brasil\" width=\"6%\" height=\"6%\"><\/div>    \r\n<h1><font color=\"blue\"><font size=\"5\"><div align=\"center\">MINIST\u00c9RIO DA EDUCA\u00c7\u00c3O<\/b><\/font><\/font><\/div><\/H1>\r\n<p><b><font color=\"0000blue\"><div align=\"center\">UNIVERSIDADE FEDERAL DE SANTA MARIA<\/b><\/font><\/div><\/p>\r\n<p><div align=\"center\"><b><a href=\"https:\/\/portal.ufsm.br\/documentos\/publico\/documento.html?id=12856627\" target=\"_blank\"><font color=\"blue\">PORTARIA N. 97.075, DE 3 DE DEZEMBRO DE 2019<\/font><\/a><\/b><\/div><\/p>\r\n<br>\r\n<br><div align=\"justify\">\r\n<p>0 VICE-REITOR DA UNIVERSIDADE FEDERAL DE SANTA MARIA, no exerc\u00edcio da Reitoria e no uso de suas atribui\u00e7\u00f5es legais e estatut\u00e1rias, e considerando o que estabelece a Portaria Normativa 23\/2017, Art. 45, Inciso I, resolve:<\/p>\r\n<br>\r\n<p><b>ESTABELECER<\/b> a mudan\u00e7a de endere\u00e7o dos cursos, abaixo listados, , do campus sede da Universidade Federal de Santa Maria, a partir do primeiro semestre letivo do ano de 2020.<\/p>\r\n<br>\r\n\r\n<table><table width=\"50%\">\r\n<tr><td width=\"30%\"><b>Curso (c\u00f3d. e-Mec)<\/b><\/td><td><div align=\"right\"><b>Endere\u00e7o Atual<\/b><\/div><\/td><td><div align=\"right\"><b>Novo Endere\u00e7o<b><\/div><\/td><\/tr>\r\n<tr><td>Direito - Diurno (13850)<\/td><td rowspan=\"2\">Rua Ernesto Barros, n\u00b0 1345 - Bairro Santo Ant\u00f4nio - Cachoeira do Sul - RS<\/td><td rowspan=\"2\"><div align=\"right\"><b>Cidade Universit\u00e1ria Prof. Jos\u00e9 Mariano da Rocha Filho, Avenida Roraima, CAMPUS - SANTA MARIA - CAMOBI,1000 - Camobi - CEP:97105-900\r\n(C\u00f3digo e-MEC:657977)\r\n<b><\/div><\/td><\/tr>\r\n<tr><td>Direito - Noturno (41063)<\/td><\/tr>\r\n<\/div><\/table>\r\n\r\n<br>\r\n<p>LUCIANO SCHUCH, <\/p>\r\n<p>Vice-Reitor, no exerc\u00edcio da Reitoria.<\/p>\r\n<p><font color=\"red0000\">Este texto n\u00e3o substitui o documento original, publicado no Portal de Documentos.<\/font> Dispon\u00edvel em: <a href=\"https:\/\/portal.ufsm.br\/documentos\/publico\/documento.html?id=12856627\" target=\"_blank\"><font color=\"blue\">https:\/\/portal.ufsm.br\/documentos\/publico\/documento.html?id=12856627<\/font><\/a>\r\n\r\n\t\t<\/div>\n\t\t\t\t<\/div>\n\t\t\t\t\t<\/div>\n\t\t<\/div>\n\t\t\t\t\t<\/div>\n\t\t<\/section>\n\t\t\t\t<\/div>\n\t\t","protected":false},"excerpt":{"rendered":"<p>PORTARIA N. 97.075\/2019 MINIST\u00c9RIO DA EDUCA\u00c7\u00c3O UNIVERSIDADE FEDERAL DE SANTA MARIA PORTARIA N. 97.075, DE 3 DE DEZEMBRO DE 2019 0 VICE-REITOR DA UNIVERSIDADE FEDERAL DE SANTA MARIA, no exerc\u00edcio da Reitoria e no uso de suas atribui\u00e7\u00f5es legais e estatut\u00e1rias, e considerando o que estabelece a Portaria Normativa 23\/2017, Art. 45, Inciso I, resolve: [&hellip;]<\/p>\n","protected":false},"author":205,"featured_media":0,"parent":0,"menu_order":0,"comment_status":"closed","ping_status":"closed","template":"","meta":{"footnotes":""},"categories":[],"tags":[],"class_list":["post-4302","page","type-page","status-publish","hentry"],"acf":[],"_links":{"self":[{"href":"https:\/\/www.ufsm.br\/pro-reitorias\/proplan\/wp-json\/wp\/v2\/pages\/4302","targetHints":{"allow":["GET"]}}],"collection":[{"href":"https:\/\/www.ufsm.br\/pro-reitorias\/proplan\/wp-json\/wp\/v2\/pages"}],"about":[{"href":"https:\/\/www.ufsm.br\/pro-reitorias\/proplan\/wp-json\/wp\/v2\/types\/page"}],"author":[{"embeddable":true,"href":"https:\/\/www.ufsm.br\/pro-reitorias\/proplan\/wp-json\/wp\/v2\/users\/205"}],"replies":[{"embeddable":true,"href":"https:\/\/www.ufsm.br\/pro-reitorias\/proplan\/wp-json\/wp\/v2\/comments?post=4302"}],"version-history":[{"count":0,"href":"https:\/\/www.ufsm.br\/pro-reitorias\/proplan\/wp-json\/wp\/v2\/pages\/4302\/revisions"}],"wp:attachment":[{"href":"https:\/\/www.ufsm.br\/pro-reitorias\/proplan\/wp-json\/wp\/v2\/media?parent=4302"}],"wp:term":[{"taxonomy":"category","embeddable":true,"href":"https:\/\/www.ufsm.br\/pro-reitorias\/proplan\/wp-json\/wp\/v2\/categories?post=4302"},{"taxonomy":"post_tag","embeddable":true,"href":"https:\/\/www.ufsm.br\/pro-reitorias\/proplan\/wp-json\/wp\/v2\/tags?post=4302"}],"curies":[{"name":"wp","href":"https:\/\/api.w.org\/{rel}","templated":true}]}}