{"id":4303,"date":"2021-02-25T13:19:28","date_gmt":"2021-02-25T16:19:28","guid":{"rendered":"https:\/\/www.ufsm.br\/pro-reitorias\/proplan\/?page_id=4303"},"modified":"2023-01-03T11:00:54","modified_gmt":"2023-01-03T14:00:54","slug":"portaria-n-87-931-2018","status":"publish","type":"page","link":"https:\/\/www.ufsm.br\/pro-reitorias\/proplan\/portaria-n-87-931-2018","title":{"rendered":"Portaria N. 87.931\/2018"},"content":{"rendered":"\t\t<div data-elementor-type=\"wp-page\" data-elementor-id=\"4303\" class=\"elementor elementor-4303\">\n\t\t\t\t\t\t<section class=\"elementor-section elementor-top-section elementor-element elementor-element-5d94f0b elementor-section-boxed elementor-section-height-default elementor-section-height-default\" data-id=\"5d94f0b\" data-element_type=\"section\">\n\t\t\t\t\t\t<div class=\"elementor-container elementor-column-gap-default\">\n\t\t\t\t\t<div class=\"elementor-column elementor-col-100 elementor-top-column elementor-element elementor-element-4cb07af\" data-id=\"4cb07af\" data-element_type=\"column\">\n\t\t\t<div class=\"elementor-widget-wrap elementor-element-populated\">\n\t\t\t\t\t\t<div class=\"elementor-element elementor-element-d3e7e38 elementor-widget elementor-widget-html\" data-id=\"d3e7e38\" data-element_type=\"widget\" data-widget_type=\"html.default\">\n\t\t\t\t<div class=\"elementor-widget-container\">\n\t\t\t\r\n\r\n\r\n<title><b>PORTARIA N. 87.931\/2018<\/b><\/title>\r\n\r\n\r\n<div align=\"center\"><img decoding=\"async\" src=\"https:\/\/www.ufsm.br\/pro-reitorias\/proplan\/wp-content\/uploads\/sites\/344\/2019\/09\/brasao-da-republica-do-brasil-logo.png\" alt=\"Bras\u00e3o Rep\u00fablica Federativa do Brasil\" width=\"6%\" height=\"6%\"><\/div>    \r\n<h1><font color=\"blue\"><font size=\"5\"><div align=\"center\">MINIST\u00c9RIO DA EDUCA\u00c7\u00c3O<\/b><\/font><\/font><\/div><\/H1>\r\n<p><b><font color=\"0000blue\"><div align=\"center\">UNIVERSIDADE FEDERAL DE SANTA MARIA<\/b><\/font><\/div><\/p>\r\n\r\n<p><div align=\"center\"><b><a href=\"https:\/\/portal.ufsm.br\/documentos\/publico\/documento.html?id=8887212\" target=\"_blank\"><font color=\"blue\">PORTARIA N. 87.931, DE 27 DE FEVEREIRO DE 2018<\/font><\/a><\/b><\/div><\/p>\r\n<br>\r\n<p><div align=\"right\"><font color=\"800000\"><s>Disp\u00f5e sobre a Remo\u00e7\u00e3o entre Campi da UFSM e a Redistribui\u00e7\u00e3o de servidores docentes para a UFSM.<\/s><\/font><\/div><\/p>\r\n<br>\r\n<p><a href=\"https:\/\/www.ufsm.br\/pro-reitorias\/proplan\/portaria-normativa-ufsm-n-055-2022\/\"><font color=\"blue\">Revogada pela Portaria Normativa N. 055\/2022<\/font><\/a><\/p>\r\n<br><div align=\"justify\">\r\n<p><s>O REITOR DA UNIVERSIDADE FEDERAL DE SANTA MARIA, no uso de suas atribui\u00e7\u00f5es legais e regulamentares, considerando o disposto no artigo 30, inciso VIII, do <a href=\"https:\/\/www.ufsm.br\/pro-reitorias\/proplan\/estatuto-ufsm-2010\/\" target=\"_blank\"><font color=\"blue\"><u>Estatuto<\/u><\/font><\/a> da Universidade Federal de Santa Maria e nos artigos 36 e 37 da <a href=\"http:\/\/www.planalto.gov.br\/ccivil_03\/leis\/l8112cons.htm\" target=\"_blank\"><font color=\"blue\"><u>Lei n\u00ba 8.112\/1990<\/u><\/font><\/a>, resolve: <\/p>\r\n<br>\r\n<p><b><div align=\"center\">RESOLVE:<\/b><\/div><\/p>\r\n<br>\r\n<p><b><div align=\"center\">SE\u00c7\u00c3O I<\/b><\/div><\/p>\r\n<p><b><div align=\"center\">Disposi\u00e7\u00f5es Gerais<\/b><\/div><\/p>\r\n<br>\r\n<p>Art. 1\u00ba O presente ato regulamenta a remo\u00e7\u00e3o e a redistribui\u00e7\u00e3o dos servidores docentes, conforme os artigos 36 e 37 da <a href=\"http:\/\/www.planalto.gov.br\/ccivil_03\/leis\/l8112cons.htm\" target=\"_blank\"><font color=\"blue\"><u>Lei n\u00ba 8.112\/1990<\/u><\/font><\/a>, para o deslocamento de lota\u00e7\u00e3o e exerc\u00edcio no \u00e2mbito da Universidade Federal de Santa Maria. <\/p>\r\n<p>Par\u00e1grafo \u00danico - Somente poder\u00e1 ser realizada remo\u00e7\u00e3o e\/ou redistribui\u00e7\u00e3o n\u00e3o havendo concurso p\u00fablico em vigor, com candidatos aprovados dentro do limite de vagas ofertadas em remo\u00e7\u00e3o e\/ou redistribui\u00e7\u00e3o. <\/p>\r\n\r\n<p>Art. 2\u00ba Para fins desta Portaria considera-se como \u00f3rg\u00e3os de lota\u00e7\u00e3o: o Campus Sede da Universidade Federal de Santa Maria, o Campus de Frederico Westphalen, o Campus de Palmeira das Miss\u00f5es, o Campus de Cachoeira do Sul e o Centro de Apoio \u00e0 Pesquisa Paleontol\u00f3gica - CAPPA da UFSM.<\/p>\r\n<p>\u00a7 1\u00ba Nas cidades onde n\u00e3o houver quaisquer dos \u00f3rg\u00e3os previstos no caput, poder\u00e1 haver, excepcionalmente, a lota\u00e7\u00e3o de servidores docentes, desde que devidamente justificada pela chefia imediata e autorizada pela Reitoria.<\/p>\r\n<p>\u00a7 2\u00ba Os servidores docentes, atualmente lotados nos diversos campi da UFSM, ressalvado o disposto no \u00a7 1\u00ba, ficam lotados nas unidades\/subunidades atuais situadas no respectivo munic\u00edpio. <\/p>\r\n<p>\u00a7 3\u00ba A unidade\/subunidade universit\u00e1ria representa o \u00f3rg\u00e3o de exerc\u00edcio dos servidores.<\/p>\r\n<br>\r\n<p><b><div align=\"center\">SE\u00c7\u00c3O II<\/b><\/div><\/p>\r\n<p><b><div align=\"center\">Remo\u00e7\u00e3o<\/b><\/div><\/p>\r\n<br>\r\n<p>Art. 3\u00ba Para efeitos desta Portaria, remo\u00e7\u00e3o \u00e9 o deslocamento de lota\u00e7\u00e3o ou de exerc\u00edcio de servidores docentes no \u00e2mbito da Universidade Federal de Santa Maria, com mudan\u00e7a de sede.<\/p>\r\n<p>Art. 4 S\u00e3o modalidades de remo\u00e7\u00e3o, disciplinadas por esta portaria: <\/p>\r\n<p>I - de of\u00edcio, a crit\u00e9rio da administra\u00e7\u00e3o; <\/p>\r\n<p>II - a pedido do servidor, a crit\u00e9rio da Administra\u00e7\u00e3o<\/p>\r\n<p>\u00a71\u00ba Para os casos de remo\u00e7\u00e3o previstos nos incisos I e II, \u00e9 necess\u00e1ria manifesta\u00e7\u00e3o da Pr\u00f3-Reitoria de Gest\u00e3o de Pessoas (PROGEP) e autoriza\u00e7\u00e3o expressa do Reitor, ouvidos o \u00f3rg\u00e3o de lota\u00e7\u00e3o oficial de origem do servidor e o \u00f3rg\u00e3o de sua futura lota\u00e7\u00e3o. <\/p>\r\n<p>\u00a72\u00b0 Os docentes a serem removidos conforme os incisos I e II, dever\u00e3o ser est\u00e1veis no cargo, possuir t\u00edtulo de Doutor na \u00e1rea acad\u00eamica e\/ou cient\u00edfica da subunidade de destino com parecer favor\u00e1vel dos respectivos colegiados de Curso de Gradua\u00e7\u00e3o, do Departamento, do Programa de P\u00f3s-Gradua\u00e7\u00e3o e do Conselho da unidade de destino.<\/p>\r\n<p>\u00a73\u00b0 O docente a ser removido dever\u00e1 preencher os crit\u00e9rios de professor permanente de Programa de P\u00f3s-Gradua\u00e7\u00e3o da unidade de destino. <\/p>\r\n<p>Art. 5\u00ba O docente somente poder\u00e1 deslocar-se de sua unidade de lota\u00e7\u00e3o para a nova unidade de lota\u00e7\u00e3o, quando da emiss\u00e3o de portaria de remo\u00e7\u00e3o com data equivalente ao exerc\u00edcio do novo servidor na unidade de origem. <\/p>\r\n<p>Art. 6\u00ba A remo\u00e7\u00e3o de docentes da carreira do Ensino B\u00e1sico, T\u00e9cnico e Tecnol\u00f3gico ocorrer\u00e1 mediante aprova\u00e7\u00e3o dos Conselhos das unidades envolvidas. <\/p>\r\n<br>\r\n<p><b><div align=\"center\">SE\u00c7\u00c3O III<\/b><\/div><\/p>\r\n<p><b><div align=\"center\">Redistribui\u00e7\u00e3o<\/b><\/div><\/p>\r\n<br>\r\n<p>Art. 7\u00ba Redistribui\u00e7\u00e3o \u00e9 o deslocamento de cargo de provimento efetivo, ocupado ou vago no \u00e2mbito do quadro geral de pessoal, para outro \u00f3rg\u00e3o ou entidade do mesmo Poder, com pr\u00e9via aprecia\u00e7\u00e3o do \u00f3rg\u00e3o central do Sistema de Pessoal Civil do Governo Federal. <\/p>\r\n<p>\u00a71\u00ba \u00c9 necess\u00e1ria manifesta\u00e7\u00e3o da Pr\u00f3-Reitoria de Gest\u00e3o de Pessoas (PROGEP) e autoriza\u00e7\u00e3o expressa do Reitor, ouvidos o \u00f3rg\u00e3o de lota\u00e7\u00e3o oficial de origem do servidor e o \u00f3rg\u00e3o de sua futura lota\u00e7\u00e3o. <\/p>\r\n<p>\u00a72\u00ba Os servidores ocupantes do cargo de Professor da Carreira do Magist\u00e9rio Superior dever\u00e3o possuir o t\u00edtulo de doutor, na \u00e1rea acad\u00eamica e\/ou cient\u00edfica da subunidade de destino, ressalvadas as hip\u00f3teses trazidas no art. 8\u00ba, \u00a73\u00ba da <a href=\"http:\/\/www.planalto.gov.br\/ccivil_03\/_ato2011-2014\/2012\/lei\/l12772.htm\" target=\"_blank\"><font color=\"blue\"><u>Lei n\u00ba 12.772\/2012<\/u><\/font><\/a>, com parecer favor\u00e1vel dos respectivos colegiados de curso de gradua\u00e7\u00e3o, do departamento, do Programa de P\u00f3s-gradua\u00e7\u00e3o e do Conselho da unidade de destino. <\/p>\r\n<p>\u00a73\u00ba Os servidores ocupantes do cargo de Professor da Carreira do Magist\u00e9rio do Ensino B\u00e1sico, T\u00e9cnico e Tecnol\u00f3gico - EBTT, dever\u00e3o possuir a titula\u00e7\u00e3o prevista no art. 10 da <a href=\"http:\/\/www.planalto.gov.br\/ccivil_03\/_ato2011-2014\/2012\/lei\/l12772.htm\" target=\"_blank\"><font color=\"blue\"><u>Lei n\u00ba 12.772\/2012<\/u><\/font><\/a>, podendo estes requisitos sofrerem altera\u00e7\u00e3o mediante modifica\u00e7\u00e3o legislativa.<\/p>\r\n<p>\u00a74\u00ba O docente a ser redistribu\u00eddo dever\u00e1 preencher os crit\u00e9rios de professor permanente do programa de p\u00f3s-gradua\u00e7\u00e3o da subunidade de destino. <\/p>\r\n<p>\u00a75\u00ba Na aprecia\u00e7\u00e3o do pedido de redistribui\u00e7\u00e3o, a autoridade competente utilizar\u00e1, dentre outros, as avalia\u00e7\u00f5es peri\u00f3dicas de desempenho, realizadas pelo \u00f3rg\u00e3o ou entidade de origem, para fundamentar sua decis\u00e3o. <\/p>\r\n<p>\u00a76\u00ba Os docentes a serem redistribu\u00eddos dever\u00e3o possuir pelo menos uma avalia\u00e7\u00e3o de desempenho de est\u00e1gio probat\u00f3rio conclu\u00edda, conforme a regulamenta\u00e7\u00e3o da institui\u00e7\u00e3o de origem. <\/p>\r\n<br>\r\n<p><b><div align=\"center\">SE\u00c7\u00c3O IV<\/b><\/div><\/p>\r\n<p><b><div align=\"center\">Disposi\u00e7\u00f5es Finais<\/b><\/div><\/p>\r\n<br>\r\n<p>Art. 8\u00ba O Reitor publicar\u00e1 ato efetivando as remo\u00e7\u00f5es e a Secretaria Executiva do Minist\u00e9rio da Educa\u00e7\u00e3o publicar\u00e1 as redistribui\u00e7\u00f5es. <\/p>\r\n<p>Par\u00e1grafo \u00danico - O prazo para o exerc\u00edcio na nova unidade de lota\u00e7\u00e3o ser\u00e1 de, no m\u00ednimo, 10 (dez) dias e, no m\u00e1ximo, 30 (trinta) dias, conforme art. 18 da <a href=\"http:\/\/www.planalto.gov.br\/ccivil_03\/leis\/l8112cons.htm\" target=\"_blank\"><font color=\"blue\"><u>Lei n\u00ba. 8.112\/1990<\/u><\/font><\/a>. <\/p>\r\n<p>Art. 9\u00ba Os casos omissos ser\u00e3o resolvidos pela Pr\u00f3-Reitoria de Gest\u00e3o de Pessoas (PROGEP), cabendo um \u00fanico recurso, este dirigido ao Magn\u00edfico Reitor da UFSM. <\/p>\r\n<p>Art. 10. Esta Portaria entra em vigor na data de sua publica\u00e7\u00e3o, revogadas as disposi\u00e7\u00f5es em contr\u00e1rio.<\/p>\r\n<br>\r\n<p>PAULO AFONSO BURMANN<\/s><\/p>\r\n\r\n<p><font color=\"red0000\">Este texto n\u00e3o substitui o documento original, publicado no Portal de Documentos.<\/font> Dispon\u00edvel em: <a href=\"https:\/\/portal.ufsm.br\/documentos\/publico\/documento.html?id=8887212\"><font color=\"blue\">https:\/\/portal.ufsm.br\/documentos\/publico\/documento.html?id=8887212<\/font><\/a>\r\n\r\n\t\t<\/div>\n\t\t\t\t<\/div>\n\t\t\t\t\t<\/div>\n\t\t<\/div>\n\t\t\t\t\t<\/div>\n\t\t<\/section>\n\t\t\t\t<\/div>\n\t\t","protected":false},"excerpt":{"rendered":"<p>PORTARIA N. 87.931\/2018 MINIST\u00c9RIO DA EDUCA\u00c7\u00c3O UNIVERSIDADE FEDERAL DE SANTA MARIA PORTARIA N. 87.931, DE 27 DE FEVEREIRO DE 2018 Disp\u00f5e sobre a Remo\u00e7\u00e3o entre Campi da UFSM e a Redistribui\u00e7\u00e3o de servidores docentes para a UFSM. Revogada pela Portaria Normativa N. 055\/2022 O REITOR DA UNIVERSIDADE FEDERAL DE SANTA MARIA, no uso de suas [&hellip;]<\/p>\n","protected":false},"author":205,"featured_media":0,"parent":0,"menu_order":0,"comment_status":"closed","ping_status":"closed","template":"","meta":{"footnotes":""},"categories":[],"tags":[],"class_list":["post-4303","page","type-page","status-publish","hentry"],"acf":[],"_links":{"self":[{"href":"https:\/\/www.ufsm.br\/pro-reitorias\/proplan\/wp-json\/wp\/v2\/pages\/4303","targetHints":{"allow":["GET"]}}],"collection":[{"href":"https:\/\/www.ufsm.br\/pro-reitorias\/proplan\/wp-json\/wp\/v2\/pages"}],"about":[{"href":"https:\/\/www.ufsm.br\/pro-reitorias\/proplan\/wp-json\/wp\/v2\/types\/page"}],"author":[{"embeddable":true,"href":"https:\/\/www.ufsm.br\/pro-reitorias\/proplan\/wp-json\/wp\/v2\/users\/205"}],"replies":[{"embeddable":true,"href":"https:\/\/www.ufsm.br\/pro-reitorias\/proplan\/wp-json\/wp\/v2\/comments?post=4303"}],"version-history":[{"count":0,"href":"https:\/\/www.ufsm.br\/pro-reitorias\/proplan\/wp-json\/wp\/v2\/pages\/4303\/revisions"}],"wp:attachment":[{"href":"https:\/\/www.ufsm.br\/pro-reitorias\/proplan\/wp-json\/wp\/v2\/media?parent=4303"}],"wp:term":[{"taxonomy":"category","embeddable":true,"href":"https:\/\/www.ufsm.br\/pro-reitorias\/proplan\/wp-json\/wp\/v2\/categories?post=4303"},{"taxonomy":"post_tag","embeddable":true,"href":"https:\/\/www.ufsm.br\/pro-reitorias\/proplan\/wp-json\/wp\/v2\/tags?post=4303"}],"curies":[{"name":"wp","href":"https:\/\/api.w.org\/{rel}","templated":true}]}}