{"id":4305,"date":"2021-02-25T13:19:50","date_gmt":"2021-02-25T16:19:50","guid":{"rendered":"https:\/\/www.ufsm.br\/pro-reitorias\/proplan\/?page_id=4305"},"modified":"2021-03-02T14:50:21","modified_gmt":"2021-03-02T17:50:21","slug":"portaria-n-90-602-2018","status":"publish","type":"page","link":"https:\/\/www.ufsm.br\/pro-reitorias\/proplan\/portaria-n-90-602-2018","title":{"rendered":"Portaria N. 90.602\/2018"},"content":{"rendered":"\t\t<div data-elementor-type=\"wp-page\" data-elementor-id=\"4305\" class=\"elementor elementor-4305\">\n\t\t\t\t\t\t<section class=\"elementor-section elementor-top-section elementor-element elementor-element-06aeffd elementor-section-boxed elementor-section-height-default elementor-section-height-default\" data-id=\"06aeffd\" data-element_type=\"section\">\n\t\t\t\t\t\t<div class=\"elementor-container elementor-column-gap-default\">\n\t\t\t\t\t<div class=\"elementor-column elementor-col-100 elementor-top-column elementor-element elementor-element-f84827d\" data-id=\"f84827d\" data-element_type=\"column\">\n\t\t\t<div class=\"elementor-widget-wrap elementor-element-populated\">\n\t\t\t\t\t\t<div class=\"elementor-element elementor-element-b1a81c9 elementor-widget elementor-widget-html\" data-id=\"b1a81c9\" data-element_type=\"widget\" data-widget_type=\"html.default\">\n\t\t\t\t<div class=\"elementor-widget-container\">\n\t\t\t\r\n\r\n\r\n<title><b>PORTARIA N. 90.602\/2018<\/b><\/title>\r\n\r\n\r\n<div align=\"center\"><img decoding=\"async\" src=\"https:\/\/www.ufsm.br\/pro-reitorias\/proplan\/wp-content\/uploads\/sites\/344\/2019\/09\/brasao-da-republica-do-brasil-logo.png\" alt=\"Bras\u00e3o Rep\u00fablica Federativa do Brasil\" width=\"6%\" height=\"6%\"><\/div>    \r\n<h1><font color=\"blue\"><font size=\"5\"><div align=\"center\">MINIST\u00c9RIO DA EDUCA\u00c7\u00c3O<\/b><\/font><\/font><\/div><\/H1>\r\n<p><b><font color=\"0000blue\"><div align=\"center\">UNIVERSIDADE FEDERAL DE SANTA MARIA<\/b><\/font><\/div><\/p>\r\n\r\n<p><div align=\"center\"><b><a href=\"https:\/\/portal.ufsm.br\/documentos\/publico\/documento.html?id=11072004\" target=\"_blank\"><font color=\"blue\">PORTARIA N. 90.602, DE 27 DE AGOSTO DE 2018.<\/font><\/a><\/b><\/div><\/p>\r\n<br>\r\n<p><a href=\"https:\/\/www.ufsm.br\/pro-reitorias\/proplan\/portaria-normativa-ufsm-n-018-2021\/\" target=\"_blank\"><font color=\"blue\">Revogada pela Portaria Normativa N. 018\/2021<\/font><\/a>\r\n<br><div align=\"justify\">\r\n<strike>\r\n<p>O REITOR DA UNIVERSIDADE FEDERAL DE SANTA MARIA, no uso de suas atribui\u00e7\u00f5es que lhe confere o artigo 30 do <a href=\"https:\/\/www.ufsm.br\/pro-reitorias\/proplan\/estatuto-ufsm-2010\/\" target=\"_blank\"><font color=\"blue\"><u>Estatuto<\/u><\/font><\/a>, aprovado pela Portaria de n. 156, de 12 de mar\u00e7o de 2014 do Secret\u00e1rio de Regula\u00e7\u00e3o e Supervis\u00e3o da Educa\u00e7\u00e3o Superior e considerando: <\/p>\r\n<p>- O disposto na <a href=\"http:\/\/www.planalto.gov.br\/ccivil_03\/leis\/l8112cons.htm\" target=\"_blank\"><font color=\"blue\"><u>Lei 8.112, de 11 de dezembro de 1990<\/u><\/font><\/a>, com a reda\u00e7\u00e3o dada pela <a href=\"http:\/\/www.planalto.gov.br\/ccivil_03\/leis\/l9527.htm\" target=\"_blank\"><font color=\"blue\"><u>Lei 9.527, de 10 de dezembro de 1997<\/u><\/font><\/a>; <\/p>\r\n<p>- O disposto no <a href=\"http:\/\/www.planalto.gov.br\/ccivil_03\/decreto\/Antigos\/D948.htm\" target=\"_blank\"><font color=\"blue\"><u>Decreto n. 948, de 05 de outubro de 1993<\/u><\/font><\/a>;<\/p>\r\n<p>- O disposto no <a href=\"http:\/\/www.planalto.gov.br\/ccivil_03\/decreto\/d1590.htm\" target=\"_blank\"><font color=\"blue\"><u>Decreto n. 1.590, de 10 de agosto de 1995<\/u><\/font><\/a>; <\/p>\r\n<p>- O disposto no <a href=\"http:\/\/www.planalto.gov.br\/ccivil_03\/decreto\/D1867.htm\" target=\"_blank\"><font color=\"blue\"><u>Decreto n. 1.867, de 17 de abril de 1996<\/u><\/font><\/a>; <\/p>\r\n<p>- O disposto no <a href=\"http:\/\/www.planalto.gov.br\/ccivil_03\/decreto\/2003\/D4836.htm\" target=\"_blank\"><font color=\"blue\"><u>Decreto n. 4.836, de 09 de setembro de 2003<\/u><\/font><\/a>;<\/p>\r\n<p>- O princ\u00edpio da efici\u00eancia, previsto no artigo 37 da <a href=\"http:\/\/www.planalto.gov.br\/ccivil_03\/constituicao\/constituicao.htm\" target=\"_blank\"><font color=\"blue\"><u>Constitui\u00e7\u00e3o Federal<\/u><\/font><\/a>; <\/p>\r\n<p>- Os termos da <a href=\"https:\/\/www.ufsm.br\/pro-reitorias\/proplan\/resolucao-n-005-2012\/\" target=\"_blank\"><font color=\"blue\"><u>Resolu\u00e7\u00e3o n. 005\/12 da UFSM<\/u><\/font><\/a>, que regulamenta o controle da frequ\u00eancia dos servidores da UFSM; <\/p>\r\n<p>- Os termos da <a href=\"https:\/\/www.ufsm.br\/pro-reitorias\/proplan\/resolucao-n-010-2013\/\" target=\"_blank\"><font color=\"blue\"><u>Resolu\u00e7\u00e3o n. 010\/13 da UFSM<\/u><\/font><\/a>, que estabelece crit\u00e9rios m\u00ednimos para subsidiar o dirigente m\u00e1ximo na aplica\u00e7\u00e3o da flexibiliza\u00e7\u00e3o da jornada de trabalho, no \u00e2mbito das unidades e subunidades da UFSM; <\/p>\r\n<p>- O que consta do processo <a href=\"https:\/\/portal.ufsm.br\/documentos\/publico\/processo\/documento.html?idDocumento=6895589\" target=\"_blank\"><font color=\"blue\"><u>23081.004930\/2015-70<\/u><\/font><\/a>.<\/p>\r\n<br>\r\n<p><b>RESOLVE:<\/b><\/p>\r\n<br>\r\n<p>Artigo 1\u00ba - Cancelar os efeitos da <a href=\"https:\/\/www.ufsm.br\/pro-reitorias\/proplan\/portaria-n-75-358-2015\/\" target=\"_blank\"><font color=\"blue\"><u>Portaria n. 75.358, de 25 de maio de 2015<\/u><\/font><\/a>, que trata da flexibiliza\u00e7\u00e3o de jornada de trabalho dos servidores da Farm\u00e1cia Escola Comercial do Centro de Ci\u00eancias da Sa\u00fade. <\/p>\r\n<p>Par\u00e1grafo \u00fanico - Os servidores da Farm\u00e1cia Escola Comercial do Centro de Ci\u00eancias da Sa\u00fade devem cumprir carga hor\u00e1ria de 8 (oito) horas di\u00e1rias e 40 (quarenta) horas semanais registradas em ponto eletr\u00f4nico.<\/p> \r\n\r\n<p>Artigo 2\u00ba - Aos servidores lotados na Farm\u00e1cia Escola Comercial aplica-se novamente o disposto na Ordem de Servi\u00e7o n. 03-12 de 29 de novembro de 2012.<\/p>\r\n<p>Artigo 3\u00ba - Esta portaria entrar\u00e1 em vigor na data de sua publica\u00e7\u00e3o. <\/p>\r\n<br>\r\n<p>PAULO AFONSO BURMANN.<\/p>\r\n<\/strike>\r\n<p><font color=\"red0000\">Este texto n\u00e3o substitui o documento original, publicado no Portal de Documentos.<\/font> Dispon\u00edvel em: <a href=\"https:\/\/portal.ufsm.br\/documentos\/publico\/documento.html?id=11072004\"><font color=\"blue\">https:\/\/portal.ufsm.br\/documentos\/publico\/documento.html?id=11072004<\/font><\/a>\r\n\r\n\t\t<\/div>\n\t\t\t\t<\/div>\n\t\t\t\t\t<\/div>\n\t\t<\/div>\n\t\t\t\t\t<\/div>\n\t\t<\/section>\n\t\t\t\t<\/div>\n\t\t","protected":false},"excerpt":{"rendered":"<p>PORTARIA N. 90.602\/2018 MINIST\u00c9RIO DA EDUCA\u00c7\u00c3O UNIVERSIDADE FEDERAL DE SANTA MARIA PORTARIA N. 90.602, DE 27 DE AGOSTO DE 2018. Revogada pela Portaria Normativa N. 018\/2021 O REITOR DA UNIVERSIDADE FEDERAL DE SANTA MARIA, no uso de suas atribui\u00e7\u00f5es que lhe confere o artigo 30 do Estatuto, aprovado pela Portaria de n. 156, de 12 [&hellip;]<\/p>\n","protected":false},"author":205,"featured_media":0,"parent":0,"menu_order":0,"comment_status":"closed","ping_status":"closed","template":"","meta":{"footnotes":""},"categories":[],"tags":[],"class_list":["post-4305","page","type-page","status-publish","hentry"],"acf":[],"_links":{"self":[{"href":"https:\/\/www.ufsm.br\/pro-reitorias\/proplan\/wp-json\/wp\/v2\/pages\/4305","targetHints":{"allow":["GET"]}}],"collection":[{"href":"https:\/\/www.ufsm.br\/pro-reitorias\/proplan\/wp-json\/wp\/v2\/pages"}],"about":[{"href":"https:\/\/www.ufsm.br\/pro-reitorias\/proplan\/wp-json\/wp\/v2\/types\/page"}],"author":[{"embeddable":true,"href":"https:\/\/www.ufsm.br\/pro-reitorias\/proplan\/wp-json\/wp\/v2\/users\/205"}],"replies":[{"embeddable":true,"href":"https:\/\/www.ufsm.br\/pro-reitorias\/proplan\/wp-json\/wp\/v2\/comments?post=4305"}],"version-history":[{"count":0,"href":"https:\/\/www.ufsm.br\/pro-reitorias\/proplan\/wp-json\/wp\/v2\/pages\/4305\/revisions"}],"wp:attachment":[{"href":"https:\/\/www.ufsm.br\/pro-reitorias\/proplan\/wp-json\/wp\/v2\/media?parent=4305"}],"wp:term":[{"taxonomy":"category","embeddable":true,"href":"https:\/\/www.ufsm.br\/pro-reitorias\/proplan\/wp-json\/wp\/v2\/categories?post=4305"},{"taxonomy":"post_tag","embeddable":true,"href":"https:\/\/www.ufsm.br\/pro-reitorias\/proplan\/wp-json\/wp\/v2\/tags?post=4305"}],"curies":[{"name":"wp","href":"https:\/\/api.w.org\/{rel}","templated":true}]}}