{"id":4306,"date":"2021-02-25T13:20:00","date_gmt":"2021-02-25T16:20:00","guid":{"rendered":"https:\/\/www.ufsm.br\/pro-reitorias\/proplan\/?page_id=4306"},"modified":"2021-03-02T14:50:52","modified_gmt":"2021-03-02T17:50:52","slug":"portaria-n-92-024-2018","status":"publish","type":"page","link":"https:\/\/www.ufsm.br\/pro-reitorias\/proplan\/portaria-n-92-024-2018","title":{"rendered":"Portaria N. 92.024\/2018"},"content":{"rendered":"\t\t<div data-elementor-type=\"wp-page\" data-elementor-id=\"4306\" class=\"elementor elementor-4306\">\n\t\t\t\t\t\t<section class=\"elementor-section elementor-top-section elementor-element elementor-element-8063f66 elementor-section-boxed elementor-section-height-default elementor-section-height-default\" data-id=\"8063f66\" data-element_type=\"section\">\n\t\t\t\t\t\t<div class=\"elementor-container elementor-column-gap-default\">\n\t\t\t\t\t<div class=\"elementor-column elementor-col-100 elementor-top-column elementor-element elementor-element-94f940b\" data-id=\"94f940b\" data-element_type=\"column\">\n\t\t\t<div class=\"elementor-widget-wrap elementor-element-populated\">\n\t\t\t\t\t\t<div class=\"elementor-element elementor-element-1780840 elementor-widget elementor-widget-html\" data-id=\"1780840\" data-element_type=\"widget\" data-widget_type=\"html.default\">\n\t\t\t\t<div class=\"elementor-widget-container\">\n\t\t\t\r\n\r\n\r\n<title><b>PORTARIA N. 92.024\/2018<\/b><\/title>\r\n\r\n\r\n<div align=\"center\"><img decoding=\"async\" src=\"https:\/\/www.ufsm.br\/pro-reitorias\/proplan\/wp-content\/uploads\/sites\/344\/2019\/09\/brasao-da-republica-do-brasil-logo.png\" alt=\"Bras\u00e3o Rep\u00fablica Federativa do Brasil\" width=\"6%\" height=\"6%\"><\/div>    \r\n<h1><font color=\"blue\"><font size=\"5\"><div align=\"center\">MINIST\u00c9RIO DA EDUCA\u00c7\u00c3O<\/b><\/font><\/font><\/div><\/H1>\r\n<p><b><font color=\"0000blue\"><div align=\"center\">UNIVERSIDADE FEDERAL DE SANTA MARIA<\/b><\/font><\/div><\/p>\r\n\r\n<p><div align=\"center\"><b><a href=\"https:\/\/portal.ufsm.br\/documentos\/publico\/documento.html?id=11916493\" target=\"_blank\"><font color=\"blue\">PORTARIA N. 92.024, DE 20 DE NOVEMBRO DE 2018.<\/font><\/a><\/b><\/div><\/p>\r\n<br>\r\n<p><a href=\"https:\/\/www.ufsm.br\/pro-reitorias\/proplan\/portaria-normativa-ufsm-n-018-2021\/\" target=\"_blank\"><font color=\"blue\">Revogada pela Portaria Normativa N. 018\/2021<\/font><\/a>\r\n<br><div align=\"justify\">\r\n<strike>\r\n<p>0 REITOR DA UNIVERSIDADE FEDERAL DE SANTA MARIA, no uso das atribui\u00e7\u00f5es que lhe confere o artigo 30, inciso I e XXII do <a href=\"https:\/\/www.ufsm.br\/pro-reitorias\/proplan\/estatuto-ufsm-2010\/\" target=\"_blank\"><font color=\"blue\"><u>Estatuto<\/u><\/font><\/a>, aprovado pela Portaria n\u00b0 156, de 12 de mar\u00e7o de 2014, publicada no Di\u00e1rio Oficial da Uni\u00e3o de 13 de mar\u00e7o de 2014, do Secret\u00e1rio de Regula\u00e7\u00e3o e Supervis\u00e3o da Educa\u00e7\u00e3o Superior, e considerando: <\/p>\r\n<p>- os princ\u00edpios da economicidade e efici\u00eancia da Administra\u00e7\u00e3o P\u00fablica; <\/p>\r\n<p>- a redu\u00e7\u00e3o das atividades acad\u00eamicas, decorrentes do encerramento do calend\u00e1rio letivo do segundo semestre de 2018; <\/p>\r\n<p>- a concentra\u00e7\u00e3o do per\u00edodo de f\u00e9rias de grande parte dos servidores da UFSM durante os meses de janeiro e fevereiro; <\/p>\r\n<p>- a necessidade de reduzir despesas com manuten\u00e7\u00e3o e de racionalizar os servi\u00e7os em per\u00edodo de menor demanda e menor disponibilidade financeira e or\u00e7ament\u00e1ria; e <\/p>\r\n<p>- a implanta\u00e7\u00e3o de medida similar em diversas institui\u00e7\u00f5es p\u00fablicas em \u00e2mbito nacional;<\/p>\r\n<br>\r\n<p><b>RESOLVE:<\/b><\/p>\r\n<br>\r\n<p>Art. 1\u00b0 Estabelecer hor\u00e1rio de expediente externo reduzido de forma tempor\u00e1ria, sem preju\u00edzo \u00e0 qualidade na presta\u00e7\u00e3o dos servi\u00e7os e no atendimento \u00e0 comunidade acad\u00eamica e \u00e0 sociedade.<\/p>\r\n<p>Art. 2\u00b0 O hor\u00e1rio de atendimento externo da Reitoria e dos demais \u00f3rg\u00e3os administrativos da Universidade abranger\u00e1 o per\u00edodo de 24 de dezembro de 2018 a 22 de fevereiro de 2019 e ser\u00e1 cumprido de segunda a sexta-feira, das 7h30min \u00e0s 13h30min. <\/p>\r\n<p>\u00a71\u00b0 \u2014 As unidades universit\u00e1rias onde os servi\u00e7os s\u00e3o considerados essenciais n\u00e3o sofrer\u00e3o altera\u00e7\u00e3o nos seus hor\u00e1rios de atendimento. <\/p>\r\n<p>\u00a72\u00b0 \u2014 Cada unidade\/setor racionalizar\u00e1 suas atividades, de forma que durante o expediente n\u00e3o ocorra qualquer preju\u00edzo \u00e0 Institui\u00e7\u00e3o. <\/p>\r\n<p>\u00a73\u00b0 \u2014 Esta Portaria n\u00e3o se aplica as categorias que possuem jornada estabelecida em legisla\u00e7\u00e3o especifica. <\/p>\r\n<p>\u00a74\u00b0 \u2014 Os servidores contemplados com a flexibiliza\u00e7\u00e3o da jornada de trabalho, durante o per\u00edodo vigente desta Portaria, cumprir\u00e3o hor\u00e1rio conforme estabelecido no caput do art. 2\u00b0. <\/p>\r\n<p>Art. 3\u00b0 No per\u00edodo referido no art. 2\u00b0, caput, desta Portaria, havendo interesse premente ou necessidade de servi\u00e7o, a crit\u00e9rio da chefia imediata ou da autoridade superior, os servidores poder\u00e3o ser convocados para comparecer ou realizar atividades em hor\u00e1rio de expediente normal. <\/p>\r\n<p>Par\u00e1grafo \u00fanico \u2014 Essa esp\u00e9cie de convoca\u00e7\u00e3o n\u00e3o gera direito a qualquer compensa\u00e7\u00e3o ou pagamento de hora extra. <\/p>\r\n<p>Art. 4\u00b0 Esta portaria entra em vigor na data de 20 de novembro de 2018.<\/p>\r\n<br>\r\n<p>Paulo Afonso Burmann<\/p>\r\n<p>Reitor<\/p>\r\n<\/strike>\r\n<p><font color=\"red0000\">Este texto n\u00e3o substitui o documento original, publicado no Portal de Documentos.<\/font> Dispon\u00edvel em: <a href=\"https:\/\/portal.ufsm.br\/documentos\/publico\/documento.html?id=11916493\"><font color=\"blue\">https:\/\/portal.ufsm.br\/documentos\/publico\/documento.html?id=11916493<\/font><\/a>\r\n\r\n\t\t<\/div>\n\t\t\t\t<\/div>\n\t\t\t\t\t<\/div>\n\t\t<\/div>\n\t\t\t\t\t<\/div>\n\t\t<\/section>\n\t\t\t\t<\/div>\n\t\t","protected":false},"excerpt":{"rendered":"<p>PORTARIA N. 92.024\/2018 MINIST\u00c9RIO DA EDUCA\u00c7\u00c3O UNIVERSIDADE FEDERAL DE SANTA MARIA PORTARIA N. 92.024, DE 20 DE NOVEMBRO DE 2018. Revogada pela Portaria Normativa N. 018\/2021 0 REITOR DA UNIVERSIDADE FEDERAL DE SANTA MARIA, no uso das atribui\u00e7\u00f5es que lhe confere o artigo 30, inciso I e XXII do Estatuto, aprovado pela Portaria n\u00b0 156, [&hellip;]<\/p>\n","protected":false},"author":205,"featured_media":0,"parent":0,"menu_order":0,"comment_status":"closed","ping_status":"closed","template":"","meta":{"footnotes":""},"categories":[],"tags":[],"class_list":["post-4306","page","type-page","status-publish","hentry"],"acf":[],"_links":{"self":[{"href":"https:\/\/www.ufsm.br\/pro-reitorias\/proplan\/wp-json\/wp\/v2\/pages\/4306","targetHints":{"allow":["GET"]}}],"collection":[{"href":"https:\/\/www.ufsm.br\/pro-reitorias\/proplan\/wp-json\/wp\/v2\/pages"}],"about":[{"href":"https:\/\/www.ufsm.br\/pro-reitorias\/proplan\/wp-json\/wp\/v2\/types\/page"}],"author":[{"embeddable":true,"href":"https:\/\/www.ufsm.br\/pro-reitorias\/proplan\/wp-json\/wp\/v2\/users\/205"}],"replies":[{"embeddable":true,"href":"https:\/\/www.ufsm.br\/pro-reitorias\/proplan\/wp-json\/wp\/v2\/comments?post=4306"}],"version-history":[{"count":0,"href":"https:\/\/www.ufsm.br\/pro-reitorias\/proplan\/wp-json\/wp\/v2\/pages\/4306\/revisions"}],"wp:attachment":[{"href":"https:\/\/www.ufsm.br\/pro-reitorias\/proplan\/wp-json\/wp\/v2\/media?parent=4306"}],"wp:term":[{"taxonomy":"category","embeddable":true,"href":"https:\/\/www.ufsm.br\/pro-reitorias\/proplan\/wp-json\/wp\/v2\/categories?post=4306"},{"taxonomy":"post_tag","embeddable":true,"href":"https:\/\/www.ufsm.br\/pro-reitorias\/proplan\/wp-json\/wp\/v2\/tags?post=4306"}],"curies":[{"name":"wp","href":"https:\/\/api.w.org\/{rel}","templated":true}]}}