{"id":4310,"date":"2021-02-25T16:34:58","date_gmt":"2021-02-25T19:34:58","guid":{"rendered":"https:\/\/www.ufsm.br\/pro-reitorias\/proplan\/?page_id=4310"},"modified":"2022-09-01T14:17:52","modified_gmt":"2022-09-01T17:17:52","slug":"portaria-n-86-990-2017","status":"publish","type":"page","link":"https:\/\/www.ufsm.br\/pro-reitorias\/proplan\/portaria-n-86-990-2017","title":{"rendered":"Portaria N. 86.990\/2017"},"content":{"rendered":"\t\t<div data-elementor-type=\"wp-page\" data-elementor-id=\"4310\" class=\"elementor elementor-4310\">\n\t\t\t\t\t\t<section class=\"elementor-section elementor-top-section elementor-element elementor-element-2cd35cc elementor-section-boxed elementor-section-height-default elementor-section-height-default\" data-id=\"2cd35cc\" data-element_type=\"section\">\n\t\t\t\t\t\t<div class=\"elementor-container elementor-column-gap-default\">\n\t\t\t\t\t<div class=\"elementor-column elementor-col-100 elementor-top-column elementor-element elementor-element-d62a45c\" data-id=\"d62a45c\" data-element_type=\"column\">\n\t\t\t<div class=\"elementor-widget-wrap elementor-element-populated\">\n\t\t\t\t\t\t<div class=\"elementor-element elementor-element-e3c7a23 elementor-widget elementor-widget-html\" data-id=\"e3c7a23\" data-element_type=\"widget\" data-widget_type=\"html.default\">\n\t\t\t\t<div class=\"elementor-widget-container\">\n\t\t\t\ufeff\r\n\r\n\r\n<title><b>PORTARIA N. 86.990\/2017<\/b><\/title>\r\n\r\n\r\n<div align=\"center\"><img decoding=\"async\" src=\"https:\/\/www.ufsm.br\/pro-reitorias\/proplan\/wp-content\/uploads\/sites\/344\/2019\/09\/brasao-da-republica-do-brasil-logo.png\" alt=\"Bras\u00e3o Rep\u00fablica Federativa do Brasil\" width=\"6%\" height=\"6%\"><\/div>    \r\n<h1><font color=\"blue\"><font size=\"5\"><div align=\"center\">MINIST\u00c9RIO DA EDUCA\u00c7\u00c3O<\/b><\/font><\/font><\/div><\/H1>\r\n<p><b><font color=\"0000blue\"><div align=\"center\">UNIVERSIDADE FEDERAL DE SANTA MARIA<\/b><\/font><\/div><\/p>\r\n\r\n<p><div align=\"center\"><b><a href=\"https:\/\/portal.ufsm.br\/documentos\/publico\/documento.html?id=8851185\" target=\"_blank\"><font color=\"blue\">PORTARIA N. 86.990, DE 5 DE DEZEMBRO DE 2017.<\/font><\/a><\/b><\/div><\/p>\r\n<br>\r\n<a href=\"https:\/\/www.ufsm.br\/pro-reitorias\/proplan\/?page_id=5044\" target=\"_blank\"><font color=\"blue\"><u>(Revogada pela Resolu\u00e7\u00e3o UFSM N. 100\/2022)<\/u><\/font><\/a>\r\n<br>\r\n<s>\r\n\r\n<br><div align=\"justify\">\r\n<p>O VICE-REITOR DA UNIVERSIDADE FEDERAL DE SANTA MARIA, no exerc\u00edcio da Reitoria, no uso das atribui\u00e7\u00f5es que lhe confere o artigo 30, inciso I, IX e XXVI do <a href=\"https:\/\/www.ufsm.br\/pro-reitorias\/proplan\/estatuto-ufsm-2010\/\" target=\"_blank\"><font color=\"blue\"><u>Estatuto<\/u><\/font><\/a>, aprovado pela Portaria N. 156, de 12 de mar\u00e7o de 2014, publicada no Di\u00e1rio Oficial da Uni\u00e3o de 13 de mar\u00e7o de 2014 do Secret\u00e1rio de Regula\u00e7\u00e3o e Supervis\u00e3o da Educa\u00e7\u00e3o Superior, e considerando: <\/p>\r\n<p>- os graves casos de racismo, agress\u00e3o f\u00edsica, ass\u00e9dio moral e ass\u00e9dio sexual vivenciados na UFSM;<\/p>\r\n<p>- o rep\u00fadio a intoler\u00e2ncia, discrimina\u00e7\u00e3o ou amea\u00e7as no ambiente universit\u00e1rio;<\/p>\r\n<p>- o disposto no artigo 188, inciso IV do <a href=\"https:\/\/www.ufsm.br\/pro-reitorias\/proplan\/regimento-geral-da-ufsm-2011\/\" target=\"_blank\"><font color=\"blue\"><u>Regimento Geral da UFSM<\/u><\/font><\/a>; <\/p>\r\n<p>- a tramita\u00e7\u00e3o do Processo Administrativo n. <a href=\"https:\/\/portal.ufsm.br\/documentos\/publico\/processo\/documento.html?idDocumento=7531456\" target=\"_blank\"><font color=\"blue\"><u>23081.018318\/2016-65<\/u><\/font><\/a> que trata do C\u00f3digo Disciplinar Discente; <\/p>\r\n<p>- o Parecer n. 1081\/2017\/PFUFSM\/PGF\/AGU.<\/p>\r\n<br>\r\n<p><b>RESOLVE:<\/b><\/p>\r\n<br>\r\n<p>Art. 1\u00ba Nos termos do regimento Geral da UFSM, \u00e0s hip\u00f3teses que configurem crime de racismo, agress\u00e3o f\u00edsica, ass\u00e9dio sexual, e\/ou moral ser\u00e3o as penalidades de desligamento ou suspens\u00e3o, observada \u00e0 analogia com a <a href=\"http:\/\/www.planalto.gov.br\/ccivil_03\/leis\/l8112cons.htm\" target=\"_blank\"><font color=\"blue\"><u>Lei 8.112\/90<\/u><\/font><\/a> e ainda a gravidade da falta e os antecedentes do discente. <\/p>\r\n<p>Art. 2\u00ba Competir\u00e1 a Comiss\u00e3o de Sindic\u00e2ncia e Inqu\u00e9rito Administrativo (COPSIA) a apura\u00e7\u00e3o das den\u00fancias que envolvam condutas elencadas no caput do artigo anterior. <\/p>\r\n<p>Par\u00e1grafo \u00fanico. A comiss\u00e3o ser\u00e1 composta por tr\u00eas servidores est\u00e1veis, designados pela autoridade competente. <\/p>\r\n<p>Art. 3\u00ba No processo disciplinar relativo ao discente ser\u00e1 aplicado, subsidiariamente, a <a href=\"http:\/\/www.planalto.gov.br\/ccivil_03\/leis\/l8112cons.htm\" target=\"_blank\"><font color=\"blue\"><u>Lei n. 8.112\/90<\/u><\/font><\/a>.<\/p>\r\n<p>\u00a7 1\u00ba Caso a conduta il\u00edcita seja praticada por mais de um agente, sendo um deles servidor da institui\u00e7\u00e3o, aplicar-se-\u00e1 o Regime Disciplinar previsto em lei pr\u00f3pria. <\/p>\r\n<p>\u00a7 2\u00ba. Na condu\u00e7\u00e3o do procedimento disciplinar ser\u00e3o assegurados ao acusado ampla defesa e contradit\u00f3rio.<\/p>\r\n<p>Art. 4\u00ba Esta portaria entra em vigor na data da sua publica\u00e7\u00e3o.<\/p>\r\n<br>\r\n<p>PAULO BAYARD DIAS GON\u00c7ALVES, <\/p>\r\n<p>Vice-Reitor, no exerc\u00edcio da Reitoria.<\/p>\r\n<\/s>\r\n\r\n<p><font color=\"red0000\">Este texto n\u00e3o substitui o documento original, publicado no Portal de Documentos.<\/font> Dispon\u00edvel em: <a href=\"https:\/\/portal.ufsm.br\/documentos\/publico\/documento.html?id=8851185\"><font color=\"blue\">https:\/\/portal.ufsm.br\/documentos\/publico\/documento.html?id=8851185<\/font><\/a>\r\n\r\n\r\n\r\n\r\n\r\n\r\n\r\n\t\t<\/div>\n\t\t\t\t<\/div>\n\t\t\t\t\t<\/div>\n\t\t<\/div>\n\t\t\t\t\t<\/div>\n\t\t<\/section>\n\t\t\t\t<\/div>\n\t\t","protected":false},"excerpt":{"rendered":"<p>\ufeff PORTARIA N. 86.990\/2017 MINIST\u00c9RIO DA EDUCA\u00c7\u00c3O UNIVERSIDADE FEDERAL DE SANTA MARIA PORTARIA N. 86.990, DE 5 DE DEZEMBRO DE 2017. (Revogada pela Resolu\u00e7\u00e3o UFSM N. 100\/2022) O VICE-REITOR DA UNIVERSIDADE FEDERAL DE SANTA MARIA, no exerc\u00edcio da Reitoria, no uso das atribui\u00e7\u00f5es que lhe confere o artigo 30, inciso I, IX e XXVI do [&hellip;]<\/p>\n","protected":false},"author":205,"featured_media":0,"parent":0,"menu_order":0,"comment_status":"closed","ping_status":"closed","template":"","meta":{"footnotes":""},"categories":[],"tags":[],"class_list":["post-4310","page","type-page","status-publish","hentry"],"acf":[],"_links":{"self":[{"href":"https:\/\/www.ufsm.br\/pro-reitorias\/proplan\/wp-json\/wp\/v2\/pages\/4310","targetHints":{"allow":["GET"]}}],"collection":[{"href":"https:\/\/www.ufsm.br\/pro-reitorias\/proplan\/wp-json\/wp\/v2\/pages"}],"about":[{"href":"https:\/\/www.ufsm.br\/pro-reitorias\/proplan\/wp-json\/wp\/v2\/types\/page"}],"author":[{"embeddable":true,"href":"https:\/\/www.ufsm.br\/pro-reitorias\/proplan\/wp-json\/wp\/v2\/users\/205"}],"replies":[{"embeddable":true,"href":"https:\/\/www.ufsm.br\/pro-reitorias\/proplan\/wp-json\/wp\/v2\/comments?post=4310"}],"version-history":[{"count":0,"href":"https:\/\/www.ufsm.br\/pro-reitorias\/proplan\/wp-json\/wp\/v2\/pages\/4310\/revisions"}],"wp:attachment":[{"href":"https:\/\/www.ufsm.br\/pro-reitorias\/proplan\/wp-json\/wp\/v2\/media?parent=4310"}],"wp:term":[{"taxonomy":"category","embeddable":true,"href":"https:\/\/www.ufsm.br\/pro-reitorias\/proplan\/wp-json\/wp\/v2\/categories?post=4310"},{"taxonomy":"post_tag","embeddable":true,"href":"https:\/\/www.ufsm.br\/pro-reitorias\/proplan\/wp-json\/wp\/v2\/tags?post=4310"}],"curies":[{"name":"wp","href":"https:\/\/api.w.org\/{rel}","templated":true}]}}