{"id":4311,"date":"2021-02-25T16:35:07","date_gmt":"2021-02-25T19:35:07","guid":{"rendered":"https:\/\/www.ufsm.br\/pro-reitorias\/proplan\/?page_id=4311"},"modified":"2021-03-02T14:40:31","modified_gmt":"2021-03-02T17:40:31","slug":"portaria-n-87-020-2017","status":"publish","type":"page","link":"https:\/\/www.ufsm.br\/pro-reitorias\/proplan\/portaria-n-87-020-2017","title":{"rendered":"Portaria N. 87.020\/2017"},"content":{"rendered":"\t\t<div data-elementor-type=\"wp-page\" data-elementor-id=\"4311\" class=\"elementor elementor-4311\">\n\t\t\t\t\t\t<section class=\"elementor-section elementor-top-section elementor-element elementor-element-49d819f elementor-section-boxed elementor-section-height-default elementor-section-height-default\" data-id=\"49d819f\" data-element_type=\"section\">\n\t\t\t\t\t\t<div class=\"elementor-container elementor-column-gap-default\">\n\t\t\t\t\t<div class=\"elementor-column elementor-col-100 elementor-top-column elementor-element elementor-element-2281d13\" data-id=\"2281d13\" data-element_type=\"column\">\n\t\t\t<div class=\"elementor-widget-wrap elementor-element-populated\">\n\t\t\t\t\t\t<div class=\"elementor-element elementor-element-ba3461a elementor-widget elementor-widget-html\" data-id=\"ba3461a\" data-element_type=\"widget\" data-widget_type=\"html.default\">\n\t\t\t\t<div class=\"elementor-widget-container\">\n\t\t\t\r\n\r\n\r\n<title><b>PORTARIA N. 87.020\/2017<\/b><\/title>\r\n\r\n\r\n<div align=\"center\"><img decoding=\"async\" src=\"https:\/\/www.ufsm.br\/pro-reitorias\/proplan\/wp-content\/uploads\/sites\/344\/2019\/09\/brasao-da-republica-do-brasil-logo.png\" alt=\"Bras\u00e3o Rep\u00fablica Federativa do Brasil\" width=\"6%\" height=\"6%\"><\/div>    \r\n<h1><font color=\"blue\"><font size=\"5\"><div align=\"center\">MINIST\u00c9RIO DA EDUCA\u00c7\u00c3O<\/b><\/font><\/font><\/div><\/H1>\r\n<p><b><font color=\"0000blue\"><div align=\"center\">UNIVERSIDADE FEDERAL DE SANTA MARIA<\/b><\/font><\/div><\/p>\r\n\r\n<p><div align=\"center\"><b><a href=\"https:\/\/portal.ufsm.br\/documentos\/publico\/documento.html?id=8866887\" target=\"_blank\"><font color=\"blue\">PORTARIA N. 87.020, DE 7 DE DEZEMBRO DE 2017<\/font><\/a><\/b><\/div><\/p>\r\n<br>\r\n<p><a href=\"https:\/\/www.ufsm.br\/pro-reitorias\/proplan\/portaria-n-87-020-2017-apostila\/\" target=\"_blank\"><font color=\"blue\">Alterada pela Apostila \u00e0 Portaria N. 87.020\/2017<\/font><\/a> e  <a href=\"https:\/\/www.ufsm.br\/pro-reitorias\/proplan\/portaria-normativa-ufsm-n-018-2021\/\" target=\"_blank\"><font color=\"blue\">Revogada pela Portaria Normativa N. 018\/2021<\/font><\/a>\r\n<br><div align=\"justify\">\r\n<strike>\r\n<p>O REITOR DA UNIVERSIDADE FEDERAL DE SANTA MARIA, no uso de suas atribui\u00e7\u00f5es legais e estatut\u00e1rias e considerando: <\/p>\r\n<p>- o bloqueio do acesso ao pr\u00e9dio 47 da Administra\u00e7\u00e3o Central;<\/p>\r\n<p>- o disposto no Processo Administrativo n. <a href=\"https:\/\/portal.ufsm.br\/documentos\/publico\/processo\/documento.html?idDocumento=8650870\" target=\"_blank\"><font color=\"blue\"><u>23081.050557\/2017-91<\/u><\/font><\/a>; <\/p>\r\n<p>- o Parecer n. 1098\/2017\/PFUFSM\/PGF\/AGU.<\/p>\r\n<br>\r\n<p><b>RESOLVE:<\/b><\/p>\r\n<br>\r\n<p><strike>Art. 1\u00ba Os prazos de processos internos, relacionados \u00e0 Administra\u00e7\u00e3o Superior da UFSM, com data de encerramento na semana do dia 27 de novembro de 2017 \u00e0 30 de novembro de 2017, ficam prorrogados at\u00e9 o dia 11 de dezembro de 2018. <\/strike> <a href=\"https:\/\/www.ufsm.br\/pro-reitorias\/proplan\/portaria-n-87-020-2017-apostila\/\" target=\"_blank\"><font color=\"blue\"><u>(Reda\u00e7\u00e3o retificada pela Apostila \u00e0 Portaria N. 87.020\/2017)<\/u><\/font><\/a><\/p>\r\n<p>Art. 1\u00ba Os prazos de processos internos, relacionados \u00e0 Administra\u00e7\u00e3o Superior da UFSM, com data de encerramento na semana do dia 27 de novembro de 2017 \u00e0 30 de novembro de 2017, ficam prorrogados at\u00e9 o dia <b>11 de dezembro de 2017<\/b>. <a href=\"https:\/\/www.ufsm.br\/pro-reitorias\/proplan\/portaria-n-87-020-2017-apostila\/\" target=\"_blank\"><font color=\"blue\"><u>(Reda\u00e7\u00e3o dada pela Apostila \u00e0 Portaria N. 87.020\/2017)<\/u><\/font><\/a><\/p>\r\n\r\n<p>Par\u00e1grafo \u00fanico. N\u00e3o s\u00e3o considerados para os fins do caput do artigo, processos internos organizados em atendimento \u00e0 prazos estabelecidos por demais \u00f3rg\u00e3os federais.<\/p>\r\n\r\n<p>PAULO AFONSO BURMANN<\/p>\r\n<\/strike>\r\n<p><font color=\"red0000\">Este texto n\u00e3o substitui o documento original, publicado no Portal de Documentos.<\/font> Dispon\u00edvel em: <a href=\"https:\/\/portal.ufsm.br\/documentos\/publico\/documento.html?id=8866887\"><font color=\"blue\">https:\/\/portal.ufsm.br\/documentos\/publico\/documento.html?id=8866887<\/font><\/a>\r\n\r\n\t\t<\/div>\n\t\t\t\t<\/div>\n\t\t\t\t\t<\/div>\n\t\t<\/div>\n\t\t\t\t\t<\/div>\n\t\t<\/section>\n\t\t\t\t<\/div>\n\t\t","protected":false},"excerpt":{"rendered":"<p>PORTARIA N. 87.020\/2017 MINIST\u00c9RIO DA EDUCA\u00c7\u00c3O UNIVERSIDADE FEDERAL DE SANTA MARIA PORTARIA N. 87.020, DE 7 DE DEZEMBRO DE 2017 Alterada pela Apostila \u00e0 Portaria N. 87.020\/2017 e Revogada pela Portaria Normativa N. 018\/2021 O REITOR DA UNIVERSIDADE FEDERAL DE SANTA MARIA, no uso de suas atribui\u00e7\u00f5es legais e estatut\u00e1rias e considerando: &#8211; o bloqueio [&hellip;]<\/p>\n","protected":false},"author":205,"featured_media":0,"parent":0,"menu_order":0,"comment_status":"closed","ping_status":"closed","template":"","meta":{"footnotes":""},"categories":[],"tags":[],"class_list":["post-4311","page","type-page","status-publish","hentry"],"acf":[],"_links":{"self":[{"href":"https:\/\/www.ufsm.br\/pro-reitorias\/proplan\/wp-json\/wp\/v2\/pages\/4311","targetHints":{"allow":["GET"]}}],"collection":[{"href":"https:\/\/www.ufsm.br\/pro-reitorias\/proplan\/wp-json\/wp\/v2\/pages"}],"about":[{"href":"https:\/\/www.ufsm.br\/pro-reitorias\/proplan\/wp-json\/wp\/v2\/types\/page"}],"author":[{"embeddable":true,"href":"https:\/\/www.ufsm.br\/pro-reitorias\/proplan\/wp-json\/wp\/v2\/users\/205"}],"replies":[{"embeddable":true,"href":"https:\/\/www.ufsm.br\/pro-reitorias\/proplan\/wp-json\/wp\/v2\/comments?post=4311"}],"version-history":[{"count":0,"href":"https:\/\/www.ufsm.br\/pro-reitorias\/proplan\/wp-json\/wp\/v2\/pages\/4311\/revisions"}],"wp:attachment":[{"href":"https:\/\/www.ufsm.br\/pro-reitorias\/proplan\/wp-json\/wp\/v2\/media?parent=4311"}],"wp:term":[{"taxonomy":"category","embeddable":true,"href":"https:\/\/www.ufsm.br\/pro-reitorias\/proplan\/wp-json\/wp\/v2\/categories?post=4311"},{"taxonomy":"post_tag","embeddable":true,"href":"https:\/\/www.ufsm.br\/pro-reitorias\/proplan\/wp-json\/wp\/v2\/tags?post=4311"}],"curies":[{"name":"wp","href":"https:\/\/api.w.org\/{rel}","templated":true}]}}