{"id":4315,"date":"2021-02-25T16:48:25","date_gmt":"2021-02-25T19:48:25","guid":{"rendered":"https:\/\/www.ufsm.br\/pro-reitorias\/proplan\/?page_id=4315"},"modified":"2021-02-25T16:49:45","modified_gmt":"2021-02-25T19:49:45","slug":"portaria-n-78-820-2016","status":"publish","type":"page","link":"https:\/\/www.ufsm.br\/pro-reitorias\/proplan\/portaria-n-78-820-2016","title":{"rendered":"Portaria N. 78.820\/2016"},"content":{"rendered":"\t\t<div data-elementor-type=\"wp-page\" data-elementor-id=\"4315\" class=\"elementor elementor-4315\">\n\t\t\t\t\t\t<section class=\"elementor-section elementor-top-section elementor-element elementor-element-b1608ae elementor-section-boxed elementor-section-height-default elementor-section-height-default\" data-id=\"b1608ae\" data-element_type=\"section\">\n\t\t\t\t\t\t<div class=\"elementor-container elementor-column-gap-default\">\n\t\t\t\t\t<div class=\"elementor-column elementor-col-100 elementor-top-column elementor-element elementor-element-3ae4ab0\" data-id=\"3ae4ab0\" data-element_type=\"column\">\n\t\t\t<div class=\"elementor-widget-wrap elementor-element-populated\">\n\t\t\t\t\t\t<div class=\"elementor-element elementor-element-ba66be6 elementor-widget elementor-widget-html\" data-id=\"ba66be6\" data-element_type=\"widget\" data-widget_type=\"html.default\">\n\t\t\t\t<div class=\"elementor-widget-container\">\n\t\t\t\r\n\r\n\r\n<title><b>PORTARIA N. 78.820\/2016<\/b><\/title>\r\n\r\n\r\n<div align=\"center\"><img decoding=\"async\" src=\"https:\/\/www.ufsm.br\/pro-reitorias\/proplan\/wp-content\/uploads\/sites\/344\/2019\/09\/brasao-da-republica-do-brasil-logo.png\" alt=\"Bras\u00e3o Rep\u00fablica Federativa do Brasil\" width=\"6%\" height=\"6%\"><\/div>    \r\n<h1><font color=\"blue\"><font size=\"5\"><div align=\"center\">MINIST\u00c9RIO DA EDUCA\u00c7\u00c3O<\/b><\/font><\/font><\/div><\/H1>\r\n<p><b><font color=\"0000blue\"><div align=\"center\">UNIVERSIDADE FEDERAL DE SANTA MARIA<\/b><\/font><\/div><\/p>\r\n\r\n<p><div align=\"center\"><b><a href=\"https:\/\/portal.ufsm.br\/documentos\/publico\/documento.html?id=7518232\" target=\"_blank\"><font color=\"blue\">PORTARIA N. 78.820, DE 21 DE MAR\u00c7O DE 2016.<\/font><\/a><\/b><\/div><\/p>\r\n<br>\r\n<p><a href=\"https:\/\/www.ufsm.br\/pro-reitorias\/proplan\/portaria-n-92-752-2019\/\" target=\"_blank\"><font color=\"blue\">Revogada Portaria N. 92.752\/2019<\/font><\/a><\/p>\r\n<br>\r\n<br><div align=\"justify\">\r\n<strike>\r\n<p>0 REITOR DA UNIVERSIDADE FEDERAL DE SANTA MARIA, no uso de suas atribui\u00e7\u00f5es que lhe confere o artigo 30 do <a href=\"https:\/\/www.ufsm.br\/pro-reitorias\/proplan\/estatuto-ufsm-2010\/\" target=\"_blank\"><font color=\"blue\"><u>Estatuto<\/u><\/font><\/a>, aprovado pela Portaria de n. 156, de 12 de mar\u00e7o de 2014 do Secret\u00e1rio de Regula\u00e7\u00e3o e Supervis\u00e3o da Educa\u00e7\u00e3o Superior e considerando: <\/p>\r\n<p>- O disposto na <a href=\"http:\/\/www.planalto.gov.br\/ccivil_03\/leis\/l8112cons.htm\" target=\"_blank\"><font color=\"blue\"><u>Lei 8.112, de 11 de dezembro de 1990<\/u><\/font><\/a>, com a reda\u00e7\u00e3o dada pela <a href=\"http:\/\/www.planalto.gov.br\/ccivil_03\/leis\/l9527.htm\" target=\"_blank\"><font color=\"blue\"><u>Lei 9.527, de 10 de dezembro de 1997<\/u><\/font><\/a>; <\/p>\r\n<p>- O disposto no <a href=\"http:\/\/www.planalto.gov.br\/ccivil_03\/decreto\/Antigos\/D948.htm\" target=\"_blank\"><font color=\"blue\"><u>Decreto n. 948, de 05 de outubro de 1993<\/u><\/font><\/a>;<\/p>\r\n<p>- O disposto no <a href=\"http:\/\/www.planalto.gov.br\/ccivil_03\/decreto\/d1590.htm\" target=\"_blank\"><font color=\"blue\"><u>Decreto n. 1.590, de 10 de agosto de 1995<\/u><\/font><\/a>; <\/p>\r\n<p>- O disposto no <a href=\"http:\/\/www.planalto.gov.br\/ccivil_03\/decreto\/D1867.htm\" target=\"_blank\"><font color=\"blue\"><u>Decreto n. 1.867, de 17 de abril de 1996<\/u><\/font><\/a>; <\/p>\r\n<p>- O disposto no <a href=\"http:\/\/www.planalto.gov.br\/ccivil_03\/decreto\/2003\/D4836.htm\" target=\"_blank\"><font color=\"blue\"><u>Decreto n. 4.836, de 09 de setembro de 2003<\/u><\/font><\/a>;<\/p>\r\n<p>- O princ\u00edpio da efici\u00eancia, previsto no artigo 37 da <a href=\"http:\/\/www.planalto.gov.br\/ccivil_03\/constituicao\/constituicao.htm\" target=\"_blank\"><font color=\"blue\"><u>Constitui\u00e7\u00e3o Federal<\/u><\/font><\/a>; <\/p>\r\n<p>- A necessidade de imprimir maior produtividade aos trabalhos do Setor de Obras e Fiscaliza\u00e7\u00e3o - PROINFRA.<\/p>\r\n<p>- Os termos da <a href=\"https:\/\/www.ufsm.br\/pro-reitorias\/proplan\/resolucao-n-005-2012\/\" target=\"_blank\"><font color=\"blue\"><u>Resolu\u00e7\u00e3o n. 005\/12 da UFSM<\/u><\/font><\/a>, que regulamenta o controle da frequ\u00eancia dos servidores da UFSM; <\/p>\r\n<p>- Os termos da <a href=\"https:\/\/www.ufsm.br\/pro-reitorias\/proplan\/resolucao-n-010-2013\/\" target=\"_blank\"><font color=\"blue\"><u>Resolu\u00e7\u00e3o n. 010\/13 da UFSM<\/u><\/font><\/a>, que estabelece crit\u00e9rios m\u00ednimos para subsidiar o dirigente m\u00e1ximo na aplica\u00e7\u00e3o da flexibiliza\u00e7\u00e3o da jornada de trabalho, no \u00e2mbito das unidades e subunidades da UFSM; <\/p>\r\n<p>- O que consta do processo <a href=\"https:\/\/portal.ufsm.br\/documentos\/publico\/processo\/documento.html?idDocumento=6915106\" target=\"_blank\"><font color=\"blue\"><u>23081.005526\/2015-13<\/u><\/font><\/a>, <b>RESOLVE<\/b><\/p>\r\n<br>\r\n<p>Artigo 1\u00ba - A jornada de trabalho dos t\u00e9cnico-administrativos do Setor de Obras e Fiscaliza\u00e7\u00e3o - PROINFRA ser\u00e1 cumprida em turno de 6 (seis) horas di\u00e1rias ininterruptas e 30 (trinta) horas semanais, registradas em ponto eletr\u00f4nico. <\/p>\r\n<p>Par\u00e1grafo \u00danico - A flexibiliza\u00e7\u00e3o da Jornada de trabalho autorizada atrav\u00e9s desta portaria, tem como pressuposto o atendimento ao p\u00fablico das 07:00 \u00e0s 19:00 horas de forma ininterrupta, nos termos do artigo 3\u00ba do <a href=\"http:\/\/www.planalto.gov.br\/ccivil_03\/decreto\/d1590.htm\" target=\"_blank\"><font color=\"blue\"><u>Decreto 1.590\/95<\/u><\/font><\/a>. <\/p>\r\n\r\n<p>Artigo 2\u00ba - Aplica-se ao presente o cumprimento da norma prevista na <a href=\"https:\/\/www.ufsm.br\/pro-reitorias\/proplan\/resolucao-n-010-2013\/\" target=\"_blank\"><font color=\"blue\"><u>Resolu\u00e7\u00e3o N. 010\/2013\/UFSM<\/u><\/font><\/a>, nos seus artigos 8\u00ba e 9\u00ba, no sentido de que seja devidamente avaliado o per\u00edodo de experi\u00eancia.<\/p>\r\n<p>Artigo 3\u00ba - O respons\u00e1vel pelo Setor de Obras e Fiscaliza\u00e7\u00e3o - PROINFRA dever\u00e1 organizar o hor\u00e1rio dos servidores lotados no respectivo local, observando o interesse p\u00fablico e da administra\u00e7\u00e3o, de modo a garantir a continuidade dos servi\u00e7os e a passagem ordenada das tarefas, devendo afixar, em local vis\u00edvel ao p\u00fablico a rela\u00e7\u00e3o nominal dos servidores, com especifica\u00e7\u00e3o individual do hor\u00e1rio de entrada e sa\u00edda, cabendo \u00e0 chefia imediata zelar pela fiel observ\u00e2ncia dessas disposi\u00e7\u00f5es. <\/p>\r\n<p>Par\u00e1grafo \u00fanico - A chefia ter\u00e1 o prazo de at\u00e9 30 (trinta) dias para organizar as escalas e hor\u00e1rios de funcionamento do Setor de Obras e Fiscaliza\u00e7\u00e3o - PROINFRA, bem com o para cumprir as demais determina\u00e7\u00f5es do artigo 3\u00ba desta portaria. <\/p>\r\n\r\n<p>Artigo 4\u00ba - \u00c9 vedada, nos termos do artigo 10 da <a href=\"https:\/\/www.ufsm.br\/pro-reitorias\/proplan\/resolucao-n-010-2013\/\" target=\"_blank\"><font color=\"blue\"><u>Resolu\u00e7\u00e3o 010\/2013<\/u><\/font><\/a>, a presta\u00e7\u00e3o de horas extraordin\u00e1rias por T\u00e9cnico-Administrativos lotados no Setor de Obras e Fiscaliza\u00e7\u00e3o - PROINFRA .<\/p>\r\n<p>Artigo 5\u00ba - N\u00e3o se aplica aos servidores beneficiados por esta Portaria a Ordem de Servi\u00e7o n\u00ba 03-12 de 29 de novembro de 2012. <\/p>\r\n<p>Artigo 6\u00ba - Esta portaria entrar\u00e1 em vigor em 23 de mar\u00e7o de 2016.<\/p>\r\n\r\n<p>PAULO AFONSO BURMANN.<\/p>\r\n<\/strike>\r\n<p><font color=\"red0000\">Este texto n\u00e3o substitui o documento original, publicado no Portal de Documentos.<\/font> Dispon\u00edvel em: <a href=\"https:\/\/portal.ufsm.br\/documentos\/publico\/documento.html?id=7518232\"><font color=\"blue\">https:\/\/portal.ufsm.br\/documentos\/publico\/documento.html?id=7518232<\/font><\/a>\r\n\r\n\t\t<\/div>\n\t\t\t\t<\/div>\n\t\t\t\t\t<\/div>\n\t\t<\/div>\n\t\t\t\t\t<\/div>\n\t\t<\/section>\n\t\t\t\t<\/div>\n\t\t","protected":false},"excerpt":{"rendered":"<p>PORTARIA N. 78.820\/2016 MINIST\u00c9RIO DA EDUCA\u00c7\u00c3O UNIVERSIDADE FEDERAL DE SANTA MARIA PORTARIA N. 78.820, DE 21 DE MAR\u00c7O DE 2016. Revogada Portaria N. 92.752\/2019 0 REITOR DA UNIVERSIDADE FEDERAL DE SANTA MARIA, no uso de suas atribui\u00e7\u00f5es que lhe confere o artigo 30 do Estatuto, aprovado pela Portaria de n. 156, de 12 de mar\u00e7o [&hellip;]<\/p>\n","protected":false},"author":205,"featured_media":0,"parent":0,"menu_order":0,"comment_status":"closed","ping_status":"closed","template":"","meta":{"footnotes":""},"categories":[],"tags":[],"class_list":["post-4315","page","type-page","status-publish","hentry"],"acf":[],"_links":{"self":[{"href":"https:\/\/www.ufsm.br\/pro-reitorias\/proplan\/wp-json\/wp\/v2\/pages\/4315","targetHints":{"allow":["GET"]}}],"collection":[{"href":"https:\/\/www.ufsm.br\/pro-reitorias\/proplan\/wp-json\/wp\/v2\/pages"}],"about":[{"href":"https:\/\/www.ufsm.br\/pro-reitorias\/proplan\/wp-json\/wp\/v2\/types\/page"}],"author":[{"embeddable":true,"href":"https:\/\/www.ufsm.br\/pro-reitorias\/proplan\/wp-json\/wp\/v2\/users\/205"}],"replies":[{"embeddable":true,"href":"https:\/\/www.ufsm.br\/pro-reitorias\/proplan\/wp-json\/wp\/v2\/comments?post=4315"}],"version-history":[{"count":0,"href":"https:\/\/www.ufsm.br\/pro-reitorias\/proplan\/wp-json\/wp\/v2\/pages\/4315\/revisions"}],"wp:attachment":[{"href":"https:\/\/www.ufsm.br\/pro-reitorias\/proplan\/wp-json\/wp\/v2\/media?parent=4315"}],"wp:term":[{"taxonomy":"category","embeddable":true,"href":"https:\/\/www.ufsm.br\/pro-reitorias\/proplan\/wp-json\/wp\/v2\/categories?post=4315"},{"taxonomy":"post_tag","embeddable":true,"href":"https:\/\/www.ufsm.br\/pro-reitorias\/proplan\/wp-json\/wp\/v2\/tags?post=4315"}],"curies":[{"name":"wp","href":"https:\/\/api.w.org\/{rel}","templated":true}]}}