{"id":4320,"date":"2021-02-25T16:53:53","date_gmt":"2021-02-25T19:53:53","guid":{"rendered":"https:\/\/www.ufsm.br\/pro-reitorias\/proplan\/?page_id=4320"},"modified":"2021-03-02T14:10:53","modified_gmt":"2021-03-02T17:10:53","slug":"portaria-n-80-330-2016","status":"publish","type":"page","link":"https:\/\/www.ufsm.br\/pro-reitorias\/proplan\/portaria-n-80-330-2016","title":{"rendered":"Portaria N. 80.330\/2016"},"content":{"rendered":"\t\t<div data-elementor-type=\"wp-page\" data-elementor-id=\"4320\" class=\"elementor elementor-4320\">\n\t\t\t\t\t\t<section class=\"elementor-section elementor-top-section elementor-element elementor-element-56f9248 elementor-section-boxed elementor-section-height-default elementor-section-height-default\" data-id=\"56f9248\" data-element_type=\"section\">\n\t\t\t\t\t\t<div class=\"elementor-container elementor-column-gap-default\">\n\t\t\t\t\t<div class=\"elementor-column elementor-col-100 elementor-top-column elementor-element elementor-element-2beb4d7\" data-id=\"2beb4d7\" data-element_type=\"column\">\n\t\t\t<div class=\"elementor-widget-wrap elementor-element-populated\">\n\t\t\t\t\t\t<div class=\"elementor-element elementor-element-31f24c9 elementor-widget elementor-widget-html\" data-id=\"31f24c9\" data-element_type=\"widget\" data-widget_type=\"html.default\">\n\t\t\t\t<div class=\"elementor-widget-container\">\n\t\t\t\r\n\r\n\r\n<title><b>PORTARIA CONJUNTA N. 80.330\/2016.<\/b><\/title>\r\n\r\n\r\n<div align=\"center\"><img decoding=\"async\" src=\"https:\/\/www.ufsm.br\/pro-reitorias\/proplan\/wp-content\/uploads\/sites\/344\/2019\/09\/brasao-da-republica-do-brasil-logo.png\" alt=\"Bras\u00e3o Rep\u00fablica Federativa do Brasil\" width=\"6%\" height=\"6%\"><\/div>    \r\n<h1><font color=\"blue\"><font size=\"5\"><div align=\"center\">MINIST\u00c9RIO DA EDUCA\u00c7\u00c3O<\/b><\/font><\/font><\/div><\/H1>\r\n<p><b><font color=\"0000blue\"><div align=\"center\">UNIVERSIDADE FEDERAL DE SANTA MARIA<\/b><\/font><\/div><\/p>\r\n\r\n<p><div align=\"center\"><b><a href=\"https:\/\/portal.ufsm.br\/documentos\/publico\/documento.html?id=7902631\" target=\"_blank\"><font color=\"blue\">PORTARIA CONJUNTA N. 80.330, DE 19 DE JULHO DE 2016.<\/font><\/a><\/b><\/div><\/p>\r\n<br>\r\n<p><div align=\"right\"><font color=\"800000\"><strike>Disciplina sobre a aplica\u00e7\u00e3o do Programa de Avalia\u00e7\u00e3o de Desempenho dos servidores t\u00e9cnico-administrativos da UFSM lotados ou em exerc\u00edcio no \u00e2mbito do Hospital Universit\u00e1rio.<\/strike><\/font><\/div><\/p>\r\n<br>\r\n<p><a href=\"https:\/\/www.ufsm.br\/pro-reitorias\/proplan\/portaria-normativa-ufsm-n-018-2021\/\" target=\"_blank\"><font color=\"blue\">Revogada pela Portaria Normativa N. 018\/2021<\/font><\/a>\r\n<br><div align=\"justify\">\r\n<strike>\r\n<p>O VICE-REITOR DA UNIVERSIDADE FEDERAL DE SANTA MARIA, no exerc\u00edcio da Reitoria E A SUPERINTENDENTE DA EMPRESA BRASILEIRA DE SERVI\u00c7OS HOSPITALARES - EBSERH NA UFSM, no uso de suas atribui\u00e7\u00f5es legais, em face do que disp\u00f5e a <a href=\"http:\/\/www.planalto.gov.br\/ccivil_03\/_ato2004-2006\/2005\/lei\/l11091.htm\" target=\"_blank\"><font color=\"blue\"><u>Lei n\u00ba 11.091, de 12 de janeiro de 2005<\/u><\/font><\/a>, o <a href=\"http:\/\/www.planalto.gov.br\/ccivil_03\/_ato2004-2006\/2006\/decreto\/d5825.htm\" target=\"_blank\"><font color=\"blue\"><u>Decreto n. 5.825\/2006<\/u><\/font><\/a>, o Contrato de Gest\u00e3o n. 263\/2013 entre UFSM e EBSERH e a NOTA n. 34\/2015\/PFUFSM\/PGF\/AGU, <\/p>\r\n<p>CONSIDERANDO a necessidade de se estabelecer procedimentos que viabilizem a implementa\u00e7\u00e3o do Programa de Avalia\u00e7\u00e3o de Desempenho dos Servidores T\u00e9cnico-Administrativos da UFSM no Hospital Universit\u00e1rio de Santa Maria - HUSM, RESOLVEM: <\/p>\r\n<p>Art. 1\u00ba - Implementar o Programa de Avalia\u00e7\u00e3o de Desempenho dos servidores t\u00e9cnico-administrativos do Quadro efetivo da UFSM, lotados ou em exerc\u00edcio no \u00e2mbito do HUSM, cedidos ou n\u00e3o para a EBSERH, nos mesmos termos do Programa aplicado aos demais servidores da UFSM, regulamentado pela <a href=\"https:\/\/www.ufsm.br\/pro-reitorias\/proplan\/resolucao-n-013-2010\/\" target=\"_blank\"><font color=\"blue\"><u>Resolu\u00e7\u00e3o n. 013\/2010\/UFSM<\/u><\/font><\/a>. <\/p>\r\n<p>Art. 2\u00ba - Para efeito da aplica\u00e7\u00e3o, no ano de 2016, ser\u00e3o utilizadas as seguintes modalidades de avalia\u00e7\u00e3o: autoavalia\u00e7\u00e3o, avalia\u00e7\u00e3o pela chefia, avalia\u00e7\u00e3o da chefia, instrumento de feedback (retroalimenta\u00e7\u00e3o) e avalia\u00e7\u00e3o pelo usu\u00e1rio. <\/p>\r\n<p>Art. 3\u00ba - A rela\u00e7\u00e3o de setores participantes da avalia\u00e7\u00e3o de desempenho com as respectivas chefias consta no Anexo I desta Portaria. <\/p>\r\n<p>Art. 4\u00ba - Na hip\u00f3tese de haver n\u00famero elevado de servidores vinculados \u00e0 mesma chefia, esta poder\u00e1 delegar a avalia\u00e7\u00e3o \u00e0quele que exerce supervis\u00e3o ou acompanhamento direto da equipe de trabalho, mesmo que n\u00e3o ocupe cargo de dire\u00e7\u00e3o ou fun\u00e7\u00e3o gratificada, atrav\u00e9s de Ordem de Servi\u00e7o espec\u00edfica, vedada a subdelega\u00e7\u00e3o. <\/p>\r\n<p>Par\u00e1grafo \u00danico: As Ordens de Servi\u00e7o referidas no caput ser\u00e3o inseridas no processo de avalia\u00e7\u00e3o. <\/p>\r\n\r\n<p>Art. 5\u00ba - Na avalia\u00e7\u00e3o pelo usu\u00e1rio, ser\u00e1 considerado somente o usu\u00e1rio interno, ou seja, ser\u00e1 avaliado o Setor ou Unidade no \u00e2mbito da UFSM, pelos servidores docentes e\/ou t\u00e9cnico-administrativos. <\/p>\r\n<p>Art. 6\u00ba - A aplica\u00e7\u00e3o dos instrumentos de avalia\u00e7\u00e3o ser\u00e1 realizada por meio de sistema informatizado, via web, gerenciado pela Coordenadoria de Ingresso, Mobilidade e Desenvolvimento da PROGEP. <\/p>\r\n<p>Art. 7\u00ba - Os casos omissos ser\u00e3o resolvidos pela Pr\u00f3-Reitoria de Gest\u00e3o de Pessoas. <\/p>\r\n<p>Art. 8\u00ba - Esta Portaria entra em vigor na data de sua publica\u00e7\u00e3o.<\/p>\r\n\r\n<br>\r\n<p>PAULO BAYARD DIAS GON\u00c7ALVES &emsp;&emsp;&emsp;&emsp;&emsp;&emsp;&emsp;&emsp;\t\t\t JO\u00c3O BATISTA DE VASCONCELLOS,<\/p> \r\n<p>Vice-Reitor\/UFSM \t&emsp;&emsp;&emsp;&emsp;&emsp;&emsp;&emsp;&emsp;\t\t\tSuperintendente Substituto da EBSERH. <\/p>\r\n<br>\r\n<p><div align=\"center\"><b>ANEXO I<\/b><\/div><\/p>\r\n<br>\r\n<table><table width=\"75%\">\r\n<tr><th width=\"60%\">LOTA\u00c7AO DOS SERVIDORES A SEREM AVALIADOS<\/th><th>SETOR DA CHEFIA RESPONS\u00c1VEL PELA AVALIA\u00c7\u00c3O<\/th><\/tr>\r\n<tr><td>DIRE\u00c7\u00c3O HOSPITAL UNIVERSIT\u00c1RIO-HUSM<\/td><td rowspan=\"7\">DIRE\u00c7\u00c3O HOSPITAL UNIVERSIT\u00c1RIO-HUSM<\/td><\/tr>\r\n<tr><td>CHEFIA DO SERVI\u00c7O DE INFORM\u00c1TICA-HUSM<\/td><td><\/td><\/tr>\r\n<tr><td>ASSESSORIA PLANEJAMENTO E RELA\u00c7\u00d5ES P\u00daBLICAS-HUSM<\/td><td><\/td><\/tr>\r\n<tr><td>COMISS\u00c3O INTERNA DE PREVEN\u00c7\u00c3O DE ACIDENTES - CIPA<\/td><td><\/td><\/tr>\r\n<tr><td>CHEFIA DA DIRETORIA ADMINISTRATIVA - HUSM<\/td><td><\/td><\/tr>\r\n<tr><td>CHEFIA DA DIRETORIA DE ENSINO, PESQUISA E EXTENS\u00c3O-HUSM<\/td><td><\/td><\/tr>\r\n<tr><td>CHEFIA DA DIRETORIA DE ENFERMAGEM-HUSM<\/td><td><\/td><\/tr>\r\n\r\n<tr><td>DIRETORIA ADMINISTRATIVA - HUSM <\/td><td rowspan=\"20\">DIRETORIA ADMINISTRATIVA - HUSM <\/td><\/tr>\r\n<tr><td>SECRETARIA DA DIRETORIA ADMINISTRATIVA-HUSM<\/td><td><\/td><\/tr>\r\n<tr><td>SERVI\u00c7O DE LIMPEZA-HUSM<\/td><td><\/td><\/tr>\r\n<tr><td>CHEFIA DA COORDENA\u00c7\u00c3O DE RECURSOS HUMANOS-HUSM<\/td><td><\/td><\/tr>\r\n<tr><td>CHEFIA DA COORDENA\u00c7\u00c3O DE MATERIAL-HUSM<\/td><td><\/td><\/tr>\r\n<tr><td>COORDENA\u00c7\u00c3O FINANCEIRA-HUSM DIRETORIA ADMINISTRATIVA - HUSM<\/td><td><\/td><\/tr>\r\n<tr><td>SERVI\u00c7O DE CONTABILIDADE E OR\u00c7AMENTO-HUSM<\/td><td><\/td><\/tr>\r\n<tr><td>SETOR DE TESOURARIA-HUSM<\/td><td><\/td><\/tr>\r\n<tr><td>SERVI\u00c7O DE CONTAS-HUSM<\/td><td><\/td><\/tr>\r\n<tr><td>SETOR DE FATURAMENTO-HUSM<\/td><td><\/td><\/tr>\r\n<tr><td>COORDENA\u00c7\u00c3O DE MANUTEN\u00c7\u00c3O-HUSM<\/td><td><\/td><\/tr>\r\n<tr><td>SERVI\u00c7O MANUTEN\u00c7\u00c3O EQUIPAMENTOS INSTALA\u00c7\u00d5ES-HUSM<\/td><td><\/td><\/tr>\r\n<tr><td>SETOR MANUTEN\u00c7\u00c3O \u00c1REA F\u00cdSICA-HUSM<\/td><td><\/td><\/tr>\r\n<tr><td>COORDENA\u00c7\u00c3O DE SERVI\u00c7OS GERAIS-HUSM<\/td><td><\/td><\/tr>\r\n<tr><td>SERVI\u00c7O COMUNICA\u00c7\u00c3O, TRANSPORTE E VIGIL\u00c2NCIA-HUSM<\/td><td><\/td><\/tr>\r\n<tr><td>SERVI\u00c7O DE ROUPARIA-HUSM<\/td><td><\/td><\/tr>\r\n<tr><td>SETOR DE COSTURA-HUSM<\/td><td><\/td><\/tr>\r\n<tr><td>SERVI\u00c7O NUTRI\u00c7\u00c3O E DIET\u00c9TICA-HUSM<\/td><td><\/td><\/tr>\r\n<tr><td>CHEFIA DA COORDENA\u00c7\u00c3O DE APOIO OPERACIONAL-HUSM<\/td><td><\/td><\/tr>\r\n<tr><td>COORDENA\u00c7\u00c3O ADMINISTRATIVA \u00c1REA PSIQUI\u00c1TRICA-HUSM<\/td><td><\/td><\/tr>\r\n\r\n<tr><td>DIRETORIA CLINICA - HUSM<\/td><td rowspan=\"42\">DIRETORIA CLINICA - HUSM<\/td><\/tr>\r\n<tr><td>SECRETARIA ADM. DIRETORIA CL\u00cdNICA-HUSM<\/td><td><\/td><\/tr>\r\n<tr><td>SERVI\u00c7O DE PATOLOGIA-HUSM<\/td><td><\/td><\/tr>\r\n<tr><td>SERVI\u00c7O DE OBSTETR\u00cdCIA-HUSM<\/td><td><\/td><\/tr>\r\n<tr><td>SERVI\u00c7O DE ANESTESIA-HUSM<\/td><td><\/td><\/tr>\r\n<tr><td>SERVI\u00c7O DE CTI-HUSM<\/td><td><\/td><\/tr>\r\n<tr><td>SERVI\u00c7O DE FISIOTERAPIA-HUSM<\/td><td><\/td><\/tr>\r\n<tr><td>CHEFIA DO SERVI\u00c7O DE HEMOTERAPIA-HUSM<\/td><td><\/td><\/tr>\r\n<tr><td>SERVI\u00c7O DE RADIOTERAPIA-HUSM<\/td><td><\/td><\/tr>\r\n<tr><td>SERVI\u00c7OS M\u00c9DICOS DO PRONTO ATENDIMENTO-HUSM<\/td><td><\/td><\/tr>\r\n<tr><td>SERVI\u00c7O DE RADIOLOGIA-HUSM<\/td><td><\/td><\/tr>\r\n<tr><td>SERVI\u00c7O DE TRA\u00c7ADOS GR\u00c1FICOS-HUSM<\/td><td><\/td><\/tr>\r\n<tr><td>CHEFIA DO LABORAT\u00d3RIO DE AN\u00c1LISES CL\u00cdNICAS - LAC-HUSM<\/td><td><\/td><\/tr>\r\n<tr><td>COORDENA\u00c7\u00c3O CL\u00cdNICA M\u00c9DICA-HUSM<\/td><td><\/td><\/tr>\r\n<tr><td>COORDENA\u00c7\u00c3O CL\u00cdNICA NEURO-PSIQUI\u00c1TRICA-HUSM<\/td><td><\/td><\/tr>\r\n<tr><td>CHEFIA DA COORDENA\u00c7\u00c3O CL\u00cdNICA PEDI\u00c1TRICA-HUSM<\/td><td><\/td><\/tr>\r\n<tr><td>COORDENA\u00c7\u00c3O CL\u00cdNICA CIR\u00daRGICA - HUSM<\/td><td><\/td><\/tr>\r\n<tr><td>DIRETORIA DE ENFERMAGEM-HUSM<\/td><td><\/td><\/tr>\r\n<tr><td>SECRETARIA DIRETORIA DE ENFERMAGEM-HUSM<\/td><td><\/td><\/tr>\r\n<tr><td>SERVI\u00c7O ENFERMAGEM EDUCA\u00c7\u00c3O CONTINUADA-HUSM<\/td><td><\/td><\/tr>\r\n<tr><td>SERVI\u00c7O ENFERMAGEM TOCOGINECOL\u00d3GICA-HUSM<\/td><td><\/td><\/tr>\r\n<tr><td>SERVI\u00c7O DO CENTRO OBST\u00c9TRICO-HUSM<\/td><td><\/td><\/tr>\r\n<tr><td>SERVI\u00c7O TRAT. INTENSIVO REC\u00c9M-NASCIDO-HUSM<\/td><td><\/td><\/tr>\r\n<tr><td>SERVI\u00c7O DE PEDIATRIA-HUSM<\/td><td><\/td><\/tr>\r\n<tr><td>SERVI\u00c7O TRATAMENTO INTENSIVO PEDI\u00c1TRICO-HUSM<\/td><td><\/td><\/tr>\r\n<tr><td>SERVI\u00c7O INTERNA\u00c7\u00c3O CL\u00cdNICA M\u00c9DICA I-HUSM<\/td><td><\/td><\/tr>\r\n<tr><td>SERVI\u00c7O INTERNA\u00c7\u00c3O CL\u00cdNICA M\u00c9DICA II-HUSM<\/td><td><\/td><\/tr>\r\n<tr><td>SERVI\u00c7O TRATAMENTO INTENSIVO ADULTOS-HUSM<\/td><td><\/td><\/tr>\r\n<tr><td>SERVI\u00c7O DE NEFROLOGIA-HUSM<\/td><td><\/td><\/tr>\r\n<tr><td>SERVI\u00c7O DE HEMATO-ONCOLOGIA-HUSM<\/td><td><\/td><\/tr>\r\n<tr><td>COORDENA\u00c7\u00c3O ENFERMAGEM CIR\u00daRGICA-HUSM<\/td><td><\/td><\/tr>\r\n<tr><td>SERVI\u00c7O RECUPERA\u00c7\u00c3O P\u00d3S-ANEST\u00c9SICA-HUSM<\/td><td><\/td><\/tr>\r\n<tr><td>SERVI\u00c7O DO CENTRO CIR\u00daRGICO-HUSM<\/td><td><\/td><\/tr>\r\n<tr><td>SERVI\u00c7O CENTRO DE MATERIAL E ESTERILIZA\u00c7\u00c3O-HUSM<\/td><td><\/td><\/tr>\r\n<tr><td>SERVI\u00c7O DE CL\u00cdNICA CIR\u00daRGICA-HUSM<\/td><td><\/td><\/tr>\r\n<tr><td>SERVI\u00c7O ENFERMAGEM PRONTO ATENDIMENTO - HUSM<\/td><td><\/td><\/tr>\r\n<tr><td>SERVI\u00c7O ENFERMAGEM AMBULATORIAL ALA I-HUSM<\/td><td><\/td><\/tr>\r\n<tr><td>SERVI\u00c7O ENFERMAGEM AMBULATORIAL ALA II-HUSM<\/td><td><\/td><\/tr>\r\n<tr><td>COORDENA\u00c7\u00c3O ENFERMAGEM EM PSIQUIATRIA-HUSM<\/td><td><\/td><\/tr>\r\n<tr><td>SERVI\u00c7O RECUPERA\u00c7\u00c3O DEPENDENTES QU\u00cdMICOS-HUSM<\/td><td><\/td><\/tr>\r\n<tr><td>SERVI\u00c7O INTERNA\u00c7\u00c3O UNIDADE PAULO GUEDES-HUSM<\/td><td><\/td><\/tr>\r\n<tr><td>SERVI\u00c7O AMBULATORIAL COORD, ENF. PSIQUIATRIA-HUSM<\/td><td><\/td><\/tr>\r\n\r\n<tr><td>DIRETORIA DE ENSINO, PESQUISA E EXTENS\u00c3O-HUSM<\/td><td rowspan=\"2\">DIRETORIA DE ENSINO, PESQUISA E EXTENS\u00c3O-HUSM<\/td><\/tr>\r\n<tr><td>SECRETARIA DIRE\u00c7\u00c3O ENSINO, PESQ. E EXTENS\u00c3O-HUSM<\/td><td><\/td><\/tr>\r\n\r\n<tr><td>COORDENA\u00c7\u00c3O CL\u00cdNICA PEDI\u00c1TRICA-HUSM<\/td><td>COORDENA\u00c7\u00c3O CL\u00cdNICA PEDI\u00c1TRICA-HUSM<\/td><\/tr>\r\n\r\n<tr><td>SERVI\u00c7O ARQUIVO M\u00c9DICO E ESTAT\u00cdSTICA - SAME\/HUSM<\/td><td rowspan=\"4\">COORDENA\u00c7\u00c3O DE APOIO OPERACIONAL-HUSM<\/td><\/tr>\r\n<tr><td>SETOR DE DOCUMENTA\u00c7\u00c3O T\u00c9CNICA-HUSM<\/td><td><\/td><\/tr>\r\n<tr><td>SETOR ADMINISTRATIVO \u00c1REA AMBULATORIAL-HUSM<\/td><td><\/td><\/tr>\r\n<tr><td>SETOR DE AN\u00c1LISE DE PRONTU\u00c1RIOS-HUSM<\/td><td><\/td><\/tr>\r\n\r\n<tr><td>CHEFIA DO SERVI\u00c7O DE ALMOXARIFADO-HUSM<\/td><td rowspan=\"4\">COORDENA\u00c7\u00c3O DE MATERIAL-HUSM<\/td><\/tr>\r\n<tr><td>CHEFIA DO SERVI\u00c7O DE FARM\u00c1CIA-HUSM<\/td><td><\/td><\/tr>\r\n<tr><td>SERVI\u00c7O DE COMPRAS E RECEBIMENTO-HUSM<\/td><td><\/td><\/tr>\r\n<tr><td>SERVI\u00c7O DE PATRIM\u00d4NIO-HUSM<\/td><td><\/td><\/tr>\r\n\r\n<tr><td>COORDENA\u00c7\u00c3O DE RECURSOS HUMANOS-HUSM<\/td><td rowspan=\"2\">COORDENA\u00c7\u00c3O DE RECURSOS HUMANOS-HUSM<\/td><\/tr>\r\n<tr><td>SETOR DE EXPEDIENTE-HUSM<\/td><td><\/td><\/tr>\r\n\r\n<tr><td>SERVI\u00c7O DE ALMOXARIFADO-HUSM<\/td><td>SERVI\u00c7O DE ALMOXARIFADO-HUSM<\/td><\/tr>\r\n<tr><td>SERVI\u00c7O DE FARM\u00c1CIA-HUSM<\/td><td>SERVI\u00c7O DE FARM\u00c1CIA-HUSM<\/td><\/tr>\r\n<tr><td>SERVI\u00c7O DE HEMOTERAPIA-HUSM<\/td><td>SERVI\u00c7O DE HEMOTERAPIA-HUSM<\/td><\/tr>\r\n<tr><td>SERVI\u00c7O DE INFORMATICA-HUSM<\/td><td>SERVI\u00c7O DE INFORMATICA-HUSM<\/td><\/tr>\r\n<tr><td>LABORAT\u00d3RIO DE AN\u00c1LISES CL\u00cdNICAS - LAC-HUSM<\/td><td>LABORAT\u00d3RIO DE AN\u00c1LISES CL\u00cdNICAS - LAC-HUSM<\/td><\/tr>\r\n<\/div><\/table>\r\n\r\n<\/strike>\r\n<p><font color=\"red0000\">Este texto n\u00e3o substitui o documento original, publicado no Portal de Documentos.<\/font> Dispon\u00edvel em: <a href=\"https:\/\/portal.ufsm.br\/documentos\/publico\/documento.html?id=7902631\"><font color=\"blue\">https:\/\/portal.ufsm.br\/documentos\/publico\/documento.html?id=7902631<\/font><\/a>\r\n\r\n\t\t<\/div>\n\t\t\t\t<\/div>\n\t\t\t\t\t<\/div>\n\t\t<\/div>\n\t\t\t\t\t<\/div>\n\t\t<\/section>\n\t\t\t\t<\/div>\n\t\t","protected":false},"excerpt":{"rendered":"<p>PORTARIA CONJUNTA N. 80.330\/2016. MINIST\u00c9RIO DA EDUCA\u00c7\u00c3O UNIVERSIDADE FEDERAL DE SANTA MARIA PORTARIA CONJUNTA N. 80.330, DE 19 DE JULHO DE 2016. Disciplina sobre a aplica\u00e7\u00e3o do Programa de Avalia\u00e7\u00e3o de Desempenho dos servidores t\u00e9cnico-administrativos da UFSM lotados ou em exerc\u00edcio no \u00e2mbito do Hospital Universit\u00e1rio. Revogada pela Portaria Normativa N. 018\/2021 O VICE-REITOR DA [&hellip;]<\/p>\n","protected":false},"author":205,"featured_media":0,"parent":0,"menu_order":0,"comment_status":"closed","ping_status":"closed","template":"","meta":{"footnotes":""},"categories":[],"tags":[],"class_list":["post-4320","page","type-page","status-publish","hentry"],"acf":[],"_links":{"self":[{"href":"https:\/\/www.ufsm.br\/pro-reitorias\/proplan\/wp-json\/wp\/v2\/pages\/4320","targetHints":{"allow":["GET"]}}],"collection":[{"href":"https:\/\/www.ufsm.br\/pro-reitorias\/proplan\/wp-json\/wp\/v2\/pages"}],"about":[{"href":"https:\/\/www.ufsm.br\/pro-reitorias\/proplan\/wp-json\/wp\/v2\/types\/page"}],"author":[{"embeddable":true,"href":"https:\/\/www.ufsm.br\/pro-reitorias\/proplan\/wp-json\/wp\/v2\/users\/205"}],"replies":[{"embeddable":true,"href":"https:\/\/www.ufsm.br\/pro-reitorias\/proplan\/wp-json\/wp\/v2\/comments?post=4320"}],"version-history":[{"count":0,"href":"https:\/\/www.ufsm.br\/pro-reitorias\/proplan\/wp-json\/wp\/v2\/pages\/4320\/revisions"}],"wp:attachment":[{"href":"https:\/\/www.ufsm.br\/pro-reitorias\/proplan\/wp-json\/wp\/v2\/media?parent=4320"}],"wp:term":[{"taxonomy":"category","embeddable":true,"href":"https:\/\/www.ufsm.br\/pro-reitorias\/proplan\/wp-json\/wp\/v2\/categories?post=4320"},{"taxonomy":"post_tag","embeddable":true,"href":"https:\/\/www.ufsm.br\/pro-reitorias\/proplan\/wp-json\/wp\/v2\/tags?post=4320"}],"curies":[{"name":"wp","href":"https:\/\/api.w.org\/{rel}","templated":true}]}}